{"id":10157,"date":"2021-01-13T09:39:32","date_gmt":"2021-01-13T09:39:32","guid":{"rendered":"https:\/\/arboricat.com\/?page_id=10157"},"modified":"2022-12-08T09:25:44","modified_gmt":"2022-12-08T09:25:44","slug":"arbre-a-chat-sur-mesure","status":"publish","type":"page","link":"https:\/\/arboricat.com\/fr\/arbre-a-chat-sur-mesure\/","title":{"rendered":"Arbre \u00e0 chat sur-mesure"},"content":{"rendered":"\t\t<div data-elementor-type=\"wp-page\" data-elementor-id=\"10157\" class=\"elementor elementor-10157\" data-elementor-post-type=\"page\">\n\t\t\t\t\t\t<section class=\"elementor-section elementor-top-section elementor-element elementor-element-85e7b26 elementor-section-boxed elementor-section-height-default elementor-section-height-default\" data-id=\"85e7b26\" data-element_type=\"section\" data-e-type=\"section\">\r\n\t\t\r\n\t\t\t\t\t\t\t<div class=\"elementor-container elementor-column-gap-default\">\r\n\t\t\t\t\t\t\t\t\t\t\t<div class=\"elementor-column elementor-col-100 elementor-top-column elementor-element elementor-element-f47f1d4\" data-id=\"f47f1d4\" data-element_type=\"column\" data-e-type=\"column\">\r\n\t\t\t\t\t<div class=\"elementor-widget-wrap elementor-element-populated\">\r\n\t\t\t\t\t\t\t\t<div class=\"elementor-element elementor-element-6d85755 elementor-widget elementor-widget-heading\" data-id=\"6d85755\" data-element_type=\"widget\" data-e-type=\"widget\" data-widget_type=\"heading.default\">\n\t\t\t\t<div class=\"elementor-widget-container\">\n\t\t\t\t\t<h1 class=\"elementor-heading-title elementor-size-default\">NOS ARBRES \u00c0 CHAT SUR-MESURE<\/h1>\t\t\t\t<\/div>\n\t\t\t\t<\/div>\n\t\t\t\t\t<\/div>\r\n\t\t\t\t<\/div>\r\n\t\t\t\t\t<\/div>\r\n\t\t\t\t<\/section>\r\n\t\t\t\t<section class=\"elementor-section elementor-top-section elementor-element elementor-element-8b23a5f elementor-section-boxed elementor-section-height-default elementor-section-height-default\" data-id=\"8b23a5f\" data-element_type=\"section\" data-e-type=\"section\">\r\n\t\t\r\n\t\t\t\t\t\t\t<div class=\"elementor-container elementor-column-gap-default\">\r\n\t\t\t\t\t\t\t\t\t\t\t<div class=\"elementor-column elementor-col-100 elementor-top-column elementor-element elementor-element-719ed6f\" data-id=\"719ed6f\" data-element_type=\"column\" data-e-type=\"column\">\r\n\t\t\t\t\t<div class=\"elementor-widget-wrap elementor-element-populated\">\r\n\t\t\t\t\t\t\t\t<div class=\"elementor-element elementor-element-c6c0937 elementor-widget elementor-widget-text-editor\" data-id=\"c6c0937\" data-element_type=\"widget\" data-e-type=\"widget\" data-widget_type=\"text-editor.default\">\n\t\t\t\t<div class=\"elementor-widget-container\">\n\t\t\t\t\t\t\t\t\t<p>SI VOUS \u00caTES INT\u00c9RESS\u00c9S PAR LA CONFECTION D&rsquo;UN ARBRE \u00c0 CHAT SUR-MESURE PAR NOS ARTISANS LOCAUX, MERCI DE COMPLETER LE FORMULAIRE DE CONTACT.<\/p>\t\t\t\t\t\t\t\t<\/div>\n\t\t\t\t<\/div>\n\t\t\t\t<div class=\"elementor-element elementor-element-a4de142 elementor-widget elementor-widget-text-editor\" data-id=\"a4de142\" data-element_type=\"widget\" data-e-type=\"widget\" data-widget_type=\"text-editor.default\">\n\t\t\t\t<div class=\"elementor-widget-container\">\n\t\t\t\t\t\t\t\t\t<p><b>\u26a0\ufe0f Afin d&rsquo;obtenir un devis, merci de nous transmettre un plan ou un croquis d\u00e9taill\u00e9.\u00a0<\/b><\/p>\t\t\t\t\t\t\t\t<\/div>\n\t\t\t\t<\/div>\n\t\t\t\t\t<\/div>\r\n\t\t\t\t<\/div>\r\n\t\t\t\t\t<\/div>\r\n\t\t\t\t<\/section>\r\n\t\t\t\t<section class=\"elementor-section elementor-top-section elementor-element elementor-element-f05efa6 elementor-section-stretched elementor-section-boxed elementor-section-height-default elementor-section-height-default\" data-id=\"f05efa6\" data-element_type=\"section\" data-e-type=\"section\" data-settings=\"{&quot;stretch_section&quot;:&quot;section-stretched&quot;}\">\r\n\t\t\r\n\t\t\t\t\t\t\t<div class=\"elementor-container elementor-column-gap-default\">\r\n\t\t\t\t\t\t\t\t\t\t\t<div class=\"elementor-column elementor-col-50 elementor-top-column elementor-element elementor-element-75aa630\" data-id=\"75aa630\" data-element_type=\"column\" data-e-type=\"column\">\r\n\t\t\t\t\t<div class=\"elementor-widget-wrap elementor-element-populated\">\r\n\t\t\t\t\t\t\t\t<div class=\"elementor-element elementor-element-cd3e029 elementor-button-align-stretch elementor-widget elementor-widget-form\" data-id=\"cd3e029\" data-element_type=\"widget\" data-e-type=\"widget\" data-settings=\"{&quot;step_next_label&quot;:&quot;Suivant&quot;,&quot;step_previous_label&quot;:&quot;Pr\\u00e9c\\u00e9dent&quot;,&quot;button_width&quot;:&quot;100&quot;,&quot;step_type&quot;:&quot;number_text&quot;,&quot;step_icon_shape&quot;:&quot;circle&quot;}\" data-widget_type=\"form.default\">\n\t\t\t\t<div class=\"elementor-widget-container\">\n\t\t\t\t\t\t\t<form class=\"elementor-form\" method=\"post\" name=\"New Form\" aria-label=\"New Form\">\n\t\t\t<input type=\"hidden\" name=\"post_id\" value=\"10157\"\/>\n\t\t\t<input type=\"hidden\" name=\"form_id\" value=\"cd3e029\"\/>\n\t\t\t<input type=\"hidden\" name=\"referer_title\" value=\"Arboricat\" \/>\n\n\t\t\t\n\t\t\t<div class=\"elementor-form-fields-wrapper elementor-labels-above\">\n\t\t\t\t\t\t\t\t<div class=\"elementor-field-type-text elementor-field-group elementor-column elementor-field-group-name elementor-col-100 elementor-field-required\">\n\t\t\t\t\t\t\t\t\t\t\t\t<label for=\"form-field-name\" class=\"elementor-field-label\">\n\t\t\t\t\t\t\t\tNom\t\t\t\t\t\t\t<\/label>\n\t\t\t\t\t\t\t\t\t\t\t\t\t\t<input size=\"1\" type=\"text\" name=\"form_fields[name]\" id=\"form-field-name\" class=\"elementor-field elementor-size-sm  elementor-field-textual\" placeholder=\"Nom (obligatoire)\" required=\"required\">\n\t\t\t\t\t\t\t\t\t\t\t<\/div>\n\t\t\t\t\t\t\t\t<div class=\"elementor-field-type-email elementor-field-group elementor-column elementor-field-group-email elementor-col-100 elementor-field-required\">\n\t\t\t\t\t\t\t\t\t\t\t\t<label for=\"form-field-email\" class=\"elementor-field-label\">\n\t\t\t\t\t\t\t\tEmail\t\t\t\t\t\t\t<\/label>\n\t\t\t\t\t\t\t\t\t\t\t\t\t\t<input size=\"1\" type=\"email\" name=\"form_fields[email]\" id=\"form-field-email\" class=\"elementor-field elementor-size-sm  elementor-field-textual\" placeholder=\"Email (obligatoire)\" required=\"required\">\n\t\t\t\t\t\t\t\t\t\t\t<\/div>\n\t\t\t\t\t\t\t\t<div class=\"elementor-field-type-tel elementor-field-group elementor-column elementor-field-group-field_9d03580 elementor-col-100\">\n\t\t\t\t\t\t\t\t\t\t\t\t<label for=\"form-field-field_9d03580\" class=\"elementor-field-label\">\n\t\t\t\t\t\t\t\tTel\t\t\t\t\t\t\t<\/label>\n\t\t\t\t\t\t\t\t<input size=\"1\" type=\"tel\" name=\"form_fields[field_9d03580]\" id=\"form-field-field_9d03580\" class=\"elementor-field elementor-size-sm  elementor-field-textual\" placeholder=\"Tel (facultatif)\" pattern=\"[0-9()#&amp;+*-=.]+\" title=\"Seuls les caract\u00e8res de num\u00e9ros de t\u00e9l\u00e9phone (#, -, *, etc.) sont accept\u00e9s.\">\n\n\t\t\t\t\t\t<\/div>\n\t\t\t\t\t\t\t\t<div class=\"elementor-field-type-textarea elementor-field-group elementor-column elementor-field-group-message elementor-col-100\">\n\t\t\t\t\t\t\t\t\t\t\t\t<label for=\"form-field-message\" class=\"elementor-field-label\">\n\t\t\t\t\t\t\t\tMessage\t\t\t\t\t\t\t<\/label>\n\t\t\t\t\t\t<textarea class=\"elementor-field-textual elementor-field  elementor-size-sm\" name=\"form_fields[message]\" id=\"form-field-message\" rows=\"4\" placeholder=\"Message (facultatif)\"><\/textarea>\t\t\t\t<\/div>\n\t\t\t\t\t\t\t\t<div class=\"elementor-field-type-upload elementor-field-group elementor-column elementor-field-group-field_8b378c3 elementor-col-100 elementor-field-required\">\n\t\t\t\t\t\t\t\t\t\t\t\t<label for=\"form-field-field_8b378c3\" class=\"elementor-field-label\">\n\t\t\t\t\t\t\t\tPlan ou croquis\t\t\t\t\t\t\t<\/label>\n\t\t\t\t\t\t\t\t<input type=\"file\" name=\"form_fields[field_8b378c3]\" id=\"form-field-field_8b378c3\" class=\"elementor-field elementor-size-sm  elementor-upload-field\" required=\"required\" data-maxsize=\"10\" data-maxsize-message=\"Ce fichier d\u00e9passe la taille maximale autoris\u00e9e.\">\n\n\t\t\t\t\t\t<\/div>\n\t\t\t\t\t\t\t\t<div class=\"elementor-field-group elementor-column elementor-field-type-submit elementor-col-100 e-form__buttons\">\n\t\t\t\t\t<button class=\"elementor-button elementor-size-sm\" type=\"submit\">\n\t\t\t\t\t\t<span class=\"elementor-button-content-wrapper\">\n\t\t\t\t\t\t\t\t\t\t\t\t\t\t\t\t\t\t\t\t\t\t<span class=\"elementor-button-text\">Envoyer<\/span>\n\t\t\t\t\t\t\t\t\t\t\t\t\t<\/span>\n\t\t\t\t\t<\/button>\n\t\t\t\t<\/div>\n\t\t\t<\/div>\n\t\t<\/form>\n\t\t\t\t\t\t<\/div>\n\t\t\t\t<\/div>\n\t\t\t\t\t<\/div>\r\n\t\t\t\t<\/div>\r\n\t\t\t\t<div class=\"elementor-column elementor-col-50 elementor-top-column elementor-element elementor-element-f6b613a\" data-id=\"f6b613a\" data-element_type=\"column\" data-e-type=\"column\">\r\n\t\t\t\t\t<div class=\"elementor-widget-wrap elementor-element-populated\">\r\n\t\t\t\t\t\t\t\t<div class=\"elementor-element elementor-element-702e1b9 elementor-widget elementor-widget-image\" data-id=\"702e1b9\" data-element_type=\"widget\" data-e-type=\"widget\" data-widget_type=\"image.default\">\n\t\t\t\t<div class=\"elementor-widget-container\">\n\t\t\t\t\t\t\t\t\t\t\t\t\t\t\t<img fetchpriority=\"high\" decoding=\"async\" width=\"1024\" height=\"800\" src=\"https:\/\/arboricat.com\/wp-content\/uploads\/2021\/01\/menuisier-arbre-a-chat-1024x800.jpg\" class=\"attachment-large size-large wp-image-10292\" alt=\"\" srcset=\"https:\/\/arboricat.com\/wp-content\/uploads\/2021\/01\/menuisier-arbre-a-chat-1024x800.jpg 1024w, https:\/\/arboricat.com\/wp-content\/uploads\/2021\/01\/menuisier-arbre-a-chat-768x600.jpg 768w, https:\/\/arboricat.com\/wp-content\/uploads\/2021\/01\/menuisier-arbre-a-chat-640x500.jpg 640w, https:\/\/arboricat.com\/wp-content\/uploads\/2021\/01\/menuisier-arbre-a-chat-400x313.jpg 400w, https:\/\/arboricat.com\/wp-content\/uploads\/2021\/01\/menuisier-arbre-a-chat-600x469.jpg 600w\" sizes=\"(max-width: 1024px) 100vw, 1024px\" \/>\t\t\t\t\t\t\t\t\t\t\t\t\t\t\t<\/div>\n\t\t\t\t<\/div>\n\t\t\t\t\t<\/div>\r\n\t\t\t\t<\/div>\r\n\t\t\t\t\t<\/div>\r\n\t\t\t\t<\/section>\r\n\t\t\t\t<section class=\"elementor-section elementor-top-section elementor-element elementor-element-92f1f34 elementor-section-stretched elementor-section-boxed elementor-section-height-default elementor-section-height-default\" data-id=\"92f1f34\" data-element_type=\"section\" data-e-type=\"section\" data-settings=\"{&quot;stretch_section&quot;:&quot;section-stretched&quot;}\">\r\n\t\t\r\n\t\t\t\t\t\t\t<div class=\"elementor-container elementor-column-gap-default\">\r\n\t\t\t\t\t\t\t\t\t\t\t<div class=\"elementor-column elementor-col-100 elementor-top-column elementor-element elementor-element-9998a34\" data-id=\"9998a34\" data-element_type=\"column\" data-e-type=\"column\">\r\n\t\t\t\t\t<div class=\"elementor-widget-wrap elementor-element-populated\">\r\n\t\t\t\t\t\t\t\t<div class=\"elementor-element elementor-element-8369491 elementor-widget elementor-widget-text-editor\" data-id=\"8369491\" data-element_type=\"widget\" data-e-type=\"widget\" data-widget_type=\"text-editor.default\">\n\t\t\t\t<div class=\"elementor-widget-container\">\n\t\t\t\t\t\t\t\t\t<p><b>Quel est le style de votre chat ?<\/b><\/p>\n<p>Il existe de nombreux types <a href=\"https:\/\/arboricat.com\/fr\/arbre-a-chat\/\">d&rsquo;arbres \u00e0 chat<\/a> diff\u00e9rents \u00e0 prendre en compte : certains ont des niches (ou petits compartiments) qui permettent aux chats de se cacher, d&rsquo;autres ont des jouets int\u00e9gr\u00e9s et certains sont tr\u00e8s hauts tandis que d&rsquo;autres sont plus bas sur le sol. Ne vous laissez pas abattre ! Posez-vous d&rsquo;abord ces questions pour vous aider \u00e0 r\u00e9duire vos options lors de la conception de votre arbre \u00e0 chat sur mesure :<\/p>\n<p>&#8211; <u>Combien de chats avez-vous ?<\/u><\/p>\n<p>Tous les colocataires se disputent, y compris nos animaux de compagnie. Lorsque des animaux sont en prise de bec, ils peuvent bloquer ou garder une ouverture dans un arbre \u00e0 chat, ce qui a pour effet de pi\u00e9ger un chat \u00e0 l&rsquo;int\u00e9rieur. \u00ab\u00a0Donc, si vous avez plusieurs chats ou un m\u00e9lange de chats et de chiens, assurez-vous que les niches de votre arbre \u00e0 chat ont une entr\u00e9e et une sortie. De cette fa\u00e7on, les chats ont plusieurs fa\u00e7ons d&rsquo;entrer et de sortir.<\/p>\n<p>&#8211; <u>Votre chat aime-t-il gratter ?<\/u><\/p>\n<p>La plupart des chats aiment vraiment les <a href=\"https:\/\/arboricat.com\/fr\/griffoir\/\">griffoirs<\/a>, certains chats aiment que leur grattoir soit horizontal, tandis que d&rsquo;autres pr\u00e9f\u00e8rent la verticale. Avant de concevoir votre arbre \u00e0 chat, nous vous recommandons de tester un grattoir pour chat ordinaire. Pr\u00e9sentez-le \u00e0 votre chat sur le sol, au niveau du ventre et \u00e0 un angle o\u00f9 il doit se tenir sur ses pattes arri\u00e8re pour le gratter. Voyez comment votre chat interagit avec lui. La plupart des chats ont une pr\u00e9f\u00e9rence, et vous obtiendrez les meilleurs r\u00e9sultats avec votre arbre \u00e0 chat s&rsquo;il correspond \u00e0 l&rsquo;angle de grattage optimal de votre chat.<\/p>\n<p>&#8211; <u>Votre chat aime-t-il les hauteurs ?<\/u><\/p>\n<p>Beaucoup de chats ont l&rsquo;instinct de se percher haut, mais il n&rsquo;y a pas deux chats qui se ressemblent. Il faut donc tenir compte de l&rsquo;inclinaison naturelle de votre chat \u00e0 escalader les meubles et les \u00e9tag\u00e8res. Un chat qui aime se cacher sous le lit s&rsquo;amusera peut-\u00eatre davantage avec un petit arbre \u00e0 chat bas, tandis qu&rsquo;un chat qui est toujours perch\u00e9 sur la surface la plus \u00e9lev\u00e9e de la pi\u00e8ce s&rsquo;\u00e9panouira avec un grand arbre \u00e0 chat.<\/p>\n<p>&#8211; <u>Votre chat est-il actif ?<\/u><\/p>\n<p>Il y a trois grands facteurs \u00e0 prendre en compte pour faire un achat intelligent pour votre chat : la sant\u00e9, l&rsquo;\u00e2ge et l&rsquo;athl\u00e9tisme. En d&rsquo;autres termes, les chats en fin de vie ont moins tendance \u00e0 sauter que les chatons et les <a href=\"https:\/\/arboricat.com\/fr\/chat-devient-adulte\/\">jeunes adultes<\/a>. Un arbre \u00e0 chat plus grand avec plus d&rsquo;espace entre les niveaux peut \u00eatre excitant pour un jeune chat, mais intimidant pour un chat plus \u00e2g\u00e9. Si votre chat plus \u00e2g\u00e9 semble soudain se d\u00e9sint\u00e9resser de l&rsquo;arbre \u00e0 chat qu&rsquo;il aimait, il est peut-\u00eatre temps de changer pour un arbre \u00e0 chat qui correspond mieux \u00e0 son style de vie, comme un mod\u00e8le plus court ou un arbre \u00e0 chat avec plus de rampes ou d&rsquo;\u00e9chelles.<\/p>\n<p>&#8211; <u>Votre chat est-il enjou\u00e9 ?<\/u><\/p>\n<p>Certains chats pr\u00e9f\u00e8rent vraiment s&rsquo;engager avec les humains, mais un chat qui est dou\u00e9 pour jouer de fa\u00e7on ind\u00e9pendante s&rsquo;\u00e9panouira avec un arbre \u00e0 chat sur lequel il y a des jouets. Vous pouvez m\u00eame attacher vos propres jouets \u00e0 un arbre \u00e0 chat pour en faire un espace de jeu id\u00e9al pour votre chat.&nbsp;<span style=\"letter-spacing: 0px;\">Quel est le degr\u00e9 de socialisation de votre chat ? Si vous avez un chat qui a tendance \u00e0 se cacher dans les recoins, non seulement lorsqu&rsquo;il a peur, mais plut\u00f4t pour le r\u00e9conforter, cherchez un arbre \u00e0 chat avec des niches pour lui donner une petite cachette.<\/span><\/p>\n<p>Mais il y a aussi quelques \u00e9l\u00e9ments \u00e0 rechercher, quel que soit le type d&rsquo;arbre \u00e0 chat que vous choisissez. La premi\u00e8re est une surface facile \u00e0 saisir pour votre chat, qu&rsquo;il s&rsquo;agisse de sisal, de fausse fourrure, de fausse toison ou de tapis. Si le mat\u00e9riau de votre arbre \u00e0 chat n&rsquo;offre pas une bonne adh\u00e9rence, votre chaton pourrait glisser ou tomber, et m\u00eame s&rsquo;il n&rsquo;est pas bless\u00e9, il ne se sentira probablement pas en s\u00e9curit\u00e9 sur l&rsquo;arbre et ne l&rsquo;utilisera probablement plus.<\/p>\n<p>Certains arbres \u00e0 chat repr\u00e9sentent un gros investissement, c&rsquo;est pourquoi il vaut mieux \u00eatre \u00eatre s\u00fbr que votre choix r\u00e9sistera \u00e0 l&rsquo;\u00e9preuve du temps. Recherchez un cadre en bois massif, c&rsquo;est-\u00e0-dire le mat\u00e9riau le plus noble et le plus durable, plus lourd, plus solide et qui dure plus longtemps. Les autres mat\u00e9riaux possibles sont le bois d&rsquo;ing\u00e9nierie et parfois le carton, que l&rsquo;on trouve g\u00e9n\u00e9ralement dans les <a href=\"https:\/\/arboricat.com\/fr\/tour-a-griffer\/\">tours \u00e0 griffer<\/a>, plut\u00f4t que le cadre de l&rsquo;arbre \u00e0 chat lui-m\u00eame.&nbsp;<span style=\"letter-spacing: 0px;\">Et bien s\u00fbr, tenez compte des contraintes de taille de votre maison lorsque vous prenez une d\u00e9cision. Un arbre \u00e0 chat n&rsquo;est d&rsquo;aucune utilit\u00e9 pour votre chat s&rsquo;il ne rentre pas dans la porte d&rsquo;entr\u00e9e ! Si possible, installez l&rsquo;arbre pr\u00e8s d&rsquo;une fen\u00eatre pour qu&rsquo;il puisse se percher et observer le monde ext\u00e9rieur.<\/span><\/p>\t\t\t\t\t\t\t\t<\/div>\n\t\t\t\t<\/div>\n\t\t\t\t\t<\/div>\r\n\t\t\t\t<\/div>\r\n\t\t\t\t\t<\/div>\r\n\t\t\t\t<\/section>\r\n\t\t\t\t<\/div>\n\t\t","protected":false},"excerpt":{"rendered":"<p>NOS ARBRES \u00c0 CHAT SUR-MESURE SI VOUS \u00caTES INT\u00c9RESS\u00c9S PAR LA CONFECTION D&rsquo;UN ARBRE \u00c0 CHAT SUR-MESURE PAR NOS ARTISANS LOCAUX, MERCI DE COMPLETER LE FORMULAIRE DE CONTACT. \u26a0\ufe0f Afin d&rsquo;obtenir un devis, merci de nous transmettre un plan ou un croquis d\u00e9taill\u00e9.\u00a0 Quel est le style de votre chat ? Il existe de nombreux [&hellip;]<\/p>\n","protected":false},"author":1,"featured_media":0,"parent":0,"menu_order":0,"comment_status":"closed","ping_status":"closed","template":"","meta":{"footnotes":""},"class_list":["post-10157","page","type-page","status-publish","hentry"],"yoast_head":"<!-- This site is optimized with the Yoast SEO plugin v27.4 - https:\/\/yoast.com\/product\/yoast-seo-wordpress\/ -->\n<title>Arbre \u00e0 chat sur-mesure - Arboricat<\/title>\n<meta name=\"description\" content=\"D\u00e9couvrez notre gamme d&#039;arbres \u00e0 chat muraux. L&#039;alternative pour d\u00e9fouler votre chat et \u00e9conomiser de l&#039;espace.\" \/>\n<meta name=\"robots\" content=\"index, follow, max-snippet:-1, max-image-preview:large, max-video-preview:-1\" \/>\n<link rel=\"canonical\" href=\"https:\/\/arboricat.com\/fr\/arbre-a-chat-sur-mesure\/\" \/>\n<meta property=\"og:locale\" content=\"fr_FR\" \/>\n<meta property=\"og:type\" content=\"article\" \/>\n<meta property=\"og:title\" content=\"Arbre \u00e0 chat sur-mesure - Arboricat\" \/>\n<meta property=\"og:description\" content=\"D\u00e9couvrez notre gamme d&#039;arbres \u00e0 chat muraux. L&#039;alternative pour d\u00e9fouler votre chat et \u00e9conomiser de l&#039;espace.\" \/>\n<meta property=\"og:url\" content=\"https:\/\/arboricat.com\/fr\/arbre-a-chat-sur-mesure\/\" \/>\n<meta property=\"og:site_name\" content=\"Arboricat\" \/>\n<meta property=\"article:publisher\" content=\"https:\/\/www.facebook.com\/arboricat\" \/>\n<meta property=\"article:modified_time\" content=\"2022-12-08T09:25:44+00:00\" \/>\n<meta property=\"og:image\" content=\"https:\/\/arboricat.com\/wp-content\/uploads\/2021\/01\/menuisier-arbre-a-chat-1024x800.jpg\" \/>\n<meta name=\"twitter:card\" content=\"summary_large_image\" \/>\n<meta name=\"twitter:label1\" content=\"Dur\u00e9e de lecture estim\u00e9e\" \/>\n\t<meta name=\"twitter:data1\" content=\"5 minutes\" \/>\n<script type=\"application\/ld+json\" class=\"yoast-schema-graph\">{\"@context\":\"https:\\\/\\\/schema.org\",\"@graph\":[{\"@type\":\"WebPage\",\"@id\":\"https:\\\/\\\/arboricat.com\\\/fr\\\/arbre-a-chat-sur-mesure\\\/\",\"url\":\"https:\\\/\\\/arboricat.com\\\/fr\\\/arbre-a-chat-sur-mesure\\\/\",\"name\":\"Arbre \u00e0 chat sur-mesure - Arboricat\",\"isPartOf\":{\"@id\":\"https:\\\/\\\/arboricat.com\\\/fr\\\/#website\"},\"primaryImageOfPage\":{\"@id\":\"https:\\\/\\\/arboricat.com\\\/fr\\\/arbre-a-chat-sur-mesure\\\/#primaryimage\"},\"image\":{\"@id\":\"https:\\\/\\\/arboricat.com\\\/fr\\\/arbre-a-chat-sur-mesure\\\/#primaryimage\"},\"thumbnailUrl\":\"https:\\\/\\\/arboricat.com\\\/wp-content\\\/uploads\\\/2021\\\/01\\\/menuisier-arbre-a-chat-1024x800.jpg\",\"datePublished\":\"2021-01-13T09:39:32+00:00\",\"dateModified\":\"2022-12-08T09:25:44+00:00\",\"description\":\"D\u00e9couvrez notre gamme d'arbres \u00e0 chat muraux. L'alternative pour d\u00e9fouler votre chat et \u00e9conomiser de l'espace.\",\"breadcrumb\":{\"@id\":\"https:\\\/\\\/arboricat.com\\\/fr\\\/arbre-a-chat-sur-mesure\\\/#breadcrumb\"},\"inLanguage\":\"fr-FR\",\"potentialAction\":[{\"@type\":\"ReadAction\",\"target\":[\"https:\\\/\\\/arboricat.com\\\/fr\\\/arbre-a-chat-sur-mesure\\\/\"]}]},{\"@type\":\"ImageObject\",\"inLanguage\":\"fr-FR\",\"@id\":\"https:\\\/\\\/arboricat.com\\\/fr\\\/arbre-a-chat-sur-mesure\\\/#primaryimage\",\"url\":\"https:\\\/\\\/arboricat.com\\\/wp-content\\\/uploads\\\/2021\\\/01\\\/menuisier-arbre-a-chat-1024x800.jpg\",\"contentUrl\":\"https:\\\/\\\/arboricat.com\\\/wp-content\\\/uploads\\\/2021\\\/01\\\/menuisier-arbre-a-chat-1024x800.jpg\"},{\"@type\":\"BreadcrumbList\",\"@id\":\"https:\\\/\\\/arboricat.com\\\/fr\\\/arbre-a-chat-sur-mesure\\\/#breadcrumb\",\"itemListElement\":[{\"@type\":\"ListItem\",\"position\":1,\"name\":\"Accueil\",\"item\":\"https:\\\/\\\/arboricat.com\\\/fr\\\/\"},{\"@type\":\"ListItem\",\"position\":2,\"name\":\"Arbre \u00e0 chat sur-mesure\"}]},{\"@type\":\"WebSite\",\"@id\":\"https:\\\/\\\/arboricat.com\\\/fr\\\/#website\",\"url\":\"https:\\\/\\\/arboricat.com\\\/fr\\\/\",\"name\":\"Arboricat\",\"description\":\"\",\"publisher\":{\"@id\":\"https:\\\/\\\/arboricat.com\\\/fr\\\/#organization\"},\"potentialAction\":[{\"@type\":\"SearchAction\",\"target\":{\"@type\":\"EntryPoint\",\"urlTemplate\":\"https:\\\/\\\/arboricat.com\\\/fr\\\/?s={search_term_string}\"},\"query-input\":{\"@type\":\"PropertyValueSpecification\",\"valueRequired\":true,\"valueName\":\"search_term_string\"}}],\"inLanguage\":\"fr-FR\"},{\"@type\":\"Organization\",\"@id\":\"https:\\\/\\\/arboricat.com\\\/fr\\\/#organization\",\"name\":\"Arboricat\",\"url\":\"https:\\\/\\\/arboricat.com\\\/fr\\\/\",\"logo\":{\"@type\":\"ImageObject\",\"inLanguage\":\"fr-FR\",\"@id\":\"https:\\\/\\\/arboricat.com\\\/fr\\\/#\\\/schema\\\/logo\\\/image\\\/\",\"url\":\"https:\\\/\\\/arboricat.com\\\/wp-content\\\/uploads\\\/2024\\\/07\\\/logo_696x696.png\",\"contentUrl\":\"https:\\\/\\\/arboricat.com\\\/wp-content\\\/uploads\\\/2024\\\/07\\\/logo_696x696.png\",\"width\":697,\"height\":697,\"caption\":\"Arboricat\"},\"image\":{\"@id\":\"https:\\\/\\\/arboricat.com\\\/fr\\\/#\\\/schema\\\/logo\\\/image\\\/\"},\"sameAs\":[\"https:\\\/\\\/www.facebook.com\\\/arboricat\",\"https:\\\/\\\/www.instagram.com\\\/arboricatdesign\\\/?hl=fra\"]}]}<\/script>\n<!-- \/ Yoast SEO plugin. -->","yoast_head_json":{"title":"Arbre \u00e0 chat sur-mesure - Arboricat","description":"D\u00e9couvrez notre gamme d'arbres \u00e0 chat muraux. L'alternative pour d\u00e9fouler votre chat et \u00e9conomiser de l'espace.","robots":{"index":"index","follow":"follow","max-snippet":"max-snippet:-1","max-image-preview":"max-image-preview:large","max-video-preview":"max-video-preview:-1"},"canonical":"https:\/\/arboricat.com\/fr\/arbre-a-chat-sur-mesure\/","og_locale":"fr_FR","og_type":"article","og_title":"Arbre \u00e0 chat sur-mesure - Arboricat","og_description":"D\u00e9couvrez notre gamme d'arbres \u00e0 chat muraux. L'alternative pour d\u00e9fouler votre chat et \u00e9conomiser de l'espace.","og_url":"https:\/\/arboricat.com\/fr\/arbre-a-chat-sur-mesure\/","og_site_name":"Arboricat","article_publisher":"https:\/\/www.facebook.com\/arboricat","article_modified_time":"2022-12-08T09:25:44+00:00","og_image":[{"url":"https:\/\/arboricat.com\/wp-content\/uploads\/2021\/01\/menuisier-arbre-a-chat-1024x800.jpg","type":"","width":"","height":""}],"twitter_card":"summary_large_image","twitter_misc":{"Dur\u00e9e de lecture estim\u00e9e":"5 minutes"},"schema":{"@context":"https:\/\/schema.org","@graph":[{"@type":"WebPage","@id":"https:\/\/arboricat.com\/fr\/arbre-a-chat-sur-mesure\/","url":"https:\/\/arboricat.com\/fr\/arbre-a-chat-sur-mesure\/","name":"Arbre \u00e0 chat sur-mesure - Arboricat","isPartOf":{"@id":"https:\/\/arboricat.com\/fr\/#website"},"primaryImageOfPage":{"@id":"https:\/\/arboricat.com\/fr\/arbre-a-chat-sur-mesure\/#primaryimage"},"image":{"@id":"https:\/\/arboricat.com\/fr\/arbre-a-chat-sur-mesure\/#primaryimage"},"thumbnailUrl":"https:\/\/arboricat.com\/wp-content\/uploads\/2021\/01\/menuisier-arbre-a-chat-1024x800.jpg","datePublished":"2021-01-13T09:39:32+00:00","dateModified":"2022-12-08T09:25:44+00:00","description":"D\u00e9couvrez notre gamme d'arbres \u00e0 chat muraux. L'alternative pour d\u00e9fouler votre chat et \u00e9conomiser de l'espace.","breadcrumb":{"@id":"https:\/\/arboricat.com\/fr\/arbre-a-chat-sur-mesure\/#breadcrumb"},"inLanguage":"fr-FR","potentialAction":[{"@type":"ReadAction","target":["https:\/\/arboricat.com\/fr\/arbre-a-chat-sur-mesure\/"]}]},{"@type":"ImageObject","inLanguage":"fr-FR","@id":"https:\/\/arboricat.com\/fr\/arbre-a-chat-sur-mesure\/#primaryimage","url":"https:\/\/arboricat.com\/wp-content\/uploads\/2021\/01\/menuisier-arbre-a-chat-1024x800.jpg","contentUrl":"https:\/\/arboricat.com\/wp-content\/uploads\/2021\/01\/menuisier-arbre-a-chat-1024x800.jpg"},{"@type":"BreadcrumbList","@id":"https:\/\/arboricat.com\/fr\/arbre-a-chat-sur-mesure\/#breadcrumb","itemListElement":[{"@type":"ListItem","position":1,"name":"Accueil","item":"https:\/\/arboricat.com\/fr\/"},{"@type":"ListItem","position":2,"name":"Arbre \u00e0 chat sur-mesure"}]},{"@type":"WebSite","@id":"https:\/\/arboricat.com\/fr\/#website","url":"https:\/\/arboricat.com\/fr\/","name":"Arboricat","description":"","publisher":{"@id":"https:\/\/arboricat.com\/fr\/#organization"},"potentialAction":[{"@type":"SearchAction","target":{"@type":"EntryPoint","urlTemplate":"https:\/\/arboricat.com\/fr\/?s={search_term_string}"},"query-input":{"@type":"PropertyValueSpecification","valueRequired":true,"valueName":"search_term_string"}}],"inLanguage":"fr-FR"},{"@type":"Organization","@id":"https:\/\/arboricat.com\/fr\/#organization","name":"Arboricat","url":"https:\/\/arboricat.com\/fr\/","logo":{"@type":"ImageObject","inLanguage":"fr-FR","@id":"https:\/\/arboricat.com\/fr\/#\/schema\/logo\/image\/","url":"https:\/\/arboricat.com\/wp-content\/uploads\/2024\/07\/logo_696x696.png","contentUrl":"https:\/\/arboricat.com\/wp-content\/uploads\/2024\/07\/logo_696x696.png","width":697,"height":697,"caption":"Arboricat"},"image":{"@id":"https:\/\/arboricat.com\/fr\/#\/schema\/logo\/image\/"},"sameAs":["https:\/\/www.facebook.com\/arboricat","https:\/\/www.instagram.com\/arboricatdesign\/?hl=fra"]}]}},"_links":{"self":[{"href":"https:\/\/arboricat.com\/fr\/wp-json\/wp\/v2\/pages\/10157","targetHints":{"allow":["GET"]}}],"collection":[{"href":"https:\/\/arboricat.com\/fr\/wp-json\/wp\/v2\/pages"}],"about":[{"href":"https:\/\/arboricat.com\/fr\/wp-json\/wp\/v2\/types\/page"}],"author":[{"embeddable":true,"href":"https:\/\/arboricat.com\/fr\/wp-json\/wp\/v2\/users\/1"}],"replies":[{"embeddable":true,"href":"https:\/\/arboricat.com\/fr\/wp-json\/wp\/v2\/comments?post=10157"}],"version-history":[{"count":0,"href":"https:\/\/arboricat.com\/fr\/wp-json\/wp\/v2\/pages\/10157\/revisions"}],"wp:attachment":[{"href":"https:\/\/arboricat.com\/fr\/wp-json\/wp\/v2\/media?parent=10157"}],"curies":[{"name":"wp","href":"https:\/\/api.w.org\/{rel}","templated":true}]}}