{"id":13034,"date":"2021-12-30T12:35:54","date_gmt":"2021-12-30T12:35:54","guid":{"rendered":"https:\/\/arboricat.com\/?page_id=13034"},"modified":"2022-12-19T09:37:03","modified_gmt":"2022-12-19T09:37:03","slug":"arbre-a-chat-scandinave","status":"publish","type":"page","link":"https:\/\/arboricat.com\/fr\/arbre-a-chat-scandinave\/","title":{"rendered":"Arbre \u00e0 chat scandinave"},"content":{"rendered":"\t\t<div data-elementor-type=\"wp-page\" data-elementor-id=\"13034\" class=\"elementor elementor-13034\" data-elementor-post-type=\"page\">\n\t\t\t\t\t\t<section class=\"elementor-section elementor-top-section elementor-element elementor-element-ebcf1f4 elementor-section-boxed elementor-section-height-default elementor-section-height-default\" data-id=\"ebcf1f4\" data-element_type=\"section\" data-e-type=\"section\">\r\n\t\t\r\n\t\t\t\t\t\t\t<div class=\"elementor-container elementor-column-gap-default\">\r\n\t\t\t\t\t\t\t\t\t\t\t<div class=\"elementor-column elementor-col-100 elementor-top-column elementor-element elementor-element-5d0b52b\" data-id=\"5d0b52b\" data-element_type=\"column\" data-e-type=\"column\">\r\n\t\t\t\t\t<div class=\"elementor-widget-wrap elementor-element-populated\">\r\n\t\t\t\t\t\t\t\t<div class=\"elementor-element elementor-element-4ce1a1b elementor-widget elementor-widget-spacer\" data-id=\"4ce1a1b\" data-element_type=\"widget\" data-e-type=\"widget\" data-widget_type=\"spacer.default\">\n\t\t\t\t<div class=\"elementor-widget-container\">\n\t\t\t\t\t\t\t<div class=\"elementor-spacer\">\n\t\t\t<div class=\"elementor-spacer-inner\"><\/div>\n\t\t<\/div>\n\t\t\t\t\t\t<\/div>\n\t\t\t\t<\/div>\n\t\t\t\t<div class=\"elementor-element elementor-element-db925bd elementor-widget elementor-widget-heading\" data-id=\"db925bd\" data-element_type=\"widget\" data-e-type=\"widget\" data-widget_type=\"heading.default\">\n\t\t\t\t<div class=\"elementor-widget-container\">\n\t\t\t\t\t<h1 class=\"elementor-heading-title elementor-size-large\">Arbre \u00e0 chat inspiration scandinave<\/h1>\t\t\t\t<\/div>\n\t\t\t\t<\/div>\n\t\t\t\t<div class=\"elementor-element elementor-element-86410d1 elementor-widget elementor-widget-spacer\" data-id=\"86410d1\" data-element_type=\"widget\" data-e-type=\"widget\" data-widget_type=\"spacer.default\">\n\t\t\t\t<div class=\"elementor-widget-container\">\n\t\t\t\t\t\t\t<div class=\"elementor-spacer\">\n\t\t\t<div class=\"elementor-spacer-inner\"><\/div>\n\t\t<\/div>\n\t\t\t\t\t\t<\/div>\n\t\t\t\t<\/div>\n\t\t\t\t<div class=\"elementor-element elementor-element-163bf94 elementor-widget elementor-widget-porto_products\" data-id=\"163bf94\" data-element_type=\"widget\" data-e-type=\"widget\" data-settings=\"{&quot;spacing&quot;:{&quot;unit&quot;:&quot;px&quot;,&quot;size&quot;:&quot;&quot;,&quot;sizes&quot;:[]}}\" data-widget_type=\"porto_products.default\">\n\t\t\t\t<div class=\"elementor-widget-container\">\n\t\t\t\t\t<div id=\"porto-products-d751713988987e9331980363e24189ce\" class=\"porto-products wpb_content_element theme_option\"><div class=\"woocommerce columns-3 \"><ul class=\"products products-container grid has-ccols has-ccols-spacing ccols-xl-3 ccols-lg-3 ccols-md-3 ccols-sm-2 ccols-2 pwidth-lg-3 pwidth-md-3 pwidth-xs-2 pwidth-ls-1 is-shortcode\"\r\n\t data-product_layout=\"product-awq_onimage\" role=\"none\">\r\n\r\n<li role=\"none\" class=\"product-col product-awq_onimage product type-product post-15975 status-publish first instock product_cat-arbre-a-chat product_cat-arbre-a-chat-design product_cat-arbre-a-chat-pas-cher product_cat-arbre-a-chat-scandinave product_cat-destockage has-post-thumbnail sale shipping-taxable purchasable product-type-simple\">\r\n<div class=\"product-inner\">\r\n\t\r\n\t<div class=\"product-image\">\r\n\r\n\t\t<a  href=\"https:\/\/arboricat.com\/fr\/produit\/arbre-a-chat-scandi-vert\/\" aria-label=\"Go to product page\">\r\n\t\t\t<div class=\"labels\"><div class=\"onsale\">-12%<\/div><\/div><div data-link=\"https:\/\/arboricat.com\/fr\/panier\/\" class=\"viewcart viewcart-15975\" title=\"Voir le panier\"><\/div><div class=\"inner img-effect\"><img fetchpriority=\"high\" decoding=\"async\" width=\"942\" height=\"942\" src=\"https:\/\/arboricat.com\/wp-content\/uploads\/2022\/09\/560549_D_02.jpg\" class=\"attachment-full size-full\" alt=\"Arbre \u00e0 chat Scandi Vert\" srcset=\"https:\/\/arboricat.com\/wp-content\/uploads\/2022\/09\/560549_D_02.jpg 942w, https:\/\/arboricat.com\/wp-content\/uploads\/2022\/09\/560549_D_02-768x768.jpg 768w, https:\/\/arboricat.com\/wp-content\/uploads\/2022\/09\/560549_D_02-640x640.jpg 640w, https:\/\/arboricat.com\/wp-content\/uploads\/2022\/09\/560549_D_02-400x400.jpg 400w, https:\/\/arboricat.com\/wp-content\/uploads\/2022\/09\/560549_D_02-600x600.jpg 600w\" sizes=\"(max-width: 942px) 100vw, 942px\" \/><img decoding=\"async\" width=\"730\" height=\"470\" src=\"https:\/\/arboricat.com\/wp-content\/uploads\/2022\/09\/560549_T_01.webp\" class=\"hover-image\" alt=\"\" srcset=\"https:\/\/arboricat.com\/wp-content\/uploads\/2022\/09\/560549_T_01.webp 730w, https:\/\/arboricat.com\/wp-content\/uploads\/2022\/09\/560549_T_01-640x412.webp 640w, https:\/\/arboricat.com\/wp-content\/uploads\/2022\/09\/560549_T_01-400x258.webp 400w, https:\/\/arboricat.com\/wp-content\/uploads\/2022\/09\/560549_T_01-600x386.webp 600w\" sizes=\"(max-width: 730px) 100vw, 730px\" \/><\/div>\t\t<\/a>\r\n\t\t\t<div class=\"links-on-image\">\r\n\t\t\t<div class=\"add-links-wrap\">\r\n\t<div class=\"add-links clearfix\">\r\n\t\t<a href=\"\/fr\/wp-json\/wp\/v2\/pages\/13034?add-to-cart=15975\" aria-describedby=\"woocommerce_loop_add_to_cart_link_describedby_15975\" data-quantity=\"1\" class=\"viewcart-style-1 button product_type_simple add_to_cart_button ajax_add_to_cart\" data-product_id=\"15975\" data-product_sku=\"\" aria-label=\"Ajouter au panier\u00a0: &ldquo;Arbre \u00e0 chat Scandi Vert&rdquo;\" rel=\"nofollow\" data-success_message=\"\u00ab\u00a0Arbre \u00e0 chat Scandi Vert\u00a0\u00bb a \u00e9t\u00e9 ajout\u00e9 \u00e0 votre panier\">Ajouter au panier<\/a>\t\t<span id=\"woocommerce_loop_add_to_cart_link_describedby_15975\" class=\"screen-reader-text\">\r\n\t\t\t<\/span>\r\n\t\t<div class=\"quickview\" data-id=\"15975\" title=\"Quick View\">Quick View<\/div>\t<\/div>\r\n\t<\/div>\r\n\t\t<\/div>\r\n\t\t\t<\/div>\r\n\r\n\t<div class=\"product-content\">\r\n\t\t\r\n\t\t\t<a class=\"product-loop-title\"  href=\"https:\/\/arboricat.com\/fr\/produit\/arbre-a-chat-scandi-vert\/\">\r\n\t<h3 class=\"woocommerce-loop-product__title\">Arbre \u00e0 chat Scandi Vert<\/h3>\t<\/a>\r\n\t\r\n\t\t\n\t<span class=\"price\"><del aria-hidden=\"true\"><span class=\"woocommerce-Price-amount amount\"><bdi>77,99<span class=\"woocommerce-Price-currencySymbol\">&euro;<\/span><\/bdi><\/span><\/del> <span class=\"screen-reader-text\">Le prix initial \u00e9tait\u00a0: 77,99&euro;.<\/span><ins aria-hidden=\"true\"><span class=\"woocommerce-Price-amount amount\"><bdi>69,00<span class=\"woocommerce-Price-currencySymbol\">&euro;<\/span><\/bdi><\/span><\/ins><span class=\"screen-reader-text\">Le prix actuel est\u00a0: 69,00&euro;.<\/span><\/span>\n\r\n\t\t\t<\/div>\r\n<\/div>\r\n\r\n<\/li>\r\n\r\n<li role=\"none\" class=\"product-col product-awq_onimage product type-product post-9682 status-publish instock product_cat-arbre-a-chat product_cat-arbre-a-chat-pas-cher product_cat-arbre-a-chat-scandinave product_cat-destockage has-post-thumbnail shipping-taxable purchasable product-type-simple\">\r\n<div class=\"product-inner\">\r\n\t\r\n\t<div class=\"product-image\">\r\n\r\n\t\t<a  href=\"https:\/\/arboricat.com\/fr\/produit\/nordic-home-double\/\" aria-label=\"Go to product page\">\r\n\t\t\t<div data-link=\"https:\/\/arboricat.com\/fr\/panier\/\" class=\"viewcart viewcart-9682\" title=\"Voir le panier\"><\/div><div class=\"inner\"><img decoding=\"async\" width=\"477\" height=\"477\" src=\"https:\/\/arboricat.com\/wp-content\/uploads\/2020\/12\/Sans-titre-2.png\" class=\"attachment-full size-full\" alt=\"Nordic home double\" srcset=\"https:\/\/arboricat.com\/wp-content\/uploads\/2020\/12\/Sans-titre-2.png 477w, https:\/\/arboricat.com\/wp-content\/uploads\/2020\/12\/Sans-titre-2-400x400.png 400w\" sizes=\"(max-width: 477px) 100vw, 477px\" \/><\/div>\t\t<\/a>\r\n\t\t\t<div class=\"links-on-image\">\r\n\t\t\t<div class=\"add-links-wrap\">\r\n\t<div class=\"add-links clearfix\">\r\n\t\t<a href=\"\/fr\/wp-json\/wp\/v2\/pages\/13034?add-to-cart=9682\" aria-describedby=\"woocommerce_loop_add_to_cart_link_describedby_9682\" data-quantity=\"1\" class=\"viewcart-style-1 button product_type_simple add_to_cart_button ajax_add_to_cart\" data-product_id=\"9682\" data-product_sku=\"\" aria-label=\"Ajouter au panier\u00a0: &ldquo;Nordic home double&rdquo;\" rel=\"nofollow\" data-success_message=\"\u00ab\u00a0Nordic home double\u00a0\u00bb a \u00e9t\u00e9 ajout\u00e9 \u00e0 votre panier\">Ajouter au panier<\/a>\t\t<span id=\"woocommerce_loop_add_to_cart_link_describedby_9682\" class=\"screen-reader-text\">\r\n\t\t\t<\/span>\r\n\t\t<div class=\"quickview\" data-id=\"9682\" title=\"Quick View\">Quick View<\/div>\t<\/div>\r\n\t<\/div>\r\n\t\t<\/div>\r\n\t\t\t<\/div>\r\n\r\n\t<div class=\"product-content\">\r\n\t\t\r\n\t\t\t<a class=\"product-loop-title\"  href=\"https:\/\/arboricat.com\/fr\/produit\/nordic-home-double\/\">\r\n\t<h3 class=\"woocommerce-loop-product__title\">Nordic home double<\/h3>\t<\/a>\r\n\t\r\n\t\t\n\t<span class=\"price\"><span class=\"woocommerce-Price-amount amount\"><bdi>72,00<span class=\"woocommerce-Price-currencySymbol\">&euro;<\/span><\/bdi><\/span><\/span>\n\r\n\t\t\t<\/div>\r\n<\/div>\r\n\r\n<\/li>\r\n<\/ul>\r\n<\/div><\/div>\t\t\t\t<\/div>\n\t\t\t\t<\/div>\n\t\t\t\t\t<\/div>\r\n\t\t\t\t<\/div>\r\n\t\t\t\t\t<\/div>\r\n\t\t\t\t<\/section>\r\n\t\t\t\t<section class=\"elementor-section elementor-top-section elementor-element elementor-element-9441975 elementor-section-boxed elementor-section-height-default elementor-section-height-default\" data-id=\"9441975\" data-element_type=\"section\" data-e-type=\"section\">\r\n\t\t\r\n\t\t\t\t\t\t\t<div class=\"elementor-container elementor-column-gap-default\">\r\n\t\t\t\t\t\t\t\t\t\t\t<div class=\"elementor-column elementor-col-100 elementor-top-column elementor-element elementor-element-6d1b47e\" data-id=\"6d1b47e\" data-element_type=\"column\" data-e-type=\"column\">\r\n\t\t\t\t\t<div class=\"elementor-widget-wrap elementor-element-populated\">\r\n\t\t\t\t\t\t\t\t<div class=\"elementor-element elementor-element-0ec1d5b elementor-widget elementor-widget-text-editor\" data-id=\"0ec1d5b\" data-element_type=\"widget\" data-e-type=\"widget\" data-widget_type=\"text-editor.default\">\n\t\t\t\t<div class=\"elementor-widget-container\">\n\t\t\t\t\t\t\t\t\t<p>Conscient que les arbres \u00e0 chat font partie int\u00e9grante de notre d\u00e9coration d\u2019int\u00e9rieur, il est important que ceux-ci correspondent aux go\u00fbts de chacun. Nous avons donc s\u00e9lectionn\u00e9 un large choix d\u2019arbres \u00e0 chats scandinaves et minimalistes qui s\u2019adaptent \u00e0 tous les int\u00e9rieurs.<\/p><p>\u00c9quip\u00e9 d\u2019un ou plusieurs \u00e9tages, de niches dans lesquelles votre chat peut se cacher, de coussins sur lesquels il pourra se lover ou dormir, de jouets avec lesquels il pourra s\u2019amuser et se d\u00e9penser, sans oublier de poteaux en sisal pour y faire ses griffes\u2026 Bref, nos arbres \u00e0 chat scandinaves sont id\u00e9als pour respecter et r\u00e9pondre \u00e0 tous les besoins de votre chat.<\/p><p>Vous souhaitez acheter un arbre \u00e0 chat scandinave ? D\u00e9couvrez toute notre gamme de produits !<\/p>\t\t\t\t\t\t\t\t<\/div>\n\t\t\t\t<\/div>\n\t\t\t\t<div class=\"elementor-element elementor-element-9161c65 elementor-widget elementor-widget-heading\" data-id=\"9161c65\" data-element_type=\"widget\" data-e-type=\"widget\" data-widget_type=\"heading.default\">\n\t\t\t\t<div class=\"elementor-widget-container\">\n\t\t\t\t\t<h2 class=\"elementor-heading-title elementor-size-default\">Pourquoi acheter un arbre \u00e0 chat scandinave ?<\/h2>\t\t\t\t<\/div>\n\t\t\t\t<\/div>\n\t\t\t\t<div class=\"elementor-element elementor-element-65c27be elementor-widget elementor-widget-text-editor\" data-id=\"65c27be\" data-element_type=\"widget\" data-e-type=\"widget\" data-widget_type=\"text-editor.default\">\n\t\t\t\t<div class=\"elementor-widget-container\">\n\t\t\t\t\t\t\t\t\t<p>L\u2019arbre \u00e0 chat est un \u00e9l\u00e9ment qui va permettre \u00e0 votre chat de se percher pour observer le monde qui l\u2019entoure, mais aussi de faire ses griffes gr\u00e2ce au griffoir int\u00e9gr\u00e9. L\u2019arbre \u00e0 chat peut aussi lui permettre de se cacher, se reposer et dormir. C\u2019est donc l\u2019accessoire parfait pour permettre \u00e0 votre chat de suivre ses instincts naturels. Aujourd\u2019hui, l\u2019arbre chat se doit aussi d\u2019\u00eatre un \u00e9l\u00e9ment de d\u00e9coration \u00e0 part enti\u00e8re. Choisir un arbre \u00e0 chat scandinave permet d\u2019avoir un produit design et moderne, qui s\u2019adapte facilement \u00e0 sa d\u00e9coration.<\/p><p>L\u2019arbre \u00e0 chat <strong>am\u00e9liore donc la sant\u00e9 et le bien-\u00eatre de votre chat <\/strong>en lui permettant \u00e0 la fois de dormir, mais aussi en le faisant bouger et se d\u00e9penser physiquement. Gr\u00e2ce aux surfaces \u00e0 griffer, les chats assouvissent leurs besoins d\u2019escalades et stimulent ainsi leurs instincts originels d\u2019observateur et de chasseur. Les encourager \u00e0 bouger et respecter leurs instincts est fonci\u00e8rement favorable pour eux, c\u2019est pour cette raison que chacun de nos arbres \u00e0 chat scandinave sont \u00e9quip\u00e9s \u00e0 minima de poteaux griffoirs ainsi que de zones de couchage confortables.<\/p><p>Bien entendu, l\u2019arbre \u00e0 chat permet \u00e9galement d\u2019<strong>\u00e9viter la d\u00e9gradation de votre int\u00e9rieur<\/strong>. En offrant \u00e0 votre chat un espace qui lui est enti\u00e8rement d\u00e9di\u00e9 et sur lequel il peut faire ses griffes, vous pr\u00e9servez de cette mani\u00e8re vos meubles, tapis et tapisseries de ses griffures et de son marquage de territoire. Tous nos arbres \u00e0 chat scandinaves sont \u00e9quip\u00e9s de poteaux griffoirs afin que votre chat fasse ses griffes dessus.<\/p>\t\t\t\t\t\t\t\t<\/div>\n\t\t\t\t<\/div>\n\t\t\t\t<div class=\"elementor-element elementor-element-627ab90 elementor-widget elementor-widget-heading\" data-id=\"627ab90\" data-element_type=\"widget\" data-e-type=\"widget\" data-widget_type=\"heading.default\">\n\t\t\t\t<div class=\"elementor-widget-container\">\n\t\t\t\t\t<h2 class=\"elementor-heading-title elementor-size-default\">Comment choisir un arbre \u00e0 chat scandinave ?<\/h2>\t\t\t\t<\/div>\n\t\t\t\t<\/div>\n\t\t\t\t<div class=\"elementor-element elementor-element-d43ff23 elementor-widget elementor-widget-text-editor\" data-id=\"d43ff23\" data-element_type=\"widget\" data-e-type=\"widget\" data-widget_type=\"text-editor.default\">\n\t\t\t\t<div class=\"elementor-widget-container\">\n\t\t\t\t\t\t\t\t\t<p>Il existe une multitude d\u2019arbres \u00e0 chat qui sont tr\u00e8s diff\u00e9rents de par leur design et leur taille, il peut donc \u00eatre difficile de savoir comment faire son choix. Pour choisir votre arbre \u00e0 chat scandinave, il est important de prendre plusieurs autres crit\u00e8res en compte comme les \u00e9l\u00e9ments de l\u2019arbre (griffoir, pallier, niches\u2026) les mat\u00e9riaux utilis\u00e9s (sisal, bois, peluche\u2026) mais aussi le poids de l\u2019animal qu\u2019il peut supporter, et sa taille.<\/p><p>Pour faire votre choix parmi notre s\u00e9lection, optez donc pour un arbre qui poss\u00e8de les \u00e9l\u00e9ments dont votre chat a besoin ou qu\u2019il appr\u00e9cie, par exemple s&rsquo;il aime dormir \u00e0 l\u2019abri des regards, un arbre \u00e0 chat avec une niche peut \u00eatre adapt\u00e9. Choisissez les mati\u00e8res qu\u2019il appr\u00e9cie. Fait-il ses griffes sur les bo\u00eetes en carton chaque fois que vous recevez un colis ? Si oui, un arbre \u00e0 chat avec un griffoir en carton peut \u00eatre parfait pour lui. Faites \u00e9galement bien attention \u00e0 ce que l\u2019arbre \u00e0 chat que vous souhaitez soit bien adapt\u00e9 \u00e0 son poids, surtout si vous avez un gros chat. Enfin, v\u00e9rifiez les dimensions de l\u2019arbre \u00e0 chat afin que celui-ci corresponde \u00e0 la taille de l\u2019emplacement o\u00f9 vous souhaitez le mettre. Bien entendu choisissez \u00e9galement un produit qui correspond \u00e0 votre budget !<\/p>\t\t\t\t\t\t\t\t<\/div>\n\t\t\t\t<\/div>\n\t\t\t\t\t<\/div>\r\n\t\t\t\t<\/div>\r\n\t\t\t\t\t<\/div>\r\n\t\t\t\t<\/section>\r\n\t\t\t\t<\/div>\n\t\t","protected":false},"excerpt":{"rendered":"<p>Arbre \u00e0 chat inspiration scandinave Ajouter au panierAper\u00e7u rapide Nordic home double 72,00&euro; Conscient que les arbres \u00e0 chat font partie int\u00e9grante de notre d\u00e9coration d\u2019int\u00e9rieur, il est important que ceux-ci correspondent aux go\u00fbts de chacun. Nous avons donc s\u00e9lectionn\u00e9 un large choix d\u2019arbres \u00e0 chats scandinaves et minimalistes qui s\u2019adaptent \u00e0 tous les int\u00e9rieurs. [&hellip;]<\/p>\n","protected":false},"author":1,"featured_media":0,"parent":0,"menu_order":0,"comment_status":"closed","ping_status":"closed","template":"","meta":{"footnotes":""},"class_list":["post-13034","page","type-page","status-publish","hentry"],"yoast_head":"<!-- This site is optimized with the Yoast SEO plugin v27.3 - https:\/\/yoast.com\/product\/yoast-seo-wordpress\/ -->\n<title>Arbre \u00e0 chat scandinave - Arboricat<\/title>\n<meta name=\"description\" content=\"D\u00e9couvrez notre gamme d&#039;arbres \u00e0 chat scandinaves. Une s\u00e9lection de produits uniques pour les chats les plus frileux !\" \/>\n<meta name=\"robots\" content=\"index, follow, max-snippet:-1, max-image-preview:large, max-video-preview:-1\" \/>\n<link rel=\"canonical\" href=\"https:\/\/arboricat.com\/fr\/arbre-a-chat-scandinave\/\" \/>\n<meta property=\"og:locale\" content=\"fr_FR\" \/>\n<meta property=\"og:type\" content=\"article\" \/>\n<meta property=\"og:title\" content=\"Arbre \u00e0 chat scandinave - Arboricat\" \/>\n<meta property=\"og:description\" content=\"D\u00e9couvrez notre gamme d&#039;arbres \u00e0 chat scandinaves. Une s\u00e9lection de produits uniques pour les chats les plus frileux !\" \/>\n<meta property=\"og:url\" content=\"https:\/\/arboricat.com\/fr\/arbre-a-chat-scandinave\/\" \/>\n<meta property=\"og:site_name\" content=\"Arboricat\" \/>\n<meta property=\"article:publisher\" content=\"https:\/\/www.facebook.com\/arboricat\" \/>\n<meta property=\"article:modified_time\" content=\"2022-12-19T09:37:03+00:00\" \/>\n<meta property=\"og:image\" content=\"https:\/\/arboricat.com\/wp-content\/uploads\/2020\/12\/Sans-titre-2.png\" \/>\n<meta name=\"twitter:card\" content=\"summary_large_image\" \/>\n<meta name=\"twitter:label1\" content=\"Dur\u00e9e de lecture estim\u00e9e\" \/>\n\t<meta name=\"twitter:data1\" content=\"4 minutes\" \/>\n<script type=\"application\/ld+json\" class=\"yoast-schema-graph\">{\"@context\":\"https:\\\/\\\/schema.org\",\"@graph\":[{\"@type\":\"WebPage\",\"@id\":\"https:\\\/\\\/arboricat.com\\\/fr\\\/arbre-a-chat-scandinave\\\/\",\"url\":\"https:\\\/\\\/arboricat.com\\\/fr\\\/arbre-a-chat-scandinave\\\/\",\"name\":\"Arbre \u00e0 chat scandinave - Arboricat\",\"isPartOf\":{\"@id\":\"https:\\\/\\\/arboricat.com\\\/fr\\\/#website\"},\"primaryImageOfPage\":{\"@id\":\"https:\\\/\\\/arboricat.com\\\/fr\\\/arbre-a-chat-scandinave\\\/#primaryimage\"},\"image\":{\"@id\":\"https:\\\/\\\/arboricat.com\\\/fr\\\/arbre-a-chat-scandinave\\\/#primaryimage\"},\"thumbnailUrl\":\"https:\\\/\\\/arboricat.com\\\/wp-content\\\/uploads\\\/2020\\\/12\\\/Sans-titre-2.png\",\"datePublished\":\"2021-12-30T12:35:54+00:00\",\"dateModified\":\"2022-12-19T09:37:03+00:00\",\"description\":\"D\u00e9couvrez notre gamme d'arbres \u00e0 chat scandinaves. Une s\u00e9lection de produits uniques pour les chats les plus frileux !\",\"breadcrumb\":{\"@id\":\"https:\\\/\\\/arboricat.com\\\/fr\\\/arbre-a-chat-scandinave\\\/#breadcrumb\"},\"inLanguage\":\"fr-FR\",\"potentialAction\":[{\"@type\":\"ReadAction\",\"target\":[\"https:\\\/\\\/arboricat.com\\\/fr\\\/arbre-a-chat-scandinave\\\/\"]}]},{\"@type\":\"ImageObject\",\"inLanguage\":\"fr-FR\",\"@id\":\"https:\\\/\\\/arboricat.com\\\/fr\\\/arbre-a-chat-scandinave\\\/#primaryimage\",\"url\":\"https:\\\/\\\/arboricat.com\\\/wp-content\\\/uploads\\\/2020\\\/12\\\/Sans-titre-2.png\",\"contentUrl\":\"https:\\\/\\\/arboricat.com\\\/wp-content\\\/uploads\\\/2020\\\/12\\\/Sans-titre-2.png\"},{\"@type\":\"BreadcrumbList\",\"@id\":\"https:\\\/\\\/arboricat.com\\\/fr\\\/arbre-a-chat-scandinave\\\/#breadcrumb\",\"itemListElement\":[{\"@type\":\"ListItem\",\"position\":1,\"name\":\"Accueil\",\"item\":\"https:\\\/\\\/arboricat.com\\\/fr\\\/\"},{\"@type\":\"ListItem\",\"position\":2,\"name\":\"Arbre \u00e0 chat scandinave\"}]},{\"@type\":\"WebSite\",\"@id\":\"https:\\\/\\\/arboricat.com\\\/fr\\\/#website\",\"url\":\"https:\\\/\\\/arboricat.com\\\/fr\\\/\",\"name\":\"Arboricat\",\"description\":\"\",\"publisher\":{\"@id\":\"https:\\\/\\\/arboricat.com\\\/fr\\\/#organization\"},\"potentialAction\":[{\"@type\":\"SearchAction\",\"target\":{\"@type\":\"EntryPoint\",\"urlTemplate\":\"https:\\\/\\\/arboricat.com\\\/fr\\\/?s={search_term_string}\"},\"query-input\":{\"@type\":\"PropertyValueSpecification\",\"valueRequired\":true,\"valueName\":\"search_term_string\"}}],\"inLanguage\":\"fr-FR\"},{\"@type\":\"Organization\",\"@id\":\"https:\\\/\\\/arboricat.com\\\/fr\\\/#organization\",\"name\":\"Arboricat\",\"url\":\"https:\\\/\\\/arboricat.com\\\/fr\\\/\",\"logo\":{\"@type\":\"ImageObject\",\"inLanguage\":\"fr-FR\",\"@id\":\"https:\\\/\\\/arboricat.com\\\/fr\\\/#\\\/schema\\\/logo\\\/image\\\/\",\"url\":\"https:\\\/\\\/arboricat.com\\\/wp-content\\\/uploads\\\/2024\\\/07\\\/logo_696x696.png\",\"contentUrl\":\"https:\\\/\\\/arboricat.com\\\/wp-content\\\/uploads\\\/2024\\\/07\\\/logo_696x696.png\",\"width\":697,\"height\":697,\"caption\":\"Arboricat\"},\"image\":{\"@id\":\"https:\\\/\\\/arboricat.com\\\/fr\\\/#\\\/schema\\\/logo\\\/image\\\/\"},\"sameAs\":[\"https:\\\/\\\/www.facebook.com\\\/arboricat\",\"https:\\\/\\\/www.instagram.com\\\/arboricatdesign\\\/?hl=fra\"]}]}<\/script>\n<!-- \/ Yoast SEO plugin. -->","yoast_head_json":{"title":"Arbre \u00e0 chat scandinave - Arboricat","description":"D\u00e9couvrez notre gamme d'arbres \u00e0 chat scandinaves. Une s\u00e9lection de produits uniques pour les chats les plus frileux !","robots":{"index":"index","follow":"follow","max-snippet":"max-snippet:-1","max-image-preview":"max-image-preview:large","max-video-preview":"max-video-preview:-1"},"canonical":"https:\/\/arboricat.com\/fr\/arbre-a-chat-scandinave\/","og_locale":"fr_FR","og_type":"article","og_title":"Arbre \u00e0 chat scandinave - Arboricat","og_description":"D\u00e9couvrez notre gamme d'arbres \u00e0 chat scandinaves. Une s\u00e9lection de produits uniques pour les chats les plus frileux !","og_url":"https:\/\/arboricat.com\/fr\/arbre-a-chat-scandinave\/","og_site_name":"Arboricat","article_publisher":"https:\/\/www.facebook.com\/arboricat","article_modified_time":"2022-12-19T09:37:03+00:00","og_image":[{"url":"https:\/\/arboricat.com\/wp-content\/uploads\/2020\/12\/Sans-titre-2.png","type":"","width":"","height":""}],"twitter_card":"summary_large_image","twitter_misc":{"Dur\u00e9e de lecture estim\u00e9e":"4 minutes"},"schema":{"@context":"https:\/\/schema.org","@graph":[{"@type":"WebPage","@id":"https:\/\/arboricat.com\/fr\/arbre-a-chat-scandinave\/","url":"https:\/\/arboricat.com\/fr\/arbre-a-chat-scandinave\/","name":"Arbre \u00e0 chat scandinave - Arboricat","isPartOf":{"@id":"https:\/\/arboricat.com\/fr\/#website"},"primaryImageOfPage":{"@id":"https:\/\/arboricat.com\/fr\/arbre-a-chat-scandinave\/#primaryimage"},"image":{"@id":"https:\/\/arboricat.com\/fr\/arbre-a-chat-scandinave\/#primaryimage"},"thumbnailUrl":"https:\/\/arboricat.com\/wp-content\/uploads\/2020\/12\/Sans-titre-2.png","datePublished":"2021-12-30T12:35:54+00:00","dateModified":"2022-12-19T09:37:03+00:00","description":"D\u00e9couvrez notre gamme d'arbres \u00e0 chat scandinaves. Une s\u00e9lection de produits uniques pour les chats les plus frileux !","breadcrumb":{"@id":"https:\/\/arboricat.com\/fr\/arbre-a-chat-scandinave\/#breadcrumb"},"inLanguage":"fr-FR","potentialAction":[{"@type":"ReadAction","target":["https:\/\/arboricat.com\/fr\/arbre-a-chat-scandinave\/"]}]},{"@type":"ImageObject","inLanguage":"fr-FR","@id":"https:\/\/arboricat.com\/fr\/arbre-a-chat-scandinave\/#primaryimage","url":"https:\/\/arboricat.com\/wp-content\/uploads\/2020\/12\/Sans-titre-2.png","contentUrl":"https:\/\/arboricat.com\/wp-content\/uploads\/2020\/12\/Sans-titre-2.png"},{"@type":"BreadcrumbList","@id":"https:\/\/arboricat.com\/fr\/arbre-a-chat-scandinave\/#breadcrumb","itemListElement":[{"@type":"ListItem","position":1,"name":"Accueil","item":"https:\/\/arboricat.com\/fr\/"},{"@type":"ListItem","position":2,"name":"Arbre \u00e0 chat scandinave"}]},{"@type":"WebSite","@id":"https:\/\/arboricat.com\/fr\/#website","url":"https:\/\/arboricat.com\/fr\/","name":"Arboricat","description":"","publisher":{"@id":"https:\/\/arboricat.com\/fr\/#organization"},"potentialAction":[{"@type":"SearchAction","target":{"@type":"EntryPoint","urlTemplate":"https:\/\/arboricat.com\/fr\/?s={search_term_string}"},"query-input":{"@type":"PropertyValueSpecification","valueRequired":true,"valueName":"search_term_string"}}],"inLanguage":"fr-FR"},{"@type":"Organization","@id":"https:\/\/arboricat.com\/fr\/#organization","name":"Arboricat","url":"https:\/\/arboricat.com\/fr\/","logo":{"@type":"ImageObject","inLanguage":"fr-FR","@id":"https:\/\/arboricat.com\/fr\/#\/schema\/logo\/image\/","url":"https:\/\/arboricat.com\/wp-content\/uploads\/2024\/07\/logo_696x696.png","contentUrl":"https:\/\/arboricat.com\/wp-content\/uploads\/2024\/07\/logo_696x696.png","width":697,"height":697,"caption":"Arboricat"},"image":{"@id":"https:\/\/arboricat.com\/fr\/#\/schema\/logo\/image\/"},"sameAs":["https:\/\/www.facebook.com\/arboricat","https:\/\/www.instagram.com\/arboricatdesign\/?hl=fra"]}]}},"_links":{"self":[{"href":"https:\/\/arboricat.com\/fr\/wp-json\/wp\/v2\/pages\/13034","targetHints":{"allow":["GET"]}}],"collection":[{"href":"https:\/\/arboricat.com\/fr\/wp-json\/wp\/v2\/pages"}],"about":[{"href":"https:\/\/arboricat.com\/fr\/wp-json\/wp\/v2\/types\/page"}],"author":[{"embeddable":true,"href":"https:\/\/arboricat.com\/fr\/wp-json\/wp\/v2\/users\/1"}],"replies":[{"embeddable":true,"href":"https:\/\/arboricat.com\/fr\/wp-json\/wp\/v2\/comments?post=13034"}],"version-history":[{"count":0,"href":"https:\/\/arboricat.com\/fr\/wp-json\/wp\/v2\/pages\/13034\/revisions"}],"wp:attachment":[{"href":"https:\/\/arboricat.com\/fr\/wp-json\/wp\/v2\/media?parent=13034"}],"curies":[{"name":"wp","href":"https:\/\/api.w.org\/{rel}","templated":true}]}}