{"id":13807,"date":"2022-01-25T13:22:30","date_gmt":"2022-01-25T13:22:30","guid":{"rendered":"https:\/\/arboricat.com\/?page_id=13807"},"modified":"2022-01-25T13:27:34","modified_gmt":"2022-01-25T13:27:34","slug":"paniers","status":"publish","type":"page","link":"https:\/\/arboricat.com\/fr\/couchage\/paniers\/","title":{"rendered":"Paniers"},"content":{"rendered":"\t\t<div data-elementor-type=\"wp-page\" data-elementor-id=\"13807\" class=\"elementor elementor-13807\" data-elementor-post-type=\"page\">\n\t\t\t\t\t\t<section class=\"elementor-section elementor-top-section elementor-element elementor-element-696dc1e elementor-section-boxed elementor-section-height-default elementor-section-height-default\" data-id=\"696dc1e\" data-element_type=\"section\" data-e-type=\"section\">\r\n\t\t\r\n\t\t\t\t\t\t\t<div class=\"elementor-container elementor-column-gap-default\">\r\n\t\t\t\t\t\t\t\t\t\t\t<div class=\"elementor-column elementor-col-100 elementor-top-column elementor-element elementor-element-d291c49\" data-id=\"d291c49\" data-element_type=\"column\" data-e-type=\"column\">\r\n\t\t\t\t\t<div class=\"elementor-widget-wrap elementor-element-populated\">\r\n\t\t\t\t\t\t\t\t<div class=\"elementor-element elementor-element-57b95ca elementor-widget elementor-widget-heading\" data-id=\"57b95ca\" data-element_type=\"widget\" data-e-type=\"widget\" data-widget_type=\"heading.default\">\n\t\t\t\t<div class=\"elementor-widget-container\">\n\t\t\t\t\t<h1 class=\"elementor-heading-title elementor-size-default\">NOS PANIERS<\/h1>\t\t\t\t<\/div>\n\t\t\t\t<\/div>\n\t\t\t\t<div class=\"elementor-element elementor-element-bc298cb elementor-widget elementor-widget-text-editor\" data-id=\"bc298cb\" data-element_type=\"widget\" data-e-type=\"widget\" data-widget_type=\"text-editor.default\">\n\t\t\t\t<div class=\"elementor-widget-container\">\n\t\t\t\t\t\t\t\t\t<p>D\u00c9COUVREZ NOTRE COLLECTION DE PANIERS POUR CHAT<\/p>\t\t\t\t\t\t\t\t<\/div>\n\t\t\t\t<\/div>\n\t\t\t\t\t<\/div>\r\n\t\t\t\t<\/div>\r\n\t\t\t\t\t<\/div>\r\n\t\t\t\t<\/section>\r\n\t\t\t\t<section class=\"elementor-section elementor-top-section elementor-element elementor-element-0da6f97 elementor-section-boxed elementor-section-height-default elementor-section-height-default\" data-id=\"0da6f97\" data-element_type=\"section\" data-e-type=\"section\">\r\n\t\t\r\n\t\t\t\t\t\t\t<div class=\"elementor-container elementor-column-gap-default\">\r\n\t\t\t\t\t\t\t\t\t\t\t<div class=\"elementor-column elementor-col-100 elementor-top-column elementor-element elementor-element-7f8177b\" data-id=\"7f8177b\" data-element_type=\"column\" data-e-type=\"column\">\r\n\t\t\t\t\t<div class=\"elementor-widget-wrap elementor-element-populated\">\r\n\t\t\t\t\t\t\t\t<div class=\"elementor-element elementor-element-4452c86 elementor-widget elementor-widget-porto_products\" data-id=\"4452c86\" data-element_type=\"widget\" data-e-type=\"widget\" data-settings=\"{&quot;spacing&quot;:{&quot;unit&quot;:&quot;px&quot;,&quot;size&quot;:&quot;&quot;,&quot;sizes&quot;:[]}}\" data-widget_type=\"porto_products.default\">\n\t\t\t\t<div class=\"elementor-widget-container\">\n\t\t\t\t\t<div id=\"porto-products-d751713988987e9331980363e24189ce\" class=\"porto-products wpb_content_element theme_option\"><div class=\"woocommerce columns-3 \"><ul class=\"products products-container grid has-ccols has-ccols-spacing ccols-xl-3 ccols-lg-3 ccols-md-3 ccols-sm-2 ccols-2 pwidth-lg-3 pwidth-md-3 pwidth-xs-2 pwidth-ls-1 is-shortcode\"\r\n\t data-product_layout=\"product-awq_onimage\" role=\"none\">\r\n\r\n<li role=\"none\" class=\"product-col product-awq_onimage product type-product post-11679 status-publish first instock product_cat-couchage product_cat-destockage product_cat-panier has-post-thumbnail shipping-taxable purchasable product-type-simple\">\r\n<div class=\"product-inner\">\r\n\t\r\n\t<div class=\"product-image\">\r\n\r\n\t\t<a  href=\"https:\/\/arboricat.com\/fr\/produit\/coussin-cosy\/\" aria-label=\"Go to product page\">\r\n\t\t\t<div data-link=\"https:\/\/arboricat.com\/fr\/panier\/\" class=\"viewcart viewcart-11679\" title=\"Voir le panier\"><\/div><div class=\"inner img-effect\"><img fetchpriority=\"high\" decoding=\"async\" width=\"564\" height=\"564\" src=\"https:\/\/arboricat.com\/wp-content\/uploads\/2021\/10\/coussin-cosy.jpg\" class=\"attachment-full size-full\" alt=\"chat allong\u00e9 dans notre coussin cosy\" srcset=\"https:\/\/arboricat.com\/wp-content\/uploads\/2021\/10\/coussin-cosy.jpg 564w, https:\/\/arboricat.com\/wp-content\/uploads\/2021\/10\/coussin-cosy-400x400.jpg 400w\" sizes=\"(max-width: 564px) 100vw, 564px\" \/><img decoding=\"async\" width=\"564\" height=\"564\" src=\"https:\/\/arboricat.com\/wp-content\/uploads\/2021\/10\/coussin-cosy-1.jpg\" class=\"hover-image\" alt=\"Coussin cosy en peluche grise\" srcset=\"https:\/\/arboricat.com\/wp-content\/uploads\/2021\/10\/coussin-cosy-1.jpg 564w, https:\/\/arboricat.com\/wp-content\/uploads\/2021\/10\/coussin-cosy-1-400x400.jpg 400w\" sizes=\"(max-width: 564px) 100vw, 564px\" \/><\/div>\t\t<\/a>\r\n\t\t\t<div class=\"links-on-image\">\r\n\t\t\t<div class=\"add-links-wrap\">\r\n\t<div class=\"add-links clearfix\">\r\n\t\t<a href=\"\/fr\/wp-json\/wp\/v2\/pages\/13807?add-to-cart=11679\" aria-describedby=\"woocommerce_loop_add_to_cart_link_describedby_11679\" data-quantity=\"1\" class=\"viewcart-style-1 button product_type_simple add_to_cart_button ajax_add_to_cart\" data-product_id=\"11679\" data-product_sku=\"\" aria-label=\"Ajouter au panier\u00a0: &ldquo;Coussin Cosy&rdquo;\" rel=\"nofollow\" data-success_message=\"\u00ab\u00a0Coussin Cosy\u00a0\u00bb a \u00e9t\u00e9 ajout\u00e9 \u00e0 votre panier\">Ajouter au panier<\/a>\t\t<span id=\"woocommerce_loop_add_to_cart_link_describedby_11679\" class=\"screen-reader-text\">\r\n\t\t\t<\/span>\r\n\t\t<div class=\"quickview\" data-id=\"11679\" title=\"Quick View\">Quick View<\/div>\t<\/div>\r\n\t<\/div>\r\n\t\t<\/div>\r\n\t\t\t<\/div>\r\n\r\n\t<div class=\"product-content\">\r\n\t\t\r\n\t\t\t<a class=\"product-loop-title\"  href=\"https:\/\/arboricat.com\/fr\/produit\/coussin-cosy\/\">\r\n\t<h3 class=\"woocommerce-loop-product__title\">Coussin Cosy<\/h3>\t<\/a>\r\n\t\r\n\t\t\n\t<span class=\"price\"><span class=\"woocommerce-Price-amount amount\"><bdi>20,00<span class=\"woocommerce-Price-currencySymbol\">&euro;<\/span><\/bdi><\/span><\/span>\n\r\n\t\t\t<\/div>\r\n<\/div>\r\n\r\n<\/li>\r\n\r\n<li role=\"none\" class=\"product-col product-awq_onimage product type-product post-16536 status-publish instock product_cat-couchage product_cat-destockage product_cat-panier has-post-thumbnail shipping-taxable purchasable product-type-simple\">\r\n<div class=\"product-inner\">\r\n\t\r\n\t<div class=\"product-image\">\r\n\r\n\t\t<a  href=\"https:\/\/arboricat.com\/fr\/produit\/baily-fleece\/\" aria-label=\"Go to product page\">\r\n\t\t\t<div data-link=\"https:\/\/arboricat.com\/fr\/panier\/\" class=\"viewcart viewcart-16536\" title=\"Voir le panier\"><\/div><div class=\"inner\"><img decoding=\"async\" width=\"1080\" height=\"1080\" src=\"https:\/\/arboricat.com\/wp-content\/uploads\/2023\/04\/4047059472002_prd_webl-1.jpg\" class=\"attachment-full size-full\" alt=\"Baily fleece\" srcset=\"https:\/\/arboricat.com\/wp-content\/uploads\/2023\/04\/4047059472002_prd_webl-1.jpg 1080w, https:\/\/arboricat.com\/wp-content\/uploads\/2023\/04\/4047059472002_prd_webl-1-1024x1024.jpg 1024w, https:\/\/arboricat.com\/wp-content\/uploads\/2023\/04\/4047059472002_prd_webl-1-768x768.jpg 768w, https:\/\/arboricat.com\/wp-content\/uploads\/2023\/04\/4047059472002_prd_webl-1-640x640.jpg 640w, https:\/\/arboricat.com\/wp-content\/uploads\/2023\/04\/4047059472002_prd_webl-1-400x400.jpg 400w, https:\/\/arboricat.com\/wp-content\/uploads\/2023\/04\/4047059472002_prd_webl-1-600x600.jpg 600w\" sizes=\"(max-width: 1080px) 100vw, 1080px\" \/><\/div>\t\t<\/a>\r\n\t\t\t<div class=\"links-on-image\">\r\n\t\t\t<div class=\"add-links-wrap\">\r\n\t<div class=\"add-links clearfix\">\r\n\t\t<a href=\"\/fr\/wp-json\/wp\/v2\/pages\/13807?add-to-cart=16536\" aria-describedby=\"woocommerce_loop_add_to_cart_link_describedby_16536\" data-quantity=\"1\" class=\"viewcart-style-1 button product_type_simple add_to_cart_button ajax_add_to_cart\" data-product_id=\"16536\" data-product_sku=\"\" aria-label=\"Ajouter au panier\u00a0: &ldquo;Baily fleece&rdquo;\" rel=\"nofollow\" data-success_message=\"\u00ab\u00a0Baily fleece\u00a0\u00bb a \u00e9t\u00e9 ajout\u00e9 \u00e0 votre panier\">Ajouter au panier<\/a>\t\t<span id=\"woocommerce_loop_add_to_cart_link_describedby_16536\" class=\"screen-reader-text\">\r\n\t\t\t<\/span>\r\n\t\t<div class=\"quickview\" data-id=\"16536\" title=\"Quick View\">Quick View<\/div>\t<\/div>\r\n\t<\/div>\r\n\t\t<\/div>\r\n\t\t\t<\/div>\r\n\r\n\t<div class=\"product-content\">\r\n\t\t\r\n\t\t\t<a class=\"product-loop-title\"  href=\"https:\/\/arboricat.com\/fr\/produit\/baily-fleece\/\">\r\n\t<h3 class=\"woocommerce-loop-product__title\">Baily fleece<\/h3>\t<\/a>\r\n\t\r\n\t\t\n\t<span class=\"price\"><span class=\"woocommerce-Price-amount amount\"><bdi>48,50<span class=\"woocommerce-Price-currencySymbol\">&euro;<\/span><\/bdi><\/span><\/span>\n\r\n\t\t\t<\/div>\r\n<\/div>\r\n\r\n<\/li>\r\n<\/ul>\r\n<\/div><\/div>\t\t\t\t<\/div>\n\t\t\t\t<\/div>\n\t\t\t\t\t<\/div>\r\n\t\t\t\t<\/div>\r\n\t\t\t\t\t<\/div>\r\n\t\t\t\t<\/section>\r\n\t\t\t\t<\/div>\n\t\t","protected":false},"excerpt":{"rendered":"<p>NOS TIPIS D\u00c9COUVREZ NOTRE COLLECTION DE TIPIS POUR CHAT -22% Ajouter au panierAper\u00e7u rapide Tipi Gris &nbsp; 45,00\u20ac 35,00\u20ac Ajouter au panierAper\u00e7u rapide Tipi Feuillu &nbsp; 44,00\u20ac -22% Ajouter au panierAper\u00e7u rapide Tipi Blanc &nbsp; 45,00\u20ac 35,00\u20ac -22% Ajouter au panierAper\u00e7u rapide Tipi Ananas &nbsp; 45,00\u20ac 35,00\u20ac -22% Ajouter au panierAper\u00e7u rapide Tipi triangle &nbsp; [&hellip;]<\/p>\n","protected":false},"author":1,"featured_media":0,"parent":9417,"menu_order":0,"comment_status":"closed","ping_status":"closed","template":"","meta":{"footnotes":""},"class_list":["post-13807","page","type-page","status-publish","hentry"],"yoast_head":"<!-- This site is optimized with the Yoast SEO plugin v27.4 - https:\/\/yoast.com\/product\/yoast-seo-wordpress\/ -->\n<title>Paniers pour chat - D\u00e9couvrez notre gamme compl\u00e8te | Arboricat<\/title>\n<meta name=\"description\" content=\"D\u00e9couvrez les paniers Arboricat ! L&#039;accessoire num\u00e9ro un du moment pour le confort et le bien \u00eatre de votre chat.\" \/>\n<meta name=\"robots\" content=\"index, follow, max-snippet:-1, max-image-preview:large, max-video-preview:-1\" \/>\n<link rel=\"canonical\" href=\"https:\/\/arboricat.com\/?page_id=13808\" \/>\n<meta property=\"og:locale\" content=\"fr_FR\" \/>\n<meta property=\"og:type\" content=\"article\" \/>\n<meta property=\"og:title\" content=\"Paniers pour chat - D\u00e9couvrez notre gamme compl\u00e8te | Arboricat\" \/>\n<meta property=\"og:description\" content=\"D\u00e9couvrez les paniers Arboricat ! L&#039;accessoire num\u00e9ro un du moment pour le confort et le bien \u00eatre de votre chat.\" \/>\n<meta property=\"og:url\" content=\"https:\/\/arboricat.com\/?page_id=13808\" \/>\n<meta property=\"og:site_name\" content=\"Arboricat\" \/>\n<meta property=\"article:publisher\" content=\"https:\/\/www.facebook.com\/arboricat\" \/>\n<meta property=\"article:modified_time\" content=\"2022-01-25T13:27:34+00:00\" \/>\n<meta property=\"og:image\" content=\"https:\/\/arboricat.com\/wp-content\/uploads\/2020\/12\/tipi-gris.jpg\" \/>\n<meta name=\"twitter:card\" content=\"summary_large_image\" \/>\n<meta name=\"twitter:label1\" content=\"Dur\u00e9e de lecture estim\u00e9e\" \/>\n\t<meta name=\"twitter:data1\" content=\"9 minutes\" \/>\n<script type=\"application\/ld+json\" class=\"yoast-schema-graph\">{\"@context\":\"https:\\\/\\\/schema.org\",\"@graph\":[{\"@type\":\"WebPage\",\"@id\":\"https:\\\/\\\/arboricat.com\\\/?page_id=13808\",\"url\":\"https:\\\/\\\/arboricat.com\\\/?page_id=13808\",\"name\":\"Paniers pour chat - D\u00e9couvrez notre gamme compl\u00e8te | Arboricat\",\"isPartOf\":{\"@id\":\"https:\\\/\\\/arboricat.com\\\/fr\\\/#website\"},\"primaryImageOfPage\":{\"@id\":\"https:\\\/\\\/arboricat.com\\\/?page_id=13808#primaryimage\"},\"image\":{\"@id\":\"https:\\\/\\\/arboricat.com\\\/?page_id=13808#primaryimage\"},\"thumbnailUrl\":\"https:\\\/\\\/arboricat.com\\\/wp-content\\\/uploads\\\/2020\\\/12\\\/tipi-gris.jpg\",\"datePublished\":\"2022-01-25T13:22:30+00:00\",\"dateModified\":\"2022-01-25T13:27:34+00:00\",\"description\":\"D\u00e9couvrez les paniers Arboricat ! L'accessoire num\u00e9ro un du moment pour le confort et le bien \u00eatre de votre chat.\",\"breadcrumb\":{\"@id\":\"https:\\\/\\\/arboricat.com\\\/?page_id=13808#breadcrumb\"},\"inLanguage\":\"fr-FR\",\"potentialAction\":[{\"@type\":\"ReadAction\",\"target\":[\"https:\\\/\\\/arboricat.com\\\/?page_id=13808\"]}]},{\"@type\":\"ImageObject\",\"inLanguage\":\"fr-FR\",\"@id\":\"https:\\\/\\\/arboricat.com\\\/?page_id=13808#primaryimage\",\"url\":\"https:\\\/\\\/arboricat.com\\\/wp-content\\\/uploads\\\/2020\\\/12\\\/tipi-gris.jpg\",\"contentUrl\":\"https:\\\/\\\/arboricat.com\\\/wp-content\\\/uploads\\\/2020\\\/12\\\/tipi-gris.jpg\"},{\"@type\":\"BreadcrumbList\",\"@id\":\"https:\\\/\\\/arboricat.com\\\/?page_id=13808#breadcrumb\",\"itemListElement\":[{\"@type\":\"ListItem\",\"position\":1,\"name\":\"Accueil\",\"item\":\"https:\\\/\\\/arboricat.com\\\/fr\\\/\"},{\"@type\":\"ListItem\",\"position\":2,\"name\":\"Couchage\",\"item\":\"https:\\\/\\\/arboricat.com\\\/fr\\\/couchage\\\/\"},{\"@type\":\"ListItem\",\"position\":3,\"name\":\"Paniers\"}]},{\"@type\":\"WebSite\",\"@id\":\"https:\\\/\\\/arboricat.com\\\/fr\\\/#website\",\"url\":\"https:\\\/\\\/arboricat.com\\\/fr\\\/\",\"name\":\"Arboricat\",\"description\":\"\",\"publisher\":{\"@id\":\"https:\\\/\\\/arboricat.com\\\/fr\\\/#organization\"},\"potentialAction\":[{\"@type\":\"SearchAction\",\"target\":{\"@type\":\"EntryPoint\",\"urlTemplate\":\"https:\\\/\\\/arboricat.com\\\/fr\\\/?s={search_term_string}\"},\"query-input\":{\"@type\":\"PropertyValueSpecification\",\"valueRequired\":true,\"valueName\":\"search_term_string\"}}],\"inLanguage\":\"fr-FR\"},{\"@type\":\"Organization\",\"@id\":\"https:\\\/\\\/arboricat.com\\\/fr\\\/#organization\",\"name\":\"Arboricat\",\"url\":\"https:\\\/\\\/arboricat.com\\\/fr\\\/\",\"logo\":{\"@type\":\"ImageObject\",\"inLanguage\":\"fr-FR\",\"@id\":\"https:\\\/\\\/arboricat.com\\\/fr\\\/#\\\/schema\\\/logo\\\/image\\\/\",\"url\":\"https:\\\/\\\/arboricat.com\\\/wp-content\\\/uploads\\\/2024\\\/07\\\/logo_696x696.png\",\"contentUrl\":\"https:\\\/\\\/arboricat.com\\\/wp-content\\\/uploads\\\/2024\\\/07\\\/logo_696x696.png\",\"width\":697,\"height\":697,\"caption\":\"Arboricat\"},\"image\":{\"@id\":\"https:\\\/\\\/arboricat.com\\\/fr\\\/#\\\/schema\\\/logo\\\/image\\\/\"},\"sameAs\":[\"https:\\\/\\\/www.facebook.com\\\/arboricat\",\"https:\\\/\\\/www.instagram.com\\\/arboricatdesign\\\/?hl=fra\"]}]}<\/script>\n<!-- \/ Yoast SEO plugin. -->","yoast_head_json":{"title":"Paniers pour chat - D\u00e9couvrez notre gamme compl\u00e8te | Arboricat","description":"D\u00e9couvrez les paniers Arboricat ! L'accessoire num\u00e9ro un du moment pour le confort et le bien \u00eatre de votre chat.","robots":{"index":"index","follow":"follow","max-snippet":"max-snippet:-1","max-image-preview":"max-image-preview:large","max-video-preview":"max-video-preview:-1"},"canonical":"https:\/\/arboricat.com\/?page_id=13808","og_locale":"fr_FR","og_type":"article","og_title":"Paniers pour chat - D\u00e9couvrez notre gamme compl\u00e8te | Arboricat","og_description":"D\u00e9couvrez les paniers Arboricat ! L'accessoire num\u00e9ro un du moment pour le confort et le bien \u00eatre de votre chat.","og_url":"https:\/\/arboricat.com\/?page_id=13808","og_site_name":"Arboricat","article_publisher":"https:\/\/www.facebook.com\/arboricat","article_modified_time":"2022-01-25T13:27:34+00:00","og_image":[{"url":"https:\/\/arboricat.com\/wp-content\/uploads\/2020\/12\/tipi-gris.jpg","type":"","width":"","height":""}],"twitter_card":"summary_large_image","twitter_misc":{"Dur\u00e9e de lecture estim\u00e9e":"9 minutes"},"schema":{"@context":"https:\/\/schema.org","@graph":[{"@type":"WebPage","@id":"https:\/\/arboricat.com\/?page_id=13808","url":"https:\/\/arboricat.com\/?page_id=13808","name":"Paniers pour chat - D\u00e9couvrez notre gamme compl\u00e8te | Arboricat","isPartOf":{"@id":"https:\/\/arboricat.com\/fr\/#website"},"primaryImageOfPage":{"@id":"https:\/\/arboricat.com\/?page_id=13808#primaryimage"},"image":{"@id":"https:\/\/arboricat.com\/?page_id=13808#primaryimage"},"thumbnailUrl":"https:\/\/arboricat.com\/wp-content\/uploads\/2020\/12\/tipi-gris.jpg","datePublished":"2022-01-25T13:22:30+00:00","dateModified":"2022-01-25T13:27:34+00:00","description":"D\u00e9couvrez les paniers Arboricat ! L'accessoire num\u00e9ro un du moment pour le confort et le bien \u00eatre de votre chat.","breadcrumb":{"@id":"https:\/\/arboricat.com\/?page_id=13808#breadcrumb"},"inLanguage":"fr-FR","potentialAction":[{"@type":"ReadAction","target":["https:\/\/arboricat.com\/?page_id=13808"]}]},{"@type":"ImageObject","inLanguage":"fr-FR","@id":"https:\/\/arboricat.com\/?page_id=13808#primaryimage","url":"https:\/\/arboricat.com\/wp-content\/uploads\/2020\/12\/tipi-gris.jpg","contentUrl":"https:\/\/arboricat.com\/wp-content\/uploads\/2020\/12\/tipi-gris.jpg"},{"@type":"BreadcrumbList","@id":"https:\/\/arboricat.com\/?page_id=13808#breadcrumb","itemListElement":[{"@type":"ListItem","position":1,"name":"Accueil","item":"https:\/\/arboricat.com\/fr\/"},{"@type":"ListItem","position":2,"name":"Couchage","item":"https:\/\/arboricat.com\/fr\/couchage\/"},{"@type":"ListItem","position":3,"name":"Paniers"}]},{"@type":"WebSite","@id":"https:\/\/arboricat.com\/fr\/#website","url":"https:\/\/arboricat.com\/fr\/","name":"Arboricat","description":"","publisher":{"@id":"https:\/\/arboricat.com\/fr\/#organization"},"potentialAction":[{"@type":"SearchAction","target":{"@type":"EntryPoint","urlTemplate":"https:\/\/arboricat.com\/fr\/?s={search_term_string}"},"query-input":{"@type":"PropertyValueSpecification","valueRequired":true,"valueName":"search_term_string"}}],"inLanguage":"fr-FR"},{"@type":"Organization","@id":"https:\/\/arboricat.com\/fr\/#organization","name":"Arboricat","url":"https:\/\/arboricat.com\/fr\/","logo":{"@type":"ImageObject","inLanguage":"fr-FR","@id":"https:\/\/arboricat.com\/fr\/#\/schema\/logo\/image\/","url":"https:\/\/arboricat.com\/wp-content\/uploads\/2024\/07\/logo_696x696.png","contentUrl":"https:\/\/arboricat.com\/wp-content\/uploads\/2024\/07\/logo_696x696.png","width":697,"height":697,"caption":"Arboricat"},"image":{"@id":"https:\/\/arboricat.com\/fr\/#\/schema\/logo\/image\/"},"sameAs":["https:\/\/www.facebook.com\/arboricat","https:\/\/www.instagram.com\/arboricatdesign\/?hl=fra"]}]}},"_links":{"self":[{"href":"https:\/\/arboricat.com\/fr\/wp-json\/wp\/v2\/pages\/13807","targetHints":{"allow":["GET"]}}],"collection":[{"href":"https:\/\/arboricat.com\/fr\/wp-json\/wp\/v2\/pages"}],"about":[{"href":"https:\/\/arboricat.com\/fr\/wp-json\/wp\/v2\/types\/page"}],"author":[{"embeddable":true,"href":"https:\/\/arboricat.com\/fr\/wp-json\/wp\/v2\/users\/1"}],"replies":[{"embeddable":true,"href":"https:\/\/arboricat.com\/fr\/wp-json\/wp\/v2\/comments?post=13807"}],"version-history":[{"count":0,"href":"https:\/\/arboricat.com\/fr\/wp-json\/wp\/v2\/pages\/13807\/revisions"}],"up":[{"embeddable":true,"href":"https:\/\/arboricat.com\/fr\/wp-json\/wp\/v2\/pages\/9417"}],"wp:attachment":[{"href":"https:\/\/arboricat.com\/fr\/wp-json\/wp\/v2\/media?parent=13807"}],"curies":[{"name":"wp","href":"https:\/\/api.w.org\/{rel}","templated":true}]}}