{"id":15500,"date":"2022-08-28T08:48:07","date_gmt":"2022-08-28T08:48:07","guid":{"rendered":"https:\/\/arboricat.com\/?page_id=15500"},"modified":"2022-12-19T09:38:42","modified_gmt":"2022-12-19T09:38:42","slug":"arbre-a-chat-xxl","status":"publish","type":"page","link":"https:\/\/arboricat.com\/fr\/arbre-a-chat-xxl\/","title":{"rendered":"Arbre \u00e0 chat XXL"},"content":{"rendered":"\t\t<div data-elementor-type=\"wp-page\" data-elementor-id=\"15500\" class=\"elementor elementor-15500\" data-elementor-post-type=\"page\">\n\t\t\t\t\t\t<section class=\"elementor-section elementor-top-section elementor-element elementor-element-ebcf1f4 elementor-section-boxed elementor-section-height-default elementor-section-height-default\" data-id=\"ebcf1f4\" data-element_type=\"section\" data-e-type=\"section\">\r\n\t\t\r\n\t\t\t\t\t\t\t<div class=\"elementor-container elementor-column-gap-default\">\r\n\t\t\t\t\t\t\t\t\t\t\t<div class=\"elementor-column elementor-col-100 elementor-top-column elementor-element elementor-element-5d0b52b\" data-id=\"5d0b52b\" data-element_type=\"column\" data-e-type=\"column\">\r\n\t\t\t\t\t<div class=\"elementor-widget-wrap elementor-element-populated\">\r\n\t\t\t\t\t\t\t\t<div class=\"elementor-element elementor-element-dae1058 elementor-widget elementor-widget-spacer\" data-id=\"dae1058\" data-element_type=\"widget\" data-e-type=\"widget\" data-widget_type=\"spacer.default\">\n\t\t\t\t<div class=\"elementor-widget-container\">\n\t\t\t\t\t\t\t<div class=\"elementor-spacer\">\n\t\t\t<div class=\"elementor-spacer-inner\"><\/div>\n\t\t<\/div>\n\t\t\t\t\t\t<\/div>\n\t\t\t\t<\/div>\n\t\t\t\t<div class=\"elementor-element elementor-element-1132469 elementor-widget elementor-widget-heading\" data-id=\"1132469\" data-element_type=\"widget\" data-e-type=\"widget\" data-widget_type=\"heading.default\">\n\t\t\t\t<div class=\"elementor-widget-container\">\n\t\t\t\t\t<h1 class=\"elementor-heading-title elementor-size-large\">Arbre \u00e0 chat XXL<\/h1>\t\t\t\t<\/div>\n\t\t\t\t<\/div>\n\t\t\t\t<div class=\"elementor-element elementor-element-6eeff2a elementor-widget elementor-widget-spacer\" data-id=\"6eeff2a\" data-element_type=\"widget\" data-e-type=\"widget\" data-widget_type=\"spacer.default\">\n\t\t\t\t<div class=\"elementor-widget-container\">\n\t\t\t\t\t\t\t<div class=\"elementor-spacer\">\n\t\t\t<div class=\"elementor-spacer-inner\"><\/div>\n\t\t<\/div>\n\t\t\t\t\t\t<\/div>\n\t\t\t\t<\/div>\n\t\t\t\t<div class=\"elementor-element elementor-element-163bf94 elementor-widget elementor-widget-porto_products\" data-id=\"163bf94\" data-element_type=\"widget\" data-e-type=\"widget\" data-settings=\"{&quot;spacing&quot;:{&quot;unit&quot;:&quot;px&quot;,&quot;size&quot;:&quot;&quot;,&quot;sizes&quot;:[]}}\" data-widget_type=\"porto_products.default\">\n\t\t\t\t<div class=\"elementor-widget-container\">\n\t\t\t\t\t<div id=\"porto-products-d751713988987e9331980363e24189ce\" class=\"porto-products wpb_content_element theme_option\"><div class=\"woocommerce columns-3 \"><ul class=\"products products-container grid has-ccols has-ccols-spacing ccols-xl-3 ccols-lg-3 ccols-md-3 ccols-sm-2 ccols-2 pwidth-lg-3 pwidth-md-3 pwidth-xs-2 pwidth-ls-1 is-shortcode\"\r\n\t data-product_layout=\"product-awq_onimage\" role=\"none\">\r\n\r\n<li role=\"none\" class=\"product-col product-awq_onimage product type-product post-10757 status-publish first instock product_cat-arbre-a-chat product_cat-arbre-a-chat-design product_cat-arbre-a-chat-maine-coon product_cat-destockage product_cat-xxl has-post-thumbnail shipping-taxable product-type-external\">\r\n<div class=\"product-inner\">\r\n\t\r\n\t<div class=\"product-image\">\r\n\r\n\t\t<a  href=\"https:\/\/arboricat.com\/fr\/produit\/arbre-a-chat-bareli\/\" aria-label=\"Go to product page\">\r\n\t\t\t<div data-link=\"https:\/\/arboricat.com\/fr\/panier\/\" class=\"viewcart viewcart-10757\" title=\"Voir le panier\"><\/div><div class=\"inner img-effect\"><img fetchpriority=\"high\" decoding=\"async\" width=\"1800\" height=\"1800\" src=\"https:\/\/arboricat.com\/wp-content\/uploads\/2021\/03\/nobby-pet_63235-96.jpg\" class=\"attachment-full size-full\" alt=\"Arbre \u00e0 chat Bareli\" srcset=\"https:\/\/arboricat.com\/wp-content\/uploads\/2021\/03\/nobby-pet_63235-96.jpg 1800w, https:\/\/arboricat.com\/wp-content\/uploads\/2021\/03\/nobby-pet_63235-96-1024x1024.jpg 1024w, https:\/\/arboricat.com\/wp-content\/uploads\/2021\/03\/nobby-pet_63235-96-768x768.jpg 768w, https:\/\/arboricat.com\/wp-content\/uploads\/2021\/03\/nobby-pet_63235-96-1536x1536.jpg 1536w, https:\/\/arboricat.com\/wp-content\/uploads\/2021\/03\/nobby-pet_63235-96-640x640.jpg 640w, https:\/\/arboricat.com\/wp-content\/uploads\/2021\/03\/nobby-pet_63235-96-400x400.jpg 400w, https:\/\/arboricat.com\/wp-content\/uploads\/2021\/03\/nobby-pet_63235-96-600x600.jpg 600w\" sizes=\"(max-width: 1800px) 100vw, 1800px\" \/><img decoding=\"async\" width=\"610\" height=\"1054\" src=\"https:\/\/arboricat.com\/wp-content\/uploads\/2021\/03\/51YVzJSGSrL._AC_SL1106_.jpg\" class=\"hover-image\" alt=\"\" srcset=\"https:\/\/arboricat.com\/wp-content\/uploads\/2021\/03\/51YVzJSGSrL._AC_SL1106_.jpg 610w, https:\/\/arboricat.com\/wp-content\/uploads\/2021\/03\/51YVzJSGSrL._AC_SL1106_-593x1024.jpg 593w, https:\/\/arboricat.com\/wp-content\/uploads\/2021\/03\/51YVzJSGSrL._AC_SL1106_-400x691.jpg 400w, https:\/\/arboricat.com\/wp-content\/uploads\/2021\/03\/51YVzJSGSrL._AC_SL1106_-600x1037.jpg 600w\" sizes=\"(max-width: 610px) 100vw, 610px\" \/><\/div>\t\t<\/a>\r\n\t\t\t<div class=\"links-on-image\">\r\n\t\t\t<div class=\"add-links-wrap\">\r\n\t<div class=\"add-links clearfix\">\r\n\t\t<a href=\"https:\/\/www.amazon.fr\/GRIMPOIR-Bareli-68x48x170-63235-VADIGRAN\/dp\/B01M5GZZ24?&#038;linkCode=ll1&#038;tag=arboricat03-21&#038;linkId=926662010f2114c21de661e61101e676&#038;language=fr_FR&#038;ref_=as_li_ss_tl\" aria-describedby=\"woocommerce_loop_add_to_cart_link_describedby_10757\" data-quantity=\"1\" class=\"viewcart-style-1 button product_type_external add_to_cart_read_more\" data-product_id=\"10757\" data-product_sku=\"\" aria-label=\"Voir sur Amazon\" rel=\"nofollow\">Voir sur Amazon<\/a>\t\t<span id=\"woocommerce_loop_add_to_cart_link_describedby_10757\" class=\"screen-reader-text\">\r\n\t\t\t<\/span>\r\n\t\t<div class=\"quickview\" data-id=\"10757\" title=\"Quick View\">Quick View<\/div>\t<\/div>\r\n\t<\/div>\r\n\t\t<\/div>\r\n\t\t\t<\/div>\r\n\r\n\t<div class=\"product-content\">\r\n\t\t\r\n\t\t\t<a class=\"product-loop-title\"  href=\"https:\/\/arboricat.com\/fr\/produit\/arbre-a-chat-bareli\/\">\r\n\t<h3 class=\"woocommerce-loop-product__title\">Arbre \u00e0 chat Bareli<\/h3>\t<\/a>\r\n\t\r\n\t\t\n\r\n\t\t\t<\/div>\r\n<\/div>\r\n\r\n<\/li>\r\n\r\n<li role=\"none\" class=\"product-col product-awq_onimage product type-product post-14455 status-publish instock product_cat-arbre-a-chat product_cat-arbre-a-chat-design product_cat-arbre-a-chat-maine-coon product_cat-destockage product_cat-griffoirs product_cat-xxl has-post-thumbnail shipping-taxable purchasable product-type-simple\">\r\n<div class=\"product-inner\">\r\n\t\r\n\t<div class=\"product-image\">\r\n\r\n\t\t<a  href=\"https:\/\/arboricat.com\/fr\/produit\/griffoir-blaze__trashed\/\" aria-label=\"Go to product page\">\r\n\t\t\t<div data-link=\"https:\/\/arboricat.com\/fr\/panier\/\" class=\"viewcart viewcart-14455\" title=\"Voir le panier\"><\/div><div class=\"inner\"><img decoding=\"async\" width=\"600\" height=\"600\" src=\"https:\/\/arboricat.com\/wp-content\/uploads\/2022\/05\/griffoir-blaze.jpg\" class=\"attachment-full size-full\" alt=\"griffoir blanc avec trois hamacs en peluche douce et trois gros poteaux en sisal\" srcset=\"https:\/\/arboricat.com\/wp-content\/uploads\/2022\/05\/griffoir-blaze.jpg 600w, https:\/\/arboricat.com\/wp-content\/uploads\/2022\/05\/griffoir-blaze-400x400.jpg 400w\" sizes=\"(max-width: 600px) 100vw, 600px\" \/><\/div>\t\t<\/a>\r\n\t\t\t<div class=\"links-on-image\">\r\n\t\t\t<div class=\"add-links-wrap\">\r\n\t<div class=\"add-links clearfix\">\r\n\t\t<a href=\"\/fr\/wp-json\/wp\/v2\/pages\/15500?add-to-cart=14455\" aria-describedby=\"woocommerce_loop_add_to_cart_link_describedby_14455\" data-quantity=\"1\" class=\"viewcart-style-1 button product_type_simple add_to_cart_button ajax_add_to_cart\" data-product_id=\"14455\" data-product_sku=\"svtzmjoz-1-1-1-1\" aria-label=\"Ajouter au panier\u00a0: &ldquo;Arbre \u00e0 chat Griffoir Blaze&rdquo;\" rel=\"nofollow\" data-success_message=\"\u00ab\u00a0Arbre \u00e0 chat Griffoir Blaze\u00a0\u00bb a \u00e9t\u00e9 ajout\u00e9 \u00e0 votre panier\">Ajouter au panier<\/a>\t\t<span id=\"woocommerce_loop_add_to_cart_link_describedby_14455\" class=\"screen-reader-text\">\r\n\t\t\t<\/span>\r\n\t\t<div class=\"quickview\" data-id=\"14455\" title=\"Quick View\">Quick View<\/div>\t<\/div>\r\n\t<\/div>\r\n\t\t<\/div>\r\n\t\t\t<\/div>\r\n\r\n\t<div class=\"product-content\">\r\n\t\t\r\n\t\t\t<a class=\"product-loop-title\"  href=\"https:\/\/arboricat.com\/fr\/produit\/griffoir-blaze__trashed\/\">\r\n\t<h3 class=\"woocommerce-loop-product__title\">Arbre \u00e0 chat Griffoir Blaze<\/h3>\t<\/a>\r\n\t\r\n\t\t\n\t<span class=\"price\"><span class=\"woocommerce-Price-amount amount\"><bdi>189,00<span class=\"woocommerce-Price-currencySymbol\">&euro;<\/span><\/bdi><\/span><\/span>\n\r\n\t\t\t<\/div>\r\n<\/div>\r\n\r\n<\/li>\r\n\r\n<li role=\"none\" class=\"product-col product-awq_onimage product type-product post-8181 status-publish last instock product_cat-arbre-a-chat product_cat-arbre-a-chat-design product_cat-arbre-a-chat-en-bois product_cat-arbre-a-chat-maine-coon product_cat-arbre-a-chat-mural product_cat-xxl has-post-thumbnail shipping-taxable product-type-external\">\r\n<div class=\"product-inner\">\r\n\t\r\n\t<div class=\"product-image\">\r\n\r\n\t\t<a  href=\"https:\/\/arboricat.com\/fr\/produit\/arbre-a-chat-en-bois\/\" aria-label=\"Go to product page\">\r\n\t\t\t<div data-link=\"https:\/\/arboricat.com\/fr\/panier\/\" class=\"viewcart viewcart-8181\" title=\"Voir le panier\"><\/div><div class=\"inner img-effect\"><img loading=\"lazy\" decoding=\"async\" width=\"632\" height=\"632\" src=\"https:\/\/arboricat.com\/wp-content\/uploads\/2020\/11\/145960-1.png\" class=\"attachment-full size-full\" alt=\"Arbre \u00e0 Chat Dolomit Tower\" srcset=\"https:\/\/arboricat.com\/wp-content\/uploads\/2020\/11\/145960-1.png 632w, https:\/\/arboricat.com\/wp-content\/uploads\/2020\/11\/145960-1-400x400.png 400w, https:\/\/arboricat.com\/wp-content\/uploads\/2020\/11\/145960-1-600x600.png 600w\" sizes=\"(max-width: 632px) 100vw, 632px\" \/><img loading=\"lazy\" decoding=\"async\" width=\"668\" height=\"445\" src=\"https:\/\/arboricat.com\/wp-content\/uploads\/2020\/11\/176287.jpg\" class=\"hover-image\" alt=\"\" srcset=\"https:\/\/arboricat.com\/wp-content\/uploads\/2020\/11\/176287.jpg 668w, https:\/\/arboricat.com\/wp-content\/uploads\/2020\/11\/176287-640x426.jpg 640w, https:\/\/arboricat.com\/wp-content\/uploads\/2020\/11\/176287-400x266.jpg 400w, https:\/\/arboricat.com\/wp-content\/uploads\/2020\/11\/176287-600x400.jpg 600w\" sizes=\"(max-width: 668px) 100vw, 668px\" \/><\/div>\t\t<\/a>\r\n\t\t\t<div class=\"links-on-image\">\r\n\t\t\t<div class=\"add-links-wrap\">\r\n\t<div class=\"add-links clearfix\">\r\n\t\t<a href=\"https:\/\/www.amazon.fr\/Kerbl-Maxi-Pet-81638-Dolomit-Diam%C3%A8tre\/dp\/B07XGKP8PN?__mk_fr_FR=%C3%85M%C3%85%C5%BD%C3%95%C3%91&#038;crid=HNZ0J41O4195&#038;dib=eyJ2IjoiMSJ9.wohGW-hZL5FM4yixbdhYmyagnKU_JQTgBtYm2pV3e4jn0yqWRvvdq8l1o_LYdRtA9D9pnJ3yHAOevkPGpeDm40onTRgx9mdrfq2OkhxOahpjNfDm5SP97CbFHV6wixUSbRtIXmUWrdDU4y5At0XrE-TBJv61zre-wAadls0qdLF3LEKuFBqI9TYAXINHg2X-ZPL8YXV2kYA0xuskWNu4rzp09apha7Pa4oN4L-7U1CHxYx6EZIxuHt5Ht0htf5fLnIFVIX87mCvf2G9rMWVOOTWChXEQq-B4MZdEDeee3T8.yCW4Fh8UAmyR4BFVB5eCN8zDmNX3MJ_Oey8RVHFovHA&#038;dib_tag=se&#038;keywords=arbre+%C3%A0+chat+dolomite+tower&#038;qid=1753785756&#038;sprefix=arbre+%C3%A0+chat+dolomit+tower%2Caps%2C166&#038;sr=8-3&#038;linkCode=ll1&#038;tag=arboricat03-21&#038;linkId=6300fe9822c3dd67a568346851452bbf&#038;language=fr_FR&#038;ref_=as_li_ss_tl\" aria-describedby=\"woocommerce_loop_add_to_cart_link_describedby_8181\" data-quantity=\"1\" class=\"viewcart-style-1 button product_type_external add_to_cart_read_more\" data-product_id=\"8181\" data-product_sku=\"\" aria-label=\"Voir sur Amazon\" rel=\"nofollow\">Voir sur Amazon<\/a>\t\t<span id=\"woocommerce_loop_add_to_cart_link_describedby_8181\" class=\"screen-reader-text\">\r\n\t\t\t<\/span>\r\n\t\t<div class=\"quickview\" data-id=\"8181\" title=\"Quick View\">Quick View<\/div>\t<\/div>\r\n\t<\/div>\r\n\t\t<\/div>\r\n\t\t\t<\/div>\r\n\r\n\t<div class=\"product-content\">\r\n\t\t\r\n\t\t\t<a class=\"product-loop-title\"  href=\"https:\/\/arboricat.com\/fr\/produit\/arbre-a-chat-en-bois\/\">\r\n\t<h3 class=\"woocommerce-loop-product__title\">Arbre \u00e0 Chat Dolomit Tower<\/h3>\t<\/a>\r\n\t\r\n\t\t\n\r\n\t\t\t<\/div>\r\n<\/div>\r\n\r\n<\/li>\r\n<\/ul>\r\n<\/div><\/div>\t\t\t\t<\/div>\n\t\t\t\t<\/div>\n\t\t\t\t\t<\/div>\r\n\t\t\t\t<\/div>\r\n\t\t\t\t\t<\/div>\r\n\t\t\t\t<\/section>\r\n\t\t\t\t<\/div>\n\t\t","protected":false},"excerpt":{"rendered":"<p>Arbre \u00e0 chat XXL Ajouter au panierAper\u00e7u rapide Arbre \u00e0 chat Bareli 309,00&euro; Ajouter au panierAper\u00e7u rapide Arbre \u00e0 chat sol mur l\u00e9vitation 369,00&euro; Ajouter au panierAper\u00e7u rapide Arbre \u00e0 chat Kasil 425,00&euro; Ajouter au panierAper\u00e7u rapide Arbre \u00e0 chat Hital 370,00&euro; -32% Ajouter au panierAper\u00e7u rapide Arbre \u00e0 chat XXL Trixie 213,00&euro; 144,99&euro; Ajouter [&hellip;]<\/p>\n","protected":false},"author":1,"featured_media":0,"parent":0,"menu_order":0,"comment_status":"closed","ping_status":"closed","template":"","meta":{"footnotes":""},"class_list":["post-15500","page","type-page","status-publish","hentry"],"yoast_head":"<!-- This site is optimized with the Yoast SEO plugin v27.3 - https:\/\/yoast.com\/product\/yoast-seo-wordpress\/ -->\n<title>Arbre \u00e0 chat XXL - Arboricat<\/title>\n<meta name=\"description\" content=\"D\u00e9couvrez notre gamme d&#039;arbres \u00e0 chat XXL. Parfait pour d\u00e9corer votre int\u00e9rieur avec des produits de qualit\u00e9.\" \/>\n<meta name=\"robots\" content=\"index, follow, max-snippet:-1, max-image-preview:large, max-video-preview:-1\" \/>\n<link rel=\"canonical\" href=\"https:\/\/arboricat.com\/fr\/arbre-a-chat-xxl\/\" \/>\n<meta property=\"og:locale\" content=\"fr_FR\" \/>\n<meta property=\"og:type\" content=\"article\" \/>\n<meta property=\"og:title\" content=\"Arbre \u00e0 chat XXL - Arboricat\" \/>\n<meta property=\"og:description\" content=\"D\u00e9couvrez notre gamme d&#039;arbres \u00e0 chat XXL. Parfait pour d\u00e9corer votre int\u00e9rieur avec des produits de qualit\u00e9.\" \/>\n<meta property=\"og:url\" content=\"https:\/\/arboricat.com\/fr\/arbre-a-chat-xxl\/\" \/>\n<meta property=\"og:site_name\" content=\"Arboricat\" \/>\n<meta property=\"article:publisher\" content=\"https:\/\/www.facebook.com\/arboricat\" \/>\n<meta property=\"article:modified_time\" content=\"2022-12-19T09:38:42+00:00\" \/>\n<meta property=\"og:image\" content=\"https:\/\/arboricat.com\/wp-content\/uploads\/2021\/03\/Bareli.jpg\" \/>\n<meta name=\"twitter:card\" content=\"summary_large_image\" \/>\n<meta name=\"twitter:label1\" content=\"Dur\u00e9e de lecture estim\u00e9e\" \/>\n\t<meta name=\"twitter:data1\" content=\"4 minutes\" \/>\n<script type=\"application\/ld+json\" class=\"yoast-schema-graph\">{\"@context\":\"https:\\\/\\\/schema.org\",\"@graph\":[{\"@type\":\"WebPage\",\"@id\":\"https:\\\/\\\/arboricat.com\\\/fr\\\/arbre-a-chat-xxl\\\/\",\"url\":\"https:\\\/\\\/arboricat.com\\\/fr\\\/arbre-a-chat-xxl\\\/\",\"name\":\"Arbre \u00e0 chat XXL - Arboricat\",\"isPartOf\":{\"@id\":\"https:\\\/\\\/arboricat.com\\\/fr\\\/#website\"},\"primaryImageOfPage\":{\"@id\":\"https:\\\/\\\/arboricat.com\\\/fr\\\/arbre-a-chat-xxl\\\/#primaryimage\"},\"image\":{\"@id\":\"https:\\\/\\\/arboricat.com\\\/fr\\\/arbre-a-chat-xxl\\\/#primaryimage\"},\"thumbnailUrl\":\"https:\\\/\\\/arboricat.com\\\/wp-content\\\/uploads\\\/2021\\\/03\\\/Bareli.jpg\",\"datePublished\":\"2022-08-28T08:48:07+00:00\",\"dateModified\":\"2022-12-19T09:38:42+00:00\",\"description\":\"D\u00e9couvrez notre gamme d'arbres \u00e0 chat XXL. Parfait pour d\u00e9corer votre int\u00e9rieur avec des produits de qualit\u00e9.\",\"breadcrumb\":{\"@id\":\"https:\\\/\\\/arboricat.com\\\/fr\\\/arbre-a-chat-xxl\\\/#breadcrumb\"},\"inLanguage\":\"fr-FR\",\"potentialAction\":[{\"@type\":\"ReadAction\",\"target\":[\"https:\\\/\\\/arboricat.com\\\/fr\\\/arbre-a-chat-xxl\\\/\"]}]},{\"@type\":\"ImageObject\",\"inLanguage\":\"fr-FR\",\"@id\":\"https:\\\/\\\/arboricat.com\\\/fr\\\/arbre-a-chat-xxl\\\/#primaryimage\",\"url\":\"https:\\\/\\\/arboricat.com\\\/wp-content\\\/uploads\\\/2021\\\/03\\\/Bareli.jpg\",\"contentUrl\":\"https:\\\/\\\/arboricat.com\\\/wp-content\\\/uploads\\\/2021\\\/03\\\/Bareli.jpg\"},{\"@type\":\"BreadcrumbList\",\"@id\":\"https:\\\/\\\/arboricat.com\\\/fr\\\/arbre-a-chat-xxl\\\/#breadcrumb\",\"itemListElement\":[{\"@type\":\"ListItem\",\"position\":1,\"name\":\"Accueil\",\"item\":\"https:\\\/\\\/arboricat.com\\\/fr\\\/\"},{\"@type\":\"ListItem\",\"position\":2,\"name\":\"Arbre \u00e0 chat XXL\"}]},{\"@type\":\"WebSite\",\"@id\":\"https:\\\/\\\/arboricat.com\\\/fr\\\/#website\",\"url\":\"https:\\\/\\\/arboricat.com\\\/fr\\\/\",\"name\":\"Arboricat\",\"description\":\"\",\"publisher\":{\"@id\":\"https:\\\/\\\/arboricat.com\\\/fr\\\/#organization\"},\"potentialAction\":[{\"@type\":\"SearchAction\",\"target\":{\"@type\":\"EntryPoint\",\"urlTemplate\":\"https:\\\/\\\/arboricat.com\\\/fr\\\/?s={search_term_string}\"},\"query-input\":{\"@type\":\"PropertyValueSpecification\",\"valueRequired\":true,\"valueName\":\"search_term_string\"}}],\"inLanguage\":\"fr-FR\"},{\"@type\":\"Organization\",\"@id\":\"https:\\\/\\\/arboricat.com\\\/fr\\\/#organization\",\"name\":\"Arboricat\",\"url\":\"https:\\\/\\\/arboricat.com\\\/fr\\\/\",\"logo\":{\"@type\":\"ImageObject\",\"inLanguage\":\"fr-FR\",\"@id\":\"https:\\\/\\\/arboricat.com\\\/fr\\\/#\\\/schema\\\/logo\\\/image\\\/\",\"url\":\"https:\\\/\\\/arboricat.com\\\/wp-content\\\/uploads\\\/2024\\\/07\\\/logo_696x696.png\",\"contentUrl\":\"https:\\\/\\\/arboricat.com\\\/wp-content\\\/uploads\\\/2024\\\/07\\\/logo_696x696.png\",\"width\":697,\"height\":697,\"caption\":\"Arboricat\"},\"image\":{\"@id\":\"https:\\\/\\\/arboricat.com\\\/fr\\\/#\\\/schema\\\/logo\\\/image\\\/\"},\"sameAs\":[\"https:\\\/\\\/www.facebook.com\\\/arboricat\",\"https:\\\/\\\/www.instagram.com\\\/arboricatdesign\\\/?hl=fra\"]}]}<\/script>\n<!-- \/ Yoast SEO plugin. -->","yoast_head_json":{"title":"Arbre \u00e0 chat XXL - Arboricat","description":"D\u00e9couvrez notre gamme d'arbres \u00e0 chat XXL. Parfait pour d\u00e9corer votre int\u00e9rieur avec des produits de qualit\u00e9.","robots":{"index":"index","follow":"follow","max-snippet":"max-snippet:-1","max-image-preview":"max-image-preview:large","max-video-preview":"max-video-preview:-1"},"canonical":"https:\/\/arboricat.com\/fr\/arbre-a-chat-xxl\/","og_locale":"fr_FR","og_type":"article","og_title":"Arbre \u00e0 chat XXL - Arboricat","og_description":"D\u00e9couvrez notre gamme d'arbres \u00e0 chat XXL. Parfait pour d\u00e9corer votre int\u00e9rieur avec des produits de qualit\u00e9.","og_url":"https:\/\/arboricat.com\/fr\/arbre-a-chat-xxl\/","og_site_name":"Arboricat","article_publisher":"https:\/\/www.facebook.com\/arboricat","article_modified_time":"2022-12-19T09:38:42+00:00","og_image":[{"url":"https:\/\/arboricat.com\/wp-content\/uploads\/2021\/03\/Bareli.jpg","type":"","width":"","height":""}],"twitter_card":"summary_large_image","twitter_misc":{"Dur\u00e9e de lecture estim\u00e9e":"4 minutes"},"schema":{"@context":"https:\/\/schema.org","@graph":[{"@type":"WebPage","@id":"https:\/\/arboricat.com\/fr\/arbre-a-chat-xxl\/","url":"https:\/\/arboricat.com\/fr\/arbre-a-chat-xxl\/","name":"Arbre \u00e0 chat XXL - Arboricat","isPartOf":{"@id":"https:\/\/arboricat.com\/fr\/#website"},"primaryImageOfPage":{"@id":"https:\/\/arboricat.com\/fr\/arbre-a-chat-xxl\/#primaryimage"},"image":{"@id":"https:\/\/arboricat.com\/fr\/arbre-a-chat-xxl\/#primaryimage"},"thumbnailUrl":"https:\/\/arboricat.com\/wp-content\/uploads\/2021\/03\/Bareli.jpg","datePublished":"2022-08-28T08:48:07+00:00","dateModified":"2022-12-19T09:38:42+00:00","description":"D\u00e9couvrez notre gamme d'arbres \u00e0 chat XXL. Parfait pour d\u00e9corer votre int\u00e9rieur avec des produits de qualit\u00e9.","breadcrumb":{"@id":"https:\/\/arboricat.com\/fr\/arbre-a-chat-xxl\/#breadcrumb"},"inLanguage":"fr-FR","potentialAction":[{"@type":"ReadAction","target":["https:\/\/arboricat.com\/fr\/arbre-a-chat-xxl\/"]}]},{"@type":"ImageObject","inLanguage":"fr-FR","@id":"https:\/\/arboricat.com\/fr\/arbre-a-chat-xxl\/#primaryimage","url":"https:\/\/arboricat.com\/wp-content\/uploads\/2021\/03\/Bareli.jpg","contentUrl":"https:\/\/arboricat.com\/wp-content\/uploads\/2021\/03\/Bareli.jpg"},{"@type":"BreadcrumbList","@id":"https:\/\/arboricat.com\/fr\/arbre-a-chat-xxl\/#breadcrumb","itemListElement":[{"@type":"ListItem","position":1,"name":"Accueil","item":"https:\/\/arboricat.com\/fr\/"},{"@type":"ListItem","position":2,"name":"Arbre \u00e0 chat XXL"}]},{"@type":"WebSite","@id":"https:\/\/arboricat.com\/fr\/#website","url":"https:\/\/arboricat.com\/fr\/","name":"Arboricat","description":"","publisher":{"@id":"https:\/\/arboricat.com\/fr\/#organization"},"potentialAction":[{"@type":"SearchAction","target":{"@type":"EntryPoint","urlTemplate":"https:\/\/arboricat.com\/fr\/?s={search_term_string}"},"query-input":{"@type":"PropertyValueSpecification","valueRequired":true,"valueName":"search_term_string"}}],"inLanguage":"fr-FR"},{"@type":"Organization","@id":"https:\/\/arboricat.com\/fr\/#organization","name":"Arboricat","url":"https:\/\/arboricat.com\/fr\/","logo":{"@type":"ImageObject","inLanguage":"fr-FR","@id":"https:\/\/arboricat.com\/fr\/#\/schema\/logo\/image\/","url":"https:\/\/arboricat.com\/wp-content\/uploads\/2024\/07\/logo_696x696.png","contentUrl":"https:\/\/arboricat.com\/wp-content\/uploads\/2024\/07\/logo_696x696.png","width":697,"height":697,"caption":"Arboricat"},"image":{"@id":"https:\/\/arboricat.com\/fr\/#\/schema\/logo\/image\/"},"sameAs":["https:\/\/www.facebook.com\/arboricat","https:\/\/www.instagram.com\/arboricatdesign\/?hl=fra"]}]}},"_links":{"self":[{"href":"https:\/\/arboricat.com\/fr\/wp-json\/wp\/v2\/pages\/15500","targetHints":{"allow":["GET"]}}],"collection":[{"href":"https:\/\/arboricat.com\/fr\/wp-json\/wp\/v2\/pages"}],"about":[{"href":"https:\/\/arboricat.com\/fr\/wp-json\/wp\/v2\/types\/page"}],"author":[{"embeddable":true,"href":"https:\/\/arboricat.com\/fr\/wp-json\/wp\/v2\/users\/1"}],"replies":[{"embeddable":true,"href":"https:\/\/arboricat.com\/fr\/wp-json\/wp\/v2\/comments?post=15500"}],"version-history":[{"count":0,"href":"https:\/\/arboricat.com\/fr\/wp-json\/wp\/v2\/pages\/15500\/revisions"}],"wp:attachment":[{"href":"https:\/\/arboricat.com\/fr\/wp-json\/wp\/v2\/media?parent=15500"}],"curies":[{"name":"wp","href":"https:\/\/api.w.org\/{rel}","templated":true}]}}