{"id":3921,"date":"2019-12-27T13:27:14","date_gmt":"2019-12-27T13:27:14","guid":{"rendered":"https:\/\/arboricat.com\/?page_id=3921"},"modified":"2022-06-16T10:13:08","modified_gmt":"2022-06-16T10:13:08","slug":"notre-concept","status":"publish","type":"page","link":"https:\/\/arboricat.com\/fr\/notre-concept\/","title":{"rendered":"NOTRE CONCEPT"},"content":{"rendered":"\t\t<div data-elementor-type=\"wp-page\" data-elementor-id=\"3921\" class=\"elementor elementor-3921\" data-elementor-post-type=\"page\">\n\t\t\t\t\t\t<section class=\"elementor-section elementor-top-section elementor-element elementor-element-4e26f88 elementor-section-stretched elementor-section-full_width elementor-section-height-default elementor-section-height-default\" data-id=\"4e26f88\" data-element_type=\"section\" data-e-type=\"section\" data-settings=\"{&quot;stretch_section&quot;:&quot;section-stretched&quot;,&quot;background_background&quot;:&quot;classic&quot;}\">\r\n\t\t\r\n\t\t\t\t\t\t\t<div class=\"elementor-container elementor-column-gap-default\">\r\n\t\t\t\t\t\t\t\t\t\t\t<div class=\"elementor-column elementor-col-100 elementor-top-column elementor-element elementor-element-79081ac\" data-id=\"79081ac\" data-element_type=\"column\" data-e-type=\"column\">\r\n\t\t\t\t\t<div class=\"elementor-widget-wrap elementor-element-populated\">\r\n\t\t\t\t\t\t\t\t<div class=\"elementor-element elementor-element-8267a6c elementor-widget elementor-widget-heading\" data-id=\"8267a6c\" data-element_type=\"widget\" data-e-type=\"widget\" data-widget_type=\"heading.default\">\n\t\t\t\t<div class=\"elementor-widget-container\">\n\t\t\t\t\t<h1 class=\"elementor-heading-title elementor-size-default\">NOTRE CONCEPT<\/h1>\t\t\t\t<\/div>\n\t\t\t\t<\/div>\n\t\t\t\t<div class=\"elementor-element elementor-element-b1e25ee elementor-widget-divider--view-line elementor-widget elementor-widget-divider\" data-id=\"b1e25ee\" data-element_type=\"widget\" data-e-type=\"widget\" data-widget_type=\"divider.default\">\n\t\t\t\t<div class=\"elementor-widget-container\">\n\t\t\t\t\t\t\t<div class=\"elementor-divider\">\n\t\t\t<span class=\"elementor-divider-separator\">\n\t\t\t\t\t\t<\/span>\n\t\t<\/div>\n\t\t\t\t\t\t<\/div>\n\t\t\t\t<\/div>\n\t\t\t\t<div class=\"elementor-element elementor-element-4ea24f7 elementor-widget elementor-widget-text-editor\" data-id=\"4ea24f7\" data-element_type=\"widget\" data-e-type=\"widget\" data-widget_type=\"text-editor.default\">\n\t\t\t\t<div class=\"elementor-widget-container\">\n\t\t\t\t\t\t\t\t\t<p><span id=\"docs-internal-guid-d08ad101-7fff-98be-fbb5-aa1d65743c4a\" style=\"font-size: 12pt; font-family: Raleway, sans-serif; color: #ffffff; background-color: transparent; font-weight: 400; font-style: normal; font-variant: normal; text-decoration: none; vertical-align: baseline; white-space: pre-wrap;\">Arboricat propose la vente d\u2019arbres \u00e0 chat uniques et design, pour allier le bien-\u00eatre de votre chat et la beaut\u00e9 de votre int\u00e9rieur.<\/span><\/p>\t\t\t\t\t\t\t\t<\/div>\n\t\t\t\t<\/div>\n\t\t\t\t\t<\/div>\r\n\t\t\t\t<\/div>\r\n\t\t\t\t\t<\/div>\r\n\t\t\t\t<\/section>\r\n\t\t\t\t<section class=\"elementor-section elementor-top-section elementor-element elementor-element-84a19ce elementor-section-stretched elementor-section-boxed elementor-section-height-default elementor-section-height-default\" data-id=\"84a19ce\" data-element_type=\"section\" data-e-type=\"section\" data-settings=\"{&quot;stretch_section&quot;:&quot;section-stretched&quot;,&quot;background_background&quot;:&quot;classic&quot;}\">\r\n\t\t\r\n\t\t\t\t\t\t\t<div class=\"elementor-container elementor-column-gap-default\">\r\n\t\t\t\t\t\t\t\t\t\t\t<div class=\"elementor-column elementor-col-50 elementor-top-column elementor-element elementor-element-27a90a1\" data-id=\"27a90a1\" data-element_type=\"column\" data-e-type=\"column\">\r\n\t\t\t\t\t<div class=\"elementor-widget-wrap elementor-element-populated\">\r\n\t\t\t\t\t\t\t\t<div class=\"elementor-element elementor-element-669c2b7 elementor-widget elementor-widget-text-editor\" data-id=\"669c2b7\" data-element_type=\"widget\" data-e-type=\"widget\" data-widget_type=\"text-editor.default\">\n\t\t\t\t<div class=\"elementor-widget-container\">\n\t\t\t\t\t\t\t\t\t<p style=\"text-align: left;\">\u00c9tant \u00e0 l\u2019origine un simple blog o\u00f9 nous souhaitions partager notre amour pour les chats, Arboricat \u00e0 vite pris une tout autre tournure apr\u00e8s nous \u00eatre fait une r\u00e9flexion : <strong>pourquoi les produits pour chat sont-ils si peu esth\u00e9tiques ?<\/strong><\/p><p style=\"text-align: left;\">Fausse fourrure, couleur fade, peu de produits se montraient r\u00e9ellement design. Nous nous sommes ainsi fix\u00e9s pour objectif de faire le lien entre les besoins de nos chats et nos envies de d\u00e9coration. De cette id\u00e9e est alors n\u00e9e notre boutique Arboricat.<\/p><p style=\"text-align: left;\">Afin que nos produits soient beaux et <strong>adapt\u00e9s \u00e0 tous les chats<\/strong>, nous les s\u00e9lectionnons parmi de nombreux fournisseurs tri\u00e9s sur le volet . Nous cherchons \u00e0 proposer les meilleurs produits pour votre chat, alliant <strong>confort, originalit\u00e9 et esth\u00e9tisme<\/strong>.<\/p><p style=\"text-align: left;\">Notre produit phare est l\u2019arbre \u00e0 chat, qu\u2019il soit sur pied ou mural, vous pourrez facilement trouver celui qui correspond le mieux \u00e0 vos attentes. Nous proposons aussi de nombreux accessoires (griffoirs, couchages, jouets\u2026), afin de disposer d\u2019une gamme de produits des plus compl\u00e8tes pour votre chat.<\/p><p style=\"text-align: left;\">Adapt\u00e9s aux petits chats comme au plus grand, nos produits leur permettent de se d\u00e9penser en jouant, de se reposer dans un endroit confortable, de faire leurs griffes ou encore d\u2019\u00eatre en hauteur pour qu&rsquo;ils puissent surveiller leur territoire sereinement.<\/p><p style=\"text-align: left;\">Tous nos produits sont donc essentiels pour garder votre chat en forme et le <strong>maintenir en bonne sant\u00e9<\/strong>. Appartenant \u00e0 plusieurs styles diff\u00e9rents, ils sont aussi faits pour <strong>se marier avec votre int\u00e9rieur<\/strong>, quelle que soit votre d\u00e9coration. <\/p>\t\t\t\t\t\t\t\t<\/div>\n\t\t\t\t<\/div>\n\t\t\t\t\t<\/div>\r\n\t\t\t\t<\/div>\r\n\t\t\t\t<div class=\"elementor-column elementor-col-50 elementor-top-column elementor-element elementor-element-10eabd1\" data-id=\"10eabd1\" data-element_type=\"column\" data-e-type=\"column\">\r\n\t\t\t\t\t<div class=\"elementor-widget-wrap elementor-element-populated\">\r\n\t\t\t\t\t\t\t\t<div class=\"elementor-element elementor-element-4eae527 elementor-widget elementor-widget-image\" data-id=\"4eae527\" data-element_type=\"widget\" data-e-type=\"widget\" data-widget_type=\"image.default\">\n\t\t\t\t<div class=\"elementor-widget-container\">\n\t\t\t\t\t\t\t\t\t\t\t\t\t\t\t<img fetchpriority=\"high\" decoding=\"async\" width=\"500\" height=\"500\" src=\"https:\/\/arboricat.com\/wp-content\/uploads\/2020\/11\/notreconcept2.jpg\" class=\"attachment-large size-large wp-image-7907\" alt=\"arboricat-concept-ethique\" srcset=\"https:\/\/arboricat.com\/wp-content\/uploads\/2020\/11\/notreconcept2.jpg 500w, https:\/\/arboricat.com\/wp-content\/uploads\/2020\/11\/notreconcept2-400x400.jpg 400w\" sizes=\"(max-width: 500px) 100vw, 500px\" \/>\t\t\t\t\t\t\t\t\t\t\t\t\t\t\t<\/div>\n\t\t\t\t<\/div>\n\t\t\t\t\t<\/div>\r\n\t\t\t\t<\/div>\r\n\t\t\t\t\t<\/div>\r\n\t\t\t\t<\/section>\r\n\t\t\t\t<\/div>\n\t\t","protected":false},"excerpt":{"rendered":"<p>NOTRE CONCEPT Arboricat propose la vente d\u2019arbres \u00e0 chat uniques et design, pour allier le bien-\u00eatre de votre chat et la beaut\u00e9 de votre int\u00e9rieur. \u00c9tant \u00e0 l\u2019origine un simple blog o\u00f9 nous souhaitions partager notre amour pour les chats, Arboricat \u00e0 vite pris une tout autre tournure apr\u00e8s nous \u00eatre fait une r\u00e9flexion : [&hellip;]<\/p>\n","protected":false},"author":1,"featured_media":0,"parent":0,"menu_order":0,"comment_status":"closed","ping_status":"closed","template":"","meta":{"footnotes":""},"class_list":["post-3921","page","type-page","status-publish","hentry"],"yoast_head":"<!-- This site is optimized with the Yoast SEO plugin v27.3 - https:\/\/yoast.com\/product\/yoast-seo-wordpress\/ -->\n<title>Notre concept - Arboricat<\/title>\n<meta name=\"robots\" content=\"index, follow, max-snippet:-1, max-image-preview:large, max-video-preview:-1\" \/>\n<link rel=\"canonical\" href=\"https:\/\/arboricat.com\/fr\/notre-concept\/\" \/>\n<meta property=\"og:locale\" content=\"fr_FR\" \/>\n<meta property=\"og:type\" content=\"article\" \/>\n<meta property=\"og:title\" content=\"Notre concept - Arboricat\" \/>\n<meta property=\"og:description\" content=\"NOTRE CONCEPT Arboricat propose la vente d\u2019arbres \u00e0 chat uniques et design, pour allier le bien-\u00eatre de votre chat et la beaut\u00e9 de votre int\u00e9rieur. \u00c9tant \u00e0 l\u2019origine un simple blog o\u00f9 nous souhaitions partager notre amour pour les chats, Arboricat \u00e0 vite pris une tout autre tournure apr\u00e8s nous \u00eatre fait une r\u00e9flexion : [&hellip;]\" \/>\n<meta property=\"og:url\" content=\"https:\/\/arboricat.com\/fr\/notre-concept\/\" \/>\n<meta property=\"og:site_name\" content=\"Arboricat\" \/>\n<meta property=\"article:publisher\" content=\"https:\/\/www.facebook.com\/arboricat\" \/>\n<meta property=\"article:modified_time\" content=\"2022-06-16T10:13:08+00:00\" \/>\n<meta property=\"og:image\" content=\"https:\/\/arboricat.com\/wp-content\/uploads\/2020\/11\/notreconcept2.jpg\" \/>\n<meta name=\"twitter:card\" content=\"summary_large_image\" \/>\n<meta name=\"twitter:label1\" content=\"Dur\u00e9e de lecture estim\u00e9e\" \/>\n\t<meta name=\"twitter:data1\" content=\"2 minutes\" \/>\n<script type=\"application\/ld+json\" class=\"yoast-schema-graph\">{\"@context\":\"https:\\\/\\\/schema.org\",\"@graph\":[{\"@type\":\"WebPage\",\"@id\":\"https:\\\/\\\/arboricat.com\\\/fr\\\/notre-concept\\\/\",\"url\":\"https:\\\/\\\/arboricat.com\\\/fr\\\/notre-concept\\\/\",\"name\":\"Notre concept - Arboricat\",\"isPartOf\":{\"@id\":\"https:\\\/\\\/arboricat.com\\\/fr\\\/#website\"},\"primaryImageOfPage\":{\"@id\":\"https:\\\/\\\/arboricat.com\\\/fr\\\/notre-concept\\\/#primaryimage\"},\"image\":{\"@id\":\"https:\\\/\\\/arboricat.com\\\/fr\\\/notre-concept\\\/#primaryimage\"},\"thumbnailUrl\":\"https:\\\/\\\/arboricat.com\\\/wp-content\\\/uploads\\\/2020\\\/11\\\/notreconcept2.jpg\",\"datePublished\":\"2019-12-27T13:27:14+00:00\",\"dateModified\":\"2022-06-16T10:13:08+00:00\",\"breadcrumb\":{\"@id\":\"https:\\\/\\\/arboricat.com\\\/fr\\\/notre-concept\\\/#breadcrumb\"},\"inLanguage\":\"fr-FR\",\"potentialAction\":[{\"@type\":\"ReadAction\",\"target\":[\"https:\\\/\\\/arboricat.com\\\/fr\\\/notre-concept\\\/\"]}]},{\"@type\":\"ImageObject\",\"inLanguage\":\"fr-FR\",\"@id\":\"https:\\\/\\\/arboricat.com\\\/fr\\\/notre-concept\\\/#primaryimage\",\"url\":\"https:\\\/\\\/arboricat.com\\\/wp-content\\\/uploads\\\/2020\\\/11\\\/notreconcept2.jpg\",\"contentUrl\":\"https:\\\/\\\/arboricat.com\\\/wp-content\\\/uploads\\\/2020\\\/11\\\/notreconcept2.jpg\"},{\"@type\":\"BreadcrumbList\",\"@id\":\"https:\\\/\\\/arboricat.com\\\/fr\\\/notre-concept\\\/#breadcrumb\",\"itemListElement\":[{\"@type\":\"ListItem\",\"position\":1,\"name\":\"Accueil\",\"item\":\"https:\\\/\\\/arboricat.com\\\/fr\\\/\"},{\"@type\":\"ListItem\",\"position\":2,\"name\":\"NOTRE CONCEPT\"}]},{\"@type\":\"WebSite\",\"@id\":\"https:\\\/\\\/arboricat.com\\\/fr\\\/#website\",\"url\":\"https:\\\/\\\/arboricat.com\\\/fr\\\/\",\"name\":\"Arboricat\",\"description\":\"\",\"publisher\":{\"@id\":\"https:\\\/\\\/arboricat.com\\\/fr\\\/#organization\"},\"potentialAction\":[{\"@type\":\"SearchAction\",\"target\":{\"@type\":\"EntryPoint\",\"urlTemplate\":\"https:\\\/\\\/arboricat.com\\\/fr\\\/?s={search_term_string}\"},\"query-input\":{\"@type\":\"PropertyValueSpecification\",\"valueRequired\":true,\"valueName\":\"search_term_string\"}}],\"inLanguage\":\"fr-FR\"},{\"@type\":\"Organization\",\"@id\":\"https:\\\/\\\/arboricat.com\\\/fr\\\/#organization\",\"name\":\"Arboricat\",\"url\":\"https:\\\/\\\/arboricat.com\\\/fr\\\/\",\"logo\":{\"@type\":\"ImageObject\",\"inLanguage\":\"fr-FR\",\"@id\":\"https:\\\/\\\/arboricat.com\\\/fr\\\/#\\\/schema\\\/logo\\\/image\\\/\",\"url\":\"https:\\\/\\\/arboricat.com\\\/wp-content\\\/uploads\\\/2024\\\/07\\\/logo_696x696.png\",\"contentUrl\":\"https:\\\/\\\/arboricat.com\\\/wp-content\\\/uploads\\\/2024\\\/07\\\/logo_696x696.png\",\"width\":697,\"height\":697,\"caption\":\"Arboricat\"},\"image\":{\"@id\":\"https:\\\/\\\/arboricat.com\\\/fr\\\/#\\\/schema\\\/logo\\\/image\\\/\"},\"sameAs\":[\"https:\\\/\\\/www.facebook.com\\\/arboricat\",\"https:\\\/\\\/www.instagram.com\\\/arboricatdesign\\\/?hl=fra\"]}]}<\/script>\n<!-- \/ Yoast SEO plugin. -->","yoast_head_json":{"title":"Notre concept - Arboricat","robots":{"index":"index","follow":"follow","max-snippet":"max-snippet:-1","max-image-preview":"max-image-preview:large","max-video-preview":"max-video-preview:-1"},"canonical":"https:\/\/arboricat.com\/fr\/notre-concept\/","og_locale":"fr_FR","og_type":"article","og_title":"Notre concept - Arboricat","og_description":"NOTRE CONCEPT Arboricat propose la vente d\u2019arbres \u00e0 chat uniques et design, pour allier le bien-\u00eatre de votre chat et la beaut\u00e9 de votre int\u00e9rieur. \u00c9tant \u00e0 l\u2019origine un simple blog o\u00f9 nous souhaitions partager notre amour pour les chats, Arboricat \u00e0 vite pris une tout autre tournure apr\u00e8s nous \u00eatre fait une r\u00e9flexion : [&hellip;]","og_url":"https:\/\/arboricat.com\/fr\/notre-concept\/","og_site_name":"Arboricat","article_publisher":"https:\/\/www.facebook.com\/arboricat","article_modified_time":"2022-06-16T10:13:08+00:00","og_image":[{"url":"https:\/\/arboricat.com\/wp-content\/uploads\/2020\/11\/notreconcept2.jpg","type":"","width":"","height":""}],"twitter_card":"summary_large_image","twitter_misc":{"Dur\u00e9e de lecture estim\u00e9e":"2 minutes"},"schema":{"@context":"https:\/\/schema.org","@graph":[{"@type":"WebPage","@id":"https:\/\/arboricat.com\/fr\/notre-concept\/","url":"https:\/\/arboricat.com\/fr\/notre-concept\/","name":"Notre concept - Arboricat","isPartOf":{"@id":"https:\/\/arboricat.com\/fr\/#website"},"primaryImageOfPage":{"@id":"https:\/\/arboricat.com\/fr\/notre-concept\/#primaryimage"},"image":{"@id":"https:\/\/arboricat.com\/fr\/notre-concept\/#primaryimage"},"thumbnailUrl":"https:\/\/arboricat.com\/wp-content\/uploads\/2020\/11\/notreconcept2.jpg","datePublished":"2019-12-27T13:27:14+00:00","dateModified":"2022-06-16T10:13:08+00:00","breadcrumb":{"@id":"https:\/\/arboricat.com\/fr\/notre-concept\/#breadcrumb"},"inLanguage":"fr-FR","potentialAction":[{"@type":"ReadAction","target":["https:\/\/arboricat.com\/fr\/notre-concept\/"]}]},{"@type":"ImageObject","inLanguage":"fr-FR","@id":"https:\/\/arboricat.com\/fr\/notre-concept\/#primaryimage","url":"https:\/\/arboricat.com\/wp-content\/uploads\/2020\/11\/notreconcept2.jpg","contentUrl":"https:\/\/arboricat.com\/wp-content\/uploads\/2020\/11\/notreconcept2.jpg"},{"@type":"BreadcrumbList","@id":"https:\/\/arboricat.com\/fr\/notre-concept\/#breadcrumb","itemListElement":[{"@type":"ListItem","position":1,"name":"Accueil","item":"https:\/\/arboricat.com\/fr\/"},{"@type":"ListItem","position":2,"name":"NOTRE CONCEPT"}]},{"@type":"WebSite","@id":"https:\/\/arboricat.com\/fr\/#website","url":"https:\/\/arboricat.com\/fr\/","name":"Arboricat","description":"","publisher":{"@id":"https:\/\/arboricat.com\/fr\/#organization"},"potentialAction":[{"@type":"SearchAction","target":{"@type":"EntryPoint","urlTemplate":"https:\/\/arboricat.com\/fr\/?s={search_term_string}"},"query-input":{"@type":"PropertyValueSpecification","valueRequired":true,"valueName":"search_term_string"}}],"inLanguage":"fr-FR"},{"@type":"Organization","@id":"https:\/\/arboricat.com\/fr\/#organization","name":"Arboricat","url":"https:\/\/arboricat.com\/fr\/","logo":{"@type":"ImageObject","inLanguage":"fr-FR","@id":"https:\/\/arboricat.com\/fr\/#\/schema\/logo\/image\/","url":"https:\/\/arboricat.com\/wp-content\/uploads\/2024\/07\/logo_696x696.png","contentUrl":"https:\/\/arboricat.com\/wp-content\/uploads\/2024\/07\/logo_696x696.png","width":697,"height":697,"caption":"Arboricat"},"image":{"@id":"https:\/\/arboricat.com\/fr\/#\/schema\/logo\/image\/"},"sameAs":["https:\/\/www.facebook.com\/arboricat","https:\/\/www.instagram.com\/arboricatdesign\/?hl=fra"]}]}},"_links":{"self":[{"href":"https:\/\/arboricat.com\/fr\/wp-json\/wp\/v2\/pages\/3921","targetHints":{"allow":["GET"]}}],"collection":[{"href":"https:\/\/arboricat.com\/fr\/wp-json\/wp\/v2\/pages"}],"about":[{"href":"https:\/\/arboricat.com\/fr\/wp-json\/wp\/v2\/types\/page"}],"author":[{"embeddable":true,"href":"https:\/\/arboricat.com\/fr\/wp-json\/wp\/v2\/users\/1"}],"replies":[{"embeddable":true,"href":"https:\/\/arboricat.com\/fr\/wp-json\/wp\/v2\/comments?post=3921"}],"version-history":[{"count":0,"href":"https:\/\/arboricat.com\/fr\/wp-json\/wp\/v2\/pages\/3921\/revisions"}],"wp:attachment":[{"href":"https:\/\/arboricat.com\/fr\/wp-json\/wp\/v2\/media?parent=3921"}],"curies":[{"name":"wp","href":"https:\/\/api.w.org\/{rel}","templated":true}]}}