{"id":7802,"date":"2020-11-12T15:23:51","date_gmt":"2020-11-12T15:23:51","guid":{"rendered":"https:\/\/arboricat.com\/?page_id=7802"},"modified":"2023-09-08T13:44:31","modified_gmt":"2023-09-08T13:44:31","slug":"livraisons-retours","status":"publish","type":"page","link":"https:\/\/arboricat.com\/fr\/livraisons-retours\/","title":{"rendered":"Livraisons &#038; Retours"},"content":{"rendered":"\t\t<div data-elementor-type=\"wp-page\" data-elementor-id=\"7802\" class=\"elementor elementor-7802\" data-elementor-post-type=\"page\">\n\t\t\t\t\t\t<section class=\"elementor-section elementor-top-section elementor-element elementor-element-abd2ffc elementor-section-boxed elementor-section-height-default elementor-section-height-default\" data-id=\"abd2ffc\" data-element_type=\"section\" data-e-type=\"section\">\r\n\t\t\r\n\t\t\t\t\t\t\t<div class=\"elementor-container elementor-column-gap-default\">\r\n\t\t\t\t\t\t\t\t\t\t\t<div class=\"elementor-column elementor-col-100 elementor-top-column elementor-element elementor-element-1507e75\" data-id=\"1507e75\" data-element_type=\"column\" data-e-type=\"column\">\r\n\t\t\t\t\t<div class=\"elementor-widget-wrap elementor-element-populated\">\r\n\t\t\t\t\t\t\t\t<div class=\"elementor-element elementor-element-d81b42c elementor-widget elementor-widget-heading\" data-id=\"d81b42c\" data-element_type=\"widget\" data-e-type=\"widget\" data-widget_type=\"heading.default\">\n\t\t\t\t<div class=\"elementor-widget-container\">\n\t\t\t\t\t<h1 class=\"elementor-heading-title elementor-size-default\">LIVRAISONS &amp; RETOURS<\/h1>\t\t\t\t<\/div>\n\t\t\t\t<\/div>\n\t\t\t\t<div class=\"elementor-element elementor-element-1bb095a elementor-widget-divider--separator-type-pattern elementor-widget-divider--view-line elementor-widget elementor-widget-divider\" data-id=\"1bb095a\" data-element_type=\"widget\" data-e-type=\"widget\" data-widget_type=\"divider.default\">\n\t\t\t\t<div class=\"elementor-widget-container\">\n\t\t\t\t\t\t\t<div class=\"elementor-divider\" style=\"--divider-pattern-url: url(&quot;data:image\/svg+xml,%3Csvg xmlns=&#039;http:\/\/www.w3.org\/2000\/svg&#039; preserveAspectRatio=&#039;none&#039; overflow=&#039;visible&#039; height=&#039;100%&#039; viewBox=&#039;0 0 24 24&#039; fill=&#039;none&#039; stroke=&#039;black&#039; stroke-width=&#039;1.5&#039; stroke-linecap=&#039;square&#039; stroke-miterlimit=&#039;10&#039;%3E%3Cpolyline points=&#039;0,18 12,6 24,18 &#039;\/%3E%3C\/svg%3E&quot;);\">\n\t\t\t<span class=\"elementor-divider-separator\">\n\t\t\t\t\t\t<\/span>\n\t\t<\/div>\n\t\t\t\t\t\t<\/div>\n\t\t\t\t<\/div>\n\t\t\t\t<div class=\"elementor-element elementor-element-794fba9 elementor-widget elementor-widget-text-editor\" data-id=\"794fba9\" data-element_type=\"widget\" data-e-type=\"widget\" data-widget_type=\"text-editor.default\">\n\t\t\t\t<div class=\"elementor-widget-container\">\n\t\t\t\t\t\t\t\t\t<p>La livraison en point relais est offerte pour toute commande d\u2019un montant \u00e9gale ou sup\u00e9rieur \u00e0 49 \u20ac uniquement pour les r\u00e9sident Fran\u00e7ais. Pour les livraison en\u00a0<span style=\"margin: 0px; padding: 0px; border: 0px; outline: 0px; text-size-adjust: 100%; vertical-align: baseline; background: transparent; font-weight: bold;\">Belgique <\/span>et au <span style=\"margin: 0px; padding: 0px; border: 0px; outline: 0px; text-size-adjust: 100%; vertical-align: baseline; background: transparent; font-weight: bold;\">Luxembourg<\/span>\u00a0la livraison est de<span style=\"margin: 0px; padding: 0px; border: 0px; outline: 0px; text-size-adjust: 100%; vertical-align: baseline; background: transparent; font-weight: bold;\"> 10 \u20ac.\u00a0<\/span><\/p><p>Pour pouvoir \u00eatre retourn\u00e9, votre article doit \u00eatre inutilis\u00e9 et dans l&rsquo;\u00e9tat o\u00f9 vous l&rsquo;avez re\u00e7u. Il doit aussi \u00eatre dans son emballage d&rsquo;origine.\u00a0Notre politique dure 30 jours. Si plus de 30 jours se sont \u00e9coul\u00e9s depuis votre achat, nous ne pouvons malheureusement offrir ni remboursement ni \u00e9change.<\/p><p>Le retour de certains types de marchandises n&rsquo;est pas autoris\u00e9. Ainsi, les denr\u00e9es p\u00e9rissables, telles que les aliments, les fleurs, les journaux ou les magazines, ne peuvent pas \u00eatre retourn\u00e9es. De m\u00eame, nous n&rsquo;acceptons pas les produits intimes ou sanitaires, les mati\u00e8res ou substances dangereuses, ni les liquides ou les gaz inflammables.<\/p><p><span style=\"text-decoration: underline;\">Autres articles dont le retour n&rsquo;est pas autoris\u00e9 :<\/span><br \/>* Cartes-cadeaux<br \/>* Produits t\u00e9l\u00e9chargeables<\/p><p>Pour compl\u00e9ter votre retour, nous exigeons un re\u00e7u ou une preuve d&rsquo;achat.<br \/>Ne retournez pas votre achat au fabricant.<\/p><p>Une fois votre retour re\u00e7u et inspect\u00e9, nous vous adresserons un e-mail pour vous indiquer que nous avons re\u00e7u l&rsquo;article retourn\u00e9. Nous vous pr\u00e9ciserons \u00e9galement si votre remboursement est approuv\u00e9 ou refus\u00e9.<br \/>S&rsquo;il est approuv\u00e9, votre remboursement est alors trait\u00e9 et votre carte de cr\u00e9dit ou moyen de paiement initial se voit cr\u00e9dit\u00e9(e) automatiquement dans un d\u00e9lai de quelques jours.<\/p><p><span style=\"text-decoration: underline;\">Remboursements retard\u00e9s ou manquants (le cas \u00e9ch\u00e9ant) :<\/span><br \/>Si vous n&rsquo;avez pas encore re\u00e7u de remboursement, rev\u00e9rifiez d&rsquo;abord votre compte bancaire.<br \/>Puis contactez la soci\u00e9t\u00e9 \u00e9mettrice de votre carte de cr\u00e9dit, car il se peut que l&rsquo;affichage officiel de votre remboursement prenne un peu de temps.<br \/>Ensuite, contactez votre banque. L&rsquo;affichage d&rsquo;un remboursement est souvent pr\u00e9c\u00e9d\u00e9 d&rsquo;un d\u00e9lai de traitement.<br \/>Si vous avez effectu\u00e9 toutes ces d\u00e9marches et que vous n&rsquo;avez toujours pas re\u00e7u votre remboursement, contactez-nous \u00e0 l&rsquo;adresse suivante :<\/p><p><strong>contact@arboricat.com<\/strong><\/p><p><span style=\"text-decoration: underline;\">\u00c9changes (le cas \u00e9ch\u00e9ant) :<\/span><br \/>Nous ne rempla\u00e7ons que les articles initialement d\u00e9fectueux ou endommag\u00e9s. Si vous devez remplacer le v\u00f4tre par le m\u00eame article, adressez-nous un e-mail \u00e0 contact@arboricat.com et envoyez votre article \u00e0 : EURL Indusrank, 72 Rue de la R\u00e9publique, Petit-Quevilly, Haute-Normandie, 76140, France.<\/p><p><span style=\"text-decoration: underline;\">Cadeaux :<\/span><br \/>Si l&rsquo;article a \u00e9t\u00e9 marqu\u00e9 comme cadeau au moment de l&rsquo;achat et s&rsquo;il vous a \u00e9t\u00e9 exp\u00e9di\u00e9 directement, vous recevrez un cr\u00e9dit cadeau d&rsquo;une valeur \u00e9quivalente \u00e0 celle de l&rsquo;article retourn\u00e9. Une fois l&rsquo;article retourn\u00e9 re\u00e7u, un bon cadeau vous sera envoy\u00e9 par voie postale.<\/p><p>Si l&rsquo;article n&rsquo;a pas \u00e9t\u00e9 marqu\u00e9 comme cadeau au moment de l&rsquo;achat, ou si la personne \u00e0 l&rsquo;origine du cadeau s&rsquo;est fait envoyer la commande dans le but de vous la remettre plus tard, c&rsquo;est \u00e0 elle que nous adresserons le remboursement et elle saura donc que vous avez retourn\u00e9 son cadeau.<\/p><p><span style=\"text-decoration: underline;\">Exp\u00e9dition :<\/span><br \/>Pour retourner votre produit, vous devez l&rsquo;envoyer \u00e0 l&rsquo;adresse postale suivante :<\/p><p><strong>EURL Indusrank, 72 Rue de la R\u00e9publique, Petit-Quevilly, Haute-Normandie, 76140, France.<\/strong><\/p><p>Les co\u00fbts d&rsquo;exp\u00e9dition li\u00e9s au retour de votre article sont \u00e0 votre charge. Ils ne sont pas remboursables. Si vous recevez un remboursement, le co\u00fbt d&rsquo;exp\u00e9dition du retour en sera d\u00e9duit.<\/p><p>Selon l&rsquo;endroit o\u00f9 vous vivez, le d\u00e9lai de r\u00e9ception de votre produit \u00e9chang\u00e9 peut varier.<\/p><p>Si vous exp\u00e9diez un article d&rsquo;une valeur sup\u00e9rieure \u00e0 75 \u20ac, nous vous recommandons d&rsquo;utiliser un service de suivi d&rsquo;exp\u00e9dition ou de faire assurer votre envoi. Nous ne garantissons pas que nous recevrons l&rsquo;article retourn\u00e9.<\/p>\t\t\t\t\t\t\t\t<\/div>\n\t\t\t\t<\/div>\n\t\t\t\t\t<\/div>\r\n\t\t\t\t<\/div>\r\n\t\t\t\t\t<\/div>\r\n\t\t\t\t<\/section>\r\n\t\t\t\t<\/div>\n\t\t","protected":false},"excerpt":{"rendered":"<p>LIVRAISONS &#038; RETOURS La livraison en point relais est offerte pour toute commande d\u2019un montant \u00e9gale ou sup\u00e9rieur \u00e0 49 \u20ac uniquement pour les r\u00e9sident Fran\u00e7ais. Pour les livraison en\u00a0Belgique et au Luxembourg\u00a0la livraison est de 10 \u20ac.\u00a0 Pour pouvoir \u00eatre retourn\u00e9, votre article doit \u00eatre inutilis\u00e9 et dans l&rsquo;\u00e9tat o\u00f9 vous l&rsquo;avez re\u00e7u. Il [&hellip;]<\/p>\n","protected":false},"author":3,"featured_media":0,"parent":0,"menu_order":0,"comment_status":"closed","ping_status":"closed","template":"","meta":{"footnotes":""},"class_list":["post-7802","page","type-page","status-publish","hentry"],"yoast_head":"<!-- This site is optimized with the Yoast SEO plugin v27.3 - https:\/\/yoast.com\/product\/yoast-seo-wordpress\/ -->\n<title>Livraisons &amp; Retours - Arboricat<\/title>\n<meta name=\"description\" content=\"Arboricat propose des arbres \u00e0 chat design et personnalisables. Retrouvez les conditions de livrasions et de retours d&#039;Arboricat\" \/>\n<meta name=\"robots\" content=\"index, follow, max-snippet:-1, max-image-preview:large, max-video-preview:-1\" \/>\n<link rel=\"canonical\" href=\"https:\/\/arboricat.com\/fr\/livraisons-retours\/\" \/>\n<meta property=\"og:locale\" content=\"fr_FR\" \/>\n<meta property=\"og:type\" content=\"article\" \/>\n<meta property=\"og:title\" content=\"Livraisons &amp; Retours - Arboricat\" \/>\n<meta property=\"og:description\" content=\"Arboricat propose des arbres \u00e0 chat design et personnalisables. Retrouvez les conditions de livrasions et de retours d&#039;Arboricat\" \/>\n<meta property=\"og:url\" content=\"https:\/\/arboricat.com\/fr\/livraisons-retours\/\" \/>\n<meta property=\"og:site_name\" content=\"Arboricat\" \/>\n<meta property=\"article:publisher\" content=\"https:\/\/www.facebook.com\/arboricat\" \/>\n<meta property=\"article:modified_time\" content=\"2023-09-08T13:44:31+00:00\" \/>\n<meta name=\"twitter:card\" content=\"summary_large_image\" \/>\n<meta name=\"twitter:label1\" content=\"Dur\u00e9e de lecture estim\u00e9e\" \/>\n\t<meta name=\"twitter:data1\" content=\"3 minutes\" \/>\n<script type=\"application\/ld+json\" class=\"yoast-schema-graph\">{\"@context\":\"https:\\\/\\\/schema.org\",\"@graph\":[{\"@type\":\"WebPage\",\"@id\":\"https:\\\/\\\/arboricat.com\\\/fr\\\/livraisons-retours\\\/\",\"url\":\"https:\\\/\\\/arboricat.com\\\/fr\\\/livraisons-retours\\\/\",\"name\":\"Livraisons & Retours - Arboricat\",\"isPartOf\":{\"@id\":\"https:\\\/\\\/arboricat.com\\\/fr\\\/#website\"},\"datePublished\":\"2020-11-12T15:23:51+00:00\",\"dateModified\":\"2023-09-08T13:44:31+00:00\",\"description\":\"Arboricat propose des arbres \u00e0 chat design et personnalisables. Retrouvez les conditions de livrasions et de retours d'Arboricat\",\"breadcrumb\":{\"@id\":\"https:\\\/\\\/arboricat.com\\\/fr\\\/livraisons-retours\\\/#breadcrumb\"},\"inLanguage\":\"fr-FR\",\"potentialAction\":[{\"@type\":\"ReadAction\",\"target\":[\"https:\\\/\\\/arboricat.com\\\/fr\\\/livraisons-retours\\\/\"]}]},{\"@type\":\"BreadcrumbList\",\"@id\":\"https:\\\/\\\/arboricat.com\\\/fr\\\/livraisons-retours\\\/#breadcrumb\",\"itemListElement\":[{\"@type\":\"ListItem\",\"position\":1,\"name\":\"Accueil\",\"item\":\"https:\\\/\\\/arboricat.com\\\/fr\\\/\"},{\"@type\":\"ListItem\",\"position\":2,\"name\":\"Livraisons &#038; Retours\"}]},{\"@type\":\"WebSite\",\"@id\":\"https:\\\/\\\/arboricat.com\\\/fr\\\/#website\",\"url\":\"https:\\\/\\\/arboricat.com\\\/fr\\\/\",\"name\":\"Arboricat\",\"description\":\"\",\"publisher\":{\"@id\":\"https:\\\/\\\/arboricat.com\\\/fr\\\/#organization\"},\"potentialAction\":[{\"@type\":\"SearchAction\",\"target\":{\"@type\":\"EntryPoint\",\"urlTemplate\":\"https:\\\/\\\/arboricat.com\\\/fr\\\/?s={search_term_string}\"},\"query-input\":{\"@type\":\"PropertyValueSpecification\",\"valueRequired\":true,\"valueName\":\"search_term_string\"}}],\"inLanguage\":\"fr-FR\"},{\"@type\":\"Organization\",\"@id\":\"https:\\\/\\\/arboricat.com\\\/fr\\\/#organization\",\"name\":\"Arboricat\",\"url\":\"https:\\\/\\\/arboricat.com\\\/fr\\\/\",\"logo\":{\"@type\":\"ImageObject\",\"inLanguage\":\"fr-FR\",\"@id\":\"https:\\\/\\\/arboricat.com\\\/fr\\\/#\\\/schema\\\/logo\\\/image\\\/\",\"url\":\"https:\\\/\\\/arboricat.com\\\/wp-content\\\/uploads\\\/2024\\\/07\\\/logo_696x696.png\",\"contentUrl\":\"https:\\\/\\\/arboricat.com\\\/wp-content\\\/uploads\\\/2024\\\/07\\\/logo_696x696.png\",\"width\":697,\"height\":697,\"caption\":\"Arboricat\"},\"image\":{\"@id\":\"https:\\\/\\\/arboricat.com\\\/fr\\\/#\\\/schema\\\/logo\\\/image\\\/\"},\"sameAs\":[\"https:\\\/\\\/www.facebook.com\\\/arboricat\",\"https:\\\/\\\/www.instagram.com\\\/arboricatdesign\\\/?hl=fra\"]}]}<\/script>\n<!-- \/ Yoast SEO plugin. -->","yoast_head_json":{"title":"Livraisons & Retours - Arboricat","description":"Arboricat propose des arbres \u00e0 chat design et personnalisables. Retrouvez les conditions de livrasions et de retours d'Arboricat","robots":{"index":"index","follow":"follow","max-snippet":"max-snippet:-1","max-image-preview":"max-image-preview:large","max-video-preview":"max-video-preview:-1"},"canonical":"https:\/\/arboricat.com\/fr\/livraisons-retours\/","og_locale":"fr_FR","og_type":"article","og_title":"Livraisons & Retours - Arboricat","og_description":"Arboricat propose des arbres \u00e0 chat design et personnalisables. Retrouvez les conditions de livrasions et de retours d'Arboricat","og_url":"https:\/\/arboricat.com\/fr\/livraisons-retours\/","og_site_name":"Arboricat","article_publisher":"https:\/\/www.facebook.com\/arboricat","article_modified_time":"2023-09-08T13:44:31+00:00","twitter_card":"summary_large_image","twitter_misc":{"Dur\u00e9e de lecture estim\u00e9e":"3 minutes"},"schema":{"@context":"https:\/\/schema.org","@graph":[{"@type":"WebPage","@id":"https:\/\/arboricat.com\/fr\/livraisons-retours\/","url":"https:\/\/arboricat.com\/fr\/livraisons-retours\/","name":"Livraisons & Retours - Arboricat","isPartOf":{"@id":"https:\/\/arboricat.com\/fr\/#website"},"datePublished":"2020-11-12T15:23:51+00:00","dateModified":"2023-09-08T13:44:31+00:00","description":"Arboricat propose des arbres \u00e0 chat design et personnalisables. Retrouvez les conditions de livrasions et de retours d'Arboricat","breadcrumb":{"@id":"https:\/\/arboricat.com\/fr\/livraisons-retours\/#breadcrumb"},"inLanguage":"fr-FR","potentialAction":[{"@type":"ReadAction","target":["https:\/\/arboricat.com\/fr\/livraisons-retours\/"]}]},{"@type":"BreadcrumbList","@id":"https:\/\/arboricat.com\/fr\/livraisons-retours\/#breadcrumb","itemListElement":[{"@type":"ListItem","position":1,"name":"Accueil","item":"https:\/\/arboricat.com\/fr\/"},{"@type":"ListItem","position":2,"name":"Livraisons &#038; Retours"}]},{"@type":"WebSite","@id":"https:\/\/arboricat.com\/fr\/#website","url":"https:\/\/arboricat.com\/fr\/","name":"Arboricat","description":"","publisher":{"@id":"https:\/\/arboricat.com\/fr\/#organization"},"potentialAction":[{"@type":"SearchAction","target":{"@type":"EntryPoint","urlTemplate":"https:\/\/arboricat.com\/fr\/?s={search_term_string}"},"query-input":{"@type":"PropertyValueSpecification","valueRequired":true,"valueName":"search_term_string"}}],"inLanguage":"fr-FR"},{"@type":"Organization","@id":"https:\/\/arboricat.com\/fr\/#organization","name":"Arboricat","url":"https:\/\/arboricat.com\/fr\/","logo":{"@type":"ImageObject","inLanguage":"fr-FR","@id":"https:\/\/arboricat.com\/fr\/#\/schema\/logo\/image\/","url":"https:\/\/arboricat.com\/wp-content\/uploads\/2024\/07\/logo_696x696.png","contentUrl":"https:\/\/arboricat.com\/wp-content\/uploads\/2024\/07\/logo_696x696.png","width":697,"height":697,"caption":"Arboricat"},"image":{"@id":"https:\/\/arboricat.com\/fr\/#\/schema\/logo\/image\/"},"sameAs":["https:\/\/www.facebook.com\/arboricat","https:\/\/www.instagram.com\/arboricatdesign\/?hl=fra"]}]}},"_links":{"self":[{"href":"https:\/\/arboricat.com\/fr\/wp-json\/wp\/v2\/pages\/7802","targetHints":{"allow":["GET"]}}],"collection":[{"href":"https:\/\/arboricat.com\/fr\/wp-json\/wp\/v2\/pages"}],"about":[{"href":"https:\/\/arboricat.com\/fr\/wp-json\/wp\/v2\/types\/page"}],"author":[{"embeddable":true,"href":"https:\/\/arboricat.com\/fr\/wp-json\/wp\/v2\/users\/3"}],"replies":[{"embeddable":true,"href":"https:\/\/arboricat.com\/fr\/wp-json\/wp\/v2\/comments?post=7802"}],"version-history":[{"count":0,"href":"https:\/\/arboricat.com\/fr\/wp-json\/wp\/v2\/pages\/7802\/revisions"}],"wp:attachment":[{"href":"https:\/\/arboricat.com\/fr\/wp-json\/wp\/v2\/media?parent=7802"}],"curies":[{"name":"wp","href":"https:\/\/api.w.org\/{rel}","templated":true}]}}