{"id":10038,"date":"2021-08-23T08:31:56","date_gmt":"2021-08-23T08:31:56","guid":{"rendered":"https:\/\/arboricat.com\/?post_type=product&#038;p=10038"},"modified":"2025-02-19T11:49:39","modified_gmt":"2025-02-19T11:49:39","slug":"arbre-a-chat-akita","status":"publish","type":"product","link":"https:\/\/arboricat.com\/fr\/produit\/arbre-a-chat-akita\/","title":{"rendered":"Arbre \u00e0 chat Akita"},"content":{"rendered":"<table>\n<tbody>\n<tr>\n<td class=\"fontScalingMobile\">L&rsquo;arbre \u00e0 chat Akita, de design n\u00e9erlandais, s&rsquo;inspire du concept japonais Zen. L&rsquo;esth\u00e9tique de cet arbre \u00e0 chat est empreinte de calme et de minimalisme. Recouvert d&rsquo;un tissu doux, cet arbre est adapt\u00e9 \u00e0 chaque int\u00e9rieur. Il est \u00e9galement muni d&rsquo;un abri avec coussin en peluche pour un sommeil tr\u00e8s confortable. Le sommet de l&rsquo;arbre pr\u00e9sente deux niveaux contenant chacun un tunnel avec coussin. Cet arbre \u00e0 chat est donc le lieu de d\u00e9tente parfait pour votre chat.<\/td>\n<\/tr>\n<\/tbody>\n<\/table>\n","protected":false},"excerpt":{"rendered":"<p><strong>\ud83d\ude9a Livraison gratuite<\/strong><\/p>\n<p>\u23f3 Temps de livraison estim\u00e9 : 3-7j<\/p>\n<ul>\n<li class=\"productDetailSpecification specificationColor2 fontScalingMobile\">Arbre \u00e0 chat de design n\u00e9erlandais<\/li>\n<li class=\"productDetailSpecification specificationColor2 fontScalingMobile\">Inspir\u00e9 du concept japonais Zen<\/li>\n<li class=\"productDetailSpecification specificationColor2 fontScalingMobile\">Avec deux tunnels et un abri pour se d\u00e9tendre<\/li>\n<li class=\"productDetailSpecification specificationColor2 fontScalingMobile\">Tissu avec mousse confortable<\/li>\n<li class=\"productDetailSpecification specificationColor2 fontScalingMobile\">Abri avec coussin en peluche<\/li>\n<\/ul>\n","protected":false},"featured_media":11338,"template":"","meta":[],"product_brand":[],"product_cat":[137,302,316],"product_tag":[],"class_list":{"0":"post-10038","1":"product","2":"type-product","3":"status-publish","4":"has-post-thumbnail","6":"product_cat-arbre-a-chat","7":"product_cat-arbre-a-chat-design","8":"product_cat-destockage","9":"pa_couleurs-blanc","10":"pa_couleurs-brun","11":"pa_couleurs-gris","13":"first","14":"instock","15":"sale","16":"shipping-taxable","17":"purchasable","18":"product-type-variable"},"yoast_head":"<!-- This site is optimized with the Yoast SEO plugin v27.3 - https:\/\/yoast.com\/product\/yoast-seo-wordpress\/ -->\n<title>Arbre \u00e0 chat Akita - Arboricat<\/title>\n<meta name=\"robots\" content=\"index, follow, max-snippet:-1, max-image-preview:large, max-video-preview:-1\" \/>\n<link rel=\"canonical\" href=\"https:\/\/arboricat.com\/fr\/produit\/arbre-a-chat-akita\/\" \/>\n<meta property=\"og:locale\" content=\"fr_FR\" \/>\n<meta property=\"og:type\" content=\"article\" \/>\n<meta property=\"og:title\" content=\"Arbre \u00e0 chat Akita - Arboricat\" \/>\n<meta property=\"og:description\" content=\"\ud83d\ude9a Livraison gratuite  \u23f3 Temps de livraison estim\u00e9 : 3-7j   Arbre \u00e0 chat de design n\u00e9erlandais  Inspir\u00e9 du concept japonais Zen  Avec deux tunnels et un abri pour se d\u00e9tendre  Tissu avec mousse confortable  Abri avec coussin en peluche\" \/>\n<meta property=\"og:url\" content=\"https:\/\/arboricat.com\/fr\/produit\/arbre-a-chat-akita\/\" \/>\n<meta property=\"og:site_name\" content=\"Arboricat\" \/>\n<meta property=\"article:publisher\" content=\"https:\/\/www.facebook.com\/arboricat\" \/>\n<meta property=\"article:modified_time\" content=\"2025-02-19T11:49:39+00:00\" \/>\n<meta property=\"og:image\" content=\"https:\/\/arboricat.com\/wp-content\/uploads\/2021\/08\/Griffoir-akita-Blanc.jpg\" \/>\n\t<meta property=\"og:image:width\" content=\"1080\" \/>\n\t<meta property=\"og:image:height\" content=\"1080\" \/>\n\t<meta property=\"og:image:type\" content=\"image\/jpeg\" \/>\n<meta name=\"twitter:card\" content=\"summary_large_image\" \/>\n<meta name=\"twitter:label1\" content=\"Dur\u00e9e de lecture estim\u00e9e\" \/>\n\t<meta name=\"twitter:data1\" content=\"1 minute\" \/>\n<script type=\"application\/ld+json\" class=\"yoast-schema-graph\">{\"@context\":\"https:\\\/\\\/schema.org\",\"@graph\":[{\"@type\":\"WebPage\",\"@id\":\"https:\\\/\\\/arboricat.com\\\/fr\\\/produit\\\/arbre-a-chat-akita\\\/\",\"url\":\"https:\\\/\\\/arboricat.com\\\/fr\\\/produit\\\/arbre-a-chat-akita\\\/\",\"name\":\"Arbre \u00e0 chat Akita - Arboricat\",\"isPartOf\":{\"@id\":\"https:\\\/\\\/arboricat.com\\\/fr\\\/#website\"},\"primaryImageOfPage\":{\"@id\":\"https:\\\/\\\/arboricat.com\\\/fr\\\/produit\\\/arbre-a-chat-akita\\\/#primaryimage\"},\"image\":{\"@id\":\"https:\\\/\\\/arboricat.com\\\/fr\\\/produit\\\/arbre-a-chat-akita\\\/#primaryimage\"},\"thumbnailUrl\":\"https:\\\/\\\/arboricat.com\\\/wp-content\\\/uploads\\\/2021\\\/08\\\/Griffoir-akita-Blanc.jpg\",\"datePublished\":\"2021-08-23T08:31:56+00:00\",\"dateModified\":\"2025-02-19T11:49:39+00:00\",\"breadcrumb\":{\"@id\":\"https:\\\/\\\/arboricat.com\\\/fr\\\/produit\\\/arbre-a-chat-akita\\\/#breadcrumb\"},\"inLanguage\":\"fr-FR\",\"potentialAction\":[{\"@type\":\"ReadAction\",\"target\":[\"https:\\\/\\\/arboricat.com\\\/fr\\\/produit\\\/arbre-a-chat-akita\\\/\"]}]},{\"@type\":\"ImageObject\",\"inLanguage\":\"fr-FR\",\"@id\":\"https:\\\/\\\/arboricat.com\\\/fr\\\/produit\\\/arbre-a-chat-akita\\\/#primaryimage\",\"url\":\"https:\\\/\\\/arboricat.com\\\/wp-content\\\/uploads\\\/2021\\\/08\\\/Griffoir-akita-Blanc.jpg\",\"contentUrl\":\"https:\\\/\\\/arboricat.com\\\/wp-content\\\/uploads\\\/2021\\\/08\\\/Griffoir-akita-Blanc.jpg\",\"width\":1080,\"height\":1080,\"caption\":\"Griffoir akita Blanc\"},{\"@type\":\"BreadcrumbList\",\"@id\":\"https:\\\/\\\/arboricat.com\\\/fr\\\/produit\\\/arbre-a-chat-akita\\\/#breadcrumb\",\"itemListElement\":[{\"@type\":\"ListItem\",\"position\":1,\"name\":\"Accueil\",\"item\":\"https:\\\/\\\/arboricat.com\\\/fr\\\/\"},{\"@type\":\"ListItem\",\"position\":2,\"name\":\"Boutique\",\"item\":\"https:\\\/\\\/arboricat.com\\\/fr\\\/boutique\\\/\"},{\"@type\":\"ListItem\",\"position\":3,\"name\":\"Arbre \u00e0 chat Akita\"}]},{\"@type\":\"WebSite\",\"@id\":\"https:\\\/\\\/arboricat.com\\\/fr\\\/#website\",\"url\":\"https:\\\/\\\/arboricat.com\\\/fr\\\/\",\"name\":\"Arboricat\",\"description\":\"\",\"publisher\":{\"@id\":\"https:\\\/\\\/arboricat.com\\\/fr\\\/#organization\"},\"potentialAction\":[{\"@type\":\"SearchAction\",\"target\":{\"@type\":\"EntryPoint\",\"urlTemplate\":\"https:\\\/\\\/arboricat.com\\\/fr\\\/?s={search_term_string}\"},\"query-input\":{\"@type\":\"PropertyValueSpecification\",\"valueRequired\":true,\"valueName\":\"search_term_string\"}}],\"inLanguage\":\"fr-FR\"},{\"@type\":\"Organization\",\"@id\":\"https:\\\/\\\/arboricat.com\\\/fr\\\/#organization\",\"name\":\"Arboricat\",\"url\":\"https:\\\/\\\/arboricat.com\\\/fr\\\/\",\"logo\":{\"@type\":\"ImageObject\",\"inLanguage\":\"fr-FR\",\"@id\":\"https:\\\/\\\/arboricat.com\\\/fr\\\/#\\\/schema\\\/logo\\\/image\\\/\",\"url\":\"https:\\\/\\\/arboricat.com\\\/wp-content\\\/uploads\\\/2024\\\/07\\\/logo_696x696.png\",\"contentUrl\":\"https:\\\/\\\/arboricat.com\\\/wp-content\\\/uploads\\\/2024\\\/07\\\/logo_696x696.png\",\"width\":697,\"height\":697,\"caption\":\"Arboricat\"},\"image\":{\"@id\":\"https:\\\/\\\/arboricat.com\\\/fr\\\/#\\\/schema\\\/logo\\\/image\\\/\"},\"sameAs\":[\"https:\\\/\\\/www.facebook.com\\\/arboricat\",\"https:\\\/\\\/www.instagram.com\\\/arboricatdesign\\\/?hl=fra\"]}]}<\/script>\n<!-- \/ Yoast SEO plugin. -->","yoast_head_json":{"title":"Arbre \u00e0 chat Akita - Arboricat","robots":{"index":"index","follow":"follow","max-snippet":"max-snippet:-1","max-image-preview":"max-image-preview:large","max-video-preview":"max-video-preview:-1"},"canonical":"https:\/\/arboricat.com\/fr\/produit\/arbre-a-chat-akita\/","og_locale":"fr_FR","og_type":"article","og_title":"Arbre \u00e0 chat Akita - Arboricat","og_description":"\ud83d\ude9a Livraison gratuite  \u23f3 Temps de livraison estim\u00e9 : 3-7j   Arbre \u00e0 chat de design n\u00e9erlandais  Inspir\u00e9 du concept japonais Zen  Avec deux tunnels et un abri pour se d\u00e9tendre  Tissu avec mousse confortable  Abri avec coussin en peluche","og_url":"https:\/\/arboricat.com\/fr\/produit\/arbre-a-chat-akita\/","og_site_name":"Arboricat","article_publisher":"https:\/\/www.facebook.com\/arboricat","article_modified_time":"2025-02-19T11:49:39+00:00","og_image":[{"width":1080,"height":1080,"url":"https:\/\/arboricat.com\/wp-content\/uploads\/2021\/08\/Griffoir-akita-Blanc.jpg","type":"image\/jpeg"}],"twitter_card":"summary_large_image","twitter_misc":{"Dur\u00e9e de lecture estim\u00e9e":"1 minute"},"schema":{"@context":"https:\/\/schema.org","@graph":[{"@type":"WebPage","@id":"https:\/\/arboricat.com\/fr\/produit\/arbre-a-chat-akita\/","url":"https:\/\/arboricat.com\/fr\/produit\/arbre-a-chat-akita\/","name":"Arbre \u00e0 chat Akita - Arboricat","isPartOf":{"@id":"https:\/\/arboricat.com\/fr\/#website"},"primaryImageOfPage":{"@id":"https:\/\/arboricat.com\/fr\/produit\/arbre-a-chat-akita\/#primaryimage"},"image":{"@id":"https:\/\/arboricat.com\/fr\/produit\/arbre-a-chat-akita\/#primaryimage"},"thumbnailUrl":"https:\/\/arboricat.com\/wp-content\/uploads\/2021\/08\/Griffoir-akita-Blanc.jpg","datePublished":"2021-08-23T08:31:56+00:00","dateModified":"2025-02-19T11:49:39+00:00","breadcrumb":{"@id":"https:\/\/arboricat.com\/fr\/produit\/arbre-a-chat-akita\/#breadcrumb"},"inLanguage":"fr-FR","potentialAction":[{"@type":"ReadAction","target":["https:\/\/arboricat.com\/fr\/produit\/arbre-a-chat-akita\/"]}]},{"@type":"ImageObject","inLanguage":"fr-FR","@id":"https:\/\/arboricat.com\/fr\/produit\/arbre-a-chat-akita\/#primaryimage","url":"https:\/\/arboricat.com\/wp-content\/uploads\/2021\/08\/Griffoir-akita-Blanc.jpg","contentUrl":"https:\/\/arboricat.com\/wp-content\/uploads\/2021\/08\/Griffoir-akita-Blanc.jpg","width":1080,"height":1080,"caption":"Griffoir akita Blanc"},{"@type":"BreadcrumbList","@id":"https:\/\/arboricat.com\/fr\/produit\/arbre-a-chat-akita\/#breadcrumb","itemListElement":[{"@type":"ListItem","position":1,"name":"Accueil","item":"https:\/\/arboricat.com\/fr\/"},{"@type":"ListItem","position":2,"name":"Boutique","item":"https:\/\/arboricat.com\/fr\/boutique\/"},{"@type":"ListItem","position":3,"name":"Arbre \u00e0 chat Akita"}]},{"@type":"WebSite","@id":"https:\/\/arboricat.com\/fr\/#website","url":"https:\/\/arboricat.com\/fr\/","name":"Arboricat","description":"","publisher":{"@id":"https:\/\/arboricat.com\/fr\/#organization"},"potentialAction":[{"@type":"SearchAction","target":{"@type":"EntryPoint","urlTemplate":"https:\/\/arboricat.com\/fr\/?s={search_term_string}"},"query-input":{"@type":"PropertyValueSpecification","valueRequired":true,"valueName":"search_term_string"}}],"inLanguage":"fr-FR"},{"@type":"Organization","@id":"https:\/\/arboricat.com\/fr\/#organization","name":"Arboricat","url":"https:\/\/arboricat.com\/fr\/","logo":{"@type":"ImageObject","inLanguage":"fr-FR","@id":"https:\/\/arboricat.com\/fr\/#\/schema\/logo\/image\/","url":"https:\/\/arboricat.com\/wp-content\/uploads\/2024\/07\/logo_696x696.png","contentUrl":"https:\/\/arboricat.com\/wp-content\/uploads\/2024\/07\/logo_696x696.png","width":697,"height":697,"caption":"Arboricat"},"image":{"@id":"https:\/\/arboricat.com\/fr\/#\/schema\/logo\/image\/"},"sameAs":["https:\/\/www.facebook.com\/arboricat","https:\/\/www.instagram.com\/arboricatdesign\/?hl=fra"]}]}},"_links":{"self":[{"href":"https:\/\/arboricat.com\/fr\/wp-json\/wp\/v2\/product\/10038","targetHints":{"allow":["GET"]}}],"collection":[{"href":"https:\/\/arboricat.com\/fr\/wp-json\/wp\/v2\/product"}],"about":[{"href":"https:\/\/arboricat.com\/fr\/wp-json\/wp\/v2\/types\/product"}],"version-history":[{"count":2,"href":"https:\/\/arboricat.com\/fr\/wp-json\/wp\/v2\/product\/10038\/revisions"}],"predecessor-version":[{"id":40614,"href":"https:\/\/arboricat.com\/fr\/wp-json\/wp\/v2\/product\/10038\/revisions\/40614"}],"wp:featuredmedia":[{"embeddable":true,"href":"https:\/\/arboricat.com\/fr\/wp-json\/wp\/v2\/media\/11338"}],"wp:attachment":[{"href":"https:\/\/arboricat.com\/fr\/wp-json\/wp\/v2\/media?parent=10038"}],"wp:term":[{"taxonomy":"product_brand","embeddable":true,"href":"https:\/\/arboricat.com\/fr\/wp-json\/wp\/v2\/product_brand?post=10038"},{"taxonomy":"product_cat","embeddable":true,"href":"https:\/\/arboricat.com\/fr\/wp-json\/wp\/v2\/product_cat?post=10038"},{"taxonomy":"product_tag","embeddable":true,"href":"https:\/\/arboricat.com\/fr\/wp-json\/wp\/v2\/product_tag?post=10038"}],"curies":[{"name":"wp","href":"https:\/\/api.w.org\/{rel}","templated":true}]}}