{"id":10705,"date":"2021-03-30T12:41:39","date_gmt":"2021-03-30T12:41:39","guid":{"rendered":"https:\/\/arboricat.com\/?post_type=product&#038;p=10705"},"modified":"2025-05-19T11:10:33","modified_gmt":"2025-05-19T11:10:33","slug":"griffer-crabi-brun","status":"publish","type":"product","link":"https:\/\/arboricat.com\/fr\/produit\/griffer-crabi-brun\/","title":{"rendered":"Griffoir CRABI BRUN"},"content":{"rendered":"<p>Le griffoir GRIFFER CRABI BRUN en carton nervur\u00e9 est appr\u00e9ci\u00e9 par les chats pour s&rsquo;y reposer confortablement et y soigner leurs griffes. Deux balles de jeu sont int\u00e9gr\u00e9es dans le griffoir pour amuser votre chat pendants plusieurs heures.<\/p>\n","protected":false},"excerpt":{"rendered":"<p>\u23f3 Temps de livraison estim\u00e9 : 3-7j<\/p>\n<ul>\n<li class=\"productDetailSpecification specificationColor2 fontScalingMobile\">\n<div class=\"productDetailSpecification specificationColor2 fontScalingMobile\">Griffoir en carton r\u00e9sistant<\/div>\n<\/li>\n<li class=\"productDetailSpecification specificationColor2 fontScalingMobile\">\n<div class=\"productDetailSpecification specificationColor2 fontScalingMobile\">Forme amusante<\/div>\n<\/li>\n<li class=\"productDetailSpecification specificationColor2 fontScalingMobile\">\n<div class=\"productDetailSpecification specificationColor2 fontScalingMobile\">Stimule l&rsquo;instinct de chasse<\/div>\n<\/li>\n<li class=\"productDetailSpecification specificationColor2 fontScalingMobile\">\n<div class=\"productDetailSpecification specificationColor2 fontScalingMobile\">Avec herbe \u00e0 chat<\/div>\n<\/li>\n<\/ul>\n","protected":false},"featured_media":16079,"template":"","meta":[],"product_brand":[],"product_cat":[316,160],"product_tag":[],"class_list":{"0":"post-10705","1":"product","2":"type-product","3":"status-publish","4":"has-post-thumbnail","6":"product_cat-destockage","7":"product_cat-griffoirs","9":"first","10":"outofstock","11":"shipping-taxable","12":"purchasable","13":"product-type-simple"},"yoast_head":"<!-- This site is optimized with the Yoast SEO plugin v27.4 - https:\/\/yoast.com\/product\/yoast-seo-wordpress\/ -->\n<title>Griffoir CRABI BRUN - Arboricat<\/title>\n<meta name=\"robots\" content=\"index, follow, max-snippet:-1, max-image-preview:large, max-video-preview:-1\" \/>\n<link rel=\"canonical\" href=\"https:\/\/arboricat.com\/fr\/produit\/griffer-crabi-brun\/\" \/>\n<meta property=\"og:locale\" content=\"fr_FR\" \/>\n<meta property=\"og:type\" content=\"article\" \/>\n<meta property=\"og:title\" content=\"Griffoir CRABI BRUN - Arboricat\" \/>\n<meta property=\"og:description\" content=\"\u23f3 Temps de livraison estim\u00e9 : 3-7j    Griffoir en carton r\u00e9sistant   Forme amusante   Stimule l&#039;instinct de chasse   Avec herbe \u00e0 chat\" \/>\n<meta property=\"og:url\" content=\"https:\/\/arboricat.com\/fr\/produit\/griffer-crabi-brun\/\" \/>\n<meta property=\"og:site_name\" content=\"Arboricat\" \/>\n<meta property=\"article:publisher\" content=\"https:\/\/www.facebook.com\/arboricat\" \/>\n<meta property=\"article:modified_time\" content=\"2025-05-19T11:10:33+00:00\" \/>\n<meta property=\"og:image\" content=\"https:\/\/arboricat.com\/wp-content\/uploads\/2021\/03\/561290_E_01-1-1.png\" \/>\n\t<meta property=\"og:image:width\" content=\"600\" \/>\n\t<meta property=\"og:image:height\" content=\"600\" \/>\n\t<meta property=\"og:image:type\" content=\"image\/png\" \/>\n<meta name=\"twitter:card\" content=\"summary_large_image\" \/>\n<meta name=\"twitter:label1\" content=\"Dur\u00e9e de lecture estim\u00e9e\" \/>\n\t<meta name=\"twitter:data1\" content=\"1 minute\" \/>\n<script type=\"application\/ld+json\" class=\"yoast-schema-graph\">{\"@context\":\"https:\\\/\\\/schema.org\",\"@graph\":[{\"@type\":\"WebPage\",\"@id\":\"https:\\\/\\\/arboricat.com\\\/fr\\\/produit\\\/griffer-crabi-brun\\\/\",\"url\":\"https:\\\/\\\/arboricat.com\\\/fr\\\/produit\\\/griffer-crabi-brun\\\/\",\"name\":\"Griffoir CRABI BRUN - Arboricat\",\"isPartOf\":{\"@id\":\"https:\\\/\\\/arboricat.com\\\/fr\\\/#website\"},\"primaryImageOfPage\":{\"@id\":\"https:\\\/\\\/arboricat.com\\\/fr\\\/produit\\\/griffer-crabi-brun\\\/#primaryimage\"},\"image\":{\"@id\":\"https:\\\/\\\/arboricat.com\\\/fr\\\/produit\\\/griffer-crabi-brun\\\/#primaryimage\"},\"thumbnailUrl\":\"https:\\\/\\\/arboricat.com\\\/wp-content\\\/uploads\\\/2021\\\/03\\\/561290_E_01-1-1.png\",\"datePublished\":\"2021-03-30T12:41:39+00:00\",\"dateModified\":\"2025-05-19T11:10:33+00:00\",\"breadcrumb\":{\"@id\":\"https:\\\/\\\/arboricat.com\\\/fr\\\/produit\\\/griffer-crabi-brun\\\/#breadcrumb\"},\"inLanguage\":\"fr-FR\",\"potentialAction\":[{\"@type\":\"ReadAction\",\"target\":[\"https:\\\/\\\/arboricat.com\\\/fr\\\/produit\\\/griffer-crabi-brun\\\/\"]}]},{\"@type\":\"ImageObject\",\"inLanguage\":\"fr-FR\",\"@id\":\"https:\\\/\\\/arboricat.com\\\/fr\\\/produit\\\/griffer-crabi-brun\\\/#primaryimage\",\"url\":\"https:\\\/\\\/arboricat.com\\\/wp-content\\\/uploads\\\/2021\\\/03\\\/561290_E_01-1-1.png\",\"contentUrl\":\"https:\\\/\\\/arboricat.com\\\/wp-content\\\/uploads\\\/2021\\\/03\\\/561290_E_01-1-1.png\",\"width\":600,\"height\":600},{\"@type\":\"BreadcrumbList\",\"@id\":\"https:\\\/\\\/arboricat.com\\\/fr\\\/produit\\\/griffer-crabi-brun\\\/#breadcrumb\",\"itemListElement\":[{\"@type\":\"ListItem\",\"position\":1,\"name\":\"Accueil\",\"item\":\"https:\\\/\\\/arboricat.com\\\/fr\\\/\"},{\"@type\":\"ListItem\",\"position\":2,\"name\":\"Boutique\",\"item\":\"https:\\\/\\\/arboricat.com\\\/fr\\\/boutique\\\/\"},{\"@type\":\"ListItem\",\"position\":3,\"name\":\"Griffoir CRABI BRUN\"}]},{\"@type\":\"WebSite\",\"@id\":\"https:\\\/\\\/arboricat.com\\\/fr\\\/#website\",\"url\":\"https:\\\/\\\/arboricat.com\\\/fr\\\/\",\"name\":\"Arboricat\",\"description\":\"\",\"publisher\":{\"@id\":\"https:\\\/\\\/arboricat.com\\\/fr\\\/#organization\"},\"potentialAction\":[{\"@type\":\"SearchAction\",\"target\":{\"@type\":\"EntryPoint\",\"urlTemplate\":\"https:\\\/\\\/arboricat.com\\\/fr\\\/?s={search_term_string}\"},\"query-input\":{\"@type\":\"PropertyValueSpecification\",\"valueRequired\":true,\"valueName\":\"search_term_string\"}}],\"inLanguage\":\"fr-FR\"},{\"@type\":\"Organization\",\"@id\":\"https:\\\/\\\/arboricat.com\\\/fr\\\/#organization\",\"name\":\"Arboricat\",\"url\":\"https:\\\/\\\/arboricat.com\\\/fr\\\/\",\"logo\":{\"@type\":\"ImageObject\",\"inLanguage\":\"fr-FR\",\"@id\":\"https:\\\/\\\/arboricat.com\\\/fr\\\/#\\\/schema\\\/logo\\\/image\\\/\",\"url\":\"https:\\\/\\\/arboricat.com\\\/wp-content\\\/uploads\\\/2024\\\/07\\\/logo_696x696.png\",\"contentUrl\":\"https:\\\/\\\/arboricat.com\\\/wp-content\\\/uploads\\\/2024\\\/07\\\/logo_696x696.png\",\"width\":697,\"height\":697,\"caption\":\"Arboricat\"},\"image\":{\"@id\":\"https:\\\/\\\/arboricat.com\\\/fr\\\/#\\\/schema\\\/logo\\\/image\\\/\"},\"sameAs\":[\"https:\\\/\\\/www.facebook.com\\\/arboricat\",\"https:\\\/\\\/www.instagram.com\\\/arboricatdesign\\\/?hl=fra\"]}]}<\/script>\n<!-- \/ Yoast SEO plugin. -->","yoast_head_json":{"title":"Griffoir CRABI BRUN - Arboricat","robots":{"index":"index","follow":"follow","max-snippet":"max-snippet:-1","max-image-preview":"max-image-preview:large","max-video-preview":"max-video-preview:-1"},"canonical":"https:\/\/arboricat.com\/fr\/produit\/griffer-crabi-brun\/","og_locale":"fr_FR","og_type":"article","og_title":"Griffoir CRABI BRUN - Arboricat","og_description":"\u23f3 Temps de livraison estim\u00e9 : 3-7j    Griffoir en carton r\u00e9sistant   Forme amusante   Stimule l'instinct de chasse   Avec herbe \u00e0 chat","og_url":"https:\/\/arboricat.com\/fr\/produit\/griffer-crabi-brun\/","og_site_name":"Arboricat","article_publisher":"https:\/\/www.facebook.com\/arboricat","article_modified_time":"2025-05-19T11:10:33+00:00","og_image":[{"width":600,"height":600,"url":"https:\/\/arboricat.com\/wp-content\/uploads\/2021\/03\/561290_E_01-1-1.png","type":"image\/png"}],"twitter_card":"summary_large_image","twitter_misc":{"Dur\u00e9e de lecture estim\u00e9e":"1 minute"},"schema":{"@context":"https:\/\/schema.org","@graph":[{"@type":"WebPage","@id":"https:\/\/arboricat.com\/fr\/produit\/griffer-crabi-brun\/","url":"https:\/\/arboricat.com\/fr\/produit\/griffer-crabi-brun\/","name":"Griffoir CRABI BRUN - Arboricat","isPartOf":{"@id":"https:\/\/arboricat.com\/fr\/#website"},"primaryImageOfPage":{"@id":"https:\/\/arboricat.com\/fr\/produit\/griffer-crabi-brun\/#primaryimage"},"image":{"@id":"https:\/\/arboricat.com\/fr\/produit\/griffer-crabi-brun\/#primaryimage"},"thumbnailUrl":"https:\/\/arboricat.com\/wp-content\/uploads\/2021\/03\/561290_E_01-1-1.png","datePublished":"2021-03-30T12:41:39+00:00","dateModified":"2025-05-19T11:10:33+00:00","breadcrumb":{"@id":"https:\/\/arboricat.com\/fr\/produit\/griffer-crabi-brun\/#breadcrumb"},"inLanguage":"fr-FR","potentialAction":[{"@type":"ReadAction","target":["https:\/\/arboricat.com\/fr\/produit\/griffer-crabi-brun\/"]}]},{"@type":"ImageObject","inLanguage":"fr-FR","@id":"https:\/\/arboricat.com\/fr\/produit\/griffer-crabi-brun\/#primaryimage","url":"https:\/\/arboricat.com\/wp-content\/uploads\/2021\/03\/561290_E_01-1-1.png","contentUrl":"https:\/\/arboricat.com\/wp-content\/uploads\/2021\/03\/561290_E_01-1-1.png","width":600,"height":600},{"@type":"BreadcrumbList","@id":"https:\/\/arboricat.com\/fr\/produit\/griffer-crabi-brun\/#breadcrumb","itemListElement":[{"@type":"ListItem","position":1,"name":"Accueil","item":"https:\/\/arboricat.com\/fr\/"},{"@type":"ListItem","position":2,"name":"Boutique","item":"https:\/\/arboricat.com\/fr\/boutique\/"},{"@type":"ListItem","position":3,"name":"Griffoir CRABI BRUN"}]},{"@type":"WebSite","@id":"https:\/\/arboricat.com\/fr\/#website","url":"https:\/\/arboricat.com\/fr\/","name":"Arboricat","description":"","publisher":{"@id":"https:\/\/arboricat.com\/fr\/#organization"},"potentialAction":[{"@type":"SearchAction","target":{"@type":"EntryPoint","urlTemplate":"https:\/\/arboricat.com\/fr\/?s={search_term_string}"},"query-input":{"@type":"PropertyValueSpecification","valueRequired":true,"valueName":"search_term_string"}}],"inLanguage":"fr-FR"},{"@type":"Organization","@id":"https:\/\/arboricat.com\/fr\/#organization","name":"Arboricat","url":"https:\/\/arboricat.com\/fr\/","logo":{"@type":"ImageObject","inLanguage":"fr-FR","@id":"https:\/\/arboricat.com\/fr\/#\/schema\/logo\/image\/","url":"https:\/\/arboricat.com\/wp-content\/uploads\/2024\/07\/logo_696x696.png","contentUrl":"https:\/\/arboricat.com\/wp-content\/uploads\/2024\/07\/logo_696x696.png","width":697,"height":697,"caption":"Arboricat"},"image":{"@id":"https:\/\/arboricat.com\/fr\/#\/schema\/logo\/image\/"},"sameAs":["https:\/\/www.facebook.com\/arboricat","https:\/\/www.instagram.com\/arboricatdesign\/?hl=fra"]}]}},"_links":{"self":[{"href":"https:\/\/arboricat.com\/fr\/wp-json\/wp\/v2\/product\/10705","targetHints":{"allow":["GET"]}}],"collection":[{"href":"https:\/\/arboricat.com\/fr\/wp-json\/wp\/v2\/product"}],"about":[{"href":"https:\/\/arboricat.com\/fr\/wp-json\/wp\/v2\/types\/product"}],"version-history":[{"count":1,"href":"https:\/\/arboricat.com\/fr\/wp-json\/wp\/v2\/product\/10705\/revisions"}],"predecessor-version":[{"id":40725,"href":"https:\/\/arboricat.com\/fr\/wp-json\/wp\/v2\/product\/10705\/revisions\/40725"}],"wp:featuredmedia":[{"embeddable":true,"href":"https:\/\/arboricat.com\/fr\/wp-json\/wp\/v2\/media\/16079"}],"wp:attachment":[{"href":"https:\/\/arboricat.com\/fr\/wp-json\/wp\/v2\/media?parent=10705"}],"wp:term":[{"taxonomy":"product_brand","embeddable":true,"href":"https:\/\/arboricat.com\/fr\/wp-json\/wp\/v2\/product_brand?post=10705"},{"taxonomy":"product_cat","embeddable":true,"href":"https:\/\/arboricat.com\/fr\/wp-json\/wp\/v2\/product_cat?post=10705"},{"taxonomy":"product_tag","embeddable":true,"href":"https:\/\/arboricat.com\/fr\/wp-json\/wp\/v2\/product_tag?post=10705"}],"curies":[{"name":"wp","href":"https:\/\/api.w.org\/{rel}","templated":true}]}}