{"id":10715,"date":"2021-03-30T13:43:25","date_gmt":"2021-03-30T13:43:25","guid":{"rendered":"https:\/\/arboricat.com\/?post_type=product&#038;p=10715"},"modified":"2024-07-25T07:20:10","modified_gmt":"2024-07-25T07:20:10","slug":"tapis-griffoir-de-coin-krappa-noir","status":"publish","type":"product","link":"https:\/\/arboricat.com\/fr\/produit\/tapis-griffoir-de-coin-krappa-noir\/","title":{"rendered":"Tapis griffoir de coin krappa noir"},"content":{"rendered":"<p>Le tapis griffoir de coin Krappa est un tapis \u00e0 suspendre au mur et peut se modeler \u00e0 n&rsquo;importe quel coin. Le tapis est constitu\u00e9 de sisal solidement tiss\u00e9 et est finie au moyen d&rsquo;un bord large en tissu d&rsquo;int\u00e9rieur pour permettre \u00e0 votre chat se de nettoyer ses griffes toute en enlevant la couche sup\u00e9rieur de l&rsquo;ongle. Ce tapis griffoir est \u00e9l\u00e9gant et se marie parfaitement \u00e0 votre salon. Vous pouvez adapter la hauteur du tapis selon la taille du chat pour qu&rsquo;il puisse s&rsquo;\u00e9tirer pleinement !<\/p>\n","protected":false},"excerpt":{"rendered":"<p>\u23f3 Temps de livraison estim\u00e9 : 3-7j<\/p>\n<ul>\n<li class=\"productDetailSpecification specificationColor2 fontScalingMobile\">En sisal solidement tiss\u00e9<\/li>\n<li class=\"productDetailSpecification specificationColor2 fontScalingMobile\">Finition avec large bord en tissu d&rsquo;int\u00e9rieur<\/li>\n<li class=\"productDetailSpecification specificationColor2 fontScalingMobile\">Avec \u00e9l\u00e9ment pliable pour fixation dans un coin<\/li>\n<li class=\"productDetailSpecification specificationColor2 fontScalingMobile\">Construisez une paroi d&rsquo;escalade en combinaison avec d&rsquo;autres \u00e9l\u00e9ments Krappa<\/li>\n<li class=\"productDetailSpecification specificationColor2 fontScalingMobile\">Avec vis et chevilles<\/li>\n<\/ul>\n","protected":false},"featured_media":10716,"template":"","meta":[],"product_brand":[],"product_cat":[316,160],"product_tag":[],"class_list":{"0":"post-10715","1":"product","2":"type-product","3":"status-publish","4":"has-post-thumbnail","6":"product_cat-destockage","7":"product_cat-griffoirs","9":"first","10":"instock","11":"shipping-taxable","12":"purchasable","13":"product-type-simple"},"yoast_head":"<!-- This site is optimized with the Yoast SEO plugin v27.3 - https:\/\/yoast.com\/product\/yoast-seo-wordpress\/ -->\n<title>Tapis griffoir de coin krappa noir - Arboricat<\/title>\n<meta name=\"robots\" content=\"index, follow, max-snippet:-1, max-image-preview:large, max-video-preview:-1\" \/>\n<link rel=\"canonical\" href=\"https:\/\/arboricat.com\/fr\/produit\/tapis-griffoir-de-coin-krappa-noir\/\" \/>\n<meta property=\"og:locale\" content=\"fr_FR\" \/>\n<meta property=\"og:type\" content=\"article\" \/>\n<meta property=\"og:title\" content=\"Tapis griffoir de coin krappa noir - Arboricat\" \/>\n<meta property=\"og:description\" content=\"\u23f3 Temps de livraison estim\u00e9 : 3-7j   En sisal solidement tiss\u00e9  Finition avec large bord en tissu d&#039;int\u00e9rieur  Avec \u00e9l\u00e9ment pliable pour fixation dans un coin  Construisez une paroi d&#039;escalade en combinaison avec d&#039;autres \u00e9l\u00e9ments Krappa  Avec vis et chevilles\" \/>\n<meta property=\"og:url\" content=\"https:\/\/arboricat.com\/fr\/produit\/tapis-griffoir-de-coin-krappa-noir\/\" \/>\n<meta property=\"og:site_name\" content=\"Arboricat\" \/>\n<meta property=\"article:publisher\" content=\"https:\/\/www.facebook.com\/arboricat\" \/>\n<meta property=\"article:modified_time\" content=\"2024-07-25T07:20:10+00:00\" \/>\n<meta property=\"og:image\" content=\"https:\/\/arboricat.com\/wp-content\/uploads\/2021\/03\/tapis-coin.jpg\" \/>\n\t<meta property=\"og:image:width\" content=\"800\" \/>\n\t<meta property=\"og:image:height\" content=\"800\" \/>\n\t<meta property=\"og:image:type\" content=\"image\/jpeg\" \/>\n<meta name=\"twitter:card\" content=\"summary_large_image\" \/>\n<meta name=\"twitter:label1\" content=\"Dur\u00e9e de lecture estim\u00e9e\" \/>\n\t<meta name=\"twitter:data1\" content=\"1 minute\" \/>\n<script type=\"application\/ld+json\" class=\"yoast-schema-graph\">{\"@context\":\"https:\\\/\\\/schema.org\",\"@graph\":[{\"@type\":\"WebPage\",\"@id\":\"https:\\\/\\\/arboricat.com\\\/fr\\\/produit\\\/tapis-griffoir-de-coin-krappa-noir\\\/\",\"url\":\"https:\\\/\\\/arboricat.com\\\/fr\\\/produit\\\/tapis-griffoir-de-coin-krappa-noir\\\/\",\"name\":\"Tapis griffoir de coin krappa noir - Arboricat\",\"isPartOf\":{\"@id\":\"https:\\\/\\\/arboricat.com\\\/fr\\\/#website\"},\"primaryImageOfPage\":{\"@id\":\"https:\\\/\\\/arboricat.com\\\/fr\\\/produit\\\/tapis-griffoir-de-coin-krappa-noir\\\/#primaryimage\"},\"image\":{\"@id\":\"https:\\\/\\\/arboricat.com\\\/fr\\\/produit\\\/tapis-griffoir-de-coin-krappa-noir\\\/#primaryimage\"},\"thumbnailUrl\":\"https:\\\/\\\/arboricat.com\\\/wp-content\\\/uploads\\\/2021\\\/03\\\/tapis-coin.jpg\",\"datePublished\":\"2021-03-30T13:43:25+00:00\",\"dateModified\":\"2024-07-25T07:20:10+00:00\",\"breadcrumb\":{\"@id\":\"https:\\\/\\\/arboricat.com\\\/fr\\\/produit\\\/tapis-griffoir-de-coin-krappa-noir\\\/#breadcrumb\"},\"inLanguage\":\"fr-FR\",\"potentialAction\":[{\"@type\":\"ReadAction\",\"target\":[\"https:\\\/\\\/arboricat.com\\\/fr\\\/produit\\\/tapis-griffoir-de-coin-krappa-noir\\\/\"]}]},{\"@type\":\"ImageObject\",\"inLanguage\":\"fr-FR\",\"@id\":\"https:\\\/\\\/arboricat.com\\\/fr\\\/produit\\\/tapis-griffoir-de-coin-krappa-noir\\\/#primaryimage\",\"url\":\"https:\\\/\\\/arboricat.com\\\/wp-content\\\/uploads\\\/2021\\\/03\\\/tapis-coin.jpg\",\"contentUrl\":\"https:\\\/\\\/arboricat.com\\\/wp-content\\\/uploads\\\/2021\\\/03\\\/tapis-coin.jpg\",\"width\":800,\"height\":800},{\"@type\":\"BreadcrumbList\",\"@id\":\"https:\\\/\\\/arboricat.com\\\/fr\\\/produit\\\/tapis-griffoir-de-coin-krappa-noir\\\/#breadcrumb\",\"itemListElement\":[{\"@type\":\"ListItem\",\"position\":1,\"name\":\"Accueil\",\"item\":\"https:\\\/\\\/arboricat.com\\\/fr\\\/\"},{\"@type\":\"ListItem\",\"position\":2,\"name\":\"Boutique\",\"item\":\"https:\\\/\\\/arboricat.com\\\/fr\\\/boutique\\\/\"},{\"@type\":\"ListItem\",\"position\":3,\"name\":\"Tapis griffoir de coin krappa noir\"}]},{\"@type\":\"WebSite\",\"@id\":\"https:\\\/\\\/arboricat.com\\\/fr\\\/#website\",\"url\":\"https:\\\/\\\/arboricat.com\\\/fr\\\/\",\"name\":\"Arboricat\",\"description\":\"\",\"publisher\":{\"@id\":\"https:\\\/\\\/arboricat.com\\\/fr\\\/#organization\"},\"potentialAction\":[{\"@type\":\"SearchAction\",\"target\":{\"@type\":\"EntryPoint\",\"urlTemplate\":\"https:\\\/\\\/arboricat.com\\\/fr\\\/?s={search_term_string}\"},\"query-input\":{\"@type\":\"PropertyValueSpecification\",\"valueRequired\":true,\"valueName\":\"search_term_string\"}}],\"inLanguage\":\"fr-FR\"},{\"@type\":\"Organization\",\"@id\":\"https:\\\/\\\/arboricat.com\\\/fr\\\/#organization\",\"name\":\"Arboricat\",\"url\":\"https:\\\/\\\/arboricat.com\\\/fr\\\/\",\"logo\":{\"@type\":\"ImageObject\",\"inLanguage\":\"fr-FR\",\"@id\":\"https:\\\/\\\/arboricat.com\\\/fr\\\/#\\\/schema\\\/logo\\\/image\\\/\",\"url\":\"https:\\\/\\\/arboricat.com\\\/wp-content\\\/uploads\\\/2024\\\/07\\\/logo_696x696.png\",\"contentUrl\":\"https:\\\/\\\/arboricat.com\\\/wp-content\\\/uploads\\\/2024\\\/07\\\/logo_696x696.png\",\"width\":697,\"height\":697,\"caption\":\"Arboricat\"},\"image\":{\"@id\":\"https:\\\/\\\/arboricat.com\\\/fr\\\/#\\\/schema\\\/logo\\\/image\\\/\"},\"sameAs\":[\"https:\\\/\\\/www.facebook.com\\\/arboricat\",\"https:\\\/\\\/www.instagram.com\\\/arboricatdesign\\\/?hl=fra\"]}]}<\/script>\n<!-- \/ Yoast SEO plugin. -->","yoast_head_json":{"title":"Tapis griffoir de coin krappa noir - Arboricat","robots":{"index":"index","follow":"follow","max-snippet":"max-snippet:-1","max-image-preview":"max-image-preview:large","max-video-preview":"max-video-preview:-1"},"canonical":"https:\/\/arboricat.com\/fr\/produit\/tapis-griffoir-de-coin-krappa-noir\/","og_locale":"fr_FR","og_type":"article","og_title":"Tapis griffoir de coin krappa noir - Arboricat","og_description":"\u23f3 Temps de livraison estim\u00e9 : 3-7j   En sisal solidement tiss\u00e9  Finition avec large bord en tissu d'int\u00e9rieur  Avec \u00e9l\u00e9ment pliable pour fixation dans un coin  Construisez une paroi d'escalade en combinaison avec d'autres \u00e9l\u00e9ments Krappa  Avec vis et chevilles","og_url":"https:\/\/arboricat.com\/fr\/produit\/tapis-griffoir-de-coin-krappa-noir\/","og_site_name":"Arboricat","article_publisher":"https:\/\/www.facebook.com\/arboricat","article_modified_time":"2024-07-25T07:20:10+00:00","og_image":[{"width":800,"height":800,"url":"https:\/\/arboricat.com\/wp-content\/uploads\/2021\/03\/tapis-coin.jpg","type":"image\/jpeg"}],"twitter_card":"summary_large_image","twitter_misc":{"Dur\u00e9e de lecture estim\u00e9e":"1 minute"},"schema":{"@context":"https:\/\/schema.org","@graph":[{"@type":"WebPage","@id":"https:\/\/arboricat.com\/fr\/produit\/tapis-griffoir-de-coin-krappa-noir\/","url":"https:\/\/arboricat.com\/fr\/produit\/tapis-griffoir-de-coin-krappa-noir\/","name":"Tapis griffoir de coin krappa noir - Arboricat","isPartOf":{"@id":"https:\/\/arboricat.com\/fr\/#website"},"primaryImageOfPage":{"@id":"https:\/\/arboricat.com\/fr\/produit\/tapis-griffoir-de-coin-krappa-noir\/#primaryimage"},"image":{"@id":"https:\/\/arboricat.com\/fr\/produit\/tapis-griffoir-de-coin-krappa-noir\/#primaryimage"},"thumbnailUrl":"https:\/\/arboricat.com\/wp-content\/uploads\/2021\/03\/tapis-coin.jpg","datePublished":"2021-03-30T13:43:25+00:00","dateModified":"2024-07-25T07:20:10+00:00","breadcrumb":{"@id":"https:\/\/arboricat.com\/fr\/produit\/tapis-griffoir-de-coin-krappa-noir\/#breadcrumb"},"inLanguage":"fr-FR","potentialAction":[{"@type":"ReadAction","target":["https:\/\/arboricat.com\/fr\/produit\/tapis-griffoir-de-coin-krappa-noir\/"]}]},{"@type":"ImageObject","inLanguage":"fr-FR","@id":"https:\/\/arboricat.com\/fr\/produit\/tapis-griffoir-de-coin-krappa-noir\/#primaryimage","url":"https:\/\/arboricat.com\/wp-content\/uploads\/2021\/03\/tapis-coin.jpg","contentUrl":"https:\/\/arboricat.com\/wp-content\/uploads\/2021\/03\/tapis-coin.jpg","width":800,"height":800},{"@type":"BreadcrumbList","@id":"https:\/\/arboricat.com\/fr\/produit\/tapis-griffoir-de-coin-krappa-noir\/#breadcrumb","itemListElement":[{"@type":"ListItem","position":1,"name":"Accueil","item":"https:\/\/arboricat.com\/fr\/"},{"@type":"ListItem","position":2,"name":"Boutique","item":"https:\/\/arboricat.com\/fr\/boutique\/"},{"@type":"ListItem","position":3,"name":"Tapis griffoir de coin krappa noir"}]},{"@type":"WebSite","@id":"https:\/\/arboricat.com\/fr\/#website","url":"https:\/\/arboricat.com\/fr\/","name":"Arboricat","description":"","publisher":{"@id":"https:\/\/arboricat.com\/fr\/#organization"},"potentialAction":[{"@type":"SearchAction","target":{"@type":"EntryPoint","urlTemplate":"https:\/\/arboricat.com\/fr\/?s={search_term_string}"},"query-input":{"@type":"PropertyValueSpecification","valueRequired":true,"valueName":"search_term_string"}}],"inLanguage":"fr-FR"},{"@type":"Organization","@id":"https:\/\/arboricat.com\/fr\/#organization","name":"Arboricat","url":"https:\/\/arboricat.com\/fr\/","logo":{"@type":"ImageObject","inLanguage":"fr-FR","@id":"https:\/\/arboricat.com\/fr\/#\/schema\/logo\/image\/","url":"https:\/\/arboricat.com\/wp-content\/uploads\/2024\/07\/logo_696x696.png","contentUrl":"https:\/\/arboricat.com\/wp-content\/uploads\/2024\/07\/logo_696x696.png","width":697,"height":697,"caption":"Arboricat"},"image":{"@id":"https:\/\/arboricat.com\/fr\/#\/schema\/logo\/image\/"},"sameAs":["https:\/\/www.facebook.com\/arboricat","https:\/\/www.instagram.com\/arboricatdesign\/?hl=fra"]}]}},"_links":{"self":[{"href":"https:\/\/arboricat.com\/fr\/wp-json\/wp\/v2\/product\/10715","targetHints":{"allow":["GET"]}}],"collection":[{"href":"https:\/\/arboricat.com\/fr\/wp-json\/wp\/v2\/product"}],"about":[{"href":"https:\/\/arboricat.com\/fr\/wp-json\/wp\/v2\/types\/product"}],"version-history":[{"count":0,"href":"https:\/\/arboricat.com\/fr\/wp-json\/wp\/v2\/product\/10715\/revisions"}],"wp:featuredmedia":[{"embeddable":true,"href":"https:\/\/arboricat.com\/fr\/wp-json\/wp\/v2\/media\/10716"}],"wp:attachment":[{"href":"https:\/\/arboricat.com\/fr\/wp-json\/wp\/v2\/media?parent=10715"}],"wp:term":[{"taxonomy":"product_brand","embeddable":true,"href":"https:\/\/arboricat.com\/fr\/wp-json\/wp\/v2\/product_brand?post=10715"},{"taxonomy":"product_cat","embeddable":true,"href":"https:\/\/arboricat.com\/fr\/wp-json\/wp\/v2\/product_cat?post=10715"},{"taxonomy":"product_tag","embeddable":true,"href":"https:\/\/arboricat.com\/fr\/wp-json\/wp\/v2\/product_tag?post=10715"}],"curies":[{"name":"wp","href":"https:\/\/api.w.org\/{rel}","templated":true}]}}