{"id":10733,"date":"2021-03-30T15:07:02","date_gmt":"2021-03-30T15:07:02","guid":{"rendered":"https:\/\/arboricat.com\/?post_type=product&#038;p=10733"},"modified":"2025-07-29T10:50:15","modified_gmt":"2025-07-29T10:50:15","slug":"griffoir-comfort-cuby","status":"publish","type":"product","link":"https:\/\/arboricat.com\/fr\/produit\/griffoir-comfort-cuby\/","title":{"rendered":"Griffoir Comfort Cuby"},"content":{"rendered":"<p>La tour \u00e0 griffe Osiris offre une surface \u00e0 griffer robuste et une plateforme confortable sur laquelle le chat peut se coucher. Le sisal placer sur le cot\u00e9 de la tour offre au chat un espace suffisant pour y faire ses griffes et enlever le sur plus ab\u00eem\u00e9. Les deux ouvertures carr\u00e9es sont munis d&rsquo;un coussin doux, ce qui permet au chat de se reposer en toute tranquillit\u00e9. Le haut de la tour offre une plateforme spacieuse \u00e9quip\u00e9 d&rsquo;un coussin sur laquelle le chat peut se coucher et y observer tout ce qui l\u2019entoure.<\/p>\n","protected":false},"excerpt":{"rendered":"<p>&nbsp;<\/p>\n<ul>\n<li class=\"productDetailSpecification specificationColor2 fontScalingMobile\">\n<div class=\"productDetailSpecification specificationColor2 fontScalingMobile\">Bo\u00eete moderne et rectangulaire en feutre pour chats<\/div>\n<\/li>\n<li class=\"productDetailSpecification specificationColor2 fontScalingMobile\">\n<div class=\"productDetailSpecification specificationColor2 fontScalingMobile\">Avec de grands c\u00f4t\u00e9s en sisal \u00e0 gratter<\/div>\n<\/li>\n<li class=\"productDetailSpecification specificationColor2 fontScalingMobile\">\n<div class=\"productDetailSpecification specificationColor2 fontScalingMobile\">Avec \u00e9tages de repos confortables<\/div>\n<\/li>\n<li class=\"productDetailSpecification specificationColor2 fontScalingMobile\">\n<div class=\"productDetailSpecification specificationColor2 fontScalingMobile\">Avec deux ouvertures et des coussins doux \u00e0 l\u2019int\u00e9rieur<\/div>\n<\/li>\n<li class=\"productDetailSpecification specificationColor2 fontScalingMobile\">\n<div class=\"productDetailSpecification specificationColor2 fontScalingMobile\">Emball\u00e9 de mani\u00e8re compacte et facile \u00e0 monter<\/div>\n<\/li>\n<\/ul>\n","protected":false},"featured_media":10736,"template":"","meta":[],"product_brand":[],"product_cat":[137,316],"product_tag":[],"class_list":{"0":"post-10733","1":"product","2":"type-product","3":"status-publish","4":"has-post-thumbnail","6":"product_cat-arbre-a-chat","7":"product_cat-destockage","9":"first","10":"instock","11":"shipping-taxable","12":"product-type-external"},"yoast_head":"<!-- This site is optimized with the Yoast SEO plugin v27.4 - https:\/\/yoast.com\/product\/yoast-seo-wordpress\/ -->\n<title>Griffoir Comfort Cuby - Arboricat<\/title>\n<meta name=\"robots\" content=\"index, follow, max-snippet:-1, max-image-preview:large, max-video-preview:-1\" \/>\n<link rel=\"canonical\" href=\"https:\/\/arboricat.com\/fr\/produit\/griffoir-comfort-cuby\/\" \/>\n<meta property=\"og:locale\" content=\"fr_FR\" \/>\n<meta property=\"og:type\" content=\"article\" \/>\n<meta property=\"og:title\" content=\"Griffoir Comfort Cuby - Arboricat\" \/>\n<meta property=\"og:description\" content=\"&nbsp;    Bo\u00eete moderne et rectangulaire en feutre pour chats   Avec de grands c\u00f4t\u00e9s en sisal \u00e0 gratter   Avec \u00e9tages de repos confortables   Avec deux ouvertures et des coussins doux \u00e0 l\u2019int\u00e9rieur   Emball\u00e9 de mani\u00e8re compacte et facile \u00e0 monter\" \/>\n<meta property=\"og:url\" content=\"https:\/\/arboricat.com\/fr\/produit\/griffoir-comfort-cuby\/\" \/>\n<meta property=\"og:site_name\" content=\"Arboricat\" \/>\n<meta property=\"article:publisher\" content=\"https:\/\/www.facebook.com\/arboricat\" \/>\n<meta property=\"article:modified_time\" content=\"2025-07-29T10:50:15+00:00\" \/>\n<meta property=\"og:image\" content=\"https:\/\/arboricat.com\/wp-content\/uploads\/2021\/03\/cuby.jpg\" \/>\n\t<meta property=\"og:image:width\" content=\"800\" \/>\n\t<meta property=\"og:image:height\" content=\"800\" \/>\n\t<meta property=\"og:image:type\" content=\"image\/jpeg\" \/>\n<meta name=\"twitter:card\" content=\"summary_large_image\" \/>\n<meta name=\"twitter:label1\" content=\"Dur\u00e9e de lecture estim\u00e9e\" \/>\n\t<meta name=\"twitter:data1\" content=\"1 minute\" \/>\n<script type=\"application\/ld+json\" class=\"yoast-schema-graph\">{\"@context\":\"https:\\\/\\\/schema.org\",\"@graph\":[{\"@type\":\"WebPage\",\"@id\":\"https:\\\/\\\/arboricat.com\\\/fr\\\/produit\\\/griffoir-comfort-cuby\\\/\",\"url\":\"https:\\\/\\\/arboricat.com\\\/fr\\\/produit\\\/griffoir-comfort-cuby\\\/\",\"name\":\"Griffoir Comfort Cuby - Arboricat\",\"isPartOf\":{\"@id\":\"https:\\\/\\\/arboricat.com\\\/fr\\\/#website\"},\"primaryImageOfPage\":{\"@id\":\"https:\\\/\\\/arboricat.com\\\/fr\\\/produit\\\/griffoir-comfort-cuby\\\/#primaryimage\"},\"image\":{\"@id\":\"https:\\\/\\\/arboricat.com\\\/fr\\\/produit\\\/griffoir-comfort-cuby\\\/#primaryimage\"},\"thumbnailUrl\":\"https:\\\/\\\/arboricat.com\\\/wp-content\\\/uploads\\\/2021\\\/03\\\/cuby.jpg\",\"datePublished\":\"2021-03-30T15:07:02+00:00\",\"dateModified\":\"2025-07-29T10:50:15+00:00\",\"breadcrumb\":{\"@id\":\"https:\\\/\\\/arboricat.com\\\/fr\\\/produit\\\/griffoir-comfort-cuby\\\/#breadcrumb\"},\"inLanguage\":\"fr-FR\",\"potentialAction\":[{\"@type\":\"ReadAction\",\"target\":[\"https:\\\/\\\/arboricat.com\\\/fr\\\/produit\\\/griffoir-comfort-cuby\\\/\"]}]},{\"@type\":\"ImageObject\",\"inLanguage\":\"fr-FR\",\"@id\":\"https:\\\/\\\/arboricat.com\\\/fr\\\/produit\\\/griffoir-comfort-cuby\\\/#primaryimage\",\"url\":\"https:\\\/\\\/arboricat.com\\\/wp-content\\\/uploads\\\/2021\\\/03\\\/cuby.jpg\",\"contentUrl\":\"https:\\\/\\\/arboricat.com\\\/wp-content\\\/uploads\\\/2021\\\/03\\\/cuby.jpg\",\"width\":800,\"height\":800},{\"@type\":\"BreadcrumbList\",\"@id\":\"https:\\\/\\\/arboricat.com\\\/fr\\\/produit\\\/griffoir-comfort-cuby\\\/#breadcrumb\",\"itemListElement\":[{\"@type\":\"ListItem\",\"position\":1,\"name\":\"Accueil\",\"item\":\"https:\\\/\\\/arboricat.com\\\/fr\\\/\"},{\"@type\":\"ListItem\",\"position\":2,\"name\":\"Boutique\",\"item\":\"https:\\\/\\\/arboricat.com\\\/fr\\\/boutique\\\/\"},{\"@type\":\"ListItem\",\"position\":3,\"name\":\"Griffoir Comfort Cuby\"}]},{\"@type\":\"WebSite\",\"@id\":\"https:\\\/\\\/arboricat.com\\\/fr\\\/#website\",\"url\":\"https:\\\/\\\/arboricat.com\\\/fr\\\/\",\"name\":\"Arboricat\",\"description\":\"\",\"publisher\":{\"@id\":\"https:\\\/\\\/arboricat.com\\\/fr\\\/#organization\"},\"potentialAction\":[{\"@type\":\"SearchAction\",\"target\":{\"@type\":\"EntryPoint\",\"urlTemplate\":\"https:\\\/\\\/arboricat.com\\\/fr\\\/?s={search_term_string}\"},\"query-input\":{\"@type\":\"PropertyValueSpecification\",\"valueRequired\":true,\"valueName\":\"search_term_string\"}}],\"inLanguage\":\"fr-FR\"},{\"@type\":\"Organization\",\"@id\":\"https:\\\/\\\/arboricat.com\\\/fr\\\/#organization\",\"name\":\"Arboricat\",\"url\":\"https:\\\/\\\/arboricat.com\\\/fr\\\/\",\"logo\":{\"@type\":\"ImageObject\",\"inLanguage\":\"fr-FR\",\"@id\":\"https:\\\/\\\/arboricat.com\\\/fr\\\/#\\\/schema\\\/logo\\\/image\\\/\",\"url\":\"https:\\\/\\\/arboricat.com\\\/wp-content\\\/uploads\\\/2024\\\/07\\\/logo_696x696.png\",\"contentUrl\":\"https:\\\/\\\/arboricat.com\\\/wp-content\\\/uploads\\\/2024\\\/07\\\/logo_696x696.png\",\"width\":697,\"height\":697,\"caption\":\"Arboricat\"},\"image\":{\"@id\":\"https:\\\/\\\/arboricat.com\\\/fr\\\/#\\\/schema\\\/logo\\\/image\\\/\"},\"sameAs\":[\"https:\\\/\\\/www.facebook.com\\\/arboricat\",\"https:\\\/\\\/www.instagram.com\\\/arboricatdesign\\\/?hl=fra\"]}]}<\/script>\n<!-- \/ Yoast SEO plugin. -->","yoast_head_json":{"title":"Griffoir Comfort Cuby - Arboricat","robots":{"index":"index","follow":"follow","max-snippet":"max-snippet:-1","max-image-preview":"max-image-preview:large","max-video-preview":"max-video-preview:-1"},"canonical":"https:\/\/arboricat.com\/fr\/produit\/griffoir-comfort-cuby\/","og_locale":"fr_FR","og_type":"article","og_title":"Griffoir Comfort Cuby - Arboricat","og_description":"&nbsp;    Bo\u00eete moderne et rectangulaire en feutre pour chats   Avec de grands c\u00f4t\u00e9s en sisal \u00e0 gratter   Avec \u00e9tages de repos confortables   Avec deux ouvertures et des coussins doux \u00e0 l\u2019int\u00e9rieur   Emball\u00e9 de mani\u00e8re compacte et facile \u00e0 monter","og_url":"https:\/\/arboricat.com\/fr\/produit\/griffoir-comfort-cuby\/","og_site_name":"Arboricat","article_publisher":"https:\/\/www.facebook.com\/arboricat","article_modified_time":"2025-07-29T10:50:15+00:00","og_image":[{"width":800,"height":800,"url":"https:\/\/arboricat.com\/wp-content\/uploads\/2021\/03\/cuby.jpg","type":"image\/jpeg"}],"twitter_card":"summary_large_image","twitter_misc":{"Dur\u00e9e de lecture estim\u00e9e":"1 minute"},"schema":{"@context":"https:\/\/schema.org","@graph":[{"@type":"WebPage","@id":"https:\/\/arboricat.com\/fr\/produit\/griffoir-comfort-cuby\/","url":"https:\/\/arboricat.com\/fr\/produit\/griffoir-comfort-cuby\/","name":"Griffoir Comfort Cuby - Arboricat","isPartOf":{"@id":"https:\/\/arboricat.com\/fr\/#website"},"primaryImageOfPage":{"@id":"https:\/\/arboricat.com\/fr\/produit\/griffoir-comfort-cuby\/#primaryimage"},"image":{"@id":"https:\/\/arboricat.com\/fr\/produit\/griffoir-comfort-cuby\/#primaryimage"},"thumbnailUrl":"https:\/\/arboricat.com\/wp-content\/uploads\/2021\/03\/cuby.jpg","datePublished":"2021-03-30T15:07:02+00:00","dateModified":"2025-07-29T10:50:15+00:00","breadcrumb":{"@id":"https:\/\/arboricat.com\/fr\/produit\/griffoir-comfort-cuby\/#breadcrumb"},"inLanguage":"fr-FR","potentialAction":[{"@type":"ReadAction","target":["https:\/\/arboricat.com\/fr\/produit\/griffoir-comfort-cuby\/"]}]},{"@type":"ImageObject","inLanguage":"fr-FR","@id":"https:\/\/arboricat.com\/fr\/produit\/griffoir-comfort-cuby\/#primaryimage","url":"https:\/\/arboricat.com\/wp-content\/uploads\/2021\/03\/cuby.jpg","contentUrl":"https:\/\/arboricat.com\/wp-content\/uploads\/2021\/03\/cuby.jpg","width":800,"height":800},{"@type":"BreadcrumbList","@id":"https:\/\/arboricat.com\/fr\/produit\/griffoir-comfort-cuby\/#breadcrumb","itemListElement":[{"@type":"ListItem","position":1,"name":"Accueil","item":"https:\/\/arboricat.com\/fr\/"},{"@type":"ListItem","position":2,"name":"Boutique","item":"https:\/\/arboricat.com\/fr\/boutique\/"},{"@type":"ListItem","position":3,"name":"Griffoir Comfort Cuby"}]},{"@type":"WebSite","@id":"https:\/\/arboricat.com\/fr\/#website","url":"https:\/\/arboricat.com\/fr\/","name":"Arboricat","description":"","publisher":{"@id":"https:\/\/arboricat.com\/fr\/#organization"},"potentialAction":[{"@type":"SearchAction","target":{"@type":"EntryPoint","urlTemplate":"https:\/\/arboricat.com\/fr\/?s={search_term_string}"},"query-input":{"@type":"PropertyValueSpecification","valueRequired":true,"valueName":"search_term_string"}}],"inLanguage":"fr-FR"},{"@type":"Organization","@id":"https:\/\/arboricat.com\/fr\/#organization","name":"Arboricat","url":"https:\/\/arboricat.com\/fr\/","logo":{"@type":"ImageObject","inLanguage":"fr-FR","@id":"https:\/\/arboricat.com\/fr\/#\/schema\/logo\/image\/","url":"https:\/\/arboricat.com\/wp-content\/uploads\/2024\/07\/logo_696x696.png","contentUrl":"https:\/\/arboricat.com\/wp-content\/uploads\/2024\/07\/logo_696x696.png","width":697,"height":697,"caption":"Arboricat"},"image":{"@id":"https:\/\/arboricat.com\/fr\/#\/schema\/logo\/image\/"},"sameAs":["https:\/\/www.facebook.com\/arboricat","https:\/\/www.instagram.com\/arboricatdesign\/?hl=fra"]}]}},"_links":{"self":[{"href":"https:\/\/arboricat.com\/fr\/wp-json\/wp\/v2\/product\/10733","targetHints":{"allow":["GET"]}}],"collection":[{"href":"https:\/\/arboricat.com\/fr\/wp-json\/wp\/v2\/product"}],"about":[{"href":"https:\/\/arboricat.com\/fr\/wp-json\/wp\/v2\/types\/product"}],"version-history":[{"count":2,"href":"https:\/\/arboricat.com\/fr\/wp-json\/wp\/v2\/product\/10733\/revisions"}],"predecessor-version":[{"id":40763,"href":"https:\/\/arboricat.com\/fr\/wp-json\/wp\/v2\/product\/10733\/revisions\/40763"}],"wp:featuredmedia":[{"embeddable":true,"href":"https:\/\/arboricat.com\/fr\/wp-json\/wp\/v2\/media\/10736"}],"wp:attachment":[{"href":"https:\/\/arboricat.com\/fr\/wp-json\/wp\/v2\/media?parent=10733"}],"wp:term":[{"taxonomy":"product_brand","embeddable":true,"href":"https:\/\/arboricat.com\/fr\/wp-json\/wp\/v2\/product_brand?post=10733"},{"taxonomy":"product_cat","embeddable":true,"href":"https:\/\/arboricat.com\/fr\/wp-json\/wp\/v2\/product_cat?post=10733"},{"taxonomy":"product_tag","embeddable":true,"href":"https:\/\/arboricat.com\/fr\/wp-json\/wp\/v2\/product_tag?post=10733"}],"curies":[{"name":"wp","href":"https:\/\/api.w.org\/{rel}","templated":true}]}}