{"id":10757,"date":"2021-03-31T09:38:29","date_gmt":"2021-03-31T09:38:29","guid":{"rendered":"https:\/\/arboricat.com\/?post_type=product&#038;p=10757"},"modified":"2025-07-29T10:58:39","modified_gmt":"2025-07-29T10:58:39","slug":"arbre-a-chat-bareli","status":"publish","type":"product","link":"https:\/\/arboricat.com\/fr\/produit\/arbre-a-chat-bareli\/","title":{"rendered":"Arbre \u00e0 chat Bareli"},"content":{"rendered":"<p>L\u2019arbre \u00e0 chat Bareli est un arbre \u00e0 chat luxueux fait \u00e0 partir de jacinthe d\u2019eau. Ce mat\u00e9riau noble est accompagn\u00e9 de tronc recouvert de sisal, une mati\u00e8re naturelle et robuste permettant aux chats de retirer la couche sup\u00e9rieure de leurs griffes et d&rsquo;ainsi emp\u00eacher leur croissance. Deux jouets et une corde sont inclus pour que votre chat puisse s&rsquo;amuser avec son arbre. Un oreiller en peluche doux est dispos\u00e9 au sommet pour qu&rsquo;il puisse y dormir apr\u00e8s avoir jou\u00e9 et gratt\u00e9.<\/p>\n","protected":false},"excerpt":{"rendered":"<p>&nbsp;<\/p>\n<ul>\n<li>Taille de la base : 68 x 48 cm<\/li>\n<li>Auteur : 170 cm<\/li>\n<li>Tronc en sisal : 9 cm<\/li>\n<li>Exp\u00e9di\u00e9 dans deux boites diff\u00e9rentes<\/li>\n<\/ul>\n","protected":false},"featured_media":40547,"template":"","meta":[],"product_brand":[],"product_cat":[137,302,298,316,299],"product_tag":[],"class_list":{"0":"post-10757","1":"product","2":"type-product","3":"status-publish","4":"has-post-thumbnail","6":"product_cat-arbre-a-chat","7":"product_cat-arbre-a-chat-design","8":"product_cat-arbre-a-chat-maine-coon","9":"product_cat-destockage","10":"product_cat-xxl","12":"first","13":"instock","14":"shipping-taxable","15":"product-type-external"},"yoast_head":"<!-- This site is optimized with the Yoast SEO plugin v27.5 - https:\/\/yoast.com\/product\/yoast-seo-wordpress\/ -->\n<title>Arbre \u00e0 chat Bareli - Arboricat<\/title>\n<meta name=\"description\" content=\"L&#039;arbre \u00e0 chat Bareli est id\u00e9al pour les chats. Il leur offre confort et plaisir avec sa cachette, ses zones de repos et ses jouets.\" \/>\n<meta name=\"robots\" content=\"index, follow, max-snippet:-1, max-image-preview:large, max-video-preview:-1\" \/>\n<link rel=\"canonical\" href=\"https:\/\/arboricat.com\/fr\/produit\/arbre-a-chat-bareli\/\" \/>\n<meta property=\"og:locale\" content=\"fr_FR\" \/>\n<meta property=\"og:type\" content=\"article\" \/>\n<meta property=\"og:title\" content=\"Arbre \u00e0 chat Bareli - Arboricat\" \/>\n<meta property=\"og:description\" content=\"L&#039;arbre \u00e0 chat Bareli est id\u00e9al pour les chats. Il leur offre confort et plaisir avec sa cachette, ses zones de repos et ses jouets.\" \/>\n<meta property=\"og:url\" content=\"https:\/\/arboricat.com\/fr\/produit\/arbre-a-chat-bareli\/\" \/>\n<meta property=\"og:site_name\" content=\"Arboricat\" \/>\n<meta property=\"article:publisher\" content=\"https:\/\/www.facebook.com\/arboricat\" \/>\n<meta property=\"article:modified_time\" content=\"2025-07-29T10:58:39+00:00\" \/>\n<meta property=\"og:image\" content=\"https:\/\/arboricat.com\/wp-content\/uploads\/2021\/03\/nobby-pet_63235-96.jpg\" \/>\n\t<meta property=\"og:image:width\" content=\"1800\" \/>\n\t<meta property=\"og:image:height\" content=\"1800\" \/>\n\t<meta property=\"og:image:type\" content=\"image\/jpeg\" \/>\n<meta name=\"twitter:card\" content=\"summary_large_image\" \/>\n<meta name=\"twitter:label1\" content=\"Dur\u00e9e de lecture estim\u00e9e\" \/>\n\t<meta name=\"twitter:data1\" content=\"1 minute\" \/>\n<script type=\"application\/ld+json\" class=\"yoast-schema-graph\">{\"@context\":\"https:\\\/\\\/schema.org\",\"@graph\":[{\"@type\":\"WebPage\",\"@id\":\"https:\\\/\\\/arboricat.com\\\/fr\\\/produit\\\/arbre-a-chat-bareli\\\/\",\"url\":\"https:\\\/\\\/arboricat.com\\\/fr\\\/produit\\\/arbre-a-chat-bareli\\\/\",\"name\":\"Arbre \u00e0 chat Bareli - Arboricat\",\"isPartOf\":{\"@id\":\"https:\\\/\\\/arboricat.com\\\/fr\\\/#website\"},\"primaryImageOfPage\":{\"@id\":\"https:\\\/\\\/arboricat.com\\\/fr\\\/produit\\\/arbre-a-chat-bareli\\\/#primaryimage\"},\"image\":{\"@id\":\"https:\\\/\\\/arboricat.com\\\/fr\\\/produit\\\/arbre-a-chat-bareli\\\/#primaryimage\"},\"thumbnailUrl\":\"https:\\\/\\\/arboricat.com\\\/wp-content\\\/uploads\\\/2021\\\/03\\\/nobby-pet_63235-96.jpg\",\"datePublished\":\"2021-03-31T09:38:29+00:00\",\"dateModified\":\"2025-07-29T10:58:39+00:00\",\"description\":\"L'arbre \u00e0 chat Bareli est id\u00e9al pour les chats. Il leur offre confort et plaisir avec sa cachette, ses zones de repos et ses jouets.\",\"breadcrumb\":{\"@id\":\"https:\\\/\\\/arboricat.com\\\/fr\\\/produit\\\/arbre-a-chat-bareli\\\/#breadcrumb\"},\"inLanguage\":\"fr-FR\",\"potentialAction\":[{\"@type\":\"ReadAction\",\"target\":[\"https:\\\/\\\/arboricat.com\\\/fr\\\/produit\\\/arbre-a-chat-bareli\\\/\"]}]},{\"@type\":\"ImageObject\",\"inLanguage\":\"fr-FR\",\"@id\":\"https:\\\/\\\/arboricat.com\\\/fr\\\/produit\\\/arbre-a-chat-bareli\\\/#primaryimage\",\"url\":\"https:\\\/\\\/arboricat.com\\\/wp-content\\\/uploads\\\/2021\\\/03\\\/nobby-pet_63235-96.jpg\",\"contentUrl\":\"https:\\\/\\\/arboricat.com\\\/wp-content\\\/uploads\\\/2021\\\/03\\\/nobby-pet_63235-96.jpg\",\"width\":1800,\"height\":1800},{\"@type\":\"BreadcrumbList\",\"@id\":\"https:\\\/\\\/arboricat.com\\\/fr\\\/produit\\\/arbre-a-chat-bareli\\\/#breadcrumb\",\"itemListElement\":[{\"@type\":\"ListItem\",\"position\":1,\"name\":\"Accueil\",\"item\":\"https:\\\/\\\/arboricat.com\\\/fr\\\/\"},{\"@type\":\"ListItem\",\"position\":2,\"name\":\"Boutique\",\"item\":\"https:\\\/\\\/arboricat.com\\\/fr\\\/boutique\\\/\"},{\"@type\":\"ListItem\",\"position\":3,\"name\":\"Arbre \u00e0 chat Bareli\"}]},{\"@type\":\"WebSite\",\"@id\":\"https:\\\/\\\/arboricat.com\\\/fr\\\/#website\",\"url\":\"https:\\\/\\\/arboricat.com\\\/fr\\\/\",\"name\":\"Arboricat\",\"description\":\"\",\"publisher\":{\"@id\":\"https:\\\/\\\/arboricat.com\\\/fr\\\/#organization\"},\"potentialAction\":[{\"@type\":\"SearchAction\",\"target\":{\"@type\":\"EntryPoint\",\"urlTemplate\":\"https:\\\/\\\/arboricat.com\\\/fr\\\/?s={search_term_string}\"},\"query-input\":{\"@type\":\"PropertyValueSpecification\",\"valueRequired\":true,\"valueName\":\"search_term_string\"}}],\"inLanguage\":\"fr-FR\"},{\"@type\":\"Organization\",\"@id\":\"https:\\\/\\\/arboricat.com\\\/fr\\\/#organization\",\"name\":\"Arboricat\",\"url\":\"https:\\\/\\\/arboricat.com\\\/fr\\\/\",\"logo\":{\"@type\":\"ImageObject\",\"inLanguage\":\"fr-FR\",\"@id\":\"https:\\\/\\\/arboricat.com\\\/fr\\\/#\\\/schema\\\/logo\\\/image\\\/\",\"url\":\"https:\\\/\\\/arboricat.com\\\/wp-content\\\/uploads\\\/2024\\\/07\\\/logo_696x696.png\",\"contentUrl\":\"https:\\\/\\\/arboricat.com\\\/wp-content\\\/uploads\\\/2024\\\/07\\\/logo_696x696.png\",\"width\":697,\"height\":697,\"caption\":\"Arboricat\"},\"image\":{\"@id\":\"https:\\\/\\\/arboricat.com\\\/fr\\\/#\\\/schema\\\/logo\\\/image\\\/\"},\"sameAs\":[\"https:\\\/\\\/www.facebook.com\\\/arboricat\",\"https:\\\/\\\/www.instagram.com\\\/arboricatdesign\\\/?hl=fra\"]}]}<\/script>\n<!-- \/ Yoast SEO plugin. -->","yoast_head_json":{"title":"Arbre \u00e0 chat Bareli - Arboricat","description":"L'arbre \u00e0 chat Bareli est id\u00e9al pour les chats. Il leur offre confort et plaisir avec sa cachette, ses zones de repos et ses jouets.","robots":{"index":"index","follow":"follow","max-snippet":"max-snippet:-1","max-image-preview":"max-image-preview:large","max-video-preview":"max-video-preview:-1"},"canonical":"https:\/\/arboricat.com\/fr\/produit\/arbre-a-chat-bareli\/","og_locale":"fr_FR","og_type":"article","og_title":"Arbre \u00e0 chat Bareli - Arboricat","og_description":"L'arbre \u00e0 chat Bareli est id\u00e9al pour les chats. Il leur offre confort et plaisir avec sa cachette, ses zones de repos et ses jouets.","og_url":"https:\/\/arboricat.com\/fr\/produit\/arbre-a-chat-bareli\/","og_site_name":"Arboricat","article_publisher":"https:\/\/www.facebook.com\/arboricat","article_modified_time":"2025-07-29T10:58:39+00:00","og_image":[{"width":1800,"height":1800,"url":"https:\/\/arboricat.com\/wp-content\/uploads\/2021\/03\/nobby-pet_63235-96.jpg","type":"image\/jpeg"}],"twitter_card":"summary_large_image","twitter_misc":{"Dur\u00e9e de lecture estim\u00e9e":"1 minute"},"schema":{"@context":"https:\/\/schema.org","@graph":[{"@type":"WebPage","@id":"https:\/\/arboricat.com\/fr\/produit\/arbre-a-chat-bareli\/","url":"https:\/\/arboricat.com\/fr\/produit\/arbre-a-chat-bareli\/","name":"Arbre \u00e0 chat Bareli - Arboricat","isPartOf":{"@id":"https:\/\/arboricat.com\/fr\/#website"},"primaryImageOfPage":{"@id":"https:\/\/arboricat.com\/fr\/produit\/arbre-a-chat-bareli\/#primaryimage"},"image":{"@id":"https:\/\/arboricat.com\/fr\/produit\/arbre-a-chat-bareli\/#primaryimage"},"thumbnailUrl":"https:\/\/arboricat.com\/wp-content\/uploads\/2021\/03\/nobby-pet_63235-96.jpg","datePublished":"2021-03-31T09:38:29+00:00","dateModified":"2025-07-29T10:58:39+00:00","description":"L'arbre \u00e0 chat Bareli est id\u00e9al pour les chats. Il leur offre confort et plaisir avec sa cachette, ses zones de repos et ses jouets.","breadcrumb":{"@id":"https:\/\/arboricat.com\/fr\/produit\/arbre-a-chat-bareli\/#breadcrumb"},"inLanguage":"fr-FR","potentialAction":[{"@type":"ReadAction","target":["https:\/\/arboricat.com\/fr\/produit\/arbre-a-chat-bareli\/"]}]},{"@type":"ImageObject","inLanguage":"fr-FR","@id":"https:\/\/arboricat.com\/fr\/produit\/arbre-a-chat-bareli\/#primaryimage","url":"https:\/\/arboricat.com\/wp-content\/uploads\/2021\/03\/nobby-pet_63235-96.jpg","contentUrl":"https:\/\/arboricat.com\/wp-content\/uploads\/2021\/03\/nobby-pet_63235-96.jpg","width":1800,"height":1800},{"@type":"BreadcrumbList","@id":"https:\/\/arboricat.com\/fr\/produit\/arbre-a-chat-bareli\/#breadcrumb","itemListElement":[{"@type":"ListItem","position":1,"name":"Accueil","item":"https:\/\/arboricat.com\/fr\/"},{"@type":"ListItem","position":2,"name":"Boutique","item":"https:\/\/arboricat.com\/fr\/boutique\/"},{"@type":"ListItem","position":3,"name":"Arbre \u00e0 chat Bareli"}]},{"@type":"WebSite","@id":"https:\/\/arboricat.com\/fr\/#website","url":"https:\/\/arboricat.com\/fr\/","name":"Arboricat","description":"","publisher":{"@id":"https:\/\/arboricat.com\/fr\/#organization"},"potentialAction":[{"@type":"SearchAction","target":{"@type":"EntryPoint","urlTemplate":"https:\/\/arboricat.com\/fr\/?s={search_term_string}"},"query-input":{"@type":"PropertyValueSpecification","valueRequired":true,"valueName":"search_term_string"}}],"inLanguage":"fr-FR"},{"@type":"Organization","@id":"https:\/\/arboricat.com\/fr\/#organization","name":"Arboricat","url":"https:\/\/arboricat.com\/fr\/","logo":{"@type":"ImageObject","inLanguage":"fr-FR","@id":"https:\/\/arboricat.com\/fr\/#\/schema\/logo\/image\/","url":"https:\/\/arboricat.com\/wp-content\/uploads\/2024\/07\/logo_696x696.png","contentUrl":"https:\/\/arboricat.com\/wp-content\/uploads\/2024\/07\/logo_696x696.png","width":697,"height":697,"caption":"Arboricat"},"image":{"@id":"https:\/\/arboricat.com\/fr\/#\/schema\/logo\/image\/"},"sameAs":["https:\/\/www.facebook.com\/arboricat","https:\/\/www.instagram.com\/arboricatdesign\/?hl=fra"]}]}},"_links":{"self":[{"href":"https:\/\/arboricat.com\/fr\/wp-json\/wp\/v2\/product\/10757","targetHints":{"allow":["GET"]}}],"collection":[{"href":"https:\/\/arboricat.com\/fr\/wp-json\/wp\/v2\/product"}],"about":[{"href":"https:\/\/arboricat.com\/fr\/wp-json\/wp\/v2\/types\/product"}],"version-history":[{"count":3,"href":"https:\/\/arboricat.com\/fr\/wp-json\/wp\/v2\/product\/10757\/revisions"}],"predecessor-version":[{"id":40764,"href":"https:\/\/arboricat.com\/fr\/wp-json\/wp\/v2\/product\/10757\/revisions\/40764"}],"wp:featuredmedia":[{"embeddable":true,"href":"https:\/\/arboricat.com\/fr\/wp-json\/wp\/v2\/media\/40547"}],"wp:attachment":[{"href":"https:\/\/arboricat.com\/fr\/wp-json\/wp\/v2\/media?parent=10757"}],"wp:term":[{"taxonomy":"product_brand","embeddable":true,"href":"https:\/\/arboricat.com\/fr\/wp-json\/wp\/v2\/product_brand?post=10757"},{"taxonomy":"product_cat","embeddable":true,"href":"https:\/\/arboricat.com\/fr\/wp-json\/wp\/v2\/product_cat?post=10757"},{"taxonomy":"product_tag","embeddable":true,"href":"https:\/\/arboricat.com\/fr\/wp-json\/wp\/v2\/product_tag?post=10757"}],"curies":[{"name":"wp","href":"https:\/\/api.w.org\/{rel}","templated":true}]}}