{"id":10767,"date":"2021-03-31T10:20:25","date_gmt":"2021-03-31T10:20:25","guid":{"rendered":"https:\/\/arboricat.com\/?post_type=product&#038;p=10767"},"modified":"2025-10-07T15:31:33","modified_gmt":"2025-10-07T15:31:33","slug":"griffoir-classic","status":"publish","type":"product","link":"https:\/\/arboricat.com\/fr\/produit\/griffoir-classic\/","title":{"rendered":"Griffoir natural harmony jute"},"content":{"rendered":"<p>Le Trend Harmony est un griffoir simple, mais r\u00e9sistant. Le tronc est recouvert de toile de jute coll\u00e9e douce et tr\u00e8s r\u00e9sistante qui permet au chat d\u2019\u00f4ter la couche sup\u00e9rieure \u00e9cailleuse de ses ongles. Le plateau de base est ultra-doux. Une balle est fix\u00e9e \u00e0 un \u00e9lastique en haut du griffoir afin de mettre votre chat au d\u00e9fi de venir y gratter ses ongles et jouer.<\/p>\n","protected":false},"excerpt":{"rendered":"<p>\u23f3 Temps de livraison estim\u00e9 : 7-10j<\/p>\n<ul>\n<li class=\"productDetailSpecification specificationColor{$color} fontScalingMobile\">Griffoir compos\u00e9 de couches r\u00e9sistantes en jacinthe d\u2019eau<\/li>\n<li class=\"productDetailSpecification specificationColor{$color} fontScalingMobile\">Corde de jute r\u00e9sistante coll\u00e9e au poteau<\/li>\n<li class=\"productDetailSpecification specificationColor{$color} fontScalingMobile\">Base en toile de jute<\/li>\n<li class=\"productDetailSpecification specificationColor{$color} fontScalingMobile\">Tronc de \u00d8 75\u00a0mm<\/li>\n<li class=\"productDetailSpecification specificationColor{$color} fontScalingMobile\">Convient pour les chatons et les chats (d\u2019int\u00e9rieur) actifs<\/li>\n<\/ul>\n","protected":false},"featured_media":15625,"template":"","meta":[],"product_brand":[],"product_cat":[316,160],"product_tag":[],"class_list":{"0":"post-10767","1":"product","2":"type-product","3":"status-publish","4":"has-post-thumbnail","6":"product_cat-destockage","7":"product_cat-griffoirs","9":"first","10":"instock","11":"shipping-taxable","12":"product-type-external"},"yoast_head":"<!-- This site is optimized with the Yoast SEO plugin v27.4 - https:\/\/yoast.com\/product\/yoast-seo-wordpress\/ -->\n<title>Griffoir natural harmony jute - Arboricat<\/title>\n<meta name=\"description\" content=\"Le Trend Harmony est un griffoir simple, mais r\u00e9sistant. Le tronc est recouvert de toile de jute coll\u00e9e douce et tr\u00e8s r\u00e9sistante qui permet au chat d\u2019\u00f4ter la couche sup\u00e9rieure \u00e9cailleuse de ses ongles.\" \/>\n<meta name=\"robots\" content=\"index, follow, max-snippet:-1, max-image-preview:large, max-video-preview:-1\" \/>\n<link rel=\"canonical\" href=\"https:\/\/arboricat.com\/fr\/produit\/griffoir-classic\/\" \/>\n<meta property=\"og:locale\" content=\"fr_FR\" \/>\n<meta property=\"og:type\" content=\"article\" \/>\n<meta property=\"og:title\" content=\"Griffoir natural harmony jute - Arboricat\" \/>\n<meta property=\"og:description\" content=\"Le Trend Harmony est un griffoir simple, mais r\u00e9sistant. Le tronc est recouvert de toile de jute coll\u00e9e douce et tr\u00e8s r\u00e9sistante qui permet au chat d\u2019\u00f4ter la couche sup\u00e9rieure \u00e9cailleuse de ses ongles.\" \/>\n<meta property=\"og:url\" content=\"https:\/\/arboricat.com\/fr\/produit\/griffoir-classic\/\" \/>\n<meta property=\"og:site_name\" content=\"Arboricat\" \/>\n<meta property=\"article:publisher\" content=\"https:\/\/www.facebook.com\/arboricat\" \/>\n<meta property=\"article:modified_time\" content=\"2025-10-07T15:31:33+00:00\" \/>\n<meta property=\"og:image\" content=\"https:\/\/arboricat.com\/wp-content\/uploads\/2021\/03\/4047059407011_prd_webl-1.jpg\" \/>\n\t<meta property=\"og:image:width\" content=\"1349\" \/>\n\t<meta property=\"og:image:height\" content=\"1349\" \/>\n\t<meta property=\"og:image:type\" content=\"image\/jpeg\" \/>\n<meta name=\"twitter:card\" content=\"summary_large_image\" \/>\n<meta name=\"twitter:label1\" content=\"Dur\u00e9e de lecture estim\u00e9e\" \/>\n\t<meta name=\"twitter:data1\" content=\"1 minute\" \/>\n<script type=\"application\/ld+json\" class=\"yoast-schema-graph\">{\"@context\":\"https:\\\/\\\/schema.org\",\"@graph\":[{\"@type\":\"WebPage\",\"@id\":\"https:\\\/\\\/arboricat.com\\\/fr\\\/produit\\\/griffoir-classic\\\/\",\"url\":\"https:\\\/\\\/arboricat.com\\\/fr\\\/produit\\\/griffoir-classic\\\/\",\"name\":\"Griffoir natural harmony jute - Arboricat\",\"isPartOf\":{\"@id\":\"https:\\\/\\\/arboricat.com\\\/fr\\\/#website\"},\"primaryImageOfPage\":{\"@id\":\"https:\\\/\\\/arboricat.com\\\/fr\\\/produit\\\/griffoir-classic\\\/#primaryimage\"},\"image\":{\"@id\":\"https:\\\/\\\/arboricat.com\\\/fr\\\/produit\\\/griffoir-classic\\\/#primaryimage\"},\"thumbnailUrl\":\"https:\\\/\\\/arboricat.com\\\/wp-content\\\/uploads\\\/2021\\\/03\\\/4047059407011_prd_webl-1.jpg\",\"datePublished\":\"2021-03-31T10:20:25+00:00\",\"dateModified\":\"2025-10-07T15:31:33+00:00\",\"description\":\"Le Trend Harmony est un griffoir simple, mais r\u00e9sistant. Le tronc est recouvert de toile de jute coll\u00e9e douce et tr\u00e8s r\u00e9sistante qui permet au chat d\u2019\u00f4ter la couche sup\u00e9rieure \u00e9cailleuse de ses ongles.\",\"breadcrumb\":{\"@id\":\"https:\\\/\\\/arboricat.com\\\/fr\\\/produit\\\/griffoir-classic\\\/#breadcrumb\"},\"inLanguage\":\"fr-FR\",\"potentialAction\":[{\"@type\":\"ReadAction\",\"target\":[\"https:\\\/\\\/arboricat.com\\\/fr\\\/produit\\\/griffoir-classic\\\/\"]}]},{\"@type\":\"ImageObject\",\"inLanguage\":\"fr-FR\",\"@id\":\"https:\\\/\\\/arboricat.com\\\/fr\\\/produit\\\/griffoir-classic\\\/#primaryimage\",\"url\":\"https:\\\/\\\/arboricat.com\\\/wp-content\\\/uploads\\\/2021\\\/03\\\/4047059407011_prd_webl-1.jpg\",\"contentUrl\":\"https:\\\/\\\/arboricat.com\\\/wp-content\\\/uploads\\\/2021\\\/03\\\/4047059407011_prd_webl-1.jpg\",\"width\":1349,\"height\":1349},{\"@type\":\"BreadcrumbList\",\"@id\":\"https:\\\/\\\/arboricat.com\\\/fr\\\/produit\\\/griffoir-classic\\\/#breadcrumb\",\"itemListElement\":[{\"@type\":\"ListItem\",\"position\":1,\"name\":\"Accueil\",\"item\":\"https:\\\/\\\/arboricat.com\\\/fr\\\/\"},{\"@type\":\"ListItem\",\"position\":2,\"name\":\"Boutique\",\"item\":\"https:\\\/\\\/arboricat.com\\\/fr\\\/boutique\\\/\"},{\"@type\":\"ListItem\",\"position\":3,\"name\":\"Griffoir natural harmony jute\"}]},{\"@type\":\"WebSite\",\"@id\":\"https:\\\/\\\/arboricat.com\\\/fr\\\/#website\",\"url\":\"https:\\\/\\\/arboricat.com\\\/fr\\\/\",\"name\":\"Arboricat\",\"description\":\"\",\"publisher\":{\"@id\":\"https:\\\/\\\/arboricat.com\\\/fr\\\/#organization\"},\"potentialAction\":[{\"@type\":\"SearchAction\",\"target\":{\"@type\":\"EntryPoint\",\"urlTemplate\":\"https:\\\/\\\/arboricat.com\\\/fr\\\/?s={search_term_string}\"},\"query-input\":{\"@type\":\"PropertyValueSpecification\",\"valueRequired\":true,\"valueName\":\"search_term_string\"}}],\"inLanguage\":\"fr-FR\"},{\"@type\":\"Organization\",\"@id\":\"https:\\\/\\\/arboricat.com\\\/fr\\\/#organization\",\"name\":\"Arboricat\",\"url\":\"https:\\\/\\\/arboricat.com\\\/fr\\\/\",\"logo\":{\"@type\":\"ImageObject\",\"inLanguage\":\"fr-FR\",\"@id\":\"https:\\\/\\\/arboricat.com\\\/fr\\\/#\\\/schema\\\/logo\\\/image\\\/\",\"url\":\"https:\\\/\\\/arboricat.com\\\/wp-content\\\/uploads\\\/2024\\\/07\\\/logo_696x696.png\",\"contentUrl\":\"https:\\\/\\\/arboricat.com\\\/wp-content\\\/uploads\\\/2024\\\/07\\\/logo_696x696.png\",\"width\":697,\"height\":697,\"caption\":\"Arboricat\"},\"image\":{\"@id\":\"https:\\\/\\\/arboricat.com\\\/fr\\\/#\\\/schema\\\/logo\\\/image\\\/\"},\"sameAs\":[\"https:\\\/\\\/www.facebook.com\\\/arboricat\",\"https:\\\/\\\/www.instagram.com\\\/arboricatdesign\\\/?hl=fra\"]}]}<\/script>\n<!-- \/ Yoast SEO plugin. -->","yoast_head_json":{"title":"Griffoir natural harmony jute - Arboricat","description":"Le Trend Harmony est un griffoir simple, mais r\u00e9sistant. Le tronc est recouvert de toile de jute coll\u00e9e douce et tr\u00e8s r\u00e9sistante qui permet au chat d\u2019\u00f4ter la couche sup\u00e9rieure \u00e9cailleuse de ses ongles.","robots":{"index":"index","follow":"follow","max-snippet":"max-snippet:-1","max-image-preview":"max-image-preview:large","max-video-preview":"max-video-preview:-1"},"canonical":"https:\/\/arboricat.com\/fr\/produit\/griffoir-classic\/","og_locale":"fr_FR","og_type":"article","og_title":"Griffoir natural harmony jute - Arboricat","og_description":"Le Trend Harmony est un griffoir simple, mais r\u00e9sistant. Le tronc est recouvert de toile de jute coll\u00e9e douce et tr\u00e8s r\u00e9sistante qui permet au chat d\u2019\u00f4ter la couche sup\u00e9rieure \u00e9cailleuse de ses ongles.","og_url":"https:\/\/arboricat.com\/fr\/produit\/griffoir-classic\/","og_site_name":"Arboricat","article_publisher":"https:\/\/www.facebook.com\/arboricat","article_modified_time":"2025-10-07T15:31:33+00:00","og_image":[{"width":1349,"height":1349,"url":"https:\/\/arboricat.com\/wp-content\/uploads\/2021\/03\/4047059407011_prd_webl-1.jpg","type":"image\/jpeg"}],"twitter_card":"summary_large_image","twitter_misc":{"Dur\u00e9e de lecture estim\u00e9e":"1 minute"},"schema":{"@context":"https:\/\/schema.org","@graph":[{"@type":"WebPage","@id":"https:\/\/arboricat.com\/fr\/produit\/griffoir-classic\/","url":"https:\/\/arboricat.com\/fr\/produit\/griffoir-classic\/","name":"Griffoir natural harmony jute - Arboricat","isPartOf":{"@id":"https:\/\/arboricat.com\/fr\/#website"},"primaryImageOfPage":{"@id":"https:\/\/arboricat.com\/fr\/produit\/griffoir-classic\/#primaryimage"},"image":{"@id":"https:\/\/arboricat.com\/fr\/produit\/griffoir-classic\/#primaryimage"},"thumbnailUrl":"https:\/\/arboricat.com\/wp-content\/uploads\/2021\/03\/4047059407011_prd_webl-1.jpg","datePublished":"2021-03-31T10:20:25+00:00","dateModified":"2025-10-07T15:31:33+00:00","description":"Le Trend Harmony est un griffoir simple, mais r\u00e9sistant. Le tronc est recouvert de toile de jute coll\u00e9e douce et tr\u00e8s r\u00e9sistante qui permet au chat d\u2019\u00f4ter la couche sup\u00e9rieure \u00e9cailleuse de ses ongles.","breadcrumb":{"@id":"https:\/\/arboricat.com\/fr\/produit\/griffoir-classic\/#breadcrumb"},"inLanguage":"fr-FR","potentialAction":[{"@type":"ReadAction","target":["https:\/\/arboricat.com\/fr\/produit\/griffoir-classic\/"]}]},{"@type":"ImageObject","inLanguage":"fr-FR","@id":"https:\/\/arboricat.com\/fr\/produit\/griffoir-classic\/#primaryimage","url":"https:\/\/arboricat.com\/wp-content\/uploads\/2021\/03\/4047059407011_prd_webl-1.jpg","contentUrl":"https:\/\/arboricat.com\/wp-content\/uploads\/2021\/03\/4047059407011_prd_webl-1.jpg","width":1349,"height":1349},{"@type":"BreadcrumbList","@id":"https:\/\/arboricat.com\/fr\/produit\/griffoir-classic\/#breadcrumb","itemListElement":[{"@type":"ListItem","position":1,"name":"Accueil","item":"https:\/\/arboricat.com\/fr\/"},{"@type":"ListItem","position":2,"name":"Boutique","item":"https:\/\/arboricat.com\/fr\/boutique\/"},{"@type":"ListItem","position":3,"name":"Griffoir natural harmony jute"}]},{"@type":"WebSite","@id":"https:\/\/arboricat.com\/fr\/#website","url":"https:\/\/arboricat.com\/fr\/","name":"Arboricat","description":"","publisher":{"@id":"https:\/\/arboricat.com\/fr\/#organization"},"potentialAction":[{"@type":"SearchAction","target":{"@type":"EntryPoint","urlTemplate":"https:\/\/arboricat.com\/fr\/?s={search_term_string}"},"query-input":{"@type":"PropertyValueSpecification","valueRequired":true,"valueName":"search_term_string"}}],"inLanguage":"fr-FR"},{"@type":"Organization","@id":"https:\/\/arboricat.com\/fr\/#organization","name":"Arboricat","url":"https:\/\/arboricat.com\/fr\/","logo":{"@type":"ImageObject","inLanguage":"fr-FR","@id":"https:\/\/arboricat.com\/fr\/#\/schema\/logo\/image\/","url":"https:\/\/arboricat.com\/wp-content\/uploads\/2024\/07\/logo_696x696.png","contentUrl":"https:\/\/arboricat.com\/wp-content\/uploads\/2024\/07\/logo_696x696.png","width":697,"height":697,"caption":"Arboricat"},"image":{"@id":"https:\/\/arboricat.com\/fr\/#\/schema\/logo\/image\/"},"sameAs":["https:\/\/www.facebook.com\/arboricat","https:\/\/www.instagram.com\/arboricatdesign\/?hl=fra"]}]}},"_links":{"self":[{"href":"https:\/\/arboricat.com\/fr\/wp-json\/wp\/v2\/product\/10767","targetHints":{"allow":["GET"]}}],"collection":[{"href":"https:\/\/arboricat.com\/fr\/wp-json\/wp\/v2\/product"}],"about":[{"href":"https:\/\/arboricat.com\/fr\/wp-json\/wp\/v2\/types\/product"}],"version-history":[{"count":1,"href":"https:\/\/arboricat.com\/fr\/wp-json\/wp\/v2\/product\/10767\/revisions"}],"predecessor-version":[{"id":41184,"href":"https:\/\/arboricat.com\/fr\/wp-json\/wp\/v2\/product\/10767\/revisions\/41184"}],"wp:featuredmedia":[{"embeddable":true,"href":"https:\/\/arboricat.com\/fr\/wp-json\/wp\/v2\/media\/15625"}],"wp:attachment":[{"href":"https:\/\/arboricat.com\/fr\/wp-json\/wp\/v2\/media?parent=10767"}],"wp:term":[{"taxonomy":"product_brand","embeddable":true,"href":"https:\/\/arboricat.com\/fr\/wp-json\/wp\/v2\/product_brand?post=10767"},{"taxonomy":"product_cat","embeddable":true,"href":"https:\/\/arboricat.com\/fr\/wp-json\/wp\/v2\/product_cat?post=10767"},{"taxonomy":"product_tag","embeddable":true,"href":"https:\/\/arboricat.com\/fr\/wp-json\/wp\/v2\/product_tag?post=10767"}],"curies":[{"name":"wp","href":"https:\/\/api.w.org\/{rel}","templated":true}]}}