{"id":10806,"date":"2021-04-29T10:16:27","date_gmt":"2021-04-29T10:16:27","guid":{"rendered":"https:\/\/arboricat.com\/?post_type=product&#038;p=10806"},"modified":"2024-07-25T07:17:05","modified_gmt":"2024-07-25T07:17:05","slug":"cacho","status":"publish","type":"product","link":"https:\/\/arboricat.com\/fr\/produit\/cacho\/","title":{"rendered":"Cacho"},"content":{"rendered":"<p>Les c\u00e2lins sont un plaisir \u00e0 chaque saison.\u00a0Une grotte moelleuse comme lieu de retraite ne devrait donc bien s\u00fbr pas manquer pour votre chat! La grotte Cacho est en microfibre. Le remplissage en mousse robuste emp\u00eache la grotte de s&rsquo;effondrer.\u00a0Cette grotte est \u00e9quip\u00e9e d&rsquo;un tapis en mousse r\u00e9versible amovible.\u00a0Un c\u00f4t\u00e9 du tapis r\u00e9versible est en peluche douce et garantit ainsi un pur plaisir pour les si\u00e8stes. De plus, les boutons antid\u00e9rapants emp\u00eachent la grotte de glisser.\u00a0\u00ab\u00a0Cacho\u00a0\u00bb peut \u00eatre lav\u00e9 \u00e0 la main \u00e0 30 \u00b0 C.<\/p>\n","protected":false},"excerpt":{"rendered":"<p>\u23f3 Temps de livraison estim\u00e9 : 3-7j<\/p>\n<p>&#8211; tapis en mousse r\u00e9versible amovible avec peluche douce<br \/>\n&#8211; avec boutons antid\u00e9rapants<br \/>\n&#8211; lavable jusqu&rsquo;\u00e0 30 \u00b0 C, lavage \u00e0 la main<br \/>\n&#8211; mousse stable<br \/>\n&#8211; microfibre<\/p>\n","protected":false},"featured_media":10807,"template":"","meta":[],"product_brand":[],"product_cat":[149,316,239],"product_tag":[],"class_list":{"0":"post-10806","1":"product","2":"type-product","3":"status-publish","4":"has-post-thumbnail","6":"product_cat-couchage","7":"product_cat-destockage","8":"product_cat-grotte","10":"first","11":"instock","12":"shipping-taxable","13":"purchasable","14":"product-type-simple"},"yoast_head":"<!-- This site is optimized with the Yoast SEO plugin v27.4 - https:\/\/yoast.com\/product\/yoast-seo-wordpress\/ -->\n<title>Cacho - Arboricat<\/title>\n<meta name=\"robots\" content=\"index, follow, max-snippet:-1, max-image-preview:large, max-video-preview:-1\" \/>\n<link rel=\"canonical\" href=\"https:\/\/arboricat.com\/fr\/produit\/cacho\/\" \/>\n<meta property=\"og:locale\" content=\"fr_FR\" \/>\n<meta property=\"og:type\" content=\"article\" \/>\n<meta property=\"og:title\" content=\"Cacho - Arboricat\" \/>\n<meta property=\"og:description\" content=\"\u23f3 Temps de livraison estim\u00e9 : 3-7j  - tapis en mousse r\u00e9versible amovible avec peluche douce - avec boutons antid\u00e9rapants - lavable jusqu&#039;\u00e0 30 \u00b0 C, lavage \u00e0 la main - mousse stable - microfibre\" \/>\n<meta property=\"og:url\" content=\"https:\/\/arboricat.com\/fr\/produit\/cacho\/\" \/>\n<meta property=\"og:site_name\" content=\"Arboricat\" \/>\n<meta property=\"article:publisher\" content=\"https:\/\/www.facebook.com\/arboricat\" \/>\n<meta property=\"article:modified_time\" content=\"2024-07-25T07:17:05+00:00\" \/>\n<meta property=\"og:image\" content=\"https:\/\/arboricat.com\/wp-content\/uploads\/2021\/04\/Cacho.jpg\" \/>\n\t<meta property=\"og:image:width\" content=\"800\" \/>\n\t<meta property=\"og:image:height\" content=\"800\" \/>\n\t<meta property=\"og:image:type\" content=\"image\/jpeg\" \/>\n<meta name=\"twitter:card\" content=\"summary_large_image\" \/>\n<meta name=\"twitter:label1\" content=\"Dur\u00e9e de lecture estim\u00e9e\" \/>\n\t<meta name=\"twitter:data1\" content=\"1 minute\" \/>\n<script type=\"application\/ld+json\" class=\"yoast-schema-graph\">{\"@context\":\"https:\\\/\\\/schema.org\",\"@graph\":[{\"@type\":\"WebPage\",\"@id\":\"https:\\\/\\\/arboricat.com\\\/fr\\\/produit\\\/cacho\\\/\",\"url\":\"https:\\\/\\\/arboricat.com\\\/fr\\\/produit\\\/cacho\\\/\",\"name\":\"Cacho - Arboricat\",\"isPartOf\":{\"@id\":\"https:\\\/\\\/arboricat.com\\\/fr\\\/#website\"},\"primaryImageOfPage\":{\"@id\":\"https:\\\/\\\/arboricat.com\\\/fr\\\/produit\\\/cacho\\\/#primaryimage\"},\"image\":{\"@id\":\"https:\\\/\\\/arboricat.com\\\/fr\\\/produit\\\/cacho\\\/#primaryimage\"},\"thumbnailUrl\":\"https:\\\/\\\/arboricat.com\\\/wp-content\\\/uploads\\\/2021\\\/04\\\/Cacho.jpg\",\"datePublished\":\"2021-04-29T10:16:27+00:00\",\"dateModified\":\"2024-07-25T07:17:05+00:00\",\"breadcrumb\":{\"@id\":\"https:\\\/\\\/arboricat.com\\\/fr\\\/produit\\\/cacho\\\/#breadcrumb\"},\"inLanguage\":\"fr-FR\",\"potentialAction\":[{\"@type\":\"ReadAction\",\"target\":[\"https:\\\/\\\/arboricat.com\\\/fr\\\/produit\\\/cacho\\\/\"]}]},{\"@type\":\"ImageObject\",\"inLanguage\":\"fr-FR\",\"@id\":\"https:\\\/\\\/arboricat.com\\\/fr\\\/produit\\\/cacho\\\/#primaryimage\",\"url\":\"https:\\\/\\\/arboricat.com\\\/wp-content\\\/uploads\\\/2021\\\/04\\\/Cacho.jpg\",\"contentUrl\":\"https:\\\/\\\/arboricat.com\\\/wp-content\\\/uploads\\\/2021\\\/04\\\/Cacho.jpg\",\"width\":800,\"height\":800},{\"@type\":\"BreadcrumbList\",\"@id\":\"https:\\\/\\\/arboricat.com\\\/fr\\\/produit\\\/cacho\\\/#breadcrumb\",\"itemListElement\":[{\"@type\":\"ListItem\",\"position\":1,\"name\":\"Accueil\",\"item\":\"https:\\\/\\\/arboricat.com\\\/fr\\\/\"},{\"@type\":\"ListItem\",\"position\":2,\"name\":\"Boutique\",\"item\":\"https:\\\/\\\/arboricat.com\\\/fr\\\/boutique\\\/\"},{\"@type\":\"ListItem\",\"position\":3,\"name\":\"Cacho\"}]},{\"@type\":\"WebSite\",\"@id\":\"https:\\\/\\\/arboricat.com\\\/fr\\\/#website\",\"url\":\"https:\\\/\\\/arboricat.com\\\/fr\\\/\",\"name\":\"Arboricat\",\"description\":\"\",\"publisher\":{\"@id\":\"https:\\\/\\\/arboricat.com\\\/fr\\\/#organization\"},\"potentialAction\":[{\"@type\":\"SearchAction\",\"target\":{\"@type\":\"EntryPoint\",\"urlTemplate\":\"https:\\\/\\\/arboricat.com\\\/fr\\\/?s={search_term_string}\"},\"query-input\":{\"@type\":\"PropertyValueSpecification\",\"valueRequired\":true,\"valueName\":\"search_term_string\"}}],\"inLanguage\":\"fr-FR\"},{\"@type\":\"Organization\",\"@id\":\"https:\\\/\\\/arboricat.com\\\/fr\\\/#organization\",\"name\":\"Arboricat\",\"url\":\"https:\\\/\\\/arboricat.com\\\/fr\\\/\",\"logo\":{\"@type\":\"ImageObject\",\"inLanguage\":\"fr-FR\",\"@id\":\"https:\\\/\\\/arboricat.com\\\/fr\\\/#\\\/schema\\\/logo\\\/image\\\/\",\"url\":\"https:\\\/\\\/arboricat.com\\\/wp-content\\\/uploads\\\/2024\\\/07\\\/logo_696x696.png\",\"contentUrl\":\"https:\\\/\\\/arboricat.com\\\/wp-content\\\/uploads\\\/2024\\\/07\\\/logo_696x696.png\",\"width\":697,\"height\":697,\"caption\":\"Arboricat\"},\"image\":{\"@id\":\"https:\\\/\\\/arboricat.com\\\/fr\\\/#\\\/schema\\\/logo\\\/image\\\/\"},\"sameAs\":[\"https:\\\/\\\/www.facebook.com\\\/arboricat\",\"https:\\\/\\\/www.instagram.com\\\/arboricatdesign\\\/?hl=fra\"]}]}<\/script>\n<!-- \/ Yoast SEO plugin. -->","yoast_head_json":{"title":"Cacho - Arboricat","robots":{"index":"index","follow":"follow","max-snippet":"max-snippet:-1","max-image-preview":"max-image-preview:large","max-video-preview":"max-video-preview:-1"},"canonical":"https:\/\/arboricat.com\/fr\/produit\/cacho\/","og_locale":"fr_FR","og_type":"article","og_title":"Cacho - Arboricat","og_description":"\u23f3 Temps de livraison estim\u00e9 : 3-7j  - tapis en mousse r\u00e9versible amovible avec peluche douce - avec boutons antid\u00e9rapants - lavable jusqu'\u00e0 30 \u00b0 C, lavage \u00e0 la main - mousse stable - microfibre","og_url":"https:\/\/arboricat.com\/fr\/produit\/cacho\/","og_site_name":"Arboricat","article_publisher":"https:\/\/www.facebook.com\/arboricat","article_modified_time":"2024-07-25T07:17:05+00:00","og_image":[{"width":800,"height":800,"url":"https:\/\/arboricat.com\/wp-content\/uploads\/2021\/04\/Cacho.jpg","type":"image\/jpeg"}],"twitter_card":"summary_large_image","twitter_misc":{"Dur\u00e9e de lecture estim\u00e9e":"1 minute"},"schema":{"@context":"https:\/\/schema.org","@graph":[{"@type":"WebPage","@id":"https:\/\/arboricat.com\/fr\/produit\/cacho\/","url":"https:\/\/arboricat.com\/fr\/produit\/cacho\/","name":"Cacho - Arboricat","isPartOf":{"@id":"https:\/\/arboricat.com\/fr\/#website"},"primaryImageOfPage":{"@id":"https:\/\/arboricat.com\/fr\/produit\/cacho\/#primaryimage"},"image":{"@id":"https:\/\/arboricat.com\/fr\/produit\/cacho\/#primaryimage"},"thumbnailUrl":"https:\/\/arboricat.com\/wp-content\/uploads\/2021\/04\/Cacho.jpg","datePublished":"2021-04-29T10:16:27+00:00","dateModified":"2024-07-25T07:17:05+00:00","breadcrumb":{"@id":"https:\/\/arboricat.com\/fr\/produit\/cacho\/#breadcrumb"},"inLanguage":"fr-FR","potentialAction":[{"@type":"ReadAction","target":["https:\/\/arboricat.com\/fr\/produit\/cacho\/"]}]},{"@type":"ImageObject","inLanguage":"fr-FR","@id":"https:\/\/arboricat.com\/fr\/produit\/cacho\/#primaryimage","url":"https:\/\/arboricat.com\/wp-content\/uploads\/2021\/04\/Cacho.jpg","contentUrl":"https:\/\/arboricat.com\/wp-content\/uploads\/2021\/04\/Cacho.jpg","width":800,"height":800},{"@type":"BreadcrumbList","@id":"https:\/\/arboricat.com\/fr\/produit\/cacho\/#breadcrumb","itemListElement":[{"@type":"ListItem","position":1,"name":"Accueil","item":"https:\/\/arboricat.com\/fr\/"},{"@type":"ListItem","position":2,"name":"Boutique","item":"https:\/\/arboricat.com\/fr\/boutique\/"},{"@type":"ListItem","position":3,"name":"Cacho"}]},{"@type":"WebSite","@id":"https:\/\/arboricat.com\/fr\/#website","url":"https:\/\/arboricat.com\/fr\/","name":"Arboricat","description":"","publisher":{"@id":"https:\/\/arboricat.com\/fr\/#organization"},"potentialAction":[{"@type":"SearchAction","target":{"@type":"EntryPoint","urlTemplate":"https:\/\/arboricat.com\/fr\/?s={search_term_string}"},"query-input":{"@type":"PropertyValueSpecification","valueRequired":true,"valueName":"search_term_string"}}],"inLanguage":"fr-FR"},{"@type":"Organization","@id":"https:\/\/arboricat.com\/fr\/#organization","name":"Arboricat","url":"https:\/\/arboricat.com\/fr\/","logo":{"@type":"ImageObject","inLanguage":"fr-FR","@id":"https:\/\/arboricat.com\/fr\/#\/schema\/logo\/image\/","url":"https:\/\/arboricat.com\/wp-content\/uploads\/2024\/07\/logo_696x696.png","contentUrl":"https:\/\/arboricat.com\/wp-content\/uploads\/2024\/07\/logo_696x696.png","width":697,"height":697,"caption":"Arboricat"},"image":{"@id":"https:\/\/arboricat.com\/fr\/#\/schema\/logo\/image\/"},"sameAs":["https:\/\/www.facebook.com\/arboricat","https:\/\/www.instagram.com\/arboricatdesign\/?hl=fra"]}]}},"_links":{"self":[{"href":"https:\/\/arboricat.com\/fr\/wp-json\/wp\/v2\/product\/10806","targetHints":{"allow":["GET"]}}],"collection":[{"href":"https:\/\/arboricat.com\/fr\/wp-json\/wp\/v2\/product"}],"about":[{"href":"https:\/\/arboricat.com\/fr\/wp-json\/wp\/v2\/types\/product"}],"version-history":[{"count":0,"href":"https:\/\/arboricat.com\/fr\/wp-json\/wp\/v2\/product\/10806\/revisions"}],"wp:featuredmedia":[{"embeddable":true,"href":"https:\/\/arboricat.com\/fr\/wp-json\/wp\/v2\/media\/10807"}],"wp:attachment":[{"href":"https:\/\/arboricat.com\/fr\/wp-json\/wp\/v2\/media?parent=10806"}],"wp:term":[{"taxonomy":"product_brand","embeddable":true,"href":"https:\/\/arboricat.com\/fr\/wp-json\/wp\/v2\/product_brand?post=10806"},{"taxonomy":"product_cat","embeddable":true,"href":"https:\/\/arboricat.com\/fr\/wp-json\/wp\/v2\/product_cat?post=10806"},{"taxonomy":"product_tag","embeddable":true,"href":"https:\/\/arboricat.com\/fr\/wp-json\/wp\/v2\/product_tag?post=10806"}],"curies":[{"name":"wp","href":"https:\/\/api.w.org\/{rel}","templated":true}]}}