{"id":11023,"date":"2021-08-05T10:24:06","date_gmt":"2021-08-05T10:24:06","guid":{"rendered":"https:\/\/arboricat.com\/?post_type=product&#038;p=11023"},"modified":"2025-02-19T11:50:06","modified_gmt":"2025-02-19T11:50:06","slug":"trend-birch","status":"publish","type":"product","link":"https:\/\/arboricat.com\/fr\/produit\/trend-birch\/","title":{"rendered":"Arbre \u00e0 chat Trend Birch"},"content":{"rendered":"<p>Les arbres \u00e0 gratter sont utilis\u00e9s pour l\u2019occupation ind\u00e9pendante de votre chat. Il prot\u00e8ge \u00e9galement votre int\u00e9rieur en donnant \u00e0 votre chat une bonne alternative \u00e0 prendre soin de leurs griffes.\u00a0Le griffoir Birch d\u2019EBI reprend tout ce qui est important dans la vie de votre chat. Il lui permet de gratter ses ongles, mais \u00e9galement de dormir en toute tranquillit\u00e9 sur la mati\u00e8re en peluche douce et de qualit\u00e9.<\/p>\n","protected":false},"excerpt":{"rendered":"<p>\u23f3 Temps de livraison estim\u00e9 : 1-3j<\/p>\n<ul>\n<li class=\"productDetailSpecification specificationColor{$color} fontScalingMobile\">Griffoir en sisal tr\u00e8s r\u00e9sistant enti\u00e8rement coll\u00e9 au tronc<\/li>\n<li class=\"productDetailSpecification specificationColor{$color} fontScalingMobile\">Peluche de qualit\u00e9<\/li>\n<li class=\"productDetailSpecification specificationColor{$color} fontScalingMobile\">Bases r\u00e9sistantes en peluche de qualit\u00e9<\/li>\n<li class=\"productDetailSpecification specificationColor{$color} fontScalingMobile\">Tronc de \u00d8 75\u00a0mm<\/li>\n<li class=\"productDetailSpecification specificationColor{$color} fontScalingMobile\">Avec maisons pour chats, surfaces de repos et 4 coussins<\/li>\n<\/ul>\n","protected":false},"featured_media":15690,"template":"","meta":[],"product_brand":[],"product_cat":[137,302,223,316],"product_tag":[],"class_list":{"0":"post-11023","1":"product","2":"type-product","3":"status-publish","4":"has-post-thumbnail","6":"product_cat-arbre-a-chat","7":"product_cat-arbre-a-chat-design","8":"product_cat-arbre-a-chat-pas-cher","9":"product_cat-destockage","11":"first","12":"instock","13":"shipping-taxable","14":"purchasable","15":"product-type-simple"},"yoast_head":"<!-- This site is optimized with the Yoast SEO plugin v27.4 - https:\/\/yoast.com\/product\/yoast-seo-wordpress\/ -->\n<title>Arbre \u00e0 chat Trend Birch - Arboricat<\/title>\n<meta name=\"description\" content=\"Le griffoir Birch d\u2019EBI reprend tout ce qui est important dans la vie de votre chat. Il lui permet de gratter ses ongles, mais \u00e9galement de dormir en toute tranquillit\u00e9 sur la mati\u00e8re en peluche douce et de qualit\u00e9.\" \/>\n<meta name=\"robots\" content=\"index, follow, max-snippet:-1, max-image-preview:large, max-video-preview:-1\" \/>\n<link rel=\"canonical\" href=\"https:\/\/arboricat.com\/fr\/produit\/trend-birch\/\" \/>\n<meta property=\"og:locale\" content=\"fr_FR\" \/>\n<meta property=\"og:type\" content=\"article\" \/>\n<meta property=\"og:title\" content=\"Arbre \u00e0 chat Trend Birch - Arboricat\" \/>\n<meta property=\"og:description\" content=\"Le griffoir Birch d\u2019EBI reprend tout ce qui est important dans la vie de votre chat. Il lui permet de gratter ses ongles, mais \u00e9galement de dormir en toute tranquillit\u00e9 sur la mati\u00e8re en peluche douce et de qualit\u00e9.\" \/>\n<meta property=\"og:url\" content=\"https:\/\/arboricat.com\/fr\/produit\/trend-birch\/\" \/>\n<meta property=\"og:site_name\" content=\"Arboricat\" \/>\n<meta property=\"article:publisher\" content=\"https:\/\/www.facebook.com\/arboricat\" \/>\n<meta property=\"article:modified_time\" content=\"2025-02-19T11:50:06+00:00\" \/>\n<meta property=\"og:image\" content=\"https:\/\/arboricat.com\/wp-content\/uploads\/2021\/08\/4047059441947_prd_webl.jpg\" \/>\n\t<meta property=\"og:image:width\" content=\"1080\" \/>\n\t<meta property=\"og:image:height\" content=\"1080\" \/>\n\t<meta property=\"og:image:type\" content=\"image\/jpeg\" \/>\n<meta name=\"twitter:card\" content=\"summary_large_image\" \/>\n<meta name=\"twitter:label1\" content=\"Dur\u00e9e de lecture estim\u00e9e\" \/>\n\t<meta name=\"twitter:data1\" content=\"1 minute\" \/>\n<script type=\"application\/ld+json\" class=\"yoast-schema-graph\">{\"@context\":\"https:\\\/\\\/schema.org\",\"@graph\":[{\"@type\":\"WebPage\",\"@id\":\"https:\\\/\\\/arboricat.com\\\/fr\\\/produit\\\/trend-birch\\\/\",\"url\":\"https:\\\/\\\/arboricat.com\\\/fr\\\/produit\\\/trend-birch\\\/\",\"name\":\"Arbre \u00e0 chat Trend Birch - Arboricat\",\"isPartOf\":{\"@id\":\"https:\\\/\\\/arboricat.com\\\/fr\\\/#website\"},\"primaryImageOfPage\":{\"@id\":\"https:\\\/\\\/arboricat.com\\\/fr\\\/produit\\\/trend-birch\\\/#primaryimage\"},\"image\":{\"@id\":\"https:\\\/\\\/arboricat.com\\\/fr\\\/produit\\\/trend-birch\\\/#primaryimage\"},\"thumbnailUrl\":\"https:\\\/\\\/arboricat.com\\\/wp-content\\\/uploads\\\/2021\\\/08\\\/4047059441947_prd_webl.jpg\",\"datePublished\":\"2021-08-05T10:24:06+00:00\",\"dateModified\":\"2025-02-19T11:50:06+00:00\",\"description\":\"Le griffoir Birch d\u2019EBI reprend tout ce qui est important dans la vie de votre chat. Il lui permet de gratter ses ongles, mais \u00e9galement de dormir en toute tranquillit\u00e9 sur la mati\u00e8re en peluche douce et de qualit\u00e9.\",\"breadcrumb\":{\"@id\":\"https:\\\/\\\/arboricat.com\\\/fr\\\/produit\\\/trend-birch\\\/#breadcrumb\"},\"inLanguage\":\"fr-FR\",\"potentialAction\":[{\"@type\":\"ReadAction\",\"target\":[\"https:\\\/\\\/arboricat.com\\\/fr\\\/produit\\\/trend-birch\\\/\"]}]},{\"@type\":\"ImageObject\",\"inLanguage\":\"fr-FR\",\"@id\":\"https:\\\/\\\/arboricat.com\\\/fr\\\/produit\\\/trend-birch\\\/#primaryimage\",\"url\":\"https:\\\/\\\/arboricat.com\\\/wp-content\\\/uploads\\\/2021\\\/08\\\/4047059441947_prd_webl.jpg\",\"contentUrl\":\"https:\\\/\\\/arboricat.com\\\/wp-content\\\/uploads\\\/2021\\\/08\\\/4047059441947_prd_webl.jpg\",\"width\":1080,\"height\":1080},{\"@type\":\"BreadcrumbList\",\"@id\":\"https:\\\/\\\/arboricat.com\\\/fr\\\/produit\\\/trend-birch\\\/#breadcrumb\",\"itemListElement\":[{\"@type\":\"ListItem\",\"position\":1,\"name\":\"Accueil\",\"item\":\"https:\\\/\\\/arboricat.com\\\/fr\\\/\"},{\"@type\":\"ListItem\",\"position\":2,\"name\":\"Boutique\",\"item\":\"https:\\\/\\\/arboricat.com\\\/fr\\\/boutique\\\/\"},{\"@type\":\"ListItem\",\"position\":3,\"name\":\"Arbre \u00e0 chat Trend Birch\"}]},{\"@type\":\"WebSite\",\"@id\":\"https:\\\/\\\/arboricat.com\\\/fr\\\/#website\",\"url\":\"https:\\\/\\\/arboricat.com\\\/fr\\\/\",\"name\":\"Arboricat\",\"description\":\"\",\"publisher\":{\"@id\":\"https:\\\/\\\/arboricat.com\\\/fr\\\/#organization\"},\"potentialAction\":[{\"@type\":\"SearchAction\",\"target\":{\"@type\":\"EntryPoint\",\"urlTemplate\":\"https:\\\/\\\/arboricat.com\\\/fr\\\/?s={search_term_string}\"},\"query-input\":{\"@type\":\"PropertyValueSpecification\",\"valueRequired\":true,\"valueName\":\"search_term_string\"}}],\"inLanguage\":\"fr-FR\"},{\"@type\":\"Organization\",\"@id\":\"https:\\\/\\\/arboricat.com\\\/fr\\\/#organization\",\"name\":\"Arboricat\",\"url\":\"https:\\\/\\\/arboricat.com\\\/fr\\\/\",\"logo\":{\"@type\":\"ImageObject\",\"inLanguage\":\"fr-FR\",\"@id\":\"https:\\\/\\\/arboricat.com\\\/fr\\\/#\\\/schema\\\/logo\\\/image\\\/\",\"url\":\"https:\\\/\\\/arboricat.com\\\/wp-content\\\/uploads\\\/2024\\\/07\\\/logo_696x696.png\",\"contentUrl\":\"https:\\\/\\\/arboricat.com\\\/wp-content\\\/uploads\\\/2024\\\/07\\\/logo_696x696.png\",\"width\":697,\"height\":697,\"caption\":\"Arboricat\"},\"image\":{\"@id\":\"https:\\\/\\\/arboricat.com\\\/fr\\\/#\\\/schema\\\/logo\\\/image\\\/\"},\"sameAs\":[\"https:\\\/\\\/www.facebook.com\\\/arboricat\",\"https:\\\/\\\/www.instagram.com\\\/arboricatdesign\\\/?hl=fra\"]}]}<\/script>\n<!-- \/ Yoast SEO plugin. -->","yoast_head_json":{"title":"Arbre \u00e0 chat Trend Birch - Arboricat","description":"Le griffoir Birch d\u2019EBI reprend tout ce qui est important dans la vie de votre chat. Il lui permet de gratter ses ongles, mais \u00e9galement de dormir en toute tranquillit\u00e9 sur la mati\u00e8re en peluche douce et de qualit\u00e9.","robots":{"index":"index","follow":"follow","max-snippet":"max-snippet:-1","max-image-preview":"max-image-preview:large","max-video-preview":"max-video-preview:-1"},"canonical":"https:\/\/arboricat.com\/fr\/produit\/trend-birch\/","og_locale":"fr_FR","og_type":"article","og_title":"Arbre \u00e0 chat Trend Birch - Arboricat","og_description":"Le griffoir Birch d\u2019EBI reprend tout ce qui est important dans la vie de votre chat. Il lui permet de gratter ses ongles, mais \u00e9galement de dormir en toute tranquillit\u00e9 sur la mati\u00e8re en peluche douce et de qualit\u00e9.","og_url":"https:\/\/arboricat.com\/fr\/produit\/trend-birch\/","og_site_name":"Arboricat","article_publisher":"https:\/\/www.facebook.com\/arboricat","article_modified_time":"2025-02-19T11:50:06+00:00","og_image":[{"width":1080,"height":1080,"url":"https:\/\/arboricat.com\/wp-content\/uploads\/2021\/08\/4047059441947_prd_webl.jpg","type":"image\/jpeg"}],"twitter_card":"summary_large_image","twitter_misc":{"Dur\u00e9e de lecture estim\u00e9e":"1 minute"},"schema":{"@context":"https:\/\/schema.org","@graph":[{"@type":"WebPage","@id":"https:\/\/arboricat.com\/fr\/produit\/trend-birch\/","url":"https:\/\/arboricat.com\/fr\/produit\/trend-birch\/","name":"Arbre \u00e0 chat Trend Birch - Arboricat","isPartOf":{"@id":"https:\/\/arboricat.com\/fr\/#website"},"primaryImageOfPage":{"@id":"https:\/\/arboricat.com\/fr\/produit\/trend-birch\/#primaryimage"},"image":{"@id":"https:\/\/arboricat.com\/fr\/produit\/trend-birch\/#primaryimage"},"thumbnailUrl":"https:\/\/arboricat.com\/wp-content\/uploads\/2021\/08\/4047059441947_prd_webl.jpg","datePublished":"2021-08-05T10:24:06+00:00","dateModified":"2025-02-19T11:50:06+00:00","description":"Le griffoir Birch d\u2019EBI reprend tout ce qui est important dans la vie de votre chat. Il lui permet de gratter ses ongles, mais \u00e9galement de dormir en toute tranquillit\u00e9 sur la mati\u00e8re en peluche douce et de qualit\u00e9.","breadcrumb":{"@id":"https:\/\/arboricat.com\/fr\/produit\/trend-birch\/#breadcrumb"},"inLanguage":"fr-FR","potentialAction":[{"@type":"ReadAction","target":["https:\/\/arboricat.com\/fr\/produit\/trend-birch\/"]}]},{"@type":"ImageObject","inLanguage":"fr-FR","@id":"https:\/\/arboricat.com\/fr\/produit\/trend-birch\/#primaryimage","url":"https:\/\/arboricat.com\/wp-content\/uploads\/2021\/08\/4047059441947_prd_webl.jpg","contentUrl":"https:\/\/arboricat.com\/wp-content\/uploads\/2021\/08\/4047059441947_prd_webl.jpg","width":1080,"height":1080},{"@type":"BreadcrumbList","@id":"https:\/\/arboricat.com\/fr\/produit\/trend-birch\/#breadcrumb","itemListElement":[{"@type":"ListItem","position":1,"name":"Accueil","item":"https:\/\/arboricat.com\/fr\/"},{"@type":"ListItem","position":2,"name":"Boutique","item":"https:\/\/arboricat.com\/fr\/boutique\/"},{"@type":"ListItem","position":3,"name":"Arbre \u00e0 chat Trend Birch"}]},{"@type":"WebSite","@id":"https:\/\/arboricat.com\/fr\/#website","url":"https:\/\/arboricat.com\/fr\/","name":"Arboricat","description":"","publisher":{"@id":"https:\/\/arboricat.com\/fr\/#organization"},"potentialAction":[{"@type":"SearchAction","target":{"@type":"EntryPoint","urlTemplate":"https:\/\/arboricat.com\/fr\/?s={search_term_string}"},"query-input":{"@type":"PropertyValueSpecification","valueRequired":true,"valueName":"search_term_string"}}],"inLanguage":"fr-FR"},{"@type":"Organization","@id":"https:\/\/arboricat.com\/fr\/#organization","name":"Arboricat","url":"https:\/\/arboricat.com\/fr\/","logo":{"@type":"ImageObject","inLanguage":"fr-FR","@id":"https:\/\/arboricat.com\/fr\/#\/schema\/logo\/image\/","url":"https:\/\/arboricat.com\/wp-content\/uploads\/2024\/07\/logo_696x696.png","contentUrl":"https:\/\/arboricat.com\/wp-content\/uploads\/2024\/07\/logo_696x696.png","width":697,"height":697,"caption":"Arboricat"},"image":{"@id":"https:\/\/arboricat.com\/fr\/#\/schema\/logo\/image\/"},"sameAs":["https:\/\/www.facebook.com\/arboricat","https:\/\/www.instagram.com\/arboricatdesign\/?hl=fra"]}]}},"_links":{"self":[{"href":"https:\/\/arboricat.com\/fr\/wp-json\/wp\/v2\/product\/11023","targetHints":{"allow":["GET"]}}],"collection":[{"href":"https:\/\/arboricat.com\/fr\/wp-json\/wp\/v2\/product"}],"about":[{"href":"https:\/\/arboricat.com\/fr\/wp-json\/wp\/v2\/types\/product"}],"version-history":[{"count":1,"href":"https:\/\/arboricat.com\/fr\/wp-json\/wp\/v2\/product\/11023\/revisions"}],"predecessor-version":[{"id":40616,"href":"https:\/\/arboricat.com\/fr\/wp-json\/wp\/v2\/product\/11023\/revisions\/40616"}],"wp:featuredmedia":[{"embeddable":true,"href":"https:\/\/arboricat.com\/fr\/wp-json\/wp\/v2\/media\/15690"}],"wp:attachment":[{"href":"https:\/\/arboricat.com\/fr\/wp-json\/wp\/v2\/media?parent=11023"}],"wp:term":[{"taxonomy":"product_brand","embeddable":true,"href":"https:\/\/arboricat.com\/fr\/wp-json\/wp\/v2\/product_brand?post=11023"},{"taxonomy":"product_cat","embeddable":true,"href":"https:\/\/arboricat.com\/fr\/wp-json\/wp\/v2\/product_cat?post=11023"},{"taxonomy":"product_tag","embeddable":true,"href":"https:\/\/arboricat.com\/fr\/wp-json\/wp\/v2\/product_tag?post=11023"}],"curies":[{"name":"wp","href":"https:\/\/api.w.org\/{rel}","templated":true}]}}