{"id":11313,"date":"2021-08-21T11:31:44","date_gmt":"2021-08-21T11:31:44","guid":{"rendered":"https:\/\/arboricat.com\/?post_type=product&#038;p=11313"},"modified":"2025-02-19T11:49:51","modified_gmt":"2025-02-19T11:49:51","slug":"arbre-a-chats-trend-plum","status":"publish","type":"product","link":"https:\/\/arboricat.com\/fr\/produit\/arbre-a-chats-trend-plum\/","title":{"rendered":"Arbre \u00e0 chats Trend Plum"},"content":{"rendered":"<p>Ce magnifique arbre \u00e0 chats apportera une touche d&rsquo;originalit\u00e9 et design suppl\u00e9mentaire \u00e0 votre int\u00e9rieur. Le griffoir Trend Plum reprend tout ce qui est important dans la vie de votre chat. Il lui permet de gratter ses ongles, mais \u00e9galement de dormir en toute tranquillit\u00e9 sur le panier en peluche douce.<\/p>\n","protected":false},"excerpt":{"rendered":"<p>&nbsp;<\/p>\n<ul>\n<li class=\"productDetailSpecification specificationColor{$color} fontScalingMobile\">Griffoir en sisal tr\u00e8s r\u00e9sistant enti\u00e8rement coll\u00e9 au tronc<\/li>\n<li class=\"productDetailSpecification specificationColor{$color} fontScalingMobile\">Peluche de qualit\u00e9<\/li>\n<li class=\"productDetailSpecification specificationColor{$color} fontScalingMobile\">Panier de repos avec bord rehauss\u00e9<\/li>\n<li class=\"productDetailSpecification specificationColor{$color} fontScalingMobile\">Tronc de \u00d8 75\u00a0mm<\/li>\n<li class=\"productDetailSpecification specificationColor{$color} fontScalingMobile\">Convient pour les chatons et les chats (d\u2019int\u00e9rieur) actifs<\/li>\n<\/ul>\n","protected":false},"featured_media":15705,"template":"","meta":[],"product_brand":[],"product_cat":[137,223,316],"product_tag":[],"class_list":{"0":"post-11313","1":"product","2":"type-product","3":"status-publish","4":"has-post-thumbnail","6":"product_cat-arbre-a-chat","7":"product_cat-arbre-a-chat-pas-cher","8":"product_cat-destockage","10":"first","11":"outofstock","12":"shipping-taxable","13":"purchasable","14":"product-type-simple"},"yoast_head":"<!-- This site is optimized with the Yoast SEO plugin v27.4 - https:\/\/yoast.com\/product\/yoast-seo-wordpress\/ -->\n<title>Arbre \u00e0 chats Trend Plum - Arboricat<\/title>\n<meta name=\"description\" content=\"Le griffoir Trend Plum reprend tout ce qui est important dans la vie de votre chat. Il lui permet de gratter ses ongles, mais \u00e9galement de dormir en toute tranquillit\u00e9 sur le panier en peluche douce.\" \/>\n<meta name=\"robots\" content=\"index, follow, max-snippet:-1, max-image-preview:large, max-video-preview:-1\" \/>\n<link rel=\"canonical\" href=\"https:\/\/arboricat.com\/fr\/produit\/arbre-a-chats-trend-plum\/\" \/>\n<meta property=\"og:locale\" content=\"fr_FR\" \/>\n<meta property=\"og:type\" content=\"article\" \/>\n<meta property=\"og:title\" content=\"Arbre \u00e0 chats Trend Plum - Arboricat\" \/>\n<meta property=\"og:description\" content=\"Le griffoir Trend Plum reprend tout ce qui est important dans la vie de votre chat. Il lui permet de gratter ses ongles, mais \u00e9galement de dormir en toute tranquillit\u00e9 sur le panier en peluche douce.\" \/>\n<meta property=\"og:url\" content=\"https:\/\/arboricat.com\/fr\/produit\/arbre-a-chats-trend-plum\/\" \/>\n<meta property=\"og:site_name\" content=\"Arboricat\" \/>\n<meta property=\"article:publisher\" content=\"https:\/\/www.facebook.com\/arboricat\" \/>\n<meta property=\"article:modified_time\" content=\"2025-02-19T11:49:51+00:00\" \/>\n<meta property=\"og:image\" content=\"https:\/\/arboricat.com\/wp-content\/uploads\/2021\/08\/4047059441954_prd_webl-2.jpg\" \/>\n\t<meta property=\"og:image:width\" content=\"1350\" \/>\n\t<meta property=\"og:image:height\" content=\"1350\" \/>\n\t<meta property=\"og:image:type\" content=\"image\/jpeg\" \/>\n<meta name=\"twitter:card\" content=\"summary_large_image\" \/>\n<meta name=\"twitter:label1\" content=\"Dur\u00e9e de lecture estim\u00e9e\" \/>\n\t<meta name=\"twitter:data1\" content=\"1 minute\" \/>\n<script type=\"application\/ld+json\" class=\"yoast-schema-graph\">{\"@context\":\"https:\\\/\\\/schema.org\",\"@graph\":[{\"@type\":\"WebPage\",\"@id\":\"https:\\\/\\\/arboricat.com\\\/fr\\\/produit\\\/arbre-a-chats-trend-plum\\\/\",\"url\":\"https:\\\/\\\/arboricat.com\\\/fr\\\/produit\\\/arbre-a-chats-trend-plum\\\/\",\"name\":\"Arbre \u00e0 chats Trend Plum - Arboricat\",\"isPartOf\":{\"@id\":\"https:\\\/\\\/arboricat.com\\\/fr\\\/#website\"},\"primaryImageOfPage\":{\"@id\":\"https:\\\/\\\/arboricat.com\\\/fr\\\/produit\\\/arbre-a-chats-trend-plum\\\/#primaryimage\"},\"image\":{\"@id\":\"https:\\\/\\\/arboricat.com\\\/fr\\\/produit\\\/arbre-a-chats-trend-plum\\\/#primaryimage\"},\"thumbnailUrl\":\"https:\\\/\\\/arboricat.com\\\/wp-content\\\/uploads\\\/2021\\\/08\\\/4047059441954_prd_webl-2.jpg\",\"datePublished\":\"2021-08-21T11:31:44+00:00\",\"dateModified\":\"2025-02-19T11:49:51+00:00\",\"description\":\"Le griffoir Trend Plum reprend tout ce qui est important dans la vie de votre chat. Il lui permet de gratter ses ongles, mais \u00e9galement de dormir en toute tranquillit\u00e9 sur le panier en peluche douce.\",\"breadcrumb\":{\"@id\":\"https:\\\/\\\/arboricat.com\\\/fr\\\/produit\\\/arbre-a-chats-trend-plum\\\/#breadcrumb\"},\"inLanguage\":\"fr-FR\",\"potentialAction\":[{\"@type\":\"ReadAction\",\"target\":[\"https:\\\/\\\/arboricat.com\\\/fr\\\/produit\\\/arbre-a-chats-trend-plum\\\/\"]}]},{\"@type\":\"ImageObject\",\"inLanguage\":\"fr-FR\",\"@id\":\"https:\\\/\\\/arboricat.com\\\/fr\\\/produit\\\/arbre-a-chats-trend-plum\\\/#primaryimage\",\"url\":\"https:\\\/\\\/arboricat.com\\\/wp-content\\\/uploads\\\/2021\\\/08\\\/4047059441954_prd_webl-2.jpg\",\"contentUrl\":\"https:\\\/\\\/arboricat.com\\\/wp-content\\\/uploads\\\/2021\\\/08\\\/4047059441954_prd_webl-2.jpg\",\"width\":1350,\"height\":1350},{\"@type\":\"BreadcrumbList\",\"@id\":\"https:\\\/\\\/arboricat.com\\\/fr\\\/produit\\\/arbre-a-chats-trend-plum\\\/#breadcrumb\",\"itemListElement\":[{\"@type\":\"ListItem\",\"position\":1,\"name\":\"Accueil\",\"item\":\"https:\\\/\\\/arboricat.com\\\/fr\\\/\"},{\"@type\":\"ListItem\",\"position\":2,\"name\":\"Boutique\",\"item\":\"https:\\\/\\\/arboricat.com\\\/fr\\\/boutique\\\/\"},{\"@type\":\"ListItem\",\"position\":3,\"name\":\"Arbre \u00e0 chats Trend Plum\"}]},{\"@type\":\"WebSite\",\"@id\":\"https:\\\/\\\/arboricat.com\\\/fr\\\/#website\",\"url\":\"https:\\\/\\\/arboricat.com\\\/fr\\\/\",\"name\":\"Arboricat\",\"description\":\"\",\"publisher\":{\"@id\":\"https:\\\/\\\/arboricat.com\\\/fr\\\/#organization\"},\"potentialAction\":[{\"@type\":\"SearchAction\",\"target\":{\"@type\":\"EntryPoint\",\"urlTemplate\":\"https:\\\/\\\/arboricat.com\\\/fr\\\/?s={search_term_string}\"},\"query-input\":{\"@type\":\"PropertyValueSpecification\",\"valueRequired\":true,\"valueName\":\"search_term_string\"}}],\"inLanguage\":\"fr-FR\"},{\"@type\":\"Organization\",\"@id\":\"https:\\\/\\\/arboricat.com\\\/fr\\\/#organization\",\"name\":\"Arboricat\",\"url\":\"https:\\\/\\\/arboricat.com\\\/fr\\\/\",\"logo\":{\"@type\":\"ImageObject\",\"inLanguage\":\"fr-FR\",\"@id\":\"https:\\\/\\\/arboricat.com\\\/fr\\\/#\\\/schema\\\/logo\\\/image\\\/\",\"url\":\"https:\\\/\\\/arboricat.com\\\/wp-content\\\/uploads\\\/2024\\\/07\\\/logo_696x696.png\",\"contentUrl\":\"https:\\\/\\\/arboricat.com\\\/wp-content\\\/uploads\\\/2024\\\/07\\\/logo_696x696.png\",\"width\":697,\"height\":697,\"caption\":\"Arboricat\"},\"image\":{\"@id\":\"https:\\\/\\\/arboricat.com\\\/fr\\\/#\\\/schema\\\/logo\\\/image\\\/\"},\"sameAs\":[\"https:\\\/\\\/www.facebook.com\\\/arboricat\",\"https:\\\/\\\/www.instagram.com\\\/arboricatdesign\\\/?hl=fra\"]}]}<\/script>\n<!-- \/ Yoast SEO plugin. -->","yoast_head_json":{"title":"Arbre \u00e0 chats Trend Plum - Arboricat","description":"Le griffoir Trend Plum reprend tout ce qui est important dans la vie de votre chat. Il lui permet de gratter ses ongles, mais \u00e9galement de dormir en toute tranquillit\u00e9 sur le panier en peluche douce.","robots":{"index":"index","follow":"follow","max-snippet":"max-snippet:-1","max-image-preview":"max-image-preview:large","max-video-preview":"max-video-preview:-1"},"canonical":"https:\/\/arboricat.com\/fr\/produit\/arbre-a-chats-trend-plum\/","og_locale":"fr_FR","og_type":"article","og_title":"Arbre \u00e0 chats Trend Plum - Arboricat","og_description":"Le griffoir Trend Plum reprend tout ce qui est important dans la vie de votre chat. Il lui permet de gratter ses ongles, mais \u00e9galement de dormir en toute tranquillit\u00e9 sur le panier en peluche douce.","og_url":"https:\/\/arboricat.com\/fr\/produit\/arbre-a-chats-trend-plum\/","og_site_name":"Arboricat","article_publisher":"https:\/\/www.facebook.com\/arboricat","article_modified_time":"2025-02-19T11:49:51+00:00","og_image":[{"width":1350,"height":1350,"url":"https:\/\/arboricat.com\/wp-content\/uploads\/2021\/08\/4047059441954_prd_webl-2.jpg","type":"image\/jpeg"}],"twitter_card":"summary_large_image","twitter_misc":{"Dur\u00e9e de lecture estim\u00e9e":"1 minute"},"schema":{"@context":"https:\/\/schema.org","@graph":[{"@type":"WebPage","@id":"https:\/\/arboricat.com\/fr\/produit\/arbre-a-chats-trend-plum\/","url":"https:\/\/arboricat.com\/fr\/produit\/arbre-a-chats-trend-plum\/","name":"Arbre \u00e0 chats Trend Plum - Arboricat","isPartOf":{"@id":"https:\/\/arboricat.com\/fr\/#website"},"primaryImageOfPage":{"@id":"https:\/\/arboricat.com\/fr\/produit\/arbre-a-chats-trend-plum\/#primaryimage"},"image":{"@id":"https:\/\/arboricat.com\/fr\/produit\/arbre-a-chats-trend-plum\/#primaryimage"},"thumbnailUrl":"https:\/\/arboricat.com\/wp-content\/uploads\/2021\/08\/4047059441954_prd_webl-2.jpg","datePublished":"2021-08-21T11:31:44+00:00","dateModified":"2025-02-19T11:49:51+00:00","description":"Le griffoir Trend Plum reprend tout ce qui est important dans la vie de votre chat. Il lui permet de gratter ses ongles, mais \u00e9galement de dormir en toute tranquillit\u00e9 sur le panier en peluche douce.","breadcrumb":{"@id":"https:\/\/arboricat.com\/fr\/produit\/arbre-a-chats-trend-plum\/#breadcrumb"},"inLanguage":"fr-FR","potentialAction":[{"@type":"ReadAction","target":["https:\/\/arboricat.com\/fr\/produit\/arbre-a-chats-trend-plum\/"]}]},{"@type":"ImageObject","inLanguage":"fr-FR","@id":"https:\/\/arboricat.com\/fr\/produit\/arbre-a-chats-trend-plum\/#primaryimage","url":"https:\/\/arboricat.com\/wp-content\/uploads\/2021\/08\/4047059441954_prd_webl-2.jpg","contentUrl":"https:\/\/arboricat.com\/wp-content\/uploads\/2021\/08\/4047059441954_prd_webl-2.jpg","width":1350,"height":1350},{"@type":"BreadcrumbList","@id":"https:\/\/arboricat.com\/fr\/produit\/arbre-a-chats-trend-plum\/#breadcrumb","itemListElement":[{"@type":"ListItem","position":1,"name":"Accueil","item":"https:\/\/arboricat.com\/fr\/"},{"@type":"ListItem","position":2,"name":"Boutique","item":"https:\/\/arboricat.com\/fr\/boutique\/"},{"@type":"ListItem","position":3,"name":"Arbre \u00e0 chats Trend Plum"}]},{"@type":"WebSite","@id":"https:\/\/arboricat.com\/fr\/#website","url":"https:\/\/arboricat.com\/fr\/","name":"Arboricat","description":"","publisher":{"@id":"https:\/\/arboricat.com\/fr\/#organization"},"potentialAction":[{"@type":"SearchAction","target":{"@type":"EntryPoint","urlTemplate":"https:\/\/arboricat.com\/fr\/?s={search_term_string}"},"query-input":{"@type":"PropertyValueSpecification","valueRequired":true,"valueName":"search_term_string"}}],"inLanguage":"fr-FR"},{"@type":"Organization","@id":"https:\/\/arboricat.com\/fr\/#organization","name":"Arboricat","url":"https:\/\/arboricat.com\/fr\/","logo":{"@type":"ImageObject","inLanguage":"fr-FR","@id":"https:\/\/arboricat.com\/fr\/#\/schema\/logo\/image\/","url":"https:\/\/arboricat.com\/wp-content\/uploads\/2024\/07\/logo_696x696.png","contentUrl":"https:\/\/arboricat.com\/wp-content\/uploads\/2024\/07\/logo_696x696.png","width":697,"height":697,"caption":"Arboricat"},"image":{"@id":"https:\/\/arboricat.com\/fr\/#\/schema\/logo\/image\/"},"sameAs":["https:\/\/www.facebook.com\/arboricat","https:\/\/www.instagram.com\/arboricatdesign\/?hl=fra"]}]}},"_links":{"self":[{"href":"https:\/\/arboricat.com\/fr\/wp-json\/wp\/v2\/product\/11313","targetHints":{"allow":["GET"]}}],"collection":[{"href":"https:\/\/arboricat.com\/fr\/wp-json\/wp\/v2\/product"}],"about":[{"href":"https:\/\/arboricat.com\/fr\/wp-json\/wp\/v2\/types\/product"}],"version-history":[{"count":3,"href":"https:\/\/arboricat.com\/fr\/wp-json\/wp\/v2\/product\/11313\/revisions"}],"predecessor-version":[{"id":40615,"href":"https:\/\/arboricat.com\/fr\/wp-json\/wp\/v2\/product\/11313\/revisions\/40615"}],"wp:featuredmedia":[{"embeddable":true,"href":"https:\/\/arboricat.com\/fr\/wp-json\/wp\/v2\/media\/15705"}],"wp:attachment":[{"href":"https:\/\/arboricat.com\/fr\/wp-json\/wp\/v2\/media?parent=11313"}],"wp:term":[{"taxonomy":"product_brand","embeddable":true,"href":"https:\/\/arboricat.com\/fr\/wp-json\/wp\/v2\/product_brand?post=11313"},{"taxonomy":"product_cat","embeddable":true,"href":"https:\/\/arboricat.com\/fr\/wp-json\/wp\/v2\/product_cat?post=11313"},{"taxonomy":"product_tag","embeddable":true,"href":"https:\/\/arboricat.com\/fr\/wp-json\/wp\/v2\/product_tag?post=11313"}],"curies":[{"name":"wp","href":"https:\/\/api.w.org\/{rel}","templated":true}]}}