{"id":12826,"date":"2021-12-28T14:49:22","date_gmt":"2021-12-28T14:49:22","guid":{"rendered":"https:\/\/arboricat.com\/?post_type=product&#038;p=12826"},"modified":"2024-07-25T07:14:54","modified_gmt":"2024-07-25T07:14:54","slug":"canne-a-peche-pour-chat","status":"publish","type":"product","link":"https:\/\/arboricat.com\/fr\/produit\/canne-a-peche-pour-chat\/","title":{"rendered":"Canne \u00e0 p\u00eache pour chat"},"content":{"rendered":"<p>Le chat d&rsquo;appartement a besoin de nombreux jouets pour se divertir au quotidien. En lui offrant une canne \u00e0 p\u00eache, votre chat va se d\u00e9penser et stimuler son instinct naturel de chasseur. Impossible de r\u00e9sister aux plumes naturelles pr\u00e9sentes sur la canne qui lui \u00e9voquent une v\u00e9ritable proie ! Les cannes \u00e0 p\u00eache enrichissent l&rsquo;environnement de votre animal en simulant un oiseau. L&rsquo;instinct naturel de pr\u00e9dateur de votre chat de salon est automatiquement stimul\u00e9. M\u00eame s&rsquo;il ne s&rsquo;int\u00e9resse pas \u00e0 ses autres jouets, votre chat ne pourra pas r\u00e9sister \u00e0 une s\u00e9ance de jeu initi\u00e9e par son humain ador\u00e9.<\/p>\n","protected":false},"excerpt":{"rendered":"<p>\u23f3 Temps de livraison estim\u00e9 : 10-15j<\/p>\n<ul>\n<li class=\"productDetailSpecification specificationColor2 fontScalingMobile\">Plume de qualit\u00e9 sup\u00e9rieure<\/li>\n<li class=\"productDetailSpecification specificationColor2 fontScalingMobile\">Corde \u00e9lastique<\/li>\n<li class=\"productDetailSpecification specificationColor2 fontScalingMobile\">Bois brut<\/li>\n<\/ul>\n","protected":false},"featured_media":12827,"template":"","meta":[],"product_brand":[],"product_cat":[107,316],"product_tag":[],"class_list":{"0":"post-12826","1":"product","2":"type-product","3":"status-publish","4":"has-post-thumbnail","6":"product_cat-accessoires","7":"product_cat-destockage","8":"pa_motif-ballon","9":"pa_motif-bonbon","10":"pa_motif-coeur","11":"pa_motif-poisson","12":"pa_motif-rond","13":"pa_motif-souris","15":"first","16":"instock","17":"shipping-taxable","18":"purchasable","19":"product-type-variable"},"yoast_head":"<!-- This site is optimized with the Yoast SEO plugin v27.3 - https:\/\/yoast.com\/product\/yoast-seo-wordpress\/ -->\n<title>Canne \u00e0 p\u00eache pour chat - Arboricat<\/title>\n<meta name=\"description\" content=\"Le jouet le plus stimulant pour votre minou ! Les chats adorent courir apr\u00e8s une canne \u00e0 p\u00eache utilis\u00e9e par son ma\u00eetre.\" \/>\n<meta name=\"robots\" content=\"index, follow, max-snippet:-1, max-image-preview:large, max-video-preview:-1\" \/>\n<link rel=\"canonical\" href=\"https:\/\/arboricat.com\/fr\/produit\/canne-a-peche-pour-chat\/\" \/>\n<meta property=\"og:locale\" content=\"fr_FR\" \/>\n<meta property=\"og:type\" content=\"article\" \/>\n<meta property=\"og:title\" content=\"Canne \u00e0 p\u00eache pour chat - Arboricat\" \/>\n<meta property=\"og:description\" content=\"Le jouet le plus stimulant pour votre minou ! Les chats adorent courir apr\u00e8s une canne \u00e0 p\u00eache utilis\u00e9e par son ma\u00eetre.\" \/>\n<meta property=\"og:url\" content=\"https:\/\/arboricat.com\/fr\/produit\/canne-a-peche-pour-chat\/\" \/>\n<meta property=\"og:site_name\" content=\"Arboricat\" \/>\n<meta property=\"article:publisher\" content=\"https:\/\/www.facebook.com\/arboricat\" \/>\n<meta property=\"article:modified_time\" content=\"2024-07-25T07:14:54+00:00\" \/>\n<meta property=\"og:image\" content=\"https:\/\/arboricat.com\/wp-content\/uploads\/2021\/12\/canne-a-peche-chat.jpg\" \/>\n\t<meta property=\"og:image:width\" content=\"800\" \/>\n\t<meta property=\"og:image:height\" content=\"800\" \/>\n\t<meta property=\"og:image:type\" content=\"image\/jpeg\" \/>\n<meta name=\"twitter:card\" content=\"summary_large_image\" \/>\n<meta name=\"twitter:label1\" content=\"Dur\u00e9e de lecture estim\u00e9e\" \/>\n\t<meta name=\"twitter:data1\" content=\"1 minute\" \/>\n<script type=\"application\/ld+json\" class=\"yoast-schema-graph\">{\"@context\":\"https:\\\/\\\/schema.org\",\"@graph\":[{\"@type\":\"WebPage\",\"@id\":\"https:\\\/\\\/arboricat.com\\\/fr\\\/produit\\\/canne-a-peche-pour-chat\\\/\",\"url\":\"https:\\\/\\\/arboricat.com\\\/fr\\\/produit\\\/canne-a-peche-pour-chat\\\/\",\"name\":\"Canne \u00e0 p\u00eache pour chat - Arboricat\",\"isPartOf\":{\"@id\":\"https:\\\/\\\/arboricat.com\\\/fr\\\/#website\"},\"primaryImageOfPage\":{\"@id\":\"https:\\\/\\\/arboricat.com\\\/fr\\\/produit\\\/canne-a-peche-pour-chat\\\/#primaryimage\"},\"image\":{\"@id\":\"https:\\\/\\\/arboricat.com\\\/fr\\\/produit\\\/canne-a-peche-pour-chat\\\/#primaryimage\"},\"thumbnailUrl\":\"https:\\\/\\\/arboricat.com\\\/wp-content\\\/uploads\\\/2021\\\/12\\\/canne-a-peche-chat.jpg\",\"datePublished\":\"2021-12-28T14:49:22+00:00\",\"dateModified\":\"2024-07-25T07:14:54+00:00\",\"description\":\"Le jouet le plus stimulant pour votre minou ! Les chats adorent courir apr\u00e8s une canne \u00e0 p\u00eache utilis\u00e9e par son ma\u00eetre.\",\"breadcrumb\":{\"@id\":\"https:\\\/\\\/arboricat.com\\\/fr\\\/produit\\\/canne-a-peche-pour-chat\\\/#breadcrumb\"},\"inLanguage\":\"fr-FR\",\"potentialAction\":[{\"@type\":\"ReadAction\",\"target\":[\"https:\\\/\\\/arboricat.com\\\/fr\\\/produit\\\/canne-a-peche-pour-chat\\\/\"]}]},{\"@type\":\"ImageObject\",\"inLanguage\":\"fr-FR\",\"@id\":\"https:\\\/\\\/arboricat.com\\\/fr\\\/produit\\\/canne-a-peche-pour-chat\\\/#primaryimage\",\"url\":\"https:\\\/\\\/arboricat.com\\\/wp-content\\\/uploads\\\/2021\\\/12\\\/canne-a-peche-chat.jpg\",\"contentUrl\":\"https:\\\/\\\/arboricat.com\\\/wp-content\\\/uploads\\\/2021\\\/12\\\/canne-a-peche-chat.jpg\",\"width\":800,\"height\":800,\"caption\":\"canne-a-peche-chat\"},{\"@type\":\"BreadcrumbList\",\"@id\":\"https:\\\/\\\/arboricat.com\\\/fr\\\/produit\\\/canne-a-peche-pour-chat\\\/#breadcrumb\",\"itemListElement\":[{\"@type\":\"ListItem\",\"position\":1,\"name\":\"Accueil\",\"item\":\"https:\\\/\\\/arboricat.com\\\/fr\\\/\"},{\"@type\":\"ListItem\",\"position\":2,\"name\":\"Boutique\",\"item\":\"https:\\\/\\\/arboricat.com\\\/fr\\\/boutique\\\/\"},{\"@type\":\"ListItem\",\"position\":3,\"name\":\"Canne \u00e0 p\u00eache pour chat\"}]},{\"@type\":\"WebSite\",\"@id\":\"https:\\\/\\\/arboricat.com\\\/fr\\\/#website\",\"url\":\"https:\\\/\\\/arboricat.com\\\/fr\\\/\",\"name\":\"Arboricat\",\"description\":\"\",\"publisher\":{\"@id\":\"https:\\\/\\\/arboricat.com\\\/fr\\\/#organization\"},\"potentialAction\":[{\"@type\":\"SearchAction\",\"target\":{\"@type\":\"EntryPoint\",\"urlTemplate\":\"https:\\\/\\\/arboricat.com\\\/fr\\\/?s={search_term_string}\"},\"query-input\":{\"@type\":\"PropertyValueSpecification\",\"valueRequired\":true,\"valueName\":\"search_term_string\"}}],\"inLanguage\":\"fr-FR\"},{\"@type\":\"Organization\",\"@id\":\"https:\\\/\\\/arboricat.com\\\/fr\\\/#organization\",\"name\":\"Arboricat\",\"url\":\"https:\\\/\\\/arboricat.com\\\/fr\\\/\",\"logo\":{\"@type\":\"ImageObject\",\"inLanguage\":\"fr-FR\",\"@id\":\"https:\\\/\\\/arboricat.com\\\/fr\\\/#\\\/schema\\\/logo\\\/image\\\/\",\"url\":\"https:\\\/\\\/arboricat.com\\\/wp-content\\\/uploads\\\/2024\\\/07\\\/logo_696x696.png\",\"contentUrl\":\"https:\\\/\\\/arboricat.com\\\/wp-content\\\/uploads\\\/2024\\\/07\\\/logo_696x696.png\",\"width\":697,\"height\":697,\"caption\":\"Arboricat\"},\"image\":{\"@id\":\"https:\\\/\\\/arboricat.com\\\/fr\\\/#\\\/schema\\\/logo\\\/image\\\/\"},\"sameAs\":[\"https:\\\/\\\/www.facebook.com\\\/arboricat\",\"https:\\\/\\\/www.instagram.com\\\/arboricatdesign\\\/?hl=fra\"]}]}<\/script>\n<!-- \/ Yoast SEO plugin. -->","yoast_head_json":{"title":"Canne \u00e0 p\u00eache pour chat - Arboricat","description":"Le jouet le plus stimulant pour votre minou ! Les chats adorent courir apr\u00e8s une canne \u00e0 p\u00eache utilis\u00e9e par son ma\u00eetre.","robots":{"index":"index","follow":"follow","max-snippet":"max-snippet:-1","max-image-preview":"max-image-preview:large","max-video-preview":"max-video-preview:-1"},"canonical":"https:\/\/arboricat.com\/fr\/produit\/canne-a-peche-pour-chat\/","og_locale":"fr_FR","og_type":"article","og_title":"Canne \u00e0 p\u00eache pour chat - Arboricat","og_description":"Le jouet le plus stimulant pour votre minou ! Les chats adorent courir apr\u00e8s une canne \u00e0 p\u00eache utilis\u00e9e par son ma\u00eetre.","og_url":"https:\/\/arboricat.com\/fr\/produit\/canne-a-peche-pour-chat\/","og_site_name":"Arboricat","article_publisher":"https:\/\/www.facebook.com\/arboricat","article_modified_time":"2024-07-25T07:14:54+00:00","og_image":[{"width":800,"height":800,"url":"https:\/\/arboricat.com\/wp-content\/uploads\/2021\/12\/canne-a-peche-chat.jpg","type":"image\/jpeg"}],"twitter_card":"summary_large_image","twitter_misc":{"Dur\u00e9e de lecture estim\u00e9e":"1 minute"},"schema":{"@context":"https:\/\/schema.org","@graph":[{"@type":"WebPage","@id":"https:\/\/arboricat.com\/fr\/produit\/canne-a-peche-pour-chat\/","url":"https:\/\/arboricat.com\/fr\/produit\/canne-a-peche-pour-chat\/","name":"Canne \u00e0 p\u00eache pour chat - Arboricat","isPartOf":{"@id":"https:\/\/arboricat.com\/fr\/#website"},"primaryImageOfPage":{"@id":"https:\/\/arboricat.com\/fr\/produit\/canne-a-peche-pour-chat\/#primaryimage"},"image":{"@id":"https:\/\/arboricat.com\/fr\/produit\/canne-a-peche-pour-chat\/#primaryimage"},"thumbnailUrl":"https:\/\/arboricat.com\/wp-content\/uploads\/2021\/12\/canne-a-peche-chat.jpg","datePublished":"2021-12-28T14:49:22+00:00","dateModified":"2024-07-25T07:14:54+00:00","description":"Le jouet le plus stimulant pour votre minou ! Les chats adorent courir apr\u00e8s une canne \u00e0 p\u00eache utilis\u00e9e par son ma\u00eetre.","breadcrumb":{"@id":"https:\/\/arboricat.com\/fr\/produit\/canne-a-peche-pour-chat\/#breadcrumb"},"inLanguage":"fr-FR","potentialAction":[{"@type":"ReadAction","target":["https:\/\/arboricat.com\/fr\/produit\/canne-a-peche-pour-chat\/"]}]},{"@type":"ImageObject","inLanguage":"fr-FR","@id":"https:\/\/arboricat.com\/fr\/produit\/canne-a-peche-pour-chat\/#primaryimage","url":"https:\/\/arboricat.com\/wp-content\/uploads\/2021\/12\/canne-a-peche-chat.jpg","contentUrl":"https:\/\/arboricat.com\/wp-content\/uploads\/2021\/12\/canne-a-peche-chat.jpg","width":800,"height":800,"caption":"canne-a-peche-chat"},{"@type":"BreadcrumbList","@id":"https:\/\/arboricat.com\/fr\/produit\/canne-a-peche-pour-chat\/#breadcrumb","itemListElement":[{"@type":"ListItem","position":1,"name":"Accueil","item":"https:\/\/arboricat.com\/fr\/"},{"@type":"ListItem","position":2,"name":"Boutique","item":"https:\/\/arboricat.com\/fr\/boutique\/"},{"@type":"ListItem","position":3,"name":"Canne \u00e0 p\u00eache pour chat"}]},{"@type":"WebSite","@id":"https:\/\/arboricat.com\/fr\/#website","url":"https:\/\/arboricat.com\/fr\/","name":"Arboricat","description":"","publisher":{"@id":"https:\/\/arboricat.com\/fr\/#organization"},"potentialAction":[{"@type":"SearchAction","target":{"@type":"EntryPoint","urlTemplate":"https:\/\/arboricat.com\/fr\/?s={search_term_string}"},"query-input":{"@type":"PropertyValueSpecification","valueRequired":true,"valueName":"search_term_string"}}],"inLanguage":"fr-FR"},{"@type":"Organization","@id":"https:\/\/arboricat.com\/fr\/#organization","name":"Arboricat","url":"https:\/\/arboricat.com\/fr\/","logo":{"@type":"ImageObject","inLanguage":"fr-FR","@id":"https:\/\/arboricat.com\/fr\/#\/schema\/logo\/image\/","url":"https:\/\/arboricat.com\/wp-content\/uploads\/2024\/07\/logo_696x696.png","contentUrl":"https:\/\/arboricat.com\/wp-content\/uploads\/2024\/07\/logo_696x696.png","width":697,"height":697,"caption":"Arboricat"},"image":{"@id":"https:\/\/arboricat.com\/fr\/#\/schema\/logo\/image\/"},"sameAs":["https:\/\/www.facebook.com\/arboricat","https:\/\/www.instagram.com\/arboricatdesign\/?hl=fra"]}]}},"_links":{"self":[{"href":"https:\/\/arboricat.com\/fr\/wp-json\/wp\/v2\/product\/12826","targetHints":{"allow":["GET"]}}],"collection":[{"href":"https:\/\/arboricat.com\/fr\/wp-json\/wp\/v2\/product"}],"about":[{"href":"https:\/\/arboricat.com\/fr\/wp-json\/wp\/v2\/types\/product"}],"version-history":[{"count":0,"href":"https:\/\/arboricat.com\/fr\/wp-json\/wp\/v2\/product\/12826\/revisions"}],"wp:featuredmedia":[{"embeddable":true,"href":"https:\/\/arboricat.com\/fr\/wp-json\/wp\/v2\/media\/12827"}],"wp:attachment":[{"href":"https:\/\/arboricat.com\/fr\/wp-json\/wp\/v2\/media?parent=12826"}],"wp:term":[{"taxonomy":"product_brand","embeddable":true,"href":"https:\/\/arboricat.com\/fr\/wp-json\/wp\/v2\/product_brand?post=12826"},{"taxonomy":"product_cat","embeddable":true,"href":"https:\/\/arboricat.com\/fr\/wp-json\/wp\/v2\/product_cat?post=12826"},{"taxonomy":"product_tag","embeddable":true,"href":"https:\/\/arboricat.com\/fr\/wp-json\/wp\/v2\/product_tag?post=12826"}],"curies":[{"name":"wp","href":"https:\/\/api.w.org\/{rel}","templated":true}]}}