{"id":14455,"date":"2022-05-16T08:18:39","date_gmt":"2022-05-16T08:18:39","guid":{"rendered":"https:\/\/arboricat.com\/?post_type=product&#038;p=14455"},"modified":"2025-02-19T11:46:38","modified_gmt":"2025-02-19T11:46:38","slug":"griffoir-blaze__trashed","status":"publish","type":"product","link":"https:\/\/arboricat.com\/fr\/produit\/griffoir-blaze__trashed\/","title":{"rendered":"Arbre \u00e0 chat Griffoir Blaze"},"content":{"rendered":"<p>Sobre et minimaliste, le griffoir blaze est parfait pour les chats. Dot\u00e9 de trois zones de repos, ses hamacs en peluche douce et confortable sont id\u00e9als pour la d\u00e9tente d&rsquo;un chat. Ses trois poteaux extra-larges sont quant \u00e0 eux recouverts de sisal pour permettre \u00e0 votre chat de prendre plaisir \u00e0 y faire ses griffes.<\/p>\n","protected":false},"excerpt":{"rendered":"<p><strong>\ud83d\ude9a Livraison gratuite<\/strong><\/p>\n<p>\u23f3 Temps de livraison estim\u00e9 : 1-3j<\/p>\n<ul>\n<li>Poteaux en sisal de 10.5cm<\/li>\n<li>Tissu avec peluche confortable<\/li>\n<\/ul>\n","protected":false},"featured_media":14456,"template":"","meta":[],"product_brand":[],"product_cat":[137,302,298,316,160,299],"product_tag":[],"class_list":{"0":"post-14455","1":"product","2":"type-product","3":"status-publish","4":"has-post-thumbnail","6":"product_cat-arbre-a-chat","7":"product_cat-arbre-a-chat-design","8":"product_cat-arbre-a-chat-maine-coon","9":"product_cat-destockage","10":"product_cat-griffoirs","11":"product_cat-xxl","12":"pa_couleurs-blanc","14":"first","15":"instock","16":"shipping-taxable","17":"purchasable","18":"product-type-simple"},"yoast_head":"<!-- This site is optimized with the Yoast SEO plugin v27.3 - https:\/\/yoast.com\/product\/yoast-seo-wordpress\/ -->\n<title>Arbre \u00e0 chat Griffoir Blaze - Arboricat<\/title>\n<meta name=\"description\" content=\"D\u00e9couvrez notre griffoir blaze, un produit parfaitement adapt\u00e9 aux chats qui se mariera avec votre int\u00e9rieur.\" \/>\n<meta name=\"robots\" content=\"index, follow, max-snippet:-1, max-image-preview:large, max-video-preview:-1\" \/>\n<link rel=\"canonical\" href=\"https:\/\/arboricat.com\/fr\/produit\/griffoir-blaze__trashed\/\" \/>\n<meta property=\"og:locale\" content=\"fr_FR\" \/>\n<meta property=\"og:type\" content=\"article\" \/>\n<meta property=\"og:title\" content=\"Arbre \u00e0 chat Griffoir Blaze - Arboricat\" \/>\n<meta property=\"og:description\" content=\"D\u00e9couvrez notre griffoir blaze, un produit parfaitement adapt\u00e9 aux chats qui se mariera avec votre int\u00e9rieur.\" \/>\n<meta property=\"og:url\" content=\"https:\/\/arboricat.com\/fr\/produit\/griffoir-blaze__trashed\/\" \/>\n<meta property=\"og:site_name\" content=\"Arboricat\" \/>\n<meta property=\"article:publisher\" content=\"https:\/\/www.facebook.com\/arboricat\" \/>\n<meta property=\"article:modified_time\" content=\"2025-02-19T11:46:38+00:00\" \/>\n<meta property=\"og:image\" content=\"https:\/\/arboricat.com\/wp-content\/uploads\/2022\/05\/griffoir-blaze.jpg\" \/>\n\t<meta property=\"og:image:width\" content=\"600\" \/>\n\t<meta property=\"og:image:height\" content=\"600\" \/>\n\t<meta property=\"og:image:type\" content=\"image\/jpeg\" \/>\n<meta name=\"twitter:card\" content=\"summary_large_image\" \/>\n<meta name=\"twitter:label1\" content=\"Dur\u00e9e de lecture estim\u00e9e\" \/>\n\t<meta name=\"twitter:data1\" content=\"1 minute\" \/>\n<script type=\"application\/ld+json\" class=\"yoast-schema-graph\">{\"@context\":\"https:\\\/\\\/schema.org\",\"@graph\":[{\"@type\":\"WebPage\",\"@id\":\"https:\\\/\\\/arboricat.com\\\/fr\\\/produit\\\/griffoir-blaze__trashed\\\/\",\"url\":\"https:\\\/\\\/arboricat.com\\\/fr\\\/produit\\\/griffoir-blaze__trashed\\\/\",\"name\":\"Arbre \u00e0 chat Griffoir Blaze - Arboricat\",\"isPartOf\":{\"@id\":\"https:\\\/\\\/arboricat.com\\\/fr\\\/#website\"},\"primaryImageOfPage\":{\"@id\":\"https:\\\/\\\/arboricat.com\\\/fr\\\/produit\\\/griffoir-blaze__trashed\\\/#primaryimage\"},\"image\":{\"@id\":\"https:\\\/\\\/arboricat.com\\\/fr\\\/produit\\\/griffoir-blaze__trashed\\\/#primaryimage\"},\"thumbnailUrl\":\"https:\\\/\\\/arboricat.com\\\/wp-content\\\/uploads\\\/2022\\\/05\\\/griffoir-blaze.jpg\",\"datePublished\":\"2022-05-16T08:18:39+00:00\",\"dateModified\":\"2025-02-19T11:46:38+00:00\",\"description\":\"D\u00e9couvrez notre griffoir blaze, un produit parfaitement adapt\u00e9 aux chats qui se mariera avec votre int\u00e9rieur.\",\"breadcrumb\":{\"@id\":\"https:\\\/\\\/arboricat.com\\\/fr\\\/produit\\\/griffoir-blaze__trashed\\\/#breadcrumb\"},\"inLanguage\":\"fr-FR\",\"potentialAction\":[{\"@type\":\"ReadAction\",\"target\":[\"https:\\\/\\\/arboricat.com\\\/fr\\\/produit\\\/griffoir-blaze__trashed\\\/\"]}]},{\"@type\":\"ImageObject\",\"inLanguage\":\"fr-FR\",\"@id\":\"https:\\\/\\\/arboricat.com\\\/fr\\\/produit\\\/griffoir-blaze__trashed\\\/#primaryimage\",\"url\":\"https:\\\/\\\/arboricat.com\\\/wp-content\\\/uploads\\\/2022\\\/05\\\/griffoir-blaze.jpg\",\"contentUrl\":\"https:\\\/\\\/arboricat.com\\\/wp-content\\\/uploads\\\/2022\\\/05\\\/griffoir-blaze.jpg\",\"width\":600,\"height\":600,\"caption\":\"griffoir blanc avec trois hamacs en peluche douce et trois gros poteaux en sisal\"},{\"@type\":\"BreadcrumbList\",\"@id\":\"https:\\\/\\\/arboricat.com\\\/fr\\\/produit\\\/griffoir-blaze__trashed\\\/#breadcrumb\",\"itemListElement\":[{\"@type\":\"ListItem\",\"position\":1,\"name\":\"Accueil\",\"item\":\"https:\\\/\\\/arboricat.com\\\/fr\\\/\"},{\"@type\":\"ListItem\",\"position\":2,\"name\":\"Boutique\",\"item\":\"https:\\\/\\\/arboricat.com\\\/fr\\\/boutique\\\/\"},{\"@type\":\"ListItem\",\"position\":3,\"name\":\"Arbre \u00e0 chat Griffoir Blaze\"}]},{\"@type\":\"WebSite\",\"@id\":\"https:\\\/\\\/arboricat.com\\\/fr\\\/#website\",\"url\":\"https:\\\/\\\/arboricat.com\\\/fr\\\/\",\"name\":\"Arboricat\",\"description\":\"\",\"publisher\":{\"@id\":\"https:\\\/\\\/arboricat.com\\\/fr\\\/#organization\"},\"potentialAction\":[{\"@type\":\"SearchAction\",\"target\":{\"@type\":\"EntryPoint\",\"urlTemplate\":\"https:\\\/\\\/arboricat.com\\\/fr\\\/?s={search_term_string}\"},\"query-input\":{\"@type\":\"PropertyValueSpecification\",\"valueRequired\":true,\"valueName\":\"search_term_string\"}}],\"inLanguage\":\"fr-FR\"},{\"@type\":\"Organization\",\"@id\":\"https:\\\/\\\/arboricat.com\\\/fr\\\/#organization\",\"name\":\"Arboricat\",\"url\":\"https:\\\/\\\/arboricat.com\\\/fr\\\/\",\"logo\":{\"@type\":\"ImageObject\",\"inLanguage\":\"fr-FR\",\"@id\":\"https:\\\/\\\/arboricat.com\\\/fr\\\/#\\\/schema\\\/logo\\\/image\\\/\",\"url\":\"https:\\\/\\\/arboricat.com\\\/wp-content\\\/uploads\\\/2024\\\/07\\\/logo_696x696.png\",\"contentUrl\":\"https:\\\/\\\/arboricat.com\\\/wp-content\\\/uploads\\\/2024\\\/07\\\/logo_696x696.png\",\"width\":697,\"height\":697,\"caption\":\"Arboricat\"},\"image\":{\"@id\":\"https:\\\/\\\/arboricat.com\\\/fr\\\/#\\\/schema\\\/logo\\\/image\\\/\"},\"sameAs\":[\"https:\\\/\\\/www.facebook.com\\\/arboricat\",\"https:\\\/\\\/www.instagram.com\\\/arboricatdesign\\\/?hl=fra\"]}]}<\/script>\n<!-- \/ Yoast SEO plugin. -->","yoast_head_json":{"title":"Arbre \u00e0 chat Griffoir Blaze - Arboricat","description":"D\u00e9couvrez notre griffoir blaze, un produit parfaitement adapt\u00e9 aux chats qui se mariera avec votre int\u00e9rieur.","robots":{"index":"index","follow":"follow","max-snippet":"max-snippet:-1","max-image-preview":"max-image-preview:large","max-video-preview":"max-video-preview:-1"},"canonical":"https:\/\/arboricat.com\/fr\/produit\/griffoir-blaze__trashed\/","og_locale":"fr_FR","og_type":"article","og_title":"Arbre \u00e0 chat Griffoir Blaze - Arboricat","og_description":"D\u00e9couvrez notre griffoir blaze, un produit parfaitement adapt\u00e9 aux chats qui se mariera avec votre int\u00e9rieur.","og_url":"https:\/\/arboricat.com\/fr\/produit\/griffoir-blaze__trashed\/","og_site_name":"Arboricat","article_publisher":"https:\/\/www.facebook.com\/arboricat","article_modified_time":"2025-02-19T11:46:38+00:00","og_image":[{"width":600,"height":600,"url":"https:\/\/arboricat.com\/wp-content\/uploads\/2022\/05\/griffoir-blaze.jpg","type":"image\/jpeg"}],"twitter_card":"summary_large_image","twitter_misc":{"Dur\u00e9e de lecture estim\u00e9e":"1 minute"},"schema":{"@context":"https:\/\/schema.org","@graph":[{"@type":"WebPage","@id":"https:\/\/arboricat.com\/fr\/produit\/griffoir-blaze__trashed\/","url":"https:\/\/arboricat.com\/fr\/produit\/griffoir-blaze__trashed\/","name":"Arbre \u00e0 chat Griffoir Blaze - Arboricat","isPartOf":{"@id":"https:\/\/arboricat.com\/fr\/#website"},"primaryImageOfPage":{"@id":"https:\/\/arboricat.com\/fr\/produit\/griffoir-blaze__trashed\/#primaryimage"},"image":{"@id":"https:\/\/arboricat.com\/fr\/produit\/griffoir-blaze__trashed\/#primaryimage"},"thumbnailUrl":"https:\/\/arboricat.com\/wp-content\/uploads\/2022\/05\/griffoir-blaze.jpg","datePublished":"2022-05-16T08:18:39+00:00","dateModified":"2025-02-19T11:46:38+00:00","description":"D\u00e9couvrez notre griffoir blaze, un produit parfaitement adapt\u00e9 aux chats qui se mariera avec votre int\u00e9rieur.","breadcrumb":{"@id":"https:\/\/arboricat.com\/fr\/produit\/griffoir-blaze__trashed\/#breadcrumb"},"inLanguage":"fr-FR","potentialAction":[{"@type":"ReadAction","target":["https:\/\/arboricat.com\/fr\/produit\/griffoir-blaze__trashed\/"]}]},{"@type":"ImageObject","inLanguage":"fr-FR","@id":"https:\/\/arboricat.com\/fr\/produit\/griffoir-blaze__trashed\/#primaryimage","url":"https:\/\/arboricat.com\/wp-content\/uploads\/2022\/05\/griffoir-blaze.jpg","contentUrl":"https:\/\/arboricat.com\/wp-content\/uploads\/2022\/05\/griffoir-blaze.jpg","width":600,"height":600,"caption":"griffoir blanc avec trois hamacs en peluche douce et trois gros poteaux en sisal"},{"@type":"BreadcrumbList","@id":"https:\/\/arboricat.com\/fr\/produit\/griffoir-blaze__trashed\/#breadcrumb","itemListElement":[{"@type":"ListItem","position":1,"name":"Accueil","item":"https:\/\/arboricat.com\/fr\/"},{"@type":"ListItem","position":2,"name":"Boutique","item":"https:\/\/arboricat.com\/fr\/boutique\/"},{"@type":"ListItem","position":3,"name":"Arbre \u00e0 chat Griffoir Blaze"}]},{"@type":"WebSite","@id":"https:\/\/arboricat.com\/fr\/#website","url":"https:\/\/arboricat.com\/fr\/","name":"Arboricat","description":"","publisher":{"@id":"https:\/\/arboricat.com\/fr\/#organization"},"potentialAction":[{"@type":"SearchAction","target":{"@type":"EntryPoint","urlTemplate":"https:\/\/arboricat.com\/fr\/?s={search_term_string}"},"query-input":{"@type":"PropertyValueSpecification","valueRequired":true,"valueName":"search_term_string"}}],"inLanguage":"fr-FR"},{"@type":"Organization","@id":"https:\/\/arboricat.com\/fr\/#organization","name":"Arboricat","url":"https:\/\/arboricat.com\/fr\/","logo":{"@type":"ImageObject","inLanguage":"fr-FR","@id":"https:\/\/arboricat.com\/fr\/#\/schema\/logo\/image\/","url":"https:\/\/arboricat.com\/wp-content\/uploads\/2024\/07\/logo_696x696.png","contentUrl":"https:\/\/arboricat.com\/wp-content\/uploads\/2024\/07\/logo_696x696.png","width":697,"height":697,"caption":"Arboricat"},"image":{"@id":"https:\/\/arboricat.com\/fr\/#\/schema\/logo\/image\/"},"sameAs":["https:\/\/www.facebook.com\/arboricat","https:\/\/www.instagram.com\/arboricatdesign\/?hl=fra"]}]}},"_links":{"self":[{"href":"https:\/\/arboricat.com\/fr\/wp-json\/wp\/v2\/product\/14455","targetHints":{"allow":["GET"]}}],"collection":[{"href":"https:\/\/arboricat.com\/fr\/wp-json\/wp\/v2\/product"}],"about":[{"href":"https:\/\/arboricat.com\/fr\/wp-json\/wp\/v2\/types\/product"}],"version-history":[{"count":4,"href":"https:\/\/arboricat.com\/fr\/wp-json\/wp\/v2\/product\/14455\/revisions"}],"predecessor-version":[{"id":39274,"href":"https:\/\/arboricat.com\/fr\/wp-json\/wp\/v2\/product\/14455\/revisions\/39274"}],"wp:featuredmedia":[{"embeddable":true,"href":"https:\/\/arboricat.com\/fr\/wp-json\/wp\/v2\/media\/14456"}],"wp:attachment":[{"href":"https:\/\/arboricat.com\/fr\/wp-json\/wp\/v2\/media?parent=14455"}],"wp:term":[{"taxonomy":"product_brand","embeddable":true,"href":"https:\/\/arboricat.com\/fr\/wp-json\/wp\/v2\/product_brand?post=14455"},{"taxonomy":"product_cat","embeddable":true,"href":"https:\/\/arboricat.com\/fr\/wp-json\/wp\/v2\/product_cat?post=14455"},{"taxonomy":"product_tag","embeddable":true,"href":"https:\/\/arboricat.com\/fr\/wp-json\/wp\/v2\/product_tag?post=14455"}],"curies":[{"name":"wp","href":"https:\/\/api.w.org\/{rel}","templated":true}]}}