{"id":14459,"date":"2022-05-16T08:57:30","date_gmt":"2022-05-16T08:57:30","guid":{"rendered":"https:\/\/arboricat.com\/?post_type=product&#038;p=14459"},"modified":"2024-11-25T09:03:50","modified_gmt":"2024-11-25T09:03:50","slug":"tipi-hellen","status":"publish","type":"product","link":"https:\/\/arboricat.com\/fr\/produit\/tipi-hellen\/","title":{"rendered":"Tipi Hellen"},"content":{"rendered":"<p>Sobre et minimaliste, le tipi hellen est parfait pour les chats. Avec son feutre de qualit\u00e9 \u00e0 l&rsquo;ext\u00e9rieur, l&rsquo;int\u00e9rieur est quant \u00e0 lui compos\u00e9 d&rsquo;une peluche douce et confortable afin que votre chat puisse se cacher ou se reposer dans les meilleurs conditions.<\/p>\n","protected":false},"excerpt":{"rendered":"<p><strong>\ud83d\ude9a Livraison gratuite<\/strong><\/p>\n<p>\u23f3 Temps de livraison estim\u00e9 : 1-3j<\/p>\n<ul>\n<li>Maison en feutre de qualit\u00e9 sup\u00e9rieure (3 mm)<\/li>\n<li>Int\u00e9rieur en peluche douce<\/li>\n<li>Peut accueillir un gros chat ou plusieurs petits<\/li>\n<li>80x80x75cm<\/li>\n<li>Se plie pour partir en vacances<\/li>\n<\/ul>\n","protected":false},"featured_media":14460,"template":"","meta":[],"product_brand":[],"product_cat":[149,316,239,238],"product_tag":[],"class_list":{"0":"post-14459","1":"product","2":"type-product","3":"status-publish","4":"has-post-thumbnail","6":"product_cat-couchage","7":"product_cat-destockage","8":"product_cat-grotte","9":"product_cat-tipi","10":"pa_couleurs-gris","12":"first","13":"instock","14":"sale","15":"shipping-taxable","16":"purchasable","17":"product-type-simple"},"yoast_head":"<!-- This site is optimized with the Yoast SEO plugin v27.3 - https:\/\/yoast.com\/product\/yoast-seo-wordpress\/ -->\n<title>Tipi Hellen - Arboricat<\/title>\n<meta name=\"description\" content=\"D\u00e9couvrez notre tipi hellen, un produit parfaitement adapt\u00e9 aux chats qui se mariera avec votre int\u00e9rieur.\" \/>\n<meta name=\"robots\" content=\"index, follow, max-snippet:-1, max-image-preview:large, max-video-preview:-1\" \/>\n<link rel=\"canonical\" href=\"https:\/\/arboricat.com\/fr\/produit\/tipi-hellen\/\" \/>\n<meta property=\"og:locale\" content=\"fr_FR\" \/>\n<meta property=\"og:type\" content=\"article\" \/>\n<meta property=\"og:title\" content=\"Tipi Hellen - Arboricat\" \/>\n<meta property=\"og:description\" content=\"D\u00e9couvrez notre tipi hellen, un produit parfaitement adapt\u00e9 aux chats qui se mariera avec votre int\u00e9rieur.\" \/>\n<meta property=\"og:url\" content=\"https:\/\/arboricat.com\/fr\/produit\/tipi-hellen\/\" \/>\n<meta property=\"og:site_name\" content=\"Arboricat\" \/>\n<meta property=\"article:publisher\" content=\"https:\/\/www.facebook.com\/arboricat\" \/>\n<meta property=\"article:modified_time\" content=\"2024-11-25T09:03:50+00:00\" \/>\n<meta property=\"og:image\" content=\"https:\/\/arboricat.com\/wp-content\/uploads\/2022\/05\/tipi-hellen.jpg\" \/>\n\t<meta property=\"og:image:width\" content=\"600\" \/>\n\t<meta property=\"og:image:height\" content=\"600\" \/>\n\t<meta property=\"og:image:type\" content=\"image\/jpeg\" \/>\n<meta name=\"twitter:card\" content=\"summary_large_image\" \/>\n<meta name=\"twitter:label1\" content=\"Dur\u00e9e de lecture estim\u00e9e\" \/>\n\t<meta name=\"twitter:data1\" content=\"1 minute\" \/>\n<script type=\"application\/ld+json\" class=\"yoast-schema-graph\">{\"@context\":\"https:\\\/\\\/schema.org\",\"@graph\":[{\"@type\":\"WebPage\",\"@id\":\"https:\\\/\\\/arboricat.com\\\/fr\\\/produit\\\/tipi-hellen\\\/\",\"url\":\"https:\\\/\\\/arboricat.com\\\/fr\\\/produit\\\/tipi-hellen\\\/\",\"name\":\"Tipi Hellen - Arboricat\",\"isPartOf\":{\"@id\":\"https:\\\/\\\/arboricat.com\\\/fr\\\/#website\"},\"primaryImageOfPage\":{\"@id\":\"https:\\\/\\\/arboricat.com\\\/fr\\\/produit\\\/tipi-hellen\\\/#primaryimage\"},\"image\":{\"@id\":\"https:\\\/\\\/arboricat.com\\\/fr\\\/produit\\\/tipi-hellen\\\/#primaryimage\"},\"thumbnailUrl\":\"https:\\\/\\\/arboricat.com\\\/wp-content\\\/uploads\\\/2022\\\/05\\\/tipi-hellen.jpg\",\"datePublished\":\"2022-05-16T08:57:30+00:00\",\"dateModified\":\"2024-11-25T09:03:50+00:00\",\"description\":\"D\u00e9couvrez notre tipi hellen, un produit parfaitement adapt\u00e9 aux chats qui se mariera avec votre int\u00e9rieur.\",\"breadcrumb\":{\"@id\":\"https:\\\/\\\/arboricat.com\\\/fr\\\/produit\\\/tipi-hellen\\\/#breadcrumb\"},\"inLanguage\":\"fr-FR\",\"potentialAction\":[{\"@type\":\"ReadAction\",\"target\":[\"https:\\\/\\\/arboricat.com\\\/fr\\\/produit\\\/tipi-hellen\\\/\"]}]},{\"@type\":\"ImageObject\",\"inLanguage\":\"fr-FR\",\"@id\":\"https:\\\/\\\/arboricat.com\\\/fr\\\/produit\\\/tipi-hellen\\\/#primaryimage\",\"url\":\"https:\\\/\\\/arboricat.com\\\/wp-content\\\/uploads\\\/2022\\\/05\\\/tipi-hellen.jpg\",\"contentUrl\":\"https:\\\/\\\/arboricat.com\\\/wp-content\\\/uploads\\\/2022\\\/05\\\/tipi-hellen.jpg\",\"width\":600,\"height\":600,\"caption\":\"tipi hellen gris en feutre vu de trois quart\"},{\"@type\":\"BreadcrumbList\",\"@id\":\"https:\\\/\\\/arboricat.com\\\/fr\\\/produit\\\/tipi-hellen\\\/#breadcrumb\",\"itemListElement\":[{\"@type\":\"ListItem\",\"position\":1,\"name\":\"Accueil\",\"item\":\"https:\\\/\\\/arboricat.com\\\/fr\\\/\"},{\"@type\":\"ListItem\",\"position\":2,\"name\":\"Boutique\",\"item\":\"https:\\\/\\\/arboricat.com\\\/fr\\\/boutique\\\/\"},{\"@type\":\"ListItem\",\"position\":3,\"name\":\"Tipi Hellen\"}]},{\"@type\":\"WebSite\",\"@id\":\"https:\\\/\\\/arboricat.com\\\/fr\\\/#website\",\"url\":\"https:\\\/\\\/arboricat.com\\\/fr\\\/\",\"name\":\"Arboricat\",\"description\":\"\",\"publisher\":{\"@id\":\"https:\\\/\\\/arboricat.com\\\/fr\\\/#organization\"},\"potentialAction\":[{\"@type\":\"SearchAction\",\"target\":{\"@type\":\"EntryPoint\",\"urlTemplate\":\"https:\\\/\\\/arboricat.com\\\/fr\\\/?s={search_term_string}\"},\"query-input\":{\"@type\":\"PropertyValueSpecification\",\"valueRequired\":true,\"valueName\":\"search_term_string\"}}],\"inLanguage\":\"fr-FR\"},{\"@type\":\"Organization\",\"@id\":\"https:\\\/\\\/arboricat.com\\\/fr\\\/#organization\",\"name\":\"Arboricat\",\"url\":\"https:\\\/\\\/arboricat.com\\\/fr\\\/\",\"logo\":{\"@type\":\"ImageObject\",\"inLanguage\":\"fr-FR\",\"@id\":\"https:\\\/\\\/arboricat.com\\\/fr\\\/#\\\/schema\\\/logo\\\/image\\\/\",\"url\":\"https:\\\/\\\/arboricat.com\\\/wp-content\\\/uploads\\\/2024\\\/07\\\/logo_696x696.png\",\"contentUrl\":\"https:\\\/\\\/arboricat.com\\\/wp-content\\\/uploads\\\/2024\\\/07\\\/logo_696x696.png\",\"width\":697,\"height\":697,\"caption\":\"Arboricat\"},\"image\":{\"@id\":\"https:\\\/\\\/arboricat.com\\\/fr\\\/#\\\/schema\\\/logo\\\/image\\\/\"},\"sameAs\":[\"https:\\\/\\\/www.facebook.com\\\/arboricat\",\"https:\\\/\\\/www.instagram.com\\\/arboricatdesign\\\/?hl=fra\"]}]}<\/script>\n<!-- \/ Yoast SEO plugin. -->","yoast_head_json":{"title":"Tipi Hellen - Arboricat","description":"D\u00e9couvrez notre tipi hellen, un produit parfaitement adapt\u00e9 aux chats qui se mariera avec votre int\u00e9rieur.","robots":{"index":"index","follow":"follow","max-snippet":"max-snippet:-1","max-image-preview":"max-image-preview:large","max-video-preview":"max-video-preview:-1"},"canonical":"https:\/\/arboricat.com\/fr\/produit\/tipi-hellen\/","og_locale":"fr_FR","og_type":"article","og_title":"Tipi Hellen - Arboricat","og_description":"D\u00e9couvrez notre tipi hellen, un produit parfaitement adapt\u00e9 aux chats qui se mariera avec votre int\u00e9rieur.","og_url":"https:\/\/arboricat.com\/fr\/produit\/tipi-hellen\/","og_site_name":"Arboricat","article_publisher":"https:\/\/www.facebook.com\/arboricat","article_modified_time":"2024-11-25T09:03:50+00:00","og_image":[{"width":600,"height":600,"url":"https:\/\/arboricat.com\/wp-content\/uploads\/2022\/05\/tipi-hellen.jpg","type":"image\/jpeg"}],"twitter_card":"summary_large_image","twitter_misc":{"Dur\u00e9e de lecture estim\u00e9e":"1 minute"},"schema":{"@context":"https:\/\/schema.org","@graph":[{"@type":"WebPage","@id":"https:\/\/arboricat.com\/fr\/produit\/tipi-hellen\/","url":"https:\/\/arboricat.com\/fr\/produit\/tipi-hellen\/","name":"Tipi Hellen - Arboricat","isPartOf":{"@id":"https:\/\/arboricat.com\/fr\/#website"},"primaryImageOfPage":{"@id":"https:\/\/arboricat.com\/fr\/produit\/tipi-hellen\/#primaryimage"},"image":{"@id":"https:\/\/arboricat.com\/fr\/produit\/tipi-hellen\/#primaryimage"},"thumbnailUrl":"https:\/\/arboricat.com\/wp-content\/uploads\/2022\/05\/tipi-hellen.jpg","datePublished":"2022-05-16T08:57:30+00:00","dateModified":"2024-11-25T09:03:50+00:00","description":"D\u00e9couvrez notre tipi hellen, un produit parfaitement adapt\u00e9 aux chats qui se mariera avec votre int\u00e9rieur.","breadcrumb":{"@id":"https:\/\/arboricat.com\/fr\/produit\/tipi-hellen\/#breadcrumb"},"inLanguage":"fr-FR","potentialAction":[{"@type":"ReadAction","target":["https:\/\/arboricat.com\/fr\/produit\/tipi-hellen\/"]}]},{"@type":"ImageObject","inLanguage":"fr-FR","@id":"https:\/\/arboricat.com\/fr\/produit\/tipi-hellen\/#primaryimage","url":"https:\/\/arboricat.com\/wp-content\/uploads\/2022\/05\/tipi-hellen.jpg","contentUrl":"https:\/\/arboricat.com\/wp-content\/uploads\/2022\/05\/tipi-hellen.jpg","width":600,"height":600,"caption":"tipi hellen gris en feutre vu de trois quart"},{"@type":"BreadcrumbList","@id":"https:\/\/arboricat.com\/fr\/produit\/tipi-hellen\/#breadcrumb","itemListElement":[{"@type":"ListItem","position":1,"name":"Accueil","item":"https:\/\/arboricat.com\/fr\/"},{"@type":"ListItem","position":2,"name":"Boutique","item":"https:\/\/arboricat.com\/fr\/boutique\/"},{"@type":"ListItem","position":3,"name":"Tipi Hellen"}]},{"@type":"WebSite","@id":"https:\/\/arboricat.com\/fr\/#website","url":"https:\/\/arboricat.com\/fr\/","name":"Arboricat","description":"","publisher":{"@id":"https:\/\/arboricat.com\/fr\/#organization"},"potentialAction":[{"@type":"SearchAction","target":{"@type":"EntryPoint","urlTemplate":"https:\/\/arboricat.com\/fr\/?s={search_term_string}"},"query-input":{"@type":"PropertyValueSpecification","valueRequired":true,"valueName":"search_term_string"}}],"inLanguage":"fr-FR"},{"@type":"Organization","@id":"https:\/\/arboricat.com\/fr\/#organization","name":"Arboricat","url":"https:\/\/arboricat.com\/fr\/","logo":{"@type":"ImageObject","inLanguage":"fr-FR","@id":"https:\/\/arboricat.com\/fr\/#\/schema\/logo\/image\/","url":"https:\/\/arboricat.com\/wp-content\/uploads\/2024\/07\/logo_696x696.png","contentUrl":"https:\/\/arboricat.com\/wp-content\/uploads\/2024\/07\/logo_696x696.png","width":697,"height":697,"caption":"Arboricat"},"image":{"@id":"https:\/\/arboricat.com\/fr\/#\/schema\/logo\/image\/"},"sameAs":["https:\/\/www.facebook.com\/arboricat","https:\/\/www.instagram.com\/arboricatdesign\/?hl=fra"]}]}},"_links":{"self":[{"href":"https:\/\/arboricat.com\/fr\/wp-json\/wp\/v2\/product\/14459","targetHints":{"allow":["GET"]}}],"collection":[{"href":"https:\/\/arboricat.com\/fr\/wp-json\/wp\/v2\/product"}],"about":[{"href":"https:\/\/arboricat.com\/fr\/wp-json\/wp\/v2\/types\/product"}],"version-history":[{"count":2,"href":"https:\/\/arboricat.com\/fr\/wp-json\/wp\/v2\/product\/14459\/revisions"}],"predecessor-version":[{"id":41161,"href":"https:\/\/arboricat.com\/fr\/wp-json\/wp\/v2\/product\/14459\/revisions\/41161"}],"wp:featuredmedia":[{"embeddable":true,"href":"https:\/\/arboricat.com\/fr\/wp-json\/wp\/v2\/media\/14460"}],"wp:attachment":[{"href":"https:\/\/arboricat.com\/fr\/wp-json\/wp\/v2\/media?parent=14459"}],"wp:term":[{"taxonomy":"product_brand","embeddable":true,"href":"https:\/\/arboricat.com\/fr\/wp-json\/wp\/v2\/product_brand?post=14459"},{"taxonomy":"product_cat","embeddable":true,"href":"https:\/\/arboricat.com\/fr\/wp-json\/wp\/v2\/product_cat?post=14459"},{"taxonomy":"product_tag","embeddable":true,"href":"https:\/\/arboricat.com\/fr\/wp-json\/wp\/v2\/product_tag?post=14459"}],"curies":[{"name":"wp","href":"https:\/\/api.w.org\/{rel}","templated":true}]}}