{"id":15707,"date":"2022-09-16T14:35:49","date_gmt":"2022-09-16T14:35:49","guid":{"rendered":"https:\/\/arboricat.com\/?post_type=product&#038;p=15707"},"modified":"2024-01-08T14:43:13","modified_gmt":"2024-01-08T14:43:13","slug":"parcours-mural-anden","status":"publish","type":"product","link":"https:\/\/arboricat.com\/fr\/produit\/parcours-mural-anden\/","title":{"rendered":"Parcours mural Anden"},"content":{"rendered":"<p>\u00c9l\u00e9gant et confortable, l&rsquo;arbre \u00e0 chat mural Anden a \u00e9t\u00e9 con\u00e7u par des experts pour assurer le bien-\u00eatre des chats. Fix\u00e9 au mur, ce parcours mural sert de zone d&rsquo;activit\u00e9, de repos et d&rsquo;observation, tout en embellissant votre int\u00e9rieur gr\u00e2ce \u00e0 ses courbes et finitions.<\/p>\n<p>Ce mur d\u2019escalade peut \u00eatre construit comme vous le souhaitez<\/p>\n","protected":false},"excerpt":{"rendered":"<p><strong>\ud83d\ude9a Livraison gratuite<\/strong><\/p>\n<p>\u23f3 Temps de livraison estim\u00e9 : 1-3j<\/p>\n<ul>\n<li class=\"smlP\">7 pi\u00e8ces<\/li>\n<li class=\"smlP\">2 marches avec sisal\u00a0: 15 cm, \u00d8 9 cm<\/li>\n<li class=\"smlP\">surface de couchage avec coussin amovible\u00a0: 40\u00a0x 31\u00a0cm<\/li>\n<li class=\"smlP\">rampe sous forme de colonne sisal\u00a0: 50 cm, \u00d8 9 cm<\/li>\n<li class=\"smlP\">couchette\u00a0: 50\u00a0x 35\u00a0cm<\/li>\n<li class=\"smlP\">pont suspendu rev\u00eatu de sisal\u00a0: 85\u00a0x 20\u00a0cm<\/li>\n<li class=\"smlP\">igloo avec coussin int\u00e9rieur\u00a0: 50\u00a0x\u00a038\u00a0x\u00a030 cm<\/li>\n<\/ul>\n","protected":false},"featured_media":15732,"template":"","meta":[],"product_brand":[],"product_cat":[108],"product_tag":[],"class_list":{"0":"post-15707","1":"product","2":"type-product","3":"status-publish","4":"has-post-thumbnail","6":"product_cat-arbre-a-chat-mural","7":"pa_couleurs-blanc","8":"pa_couleurs-cappuccino","9":"pa_couleurs-gris","10":"pa_couleurs-gris-fonce","11":"pa_couleurs-gris-rose","12":"pa_couleurs-marron","13":"pa_couleurs-rouge","14":"pa_couleurs-vert","15":"pa_matiere-erable","16":"pa_matiere-noyer","17":"pa_matiere-wenge","19":"first","20":"onbackorder","21":"shipping-taxable","22":"purchasable","23":"product-type-simple"},"yoast_head":"<!-- This site is optimized with the Yoast SEO plugin v27.4 - https:\/\/yoast.com\/product\/yoast-seo-wordpress\/ -->\n<title>Parcours mural Anden - Arboricat<\/title>\n<meta name=\"description\" content=\"D\u00e9couvrez notre parcours mural 4 pi\u00e8ces. Ce mur d\u2019escalade peut \u00eatre construit comme vous le souhaitez.\" \/>\n<meta name=\"robots\" content=\"index, follow, max-snippet:-1, max-image-preview:large, max-video-preview:-1\" \/>\n<link rel=\"canonical\" href=\"https:\/\/arboricat.com\/fr\/produit\/parcours-mural-anden\/\" \/>\n<meta property=\"og:locale\" content=\"fr_FR\" \/>\n<meta property=\"og:type\" content=\"article\" \/>\n<meta property=\"og:title\" content=\"Parcours mural Anden - Arboricat\" \/>\n<meta property=\"og:description\" content=\"D\u00e9couvrez notre parcours mural 4 pi\u00e8ces. Ce mur d\u2019escalade peut \u00eatre construit comme vous le souhaitez.\" \/>\n<meta property=\"og:url\" content=\"https:\/\/arboricat.com\/fr\/produit\/parcours-mural-anden\/\" \/>\n<meta property=\"og:site_name\" content=\"Arboricat\" \/>\n<meta property=\"article:publisher\" content=\"https:\/\/www.facebook.com\/arboricat\" \/>\n<meta property=\"article:modified_time\" content=\"2024-01-08T14:43:13+00:00\" \/>\n<meta property=\"og:image\" content=\"https:\/\/arboricat.com\/wp-content\/uploads\/2022\/09\/167309.png\" \/>\n\t<meta property=\"og:image:width\" content=\"443\" \/>\n\t<meta property=\"og:image:height\" content=\"444\" \/>\n\t<meta property=\"og:image:type\" content=\"image\/png\" \/>\n<meta name=\"twitter:card\" content=\"summary_large_image\" \/>\n<meta name=\"twitter:label1\" content=\"Dur\u00e9e de lecture estim\u00e9e\" \/>\n\t<meta name=\"twitter:data1\" content=\"1 minute\" \/>\n<script type=\"application\/ld+json\" class=\"yoast-schema-graph\">{\"@context\":\"https:\\\/\\\/schema.org\",\"@graph\":[{\"@type\":\"WebPage\",\"@id\":\"https:\\\/\\\/arboricat.com\\\/fr\\\/produit\\\/parcours-mural-anden\\\/\",\"url\":\"https:\\\/\\\/arboricat.com\\\/fr\\\/produit\\\/parcours-mural-anden\\\/\",\"name\":\"Parcours mural Anden - Arboricat\",\"isPartOf\":{\"@id\":\"https:\\\/\\\/arboricat.com\\\/fr\\\/#website\"},\"primaryImageOfPage\":{\"@id\":\"https:\\\/\\\/arboricat.com\\\/fr\\\/produit\\\/parcours-mural-anden\\\/#primaryimage\"},\"image\":{\"@id\":\"https:\\\/\\\/arboricat.com\\\/fr\\\/produit\\\/parcours-mural-anden\\\/#primaryimage\"},\"thumbnailUrl\":\"https:\\\/\\\/arboricat.com\\\/wp-content\\\/uploads\\\/2022\\\/09\\\/167309.png\",\"datePublished\":\"2022-09-16T14:35:49+00:00\",\"dateModified\":\"2024-01-08T14:43:13+00:00\",\"description\":\"D\u00e9couvrez notre parcours mural 4 pi\u00e8ces. Ce mur d\u2019escalade peut \u00eatre construit comme vous le souhaitez.\",\"breadcrumb\":{\"@id\":\"https:\\\/\\\/arboricat.com\\\/fr\\\/produit\\\/parcours-mural-anden\\\/#breadcrumb\"},\"inLanguage\":\"fr-FR\",\"potentialAction\":[{\"@type\":\"ReadAction\",\"target\":[\"https:\\\/\\\/arboricat.com\\\/fr\\\/produit\\\/parcours-mural-anden\\\/\"]}]},{\"@type\":\"ImageObject\",\"inLanguage\":\"fr-FR\",\"@id\":\"https:\\\/\\\/arboricat.com\\\/fr\\\/produit\\\/parcours-mural-anden\\\/#primaryimage\",\"url\":\"https:\\\/\\\/arboricat.com\\\/wp-content\\\/uploads\\\/2022\\\/09\\\/167309.png\",\"contentUrl\":\"https:\\\/\\\/arboricat.com\\\/wp-content\\\/uploads\\\/2022\\\/09\\\/167309.png\",\"width\":443,\"height\":444},{\"@type\":\"BreadcrumbList\",\"@id\":\"https:\\\/\\\/arboricat.com\\\/fr\\\/produit\\\/parcours-mural-anden\\\/#breadcrumb\",\"itemListElement\":[{\"@type\":\"ListItem\",\"position\":1,\"name\":\"Accueil\",\"item\":\"https:\\\/\\\/arboricat.com\\\/fr\\\/\"},{\"@type\":\"ListItem\",\"position\":2,\"name\":\"Boutique\",\"item\":\"https:\\\/\\\/arboricat.com\\\/fr\\\/boutique\\\/\"},{\"@type\":\"ListItem\",\"position\":3,\"name\":\"Parcours mural Anden\"}]},{\"@type\":\"WebSite\",\"@id\":\"https:\\\/\\\/arboricat.com\\\/fr\\\/#website\",\"url\":\"https:\\\/\\\/arboricat.com\\\/fr\\\/\",\"name\":\"Arboricat\",\"description\":\"\",\"publisher\":{\"@id\":\"https:\\\/\\\/arboricat.com\\\/fr\\\/#organization\"},\"potentialAction\":[{\"@type\":\"SearchAction\",\"target\":{\"@type\":\"EntryPoint\",\"urlTemplate\":\"https:\\\/\\\/arboricat.com\\\/fr\\\/?s={search_term_string}\"},\"query-input\":{\"@type\":\"PropertyValueSpecification\",\"valueRequired\":true,\"valueName\":\"search_term_string\"}}],\"inLanguage\":\"fr-FR\"},{\"@type\":\"Organization\",\"@id\":\"https:\\\/\\\/arboricat.com\\\/fr\\\/#organization\",\"name\":\"Arboricat\",\"url\":\"https:\\\/\\\/arboricat.com\\\/fr\\\/\",\"logo\":{\"@type\":\"ImageObject\",\"inLanguage\":\"fr-FR\",\"@id\":\"https:\\\/\\\/arboricat.com\\\/fr\\\/#\\\/schema\\\/logo\\\/image\\\/\",\"url\":\"https:\\\/\\\/arboricat.com\\\/wp-content\\\/uploads\\\/2024\\\/07\\\/logo_696x696.png\",\"contentUrl\":\"https:\\\/\\\/arboricat.com\\\/wp-content\\\/uploads\\\/2024\\\/07\\\/logo_696x696.png\",\"width\":697,\"height\":697,\"caption\":\"Arboricat\"},\"image\":{\"@id\":\"https:\\\/\\\/arboricat.com\\\/fr\\\/#\\\/schema\\\/logo\\\/image\\\/\"},\"sameAs\":[\"https:\\\/\\\/www.facebook.com\\\/arboricat\",\"https:\\\/\\\/www.instagram.com\\\/arboricatdesign\\\/?hl=fra\"]}]}<\/script>\n<!-- \/ Yoast SEO plugin. -->","yoast_head_json":{"title":"Parcours mural Anden - Arboricat","description":"D\u00e9couvrez notre parcours mural 4 pi\u00e8ces. Ce mur d\u2019escalade peut \u00eatre construit comme vous le souhaitez.","robots":{"index":"index","follow":"follow","max-snippet":"max-snippet:-1","max-image-preview":"max-image-preview:large","max-video-preview":"max-video-preview:-1"},"canonical":"https:\/\/arboricat.com\/fr\/produit\/parcours-mural-anden\/","og_locale":"fr_FR","og_type":"article","og_title":"Parcours mural Anden - Arboricat","og_description":"D\u00e9couvrez notre parcours mural 4 pi\u00e8ces. Ce mur d\u2019escalade peut \u00eatre construit comme vous le souhaitez.","og_url":"https:\/\/arboricat.com\/fr\/produit\/parcours-mural-anden\/","og_site_name":"Arboricat","article_publisher":"https:\/\/www.facebook.com\/arboricat","article_modified_time":"2024-01-08T14:43:13+00:00","og_image":[{"width":443,"height":444,"url":"https:\/\/arboricat.com\/wp-content\/uploads\/2022\/09\/167309.png","type":"image\/png"}],"twitter_card":"summary_large_image","twitter_misc":{"Dur\u00e9e de lecture estim\u00e9e":"1 minute"},"schema":{"@context":"https:\/\/schema.org","@graph":[{"@type":"WebPage","@id":"https:\/\/arboricat.com\/fr\/produit\/parcours-mural-anden\/","url":"https:\/\/arboricat.com\/fr\/produit\/parcours-mural-anden\/","name":"Parcours mural Anden - Arboricat","isPartOf":{"@id":"https:\/\/arboricat.com\/fr\/#website"},"primaryImageOfPage":{"@id":"https:\/\/arboricat.com\/fr\/produit\/parcours-mural-anden\/#primaryimage"},"image":{"@id":"https:\/\/arboricat.com\/fr\/produit\/parcours-mural-anden\/#primaryimage"},"thumbnailUrl":"https:\/\/arboricat.com\/wp-content\/uploads\/2022\/09\/167309.png","datePublished":"2022-09-16T14:35:49+00:00","dateModified":"2024-01-08T14:43:13+00:00","description":"D\u00e9couvrez notre parcours mural 4 pi\u00e8ces. Ce mur d\u2019escalade peut \u00eatre construit comme vous le souhaitez.","breadcrumb":{"@id":"https:\/\/arboricat.com\/fr\/produit\/parcours-mural-anden\/#breadcrumb"},"inLanguage":"fr-FR","potentialAction":[{"@type":"ReadAction","target":["https:\/\/arboricat.com\/fr\/produit\/parcours-mural-anden\/"]}]},{"@type":"ImageObject","inLanguage":"fr-FR","@id":"https:\/\/arboricat.com\/fr\/produit\/parcours-mural-anden\/#primaryimage","url":"https:\/\/arboricat.com\/wp-content\/uploads\/2022\/09\/167309.png","contentUrl":"https:\/\/arboricat.com\/wp-content\/uploads\/2022\/09\/167309.png","width":443,"height":444},{"@type":"BreadcrumbList","@id":"https:\/\/arboricat.com\/fr\/produit\/parcours-mural-anden\/#breadcrumb","itemListElement":[{"@type":"ListItem","position":1,"name":"Accueil","item":"https:\/\/arboricat.com\/fr\/"},{"@type":"ListItem","position":2,"name":"Boutique","item":"https:\/\/arboricat.com\/fr\/boutique\/"},{"@type":"ListItem","position":3,"name":"Parcours mural Anden"}]},{"@type":"WebSite","@id":"https:\/\/arboricat.com\/fr\/#website","url":"https:\/\/arboricat.com\/fr\/","name":"Arboricat","description":"","publisher":{"@id":"https:\/\/arboricat.com\/fr\/#organization"},"potentialAction":[{"@type":"SearchAction","target":{"@type":"EntryPoint","urlTemplate":"https:\/\/arboricat.com\/fr\/?s={search_term_string}"},"query-input":{"@type":"PropertyValueSpecification","valueRequired":true,"valueName":"search_term_string"}}],"inLanguage":"fr-FR"},{"@type":"Organization","@id":"https:\/\/arboricat.com\/fr\/#organization","name":"Arboricat","url":"https:\/\/arboricat.com\/fr\/","logo":{"@type":"ImageObject","inLanguage":"fr-FR","@id":"https:\/\/arboricat.com\/fr\/#\/schema\/logo\/image\/","url":"https:\/\/arboricat.com\/wp-content\/uploads\/2024\/07\/logo_696x696.png","contentUrl":"https:\/\/arboricat.com\/wp-content\/uploads\/2024\/07\/logo_696x696.png","width":697,"height":697,"caption":"Arboricat"},"image":{"@id":"https:\/\/arboricat.com\/fr\/#\/schema\/logo\/image\/"},"sameAs":["https:\/\/www.facebook.com\/arboricat","https:\/\/www.instagram.com\/arboricatdesign\/?hl=fra"]}]}},"_links":{"self":[{"href":"https:\/\/arboricat.com\/fr\/wp-json\/wp\/v2\/product\/15707","targetHints":{"allow":["GET"]}}],"collection":[{"href":"https:\/\/arboricat.com\/fr\/wp-json\/wp\/v2\/product"}],"about":[{"href":"https:\/\/arboricat.com\/fr\/wp-json\/wp\/v2\/types\/product"}],"version-history":[{"count":0,"href":"https:\/\/arboricat.com\/fr\/wp-json\/wp\/v2\/product\/15707\/revisions"}],"wp:featuredmedia":[{"embeddable":true,"href":"https:\/\/arboricat.com\/fr\/wp-json\/wp\/v2\/media\/15732"}],"wp:attachment":[{"href":"https:\/\/arboricat.com\/fr\/wp-json\/wp\/v2\/media?parent=15707"}],"wp:term":[{"taxonomy":"product_brand","embeddable":true,"href":"https:\/\/arboricat.com\/fr\/wp-json\/wp\/v2\/product_brand?post=15707"},{"taxonomy":"product_cat","embeddable":true,"href":"https:\/\/arboricat.com\/fr\/wp-json\/wp\/v2\/product_cat?post=15707"},{"taxonomy":"product_tag","embeddable":true,"href":"https:\/\/arboricat.com\/fr\/wp-json\/wp\/v2\/product_tag?post=15707"}],"curies":[{"name":"wp","href":"https:\/\/api.w.org\/{rel}","templated":true}]}}