{"id":16096,"date":"2022-11-06T11:56:17","date_gmt":"2022-11-06T11:56:17","guid":{"rendered":"https:\/\/arboricat.com\/?post_type=product&#038;p=16096"},"modified":"2025-12-11T13:14:07","modified_gmt":"2025-12-11T13:14:07","slug":"hamac-radiateur-chat","status":"publish","type":"product","link":"https:\/\/arboricat.com\/fr\/produit\/hamac-radiateur-chat\/","title":{"rendered":"Hamac radiateur chat"},"content":{"rendered":"<p>D&amp;D Home Leah est un lit de radiateur moderne et \u00e9l\u00e9gant. Gr\u00e2ce \u00e0 la pince r\u00e9glable, il peut \u00eatre utilis\u00e9 sur la plupart des radiateurs. Gr\u00e2ce \u00e0 son ossature m\u00e9tallique, le lit forme un ensemble solide. La zone de d\u00e9tente est form\u00e9e par une corde de coton en polyfibres tress\u00e9e autour de la structure. Ce lit est unique et est un v\u00e9ritable produit &lsquo;Dutch Design&rsquo;.<\/p>\n","protected":false},"excerpt":{"rendered":"<p>\u23f3 Temps de livraison estim\u00e9 : 10-15j<\/p>\n<ul>\n<li class=\"productDetailSpecification specificationColor{$color} fontScalingMobile\">Lit de radiateur \u00e9l\u00e9gant avec structure m\u00e9tallique r\u00e9sistante<\/li>\n<li class=\"productDetailSpecification specificationColor{$color} fontScalingMobile\">Pince ajustable<\/li>\n<li class=\"productDetailSpecification specificationColor{$color} fontScalingMobile\">Fabriqu\u00e9 en fils de coton et rembourr\u00e9 de polyfibres<\/li>\n<li class=\"productDetailSpecification specificationColor{$color} fontScalingMobile\">Design n\u00e9erlandais<\/li>\n<li class=\"productDetailSpecification specificationColor{$color} fontScalingMobile\">Design minimaliste<\/li>\n<\/ul>\n","protected":false},"featured_media":37804,"template":"","meta":[],"product_brand":[],"product_cat":[108],"product_tag":[],"class_list":{"0":"post-16096","1":"product","2":"type-product","3":"status-publish","4":"has-post-thumbnail","6":"product_cat-arbre-a-chat-mural","7":"pa_couleurs-blanc","8":"pa_couleurs-gris-fonce","10":"first","11":"outofstock","12":"shipping-taxable","13":"purchasable","14":"product-type-variable","15":"has-default-attributes"},"yoast_head":"<!-- This site is optimized with the Yoast SEO plugin v27.4 - https:\/\/yoast.com\/product\/yoast-seo-wordpress\/ -->\n<title>Hamac radiateur chat - Arboricat<\/title>\n<meta name=\"robots\" content=\"index, follow, max-snippet:-1, max-image-preview:large, max-video-preview:-1\" \/>\n<link rel=\"canonical\" href=\"https:\/\/arboricat.com\/fr\/produit\/hamac-radiateur-chat\/\" \/>\n<meta property=\"og:locale\" content=\"fr_FR\" \/>\n<meta property=\"og:type\" content=\"article\" \/>\n<meta property=\"og:title\" content=\"Hamac radiateur chat - Arboricat\" \/>\n<meta property=\"og:description\" content=\"\u23f3 Temps de livraison estim\u00e9 : 10-15j   Lit de radiateur \u00e9l\u00e9gant avec structure m\u00e9tallique r\u00e9sistante  Pince ajustable  Fabriqu\u00e9 en fils de coton et rembourr\u00e9 de polyfibres  Design n\u00e9erlandais  Design minimaliste\" \/>\n<meta property=\"og:url\" content=\"https:\/\/arboricat.com\/fr\/produit\/hamac-radiateur-chat\/\" \/>\n<meta property=\"og:site_name\" content=\"Arboricat\" \/>\n<meta property=\"article:publisher\" content=\"https:\/\/www.facebook.com\/arboricat\" \/>\n<meta property=\"article:modified_time\" content=\"2025-12-11T13:14:07+00:00\" \/>\n<meta property=\"og:image\" content=\"https:\/\/arboricat.com\/wp-content\/uploads\/2022\/11\/4047059483268_sc1_webl.jpg\" \/>\n\t<meta property=\"og:image:width\" content=\"1080\" \/>\n\t<meta property=\"og:image:height\" content=\"1080\" \/>\n\t<meta property=\"og:image:type\" content=\"image\/jpeg\" \/>\n<meta name=\"twitter:card\" content=\"summary_large_image\" \/>\n<meta name=\"twitter:label1\" content=\"Dur\u00e9e de lecture estim\u00e9e\" \/>\n\t<meta name=\"twitter:data1\" content=\"1 minute\" \/>\n<script type=\"application\/ld+json\" class=\"yoast-schema-graph\">{\"@context\":\"https:\\\/\\\/schema.org\",\"@graph\":[{\"@type\":\"WebPage\",\"@id\":\"https:\\\/\\\/arboricat.com\\\/fr\\\/produit\\\/hamac-radiateur-chat\\\/\",\"url\":\"https:\\\/\\\/arboricat.com\\\/fr\\\/produit\\\/hamac-radiateur-chat\\\/\",\"name\":\"Hamac radiateur chat - Arboricat\",\"isPartOf\":{\"@id\":\"https:\\\/\\\/arboricat.com\\\/fr\\\/#website\"},\"primaryImageOfPage\":{\"@id\":\"https:\\\/\\\/arboricat.com\\\/fr\\\/produit\\\/hamac-radiateur-chat\\\/#primaryimage\"},\"image\":{\"@id\":\"https:\\\/\\\/arboricat.com\\\/fr\\\/produit\\\/hamac-radiateur-chat\\\/#primaryimage\"},\"thumbnailUrl\":\"https:\\\/\\\/arboricat.com\\\/wp-content\\\/uploads\\\/2022\\\/11\\\/4047059483268_sc1_webl.jpg\",\"datePublished\":\"2022-11-06T11:56:17+00:00\",\"dateModified\":\"2025-12-11T13:14:07+00:00\",\"breadcrumb\":{\"@id\":\"https:\\\/\\\/arboricat.com\\\/fr\\\/produit\\\/hamac-radiateur-chat\\\/#breadcrumb\"},\"inLanguage\":\"fr-FR\",\"potentialAction\":[{\"@type\":\"ReadAction\",\"target\":[\"https:\\\/\\\/arboricat.com\\\/fr\\\/produit\\\/hamac-radiateur-chat\\\/\"]}]},{\"@type\":\"ImageObject\",\"inLanguage\":\"fr-FR\",\"@id\":\"https:\\\/\\\/arboricat.com\\\/fr\\\/produit\\\/hamac-radiateur-chat\\\/#primaryimage\",\"url\":\"https:\\\/\\\/arboricat.com\\\/wp-content\\\/uploads\\\/2022\\\/11\\\/4047059483268_sc1_webl.jpg\",\"contentUrl\":\"https:\\\/\\\/arboricat.com\\\/wp-content\\\/uploads\\\/2022\\\/11\\\/4047059483268_sc1_webl.jpg\",\"width\":1080,\"height\":1080},{\"@type\":\"BreadcrumbList\",\"@id\":\"https:\\\/\\\/arboricat.com\\\/fr\\\/produit\\\/hamac-radiateur-chat\\\/#breadcrumb\",\"itemListElement\":[{\"@type\":\"ListItem\",\"position\":1,\"name\":\"Accueil\",\"item\":\"https:\\\/\\\/arboricat.com\\\/fr\\\/\"},{\"@type\":\"ListItem\",\"position\":2,\"name\":\"Boutique\",\"item\":\"https:\\\/\\\/arboricat.com\\\/fr\\\/boutique\\\/\"},{\"@type\":\"ListItem\",\"position\":3,\"name\":\"Hamac radiateur chat\"}]},{\"@type\":\"WebSite\",\"@id\":\"https:\\\/\\\/arboricat.com\\\/fr\\\/#website\",\"url\":\"https:\\\/\\\/arboricat.com\\\/fr\\\/\",\"name\":\"Arboricat\",\"description\":\"\",\"publisher\":{\"@id\":\"https:\\\/\\\/arboricat.com\\\/fr\\\/#organization\"},\"potentialAction\":[{\"@type\":\"SearchAction\",\"target\":{\"@type\":\"EntryPoint\",\"urlTemplate\":\"https:\\\/\\\/arboricat.com\\\/fr\\\/?s={search_term_string}\"},\"query-input\":{\"@type\":\"PropertyValueSpecification\",\"valueRequired\":true,\"valueName\":\"search_term_string\"}}],\"inLanguage\":\"fr-FR\"},{\"@type\":\"Organization\",\"@id\":\"https:\\\/\\\/arboricat.com\\\/fr\\\/#organization\",\"name\":\"Arboricat\",\"url\":\"https:\\\/\\\/arboricat.com\\\/fr\\\/\",\"logo\":{\"@type\":\"ImageObject\",\"inLanguage\":\"fr-FR\",\"@id\":\"https:\\\/\\\/arboricat.com\\\/fr\\\/#\\\/schema\\\/logo\\\/image\\\/\",\"url\":\"https:\\\/\\\/arboricat.com\\\/wp-content\\\/uploads\\\/2024\\\/07\\\/logo_696x696.png\",\"contentUrl\":\"https:\\\/\\\/arboricat.com\\\/wp-content\\\/uploads\\\/2024\\\/07\\\/logo_696x696.png\",\"width\":697,\"height\":697,\"caption\":\"Arboricat\"},\"image\":{\"@id\":\"https:\\\/\\\/arboricat.com\\\/fr\\\/#\\\/schema\\\/logo\\\/image\\\/\"},\"sameAs\":[\"https:\\\/\\\/www.facebook.com\\\/arboricat\",\"https:\\\/\\\/www.instagram.com\\\/arboricatdesign\\\/?hl=fra\"]}]}<\/script>\n<!-- \/ Yoast SEO plugin. -->","yoast_head_json":{"title":"Hamac radiateur chat - Arboricat","robots":{"index":"index","follow":"follow","max-snippet":"max-snippet:-1","max-image-preview":"max-image-preview:large","max-video-preview":"max-video-preview:-1"},"canonical":"https:\/\/arboricat.com\/fr\/produit\/hamac-radiateur-chat\/","og_locale":"fr_FR","og_type":"article","og_title":"Hamac radiateur chat - Arboricat","og_description":"\u23f3 Temps de livraison estim\u00e9 : 10-15j   Lit de radiateur \u00e9l\u00e9gant avec structure m\u00e9tallique r\u00e9sistante  Pince ajustable  Fabriqu\u00e9 en fils de coton et rembourr\u00e9 de polyfibres  Design n\u00e9erlandais  Design minimaliste","og_url":"https:\/\/arboricat.com\/fr\/produit\/hamac-radiateur-chat\/","og_site_name":"Arboricat","article_publisher":"https:\/\/www.facebook.com\/arboricat","article_modified_time":"2025-12-11T13:14:07+00:00","og_image":[{"width":1080,"height":1080,"url":"https:\/\/arboricat.com\/wp-content\/uploads\/2022\/11\/4047059483268_sc1_webl.jpg","type":"image\/jpeg"}],"twitter_card":"summary_large_image","twitter_misc":{"Dur\u00e9e de lecture estim\u00e9e":"1 minute"},"schema":{"@context":"https:\/\/schema.org","@graph":[{"@type":"WebPage","@id":"https:\/\/arboricat.com\/fr\/produit\/hamac-radiateur-chat\/","url":"https:\/\/arboricat.com\/fr\/produit\/hamac-radiateur-chat\/","name":"Hamac radiateur chat - Arboricat","isPartOf":{"@id":"https:\/\/arboricat.com\/fr\/#website"},"primaryImageOfPage":{"@id":"https:\/\/arboricat.com\/fr\/produit\/hamac-radiateur-chat\/#primaryimage"},"image":{"@id":"https:\/\/arboricat.com\/fr\/produit\/hamac-radiateur-chat\/#primaryimage"},"thumbnailUrl":"https:\/\/arboricat.com\/wp-content\/uploads\/2022\/11\/4047059483268_sc1_webl.jpg","datePublished":"2022-11-06T11:56:17+00:00","dateModified":"2025-12-11T13:14:07+00:00","breadcrumb":{"@id":"https:\/\/arboricat.com\/fr\/produit\/hamac-radiateur-chat\/#breadcrumb"},"inLanguage":"fr-FR","potentialAction":[{"@type":"ReadAction","target":["https:\/\/arboricat.com\/fr\/produit\/hamac-radiateur-chat\/"]}]},{"@type":"ImageObject","inLanguage":"fr-FR","@id":"https:\/\/arboricat.com\/fr\/produit\/hamac-radiateur-chat\/#primaryimage","url":"https:\/\/arboricat.com\/wp-content\/uploads\/2022\/11\/4047059483268_sc1_webl.jpg","contentUrl":"https:\/\/arboricat.com\/wp-content\/uploads\/2022\/11\/4047059483268_sc1_webl.jpg","width":1080,"height":1080},{"@type":"BreadcrumbList","@id":"https:\/\/arboricat.com\/fr\/produit\/hamac-radiateur-chat\/#breadcrumb","itemListElement":[{"@type":"ListItem","position":1,"name":"Accueil","item":"https:\/\/arboricat.com\/fr\/"},{"@type":"ListItem","position":2,"name":"Boutique","item":"https:\/\/arboricat.com\/fr\/boutique\/"},{"@type":"ListItem","position":3,"name":"Hamac radiateur chat"}]},{"@type":"WebSite","@id":"https:\/\/arboricat.com\/fr\/#website","url":"https:\/\/arboricat.com\/fr\/","name":"Arboricat","description":"","publisher":{"@id":"https:\/\/arboricat.com\/fr\/#organization"},"potentialAction":[{"@type":"SearchAction","target":{"@type":"EntryPoint","urlTemplate":"https:\/\/arboricat.com\/fr\/?s={search_term_string}"},"query-input":{"@type":"PropertyValueSpecification","valueRequired":true,"valueName":"search_term_string"}}],"inLanguage":"fr-FR"},{"@type":"Organization","@id":"https:\/\/arboricat.com\/fr\/#organization","name":"Arboricat","url":"https:\/\/arboricat.com\/fr\/","logo":{"@type":"ImageObject","inLanguage":"fr-FR","@id":"https:\/\/arboricat.com\/fr\/#\/schema\/logo\/image\/","url":"https:\/\/arboricat.com\/wp-content\/uploads\/2024\/07\/logo_696x696.png","contentUrl":"https:\/\/arboricat.com\/wp-content\/uploads\/2024\/07\/logo_696x696.png","width":697,"height":697,"caption":"Arboricat"},"image":{"@id":"https:\/\/arboricat.com\/fr\/#\/schema\/logo\/image\/"},"sameAs":["https:\/\/www.facebook.com\/arboricat","https:\/\/www.instagram.com\/arboricatdesign\/?hl=fra"]}]}},"_links":{"self":[{"href":"https:\/\/arboricat.com\/fr\/wp-json\/wp\/v2\/product\/16096","targetHints":{"allow":["GET"]}}],"collection":[{"href":"https:\/\/arboricat.com\/fr\/wp-json\/wp\/v2\/product"}],"about":[{"href":"https:\/\/arboricat.com\/fr\/wp-json\/wp\/v2\/types\/product"}],"version-history":[{"count":2,"href":"https:\/\/arboricat.com\/fr\/wp-json\/wp\/v2\/product\/16096\/revisions"}],"predecessor-version":[{"id":38324,"href":"https:\/\/arboricat.com\/fr\/wp-json\/wp\/v2\/product\/16096\/revisions\/38324"}],"wp:featuredmedia":[{"embeddable":true,"href":"https:\/\/arboricat.com\/fr\/wp-json\/wp\/v2\/media\/37804"}],"wp:attachment":[{"href":"https:\/\/arboricat.com\/fr\/wp-json\/wp\/v2\/media?parent=16096"}],"wp:term":[{"taxonomy":"product_brand","embeddable":true,"href":"https:\/\/arboricat.com\/fr\/wp-json\/wp\/v2\/product_brand?post=16096"},{"taxonomy":"product_cat","embeddable":true,"href":"https:\/\/arboricat.com\/fr\/wp-json\/wp\/v2\/product_cat?post=16096"},{"taxonomy":"product_tag","embeddable":true,"href":"https:\/\/arboricat.com\/fr\/wp-json\/wp\/v2\/product_tag?post=16096"}],"curies":[{"name":"wp","href":"https:\/\/api.w.org\/{rel}","templated":true}]}}