{"id":16170,"date":"2022-12-09T08:28:13","date_gmt":"2022-12-09T08:28:13","guid":{"rendered":"https:\/\/arboricat.com\/?post_type=product&#038;p=16170"},"modified":"2025-07-29T10:39:40","modified_gmt":"2025-07-29T10:39:40","slug":"sac-descalade-climber-mini","status":"publish","type":"product","link":"https:\/\/arboricat.com\/fr\/produit\/sac-descalade-climber-mini\/","title":{"rendered":"Sac d\u2019escalade Climber mini"},"content":{"rendered":"<p>\u00c9l\u00e9gant et confortable, le Sac d\u2019escalade Climber mini a \u00e9t\u00e9 con\u00e7u par des experts pour assurer le bien-\u00eatre des chats. Fix\u00e9 au mur, ce sac d&rsquo;escalade sert de jeu, de soin des griffes et d\u2019aide au grimpage.<\/p>\n<p>&nbsp;<\/p>\n","protected":false},"excerpt":{"rendered":"<p>&nbsp;<\/p>\n<ul>\n<li class=\"smlP\">sac d\u2019escalade pour chats, \u00e0 fixer au mur<\/li>\n<li class=\"smlP\">sert de jeu, de soin des griffes et d\u2019aide au grimpage<\/li>\n<li class=\"smlP\">en tapis sisal de qualit\u00e9 garni de coussins ouatin\u00e9s<\/li>\n<li class=\"smlP\">avec \u00e9querre et mat\u00e9riel de montage pour fixation murale<\/li>\n<li class=\"smlP\">accrochage et d\u00e9crochage simples par crochet<\/li>\n<li class=\"smlP\">Dimensions du sac d\u2019escalade\u00a0: \u00d8 25\u00a0cm x 100\u00a0cm<\/li>\n<\/ul>\n","protected":false},"featured_media":39137,"template":"","meta":[],"product_brand":[],"product_cat":[108],"product_tag":[],"class_list":{"0":"post-16170","1":"product","2":"type-product","3":"status-publish","4":"has-post-thumbnail","6":"product_cat-arbre-a-chat-mural","7":"pa_couleurs-blanc","8":"pa_couleurs-cappuccino","9":"pa_couleurs-gris","10":"pa_couleurs-gris-fonce","11":"pa_couleurs-gris-rose","12":"pa_couleurs-marron","13":"pa_couleurs-rouge","14":"pa_couleurs-vert","15":"pa_matiere-erable","16":"pa_matiere-noyer","17":"pa_matiere-wenge","19":"first","20":"instock","21":"shipping-taxable","22":"product-type-external"},"yoast_head":"<!-- This site is optimized with the Yoast SEO plugin v27.4 - https:\/\/yoast.com\/product\/yoast-seo-wordpress\/ -->\n<title>Sac d\u2019escalade Climber mini - Arboricat<\/title>\n<meta name=\"description\" content=\"le Sac d\u2019escalade Climber mini a \u00e9t\u00e9 con\u00e7u par des experts pour assurer le bien-\u00eatre des chats. Fix\u00e9 au mur, ce sac d&#039;escalade sert de jeu, de soin des griffes et d\u2019aide au grimpage.\" \/>\n<meta name=\"robots\" content=\"index, follow, max-snippet:-1, max-image-preview:large, max-video-preview:-1\" \/>\n<link rel=\"canonical\" href=\"https:\/\/arboricat.com\/fr\/produit\/sac-descalade-climber-mini\/\" \/>\n<meta property=\"og:locale\" content=\"fr_FR\" \/>\n<meta property=\"og:type\" content=\"article\" \/>\n<meta property=\"og:title\" content=\"Sac d\u2019escalade Climber mini - Arboricat\" \/>\n<meta property=\"og:description\" content=\"le Sac d\u2019escalade Climber mini a \u00e9t\u00e9 con\u00e7u par des experts pour assurer le bien-\u00eatre des chats. Fix\u00e9 au mur, ce sac d&#039;escalade sert de jeu, de soin des griffes et d\u2019aide au grimpage.\" \/>\n<meta property=\"og:url\" content=\"https:\/\/arboricat.com\/fr\/produit\/sac-descalade-climber-mini\/\" \/>\n<meta property=\"og:site_name\" content=\"Arboricat\" \/>\n<meta property=\"article:publisher\" content=\"https:\/\/www.facebook.com\/arboricat\" \/>\n<meta property=\"article:modified_time\" content=\"2025-07-29T10:39:40+00:00\" \/>\n<meta property=\"og:image\" content=\"https:\/\/arboricat.com\/wp-content\/uploads\/2022\/12\/Sac-descalade-chat-.png\" \/>\n\t<meta property=\"og:image:width\" content=\"1080\" \/>\n\t<meta property=\"og:image:height\" content=\"1080\" \/>\n\t<meta property=\"og:image:type\" content=\"image\/png\" \/>\n<meta name=\"twitter:card\" content=\"summary_large_image\" \/>\n<meta name=\"twitter:label1\" content=\"Dur\u00e9e de lecture estim\u00e9e\" \/>\n\t<meta name=\"twitter:data1\" content=\"1 minute\" \/>\n<script type=\"application\/ld+json\" class=\"yoast-schema-graph\">{\"@context\":\"https:\\\/\\\/schema.org\",\"@graph\":[{\"@type\":\"WebPage\",\"@id\":\"https:\\\/\\\/arboricat.com\\\/fr\\\/produit\\\/sac-descalade-climber-mini\\\/\",\"url\":\"https:\\\/\\\/arboricat.com\\\/fr\\\/produit\\\/sac-descalade-climber-mini\\\/\",\"name\":\"Sac d\u2019escalade Climber mini - Arboricat\",\"isPartOf\":{\"@id\":\"https:\\\/\\\/arboricat.com\\\/fr\\\/#website\"},\"primaryImageOfPage\":{\"@id\":\"https:\\\/\\\/arboricat.com\\\/fr\\\/produit\\\/sac-descalade-climber-mini\\\/#primaryimage\"},\"image\":{\"@id\":\"https:\\\/\\\/arboricat.com\\\/fr\\\/produit\\\/sac-descalade-climber-mini\\\/#primaryimage\"},\"thumbnailUrl\":\"https:\\\/\\\/arboricat.com\\\/wp-content\\\/uploads\\\/2022\\\/12\\\/Sac-descalade-chat-.png\",\"datePublished\":\"2022-12-09T08:28:13+00:00\",\"dateModified\":\"2025-07-29T10:39:40+00:00\",\"description\":\"le Sac d\u2019escalade Climber mini a \u00e9t\u00e9 con\u00e7u par des experts pour assurer le bien-\u00eatre des chats. Fix\u00e9 au mur, ce sac d'escalade sert de jeu, de soin des griffes et d\u2019aide au grimpage.\",\"breadcrumb\":{\"@id\":\"https:\\\/\\\/arboricat.com\\\/fr\\\/produit\\\/sac-descalade-climber-mini\\\/#breadcrumb\"},\"inLanguage\":\"fr-FR\",\"potentialAction\":[{\"@type\":\"ReadAction\",\"target\":[\"https:\\\/\\\/arboricat.com\\\/fr\\\/produit\\\/sac-descalade-climber-mini\\\/\"]}]},{\"@type\":\"ImageObject\",\"inLanguage\":\"fr-FR\",\"@id\":\"https:\\\/\\\/arboricat.com\\\/fr\\\/produit\\\/sac-descalade-climber-mini\\\/#primaryimage\",\"url\":\"https:\\\/\\\/arboricat.com\\\/wp-content\\\/uploads\\\/2022\\\/12\\\/Sac-descalade-chat-.png\",\"contentUrl\":\"https:\\\/\\\/arboricat.com\\\/wp-content\\\/uploads\\\/2022\\\/12\\\/Sac-descalade-chat-.png\",\"width\":1080,\"height\":1080,\"caption\":\"Sac d'escalade chat\"},{\"@type\":\"BreadcrumbList\",\"@id\":\"https:\\\/\\\/arboricat.com\\\/fr\\\/produit\\\/sac-descalade-climber-mini\\\/#breadcrumb\",\"itemListElement\":[{\"@type\":\"ListItem\",\"position\":1,\"name\":\"Accueil\",\"item\":\"https:\\\/\\\/arboricat.com\\\/fr\\\/\"},{\"@type\":\"ListItem\",\"position\":2,\"name\":\"Boutique\",\"item\":\"https:\\\/\\\/arboricat.com\\\/fr\\\/boutique\\\/\"},{\"@type\":\"ListItem\",\"position\":3,\"name\":\"Sac d\u2019escalade Climber mini\"}]},{\"@type\":\"WebSite\",\"@id\":\"https:\\\/\\\/arboricat.com\\\/fr\\\/#website\",\"url\":\"https:\\\/\\\/arboricat.com\\\/fr\\\/\",\"name\":\"Arboricat\",\"description\":\"\",\"publisher\":{\"@id\":\"https:\\\/\\\/arboricat.com\\\/fr\\\/#organization\"},\"potentialAction\":[{\"@type\":\"SearchAction\",\"target\":{\"@type\":\"EntryPoint\",\"urlTemplate\":\"https:\\\/\\\/arboricat.com\\\/fr\\\/?s={search_term_string}\"},\"query-input\":{\"@type\":\"PropertyValueSpecification\",\"valueRequired\":true,\"valueName\":\"search_term_string\"}}],\"inLanguage\":\"fr-FR\"},{\"@type\":\"Organization\",\"@id\":\"https:\\\/\\\/arboricat.com\\\/fr\\\/#organization\",\"name\":\"Arboricat\",\"url\":\"https:\\\/\\\/arboricat.com\\\/fr\\\/\",\"logo\":{\"@type\":\"ImageObject\",\"inLanguage\":\"fr-FR\",\"@id\":\"https:\\\/\\\/arboricat.com\\\/fr\\\/#\\\/schema\\\/logo\\\/image\\\/\",\"url\":\"https:\\\/\\\/arboricat.com\\\/wp-content\\\/uploads\\\/2024\\\/07\\\/logo_696x696.png\",\"contentUrl\":\"https:\\\/\\\/arboricat.com\\\/wp-content\\\/uploads\\\/2024\\\/07\\\/logo_696x696.png\",\"width\":697,\"height\":697,\"caption\":\"Arboricat\"},\"image\":{\"@id\":\"https:\\\/\\\/arboricat.com\\\/fr\\\/#\\\/schema\\\/logo\\\/image\\\/\"},\"sameAs\":[\"https:\\\/\\\/www.facebook.com\\\/arboricat\",\"https:\\\/\\\/www.instagram.com\\\/arboricatdesign\\\/?hl=fra\"]}]}<\/script>\n<!-- \/ Yoast SEO plugin. -->","yoast_head_json":{"title":"Sac d\u2019escalade Climber mini - Arboricat","description":"le Sac d\u2019escalade Climber mini a \u00e9t\u00e9 con\u00e7u par des experts pour assurer le bien-\u00eatre des chats. Fix\u00e9 au mur, ce sac d'escalade sert de jeu, de soin des griffes et d\u2019aide au grimpage.","robots":{"index":"index","follow":"follow","max-snippet":"max-snippet:-1","max-image-preview":"max-image-preview:large","max-video-preview":"max-video-preview:-1"},"canonical":"https:\/\/arboricat.com\/fr\/produit\/sac-descalade-climber-mini\/","og_locale":"fr_FR","og_type":"article","og_title":"Sac d\u2019escalade Climber mini - Arboricat","og_description":"le Sac d\u2019escalade Climber mini a \u00e9t\u00e9 con\u00e7u par des experts pour assurer le bien-\u00eatre des chats. Fix\u00e9 au mur, ce sac d'escalade sert de jeu, de soin des griffes et d\u2019aide au grimpage.","og_url":"https:\/\/arboricat.com\/fr\/produit\/sac-descalade-climber-mini\/","og_site_name":"Arboricat","article_publisher":"https:\/\/www.facebook.com\/arboricat","article_modified_time":"2025-07-29T10:39:40+00:00","og_image":[{"width":1080,"height":1080,"url":"https:\/\/arboricat.com\/wp-content\/uploads\/2022\/12\/Sac-descalade-chat-.png","type":"image\/png"}],"twitter_card":"summary_large_image","twitter_misc":{"Dur\u00e9e de lecture estim\u00e9e":"1 minute"},"schema":{"@context":"https:\/\/schema.org","@graph":[{"@type":"WebPage","@id":"https:\/\/arboricat.com\/fr\/produit\/sac-descalade-climber-mini\/","url":"https:\/\/arboricat.com\/fr\/produit\/sac-descalade-climber-mini\/","name":"Sac d\u2019escalade Climber mini - Arboricat","isPartOf":{"@id":"https:\/\/arboricat.com\/fr\/#website"},"primaryImageOfPage":{"@id":"https:\/\/arboricat.com\/fr\/produit\/sac-descalade-climber-mini\/#primaryimage"},"image":{"@id":"https:\/\/arboricat.com\/fr\/produit\/sac-descalade-climber-mini\/#primaryimage"},"thumbnailUrl":"https:\/\/arboricat.com\/wp-content\/uploads\/2022\/12\/Sac-descalade-chat-.png","datePublished":"2022-12-09T08:28:13+00:00","dateModified":"2025-07-29T10:39:40+00:00","description":"le Sac d\u2019escalade Climber mini a \u00e9t\u00e9 con\u00e7u par des experts pour assurer le bien-\u00eatre des chats. Fix\u00e9 au mur, ce sac d'escalade sert de jeu, de soin des griffes et d\u2019aide au grimpage.","breadcrumb":{"@id":"https:\/\/arboricat.com\/fr\/produit\/sac-descalade-climber-mini\/#breadcrumb"},"inLanguage":"fr-FR","potentialAction":[{"@type":"ReadAction","target":["https:\/\/arboricat.com\/fr\/produit\/sac-descalade-climber-mini\/"]}]},{"@type":"ImageObject","inLanguage":"fr-FR","@id":"https:\/\/arboricat.com\/fr\/produit\/sac-descalade-climber-mini\/#primaryimage","url":"https:\/\/arboricat.com\/wp-content\/uploads\/2022\/12\/Sac-descalade-chat-.png","contentUrl":"https:\/\/arboricat.com\/wp-content\/uploads\/2022\/12\/Sac-descalade-chat-.png","width":1080,"height":1080,"caption":"Sac d'escalade chat"},{"@type":"BreadcrumbList","@id":"https:\/\/arboricat.com\/fr\/produit\/sac-descalade-climber-mini\/#breadcrumb","itemListElement":[{"@type":"ListItem","position":1,"name":"Accueil","item":"https:\/\/arboricat.com\/fr\/"},{"@type":"ListItem","position":2,"name":"Boutique","item":"https:\/\/arboricat.com\/fr\/boutique\/"},{"@type":"ListItem","position":3,"name":"Sac d\u2019escalade Climber mini"}]},{"@type":"WebSite","@id":"https:\/\/arboricat.com\/fr\/#website","url":"https:\/\/arboricat.com\/fr\/","name":"Arboricat","description":"","publisher":{"@id":"https:\/\/arboricat.com\/fr\/#organization"},"potentialAction":[{"@type":"SearchAction","target":{"@type":"EntryPoint","urlTemplate":"https:\/\/arboricat.com\/fr\/?s={search_term_string}"},"query-input":{"@type":"PropertyValueSpecification","valueRequired":true,"valueName":"search_term_string"}}],"inLanguage":"fr-FR"},{"@type":"Organization","@id":"https:\/\/arboricat.com\/fr\/#organization","name":"Arboricat","url":"https:\/\/arboricat.com\/fr\/","logo":{"@type":"ImageObject","inLanguage":"fr-FR","@id":"https:\/\/arboricat.com\/fr\/#\/schema\/logo\/image\/","url":"https:\/\/arboricat.com\/wp-content\/uploads\/2024\/07\/logo_696x696.png","contentUrl":"https:\/\/arboricat.com\/wp-content\/uploads\/2024\/07\/logo_696x696.png","width":697,"height":697,"caption":"Arboricat"},"image":{"@id":"https:\/\/arboricat.com\/fr\/#\/schema\/logo\/image\/"},"sameAs":["https:\/\/www.facebook.com\/arboricat","https:\/\/www.instagram.com\/arboricatdesign\/?hl=fra"]}]}},"_links":{"self":[{"href":"https:\/\/arboricat.com\/fr\/wp-json\/wp\/v2\/product\/16170","targetHints":{"allow":["GET"]}}],"collection":[{"href":"https:\/\/arboricat.com\/fr\/wp-json\/wp\/v2\/product"}],"about":[{"href":"https:\/\/arboricat.com\/fr\/wp-json\/wp\/v2\/types\/product"}],"version-history":[{"count":2,"href":"https:\/\/arboricat.com\/fr\/wp-json\/wp\/v2\/product\/16170\/revisions"}],"predecessor-version":[{"id":40760,"href":"https:\/\/arboricat.com\/fr\/wp-json\/wp\/v2\/product\/16170\/revisions\/40760"}],"wp:featuredmedia":[{"embeddable":true,"href":"https:\/\/arboricat.com\/fr\/wp-json\/wp\/v2\/media\/39137"}],"wp:attachment":[{"href":"https:\/\/arboricat.com\/fr\/wp-json\/wp\/v2\/media?parent=16170"}],"wp:term":[{"taxonomy":"product_brand","embeddable":true,"href":"https:\/\/arboricat.com\/fr\/wp-json\/wp\/v2\/product_brand?post=16170"},{"taxonomy":"product_cat","embeddable":true,"href":"https:\/\/arboricat.com\/fr\/wp-json\/wp\/v2\/product_cat?post=16170"},{"taxonomy":"product_tag","embeddable":true,"href":"https:\/\/arboricat.com\/fr\/wp-json\/wp\/v2\/product_tag?post=16170"}],"curies":[{"name":"wp","href":"https:\/\/api.w.org\/{rel}","templated":true}]}}