{"id":16518,"date":"2023-04-28T09:37:44","date_gmt":"2023-04-28T09:37:44","guid":{"rendered":"https:\/\/arboricat.com\/?post_type=product&#038;p=16518"},"modified":"2024-07-25T07:05:55","modified_gmt":"2024-07-25T07:05:55","slug":"griffoir-sofa-blanc","status":"publish","type":"product","link":"https:\/\/arboricat.com\/fr\/produit\/griffoir-sofa-blanc\/","title":{"rendered":"Griffoir sophie sofa blanc"},"content":{"rendered":"<p>Saviez-vous que le carton est le mat\u00e9riau pr\u00e9f\u00e9r\u00e9 du chat ? Le sofa Sophie en carton nervur\u00e9 de duvoplus sera donc unanimement appr\u00e9ci\u00e9 par tous les chats. Votre chat pourra s`y reposer confortablement et y assouvir son besoin naturel de faire ses griffes. Le griffoir pr\u00e9sente un design simple et peut \u00eatre dispos\u00e9 facilement partout dans la maison. Vu que le sofa peut \u00eatre utilis\u00e9 de deux c\u00f4t\u00e9s, il poss\u00e8de une dur\u00e9e de vie deux fois plus longue. Le sofa peut \u00eatre rendu encore plus beau en le coloriant.<\/p>\n","protected":false},"excerpt":{"rendered":"<p>\u23f3 Temps de livraison estim\u00e9 : 3-7j<\/p>\n<ul>\n<li class=\"productDetailSpecification specificationColor2 fontScalingMobile\">Griffoir en carton r\u00e9sistant<\/li>\n<li class=\"productDetailSpecification specificationColor2 fontScalingMobile\">Forme amusante<\/li>\n<li class=\"productDetailSpecification specificationColor2 fontScalingMobile\">Peut \u00eatre utilis\u00e9 des deux c\u00f4t\u00e9s<\/li>\n<li class=\"productDetailSpecification specificationColor2 fontScalingMobile\">Avec herbe \u00e0 chat<\/li>\n<\/ul>\n","protected":false},"featured_media":16523,"template":"","meta":[],"product_brand":[],"product_cat":[316,160],"product_tag":[],"class_list":{"0":"post-16518","1":"product","2":"type-product","3":"status-publish","4":"has-post-thumbnail","6":"product_cat-destockage","7":"product_cat-griffoirs","9":"first","10":"instock","11":"shipping-taxable","12":"purchasable","13":"product-type-simple"},"yoast_head":"<!-- This site is optimized with the Yoast SEO plugin v27.4 - https:\/\/yoast.com\/product\/yoast-seo-wordpress\/ -->\n<title>Griffoir sophie sofa blanc - Arboricat<\/title>\n<meta name=\"description\" content=\"D\u00e9couvrez notre griffoir sofa blanc. Ce griffoir est con\u00e7u enti\u00e8rement de carton nervur\u00e9 de duvoplus.\" \/>\n<meta name=\"robots\" content=\"index, follow, max-snippet:-1, max-image-preview:large, max-video-preview:-1\" \/>\n<link rel=\"canonical\" href=\"https:\/\/arboricat.com\/fr\/produit\/griffoir-sofa-blanc\/\" \/>\n<meta property=\"og:locale\" content=\"fr_FR\" \/>\n<meta property=\"og:type\" content=\"article\" \/>\n<meta property=\"og:title\" content=\"Griffoir sophie sofa blanc - Arboricat\" \/>\n<meta property=\"og:description\" content=\"D\u00e9couvrez notre griffoir sofa blanc. Ce griffoir est con\u00e7u enti\u00e8rement de carton nervur\u00e9 de duvoplus.\" \/>\n<meta property=\"og:url\" content=\"https:\/\/arboricat.com\/fr\/produit\/griffoir-sofa-blanc\/\" \/>\n<meta property=\"og:site_name\" content=\"Arboricat\" \/>\n<meta property=\"article:publisher\" content=\"https:\/\/www.facebook.com\/arboricat\" \/>\n<meta property=\"article:modified_time\" content=\"2024-07-25T07:05:55+00:00\" \/>\n<meta property=\"og:image\" content=\"https:\/\/arboricat.com\/wp-content\/uploads\/2023\/04\/5414365352820_prd_webl.jpg\" \/>\n\t<meta property=\"og:image:width\" content=\"1080\" \/>\n\t<meta property=\"og:image:height\" content=\"1080\" \/>\n\t<meta property=\"og:image:type\" content=\"image\/jpeg\" \/>\n<meta name=\"twitter:card\" content=\"summary_large_image\" \/>\n<meta name=\"twitter:label1\" content=\"Dur\u00e9e de lecture estim\u00e9e\" \/>\n\t<meta name=\"twitter:data1\" content=\"1 minute\" \/>\n<script type=\"application\/ld+json\" class=\"yoast-schema-graph\">{\"@context\":\"https:\\\/\\\/schema.org\",\"@graph\":[{\"@type\":\"WebPage\",\"@id\":\"https:\\\/\\\/arboricat.com\\\/fr\\\/produit\\\/griffoir-sofa-blanc\\\/\",\"url\":\"https:\\\/\\\/arboricat.com\\\/fr\\\/produit\\\/griffoir-sofa-blanc\\\/\",\"name\":\"Griffoir sophie sofa blanc - Arboricat\",\"isPartOf\":{\"@id\":\"https:\\\/\\\/arboricat.com\\\/fr\\\/#website\"},\"primaryImageOfPage\":{\"@id\":\"https:\\\/\\\/arboricat.com\\\/fr\\\/produit\\\/griffoir-sofa-blanc\\\/#primaryimage\"},\"image\":{\"@id\":\"https:\\\/\\\/arboricat.com\\\/fr\\\/produit\\\/griffoir-sofa-blanc\\\/#primaryimage\"},\"thumbnailUrl\":\"https:\\\/\\\/arboricat.com\\\/wp-content\\\/uploads\\\/2023\\\/04\\\/5414365352820_prd_webl.jpg\",\"datePublished\":\"2023-04-28T09:37:44+00:00\",\"dateModified\":\"2024-07-25T07:05:55+00:00\",\"description\":\"D\u00e9couvrez notre griffoir sofa blanc. Ce griffoir est con\u00e7u enti\u00e8rement de carton nervur\u00e9 de duvoplus.\",\"breadcrumb\":{\"@id\":\"https:\\\/\\\/arboricat.com\\\/fr\\\/produit\\\/griffoir-sofa-blanc\\\/#breadcrumb\"},\"inLanguage\":\"fr-FR\",\"potentialAction\":[{\"@type\":\"ReadAction\",\"target\":[\"https:\\\/\\\/arboricat.com\\\/fr\\\/produit\\\/griffoir-sofa-blanc\\\/\"]}]},{\"@type\":\"ImageObject\",\"inLanguage\":\"fr-FR\",\"@id\":\"https:\\\/\\\/arboricat.com\\\/fr\\\/produit\\\/griffoir-sofa-blanc\\\/#primaryimage\",\"url\":\"https:\\\/\\\/arboricat.com\\\/wp-content\\\/uploads\\\/2023\\\/04\\\/5414365352820_prd_webl.jpg\",\"contentUrl\":\"https:\\\/\\\/arboricat.com\\\/wp-content\\\/uploads\\\/2023\\\/04\\\/5414365352820_prd_webl.jpg\",\"width\":1080,\"height\":1080},{\"@type\":\"BreadcrumbList\",\"@id\":\"https:\\\/\\\/arboricat.com\\\/fr\\\/produit\\\/griffoir-sofa-blanc\\\/#breadcrumb\",\"itemListElement\":[{\"@type\":\"ListItem\",\"position\":1,\"name\":\"Accueil\",\"item\":\"https:\\\/\\\/arboricat.com\\\/fr\\\/\"},{\"@type\":\"ListItem\",\"position\":2,\"name\":\"Boutique\",\"item\":\"https:\\\/\\\/arboricat.com\\\/fr\\\/boutique\\\/\"},{\"@type\":\"ListItem\",\"position\":3,\"name\":\"Griffoir sophie sofa blanc\"}]},{\"@type\":\"WebSite\",\"@id\":\"https:\\\/\\\/arboricat.com\\\/fr\\\/#website\",\"url\":\"https:\\\/\\\/arboricat.com\\\/fr\\\/\",\"name\":\"Arboricat\",\"description\":\"\",\"publisher\":{\"@id\":\"https:\\\/\\\/arboricat.com\\\/fr\\\/#organization\"},\"potentialAction\":[{\"@type\":\"SearchAction\",\"target\":{\"@type\":\"EntryPoint\",\"urlTemplate\":\"https:\\\/\\\/arboricat.com\\\/fr\\\/?s={search_term_string}\"},\"query-input\":{\"@type\":\"PropertyValueSpecification\",\"valueRequired\":true,\"valueName\":\"search_term_string\"}}],\"inLanguage\":\"fr-FR\"},{\"@type\":\"Organization\",\"@id\":\"https:\\\/\\\/arboricat.com\\\/fr\\\/#organization\",\"name\":\"Arboricat\",\"url\":\"https:\\\/\\\/arboricat.com\\\/fr\\\/\",\"logo\":{\"@type\":\"ImageObject\",\"inLanguage\":\"fr-FR\",\"@id\":\"https:\\\/\\\/arboricat.com\\\/fr\\\/#\\\/schema\\\/logo\\\/image\\\/\",\"url\":\"https:\\\/\\\/arboricat.com\\\/wp-content\\\/uploads\\\/2024\\\/07\\\/logo_696x696.png\",\"contentUrl\":\"https:\\\/\\\/arboricat.com\\\/wp-content\\\/uploads\\\/2024\\\/07\\\/logo_696x696.png\",\"width\":697,\"height\":697,\"caption\":\"Arboricat\"},\"image\":{\"@id\":\"https:\\\/\\\/arboricat.com\\\/fr\\\/#\\\/schema\\\/logo\\\/image\\\/\"},\"sameAs\":[\"https:\\\/\\\/www.facebook.com\\\/arboricat\",\"https:\\\/\\\/www.instagram.com\\\/arboricatdesign\\\/?hl=fra\"]}]}<\/script>\n<!-- \/ Yoast SEO plugin. -->","yoast_head_json":{"title":"Griffoir sophie sofa blanc - Arboricat","description":"D\u00e9couvrez notre griffoir sofa blanc. Ce griffoir est con\u00e7u enti\u00e8rement de carton nervur\u00e9 de duvoplus.","robots":{"index":"index","follow":"follow","max-snippet":"max-snippet:-1","max-image-preview":"max-image-preview:large","max-video-preview":"max-video-preview:-1"},"canonical":"https:\/\/arboricat.com\/fr\/produit\/griffoir-sofa-blanc\/","og_locale":"fr_FR","og_type":"article","og_title":"Griffoir sophie sofa blanc - Arboricat","og_description":"D\u00e9couvrez notre griffoir sofa blanc. Ce griffoir est con\u00e7u enti\u00e8rement de carton nervur\u00e9 de duvoplus.","og_url":"https:\/\/arboricat.com\/fr\/produit\/griffoir-sofa-blanc\/","og_site_name":"Arboricat","article_publisher":"https:\/\/www.facebook.com\/arboricat","article_modified_time":"2024-07-25T07:05:55+00:00","og_image":[{"width":1080,"height":1080,"url":"https:\/\/arboricat.com\/wp-content\/uploads\/2023\/04\/5414365352820_prd_webl.jpg","type":"image\/jpeg"}],"twitter_card":"summary_large_image","twitter_misc":{"Dur\u00e9e de lecture estim\u00e9e":"1 minute"},"schema":{"@context":"https:\/\/schema.org","@graph":[{"@type":"WebPage","@id":"https:\/\/arboricat.com\/fr\/produit\/griffoir-sofa-blanc\/","url":"https:\/\/arboricat.com\/fr\/produit\/griffoir-sofa-blanc\/","name":"Griffoir sophie sofa blanc - Arboricat","isPartOf":{"@id":"https:\/\/arboricat.com\/fr\/#website"},"primaryImageOfPage":{"@id":"https:\/\/arboricat.com\/fr\/produit\/griffoir-sofa-blanc\/#primaryimage"},"image":{"@id":"https:\/\/arboricat.com\/fr\/produit\/griffoir-sofa-blanc\/#primaryimage"},"thumbnailUrl":"https:\/\/arboricat.com\/wp-content\/uploads\/2023\/04\/5414365352820_prd_webl.jpg","datePublished":"2023-04-28T09:37:44+00:00","dateModified":"2024-07-25T07:05:55+00:00","description":"D\u00e9couvrez notre griffoir sofa blanc. Ce griffoir est con\u00e7u enti\u00e8rement de carton nervur\u00e9 de duvoplus.","breadcrumb":{"@id":"https:\/\/arboricat.com\/fr\/produit\/griffoir-sofa-blanc\/#breadcrumb"},"inLanguage":"fr-FR","potentialAction":[{"@type":"ReadAction","target":["https:\/\/arboricat.com\/fr\/produit\/griffoir-sofa-blanc\/"]}]},{"@type":"ImageObject","inLanguage":"fr-FR","@id":"https:\/\/arboricat.com\/fr\/produit\/griffoir-sofa-blanc\/#primaryimage","url":"https:\/\/arboricat.com\/wp-content\/uploads\/2023\/04\/5414365352820_prd_webl.jpg","contentUrl":"https:\/\/arboricat.com\/wp-content\/uploads\/2023\/04\/5414365352820_prd_webl.jpg","width":1080,"height":1080},{"@type":"BreadcrumbList","@id":"https:\/\/arboricat.com\/fr\/produit\/griffoir-sofa-blanc\/#breadcrumb","itemListElement":[{"@type":"ListItem","position":1,"name":"Accueil","item":"https:\/\/arboricat.com\/fr\/"},{"@type":"ListItem","position":2,"name":"Boutique","item":"https:\/\/arboricat.com\/fr\/boutique\/"},{"@type":"ListItem","position":3,"name":"Griffoir sophie sofa blanc"}]},{"@type":"WebSite","@id":"https:\/\/arboricat.com\/fr\/#website","url":"https:\/\/arboricat.com\/fr\/","name":"Arboricat","description":"","publisher":{"@id":"https:\/\/arboricat.com\/fr\/#organization"},"potentialAction":[{"@type":"SearchAction","target":{"@type":"EntryPoint","urlTemplate":"https:\/\/arboricat.com\/fr\/?s={search_term_string}"},"query-input":{"@type":"PropertyValueSpecification","valueRequired":true,"valueName":"search_term_string"}}],"inLanguage":"fr-FR"},{"@type":"Organization","@id":"https:\/\/arboricat.com\/fr\/#organization","name":"Arboricat","url":"https:\/\/arboricat.com\/fr\/","logo":{"@type":"ImageObject","inLanguage":"fr-FR","@id":"https:\/\/arboricat.com\/fr\/#\/schema\/logo\/image\/","url":"https:\/\/arboricat.com\/wp-content\/uploads\/2024\/07\/logo_696x696.png","contentUrl":"https:\/\/arboricat.com\/wp-content\/uploads\/2024\/07\/logo_696x696.png","width":697,"height":697,"caption":"Arboricat"},"image":{"@id":"https:\/\/arboricat.com\/fr\/#\/schema\/logo\/image\/"},"sameAs":["https:\/\/www.facebook.com\/arboricat","https:\/\/www.instagram.com\/arboricatdesign\/?hl=fra"]}]}},"_links":{"self":[{"href":"https:\/\/arboricat.com\/fr\/wp-json\/wp\/v2\/product\/16518","targetHints":{"allow":["GET"]}}],"collection":[{"href":"https:\/\/arboricat.com\/fr\/wp-json\/wp\/v2\/product"}],"about":[{"href":"https:\/\/arboricat.com\/fr\/wp-json\/wp\/v2\/types\/product"}],"version-history":[{"count":0,"href":"https:\/\/arboricat.com\/fr\/wp-json\/wp\/v2\/product\/16518\/revisions"}],"wp:featuredmedia":[{"embeddable":true,"href":"https:\/\/arboricat.com\/fr\/wp-json\/wp\/v2\/media\/16523"}],"wp:attachment":[{"href":"https:\/\/arboricat.com\/fr\/wp-json\/wp\/v2\/media?parent=16518"}],"wp:term":[{"taxonomy":"product_brand","embeddable":true,"href":"https:\/\/arboricat.com\/fr\/wp-json\/wp\/v2\/product_brand?post=16518"},{"taxonomy":"product_cat","embeddable":true,"href":"https:\/\/arboricat.com\/fr\/wp-json\/wp\/v2\/product_cat?post=16518"},{"taxonomy":"product_tag","embeddable":true,"href":"https:\/\/arboricat.com\/fr\/wp-json\/wp\/v2\/product_tag?post=16518"}],"curies":[{"name":"wp","href":"https:\/\/api.w.org\/{rel}","templated":true}]}}