{"id":16528,"date":"2023-04-28T11:58:01","date_gmt":"2023-04-28T11:58:01","guid":{"rendered":"https:\/\/arboricat.com\/?post_type=product&#038;p=16528"},"modified":"2023-08-30T17:28:04","modified_gmt":"2023-08-30T17:28:04","slug":"hamac-fenetre","status":"publish","type":"product","link":"https:\/\/arboricat.com\/fr\/produit\/hamac-fenetre\/","title":{"rendered":"Hamac de fen\u00eatre"},"content":{"rendered":"<p>Ce hamac est l\u2019endroit id\u00e9al pour permettre \u00e0 votre chat de se reposer tout en b\u00e9n\u00e9ficiant d\u2019une vue d\u2019ensemble. Fixez en un tour de main le hamac \u00e0 la fen\u00eatre gr\u00e2ce aux puissantes ventouses. Votre chat curieux peut maintenant profiter d\u2019une vue imprenable et se pr\u00e9lasser au soleil. Le lit en textil\u00e8ne est muni de trous de ventilation pour que votre animal de compagnie puisse r\u00e9duire sa temp\u00e9rature corporelle. Les fils r\u00e9sistants aux morsures maintiennent en place la structure r\u00e9sistante. Gr\u00e2ce au velcro amovible, le hamac est facile \u00e0 nettoyer.<\/p>\n","protected":false},"excerpt":{"rendered":"<p>\u23f3 Temps de livraison estim\u00e9 : 3-7j<\/p>\n<ul>\n<li class=\"productDetailSpecification specificationColor2 fontScalingMobile\">Fixez en un tour de main le hamac \u00e0 votre fen\u00eatre<\/li>\n<li class=\"productDetailSpecification specificationColor2 fontScalingMobile\">Forme amusante<\/li>\n<li class=\"productDetailSpecification specificationColor2 fontScalingMobile\">facile \u00e0 nettoyer<\/li>\n<\/ul>\n","protected":false},"featured_media":16529,"template":"","meta":[],"product_brand":[],"product_cat":[107,108],"product_tag":[],"class_list":{"0":"post-16528","1":"product","2":"type-product","3":"status-publish","4":"has-post-thumbnail","6":"product_cat-accessoires","7":"product_cat-arbre-a-chat-mural","9":"first","10":"instock","11":"shipping-taxable","12":"purchasable","13":"product-type-simple"},"yoast_head":"<!-- This site is optimized with the Yoast SEO plugin v27.4 - https:\/\/yoast.com\/product\/yoast-seo-wordpress\/ -->\n<title>Hamac de fen\u00eatre - Arboricat<\/title>\n<meta name=\"description\" content=\"Hamac id\u00e9al pour permettre \u00e0 votre chat de se reposer tout en b\u00e9n\u00e9ficiant d\u2019une vue d\u2019ensemble.\" \/>\n<meta name=\"robots\" content=\"index, follow, max-snippet:-1, max-image-preview:large, max-video-preview:-1\" \/>\n<link rel=\"canonical\" href=\"https:\/\/arboricat.com\/fr\/produit\/hamac-fenetre\/\" \/>\n<meta property=\"og:locale\" content=\"fr_FR\" \/>\n<meta property=\"og:type\" content=\"article\" \/>\n<meta property=\"og:title\" content=\"Hamac de fen\u00eatre - Arboricat\" \/>\n<meta property=\"og:description\" content=\"Hamac id\u00e9al pour permettre \u00e0 votre chat de se reposer tout en b\u00e9n\u00e9ficiant d\u2019une vue d\u2019ensemble.\" \/>\n<meta property=\"og:url\" content=\"https:\/\/arboricat.com\/fr\/produit\/hamac-fenetre\/\" \/>\n<meta property=\"og:site_name\" content=\"Arboricat\" \/>\n<meta property=\"article:publisher\" content=\"https:\/\/www.facebook.com\/arboricat\" \/>\n<meta property=\"article:modified_time\" content=\"2023-08-30T17:28:04+00:00\" \/>\n<meta property=\"og:image\" content=\"https:\/\/arboricat.com\/wp-content\/uploads\/2023\/04\/5414365354909_prd_webl.jpg\" \/>\n\t<meta property=\"og:image:width\" content=\"1080\" \/>\n\t<meta property=\"og:image:height\" content=\"1080\" \/>\n\t<meta property=\"og:image:type\" content=\"image\/jpeg\" \/>\n<meta name=\"twitter:card\" content=\"summary_large_image\" \/>\n<meta name=\"twitter:label1\" content=\"Dur\u00e9e de lecture estim\u00e9e\" \/>\n\t<meta name=\"twitter:data1\" content=\"1 minute\" \/>\n<script type=\"application\/ld+json\" class=\"yoast-schema-graph\">{\"@context\":\"https:\\\/\\\/schema.org\",\"@graph\":[{\"@type\":\"WebPage\",\"@id\":\"https:\\\/\\\/arboricat.com\\\/fr\\\/produit\\\/hamac-fenetre\\\/\",\"url\":\"https:\\\/\\\/arboricat.com\\\/fr\\\/produit\\\/hamac-fenetre\\\/\",\"name\":\"Hamac de fen\u00eatre - Arboricat\",\"isPartOf\":{\"@id\":\"https:\\\/\\\/arboricat.com\\\/fr\\\/#website\"},\"primaryImageOfPage\":{\"@id\":\"https:\\\/\\\/arboricat.com\\\/fr\\\/produit\\\/hamac-fenetre\\\/#primaryimage\"},\"image\":{\"@id\":\"https:\\\/\\\/arboricat.com\\\/fr\\\/produit\\\/hamac-fenetre\\\/#primaryimage\"},\"thumbnailUrl\":\"https:\\\/\\\/arboricat.com\\\/wp-content\\\/uploads\\\/2023\\\/04\\\/5414365354909_prd_webl.jpg\",\"datePublished\":\"2023-04-28T11:58:01+00:00\",\"dateModified\":\"2023-08-30T17:28:04+00:00\",\"description\":\"Hamac id\u00e9al pour permettre \u00e0 votre chat de se reposer tout en b\u00e9n\u00e9ficiant d\u2019une vue d\u2019ensemble.\",\"breadcrumb\":{\"@id\":\"https:\\\/\\\/arboricat.com\\\/fr\\\/produit\\\/hamac-fenetre\\\/#breadcrumb\"},\"inLanguage\":\"fr-FR\",\"potentialAction\":[{\"@type\":\"ReadAction\",\"target\":[\"https:\\\/\\\/arboricat.com\\\/fr\\\/produit\\\/hamac-fenetre\\\/\"]}]},{\"@type\":\"ImageObject\",\"inLanguage\":\"fr-FR\",\"@id\":\"https:\\\/\\\/arboricat.com\\\/fr\\\/produit\\\/hamac-fenetre\\\/#primaryimage\",\"url\":\"https:\\\/\\\/arboricat.com\\\/wp-content\\\/uploads\\\/2023\\\/04\\\/5414365354909_prd_webl.jpg\",\"contentUrl\":\"https:\\\/\\\/arboricat.com\\\/wp-content\\\/uploads\\\/2023\\\/04\\\/5414365354909_prd_webl.jpg\",\"width\":1080,\"height\":1080},{\"@type\":\"BreadcrumbList\",\"@id\":\"https:\\\/\\\/arboricat.com\\\/fr\\\/produit\\\/hamac-fenetre\\\/#breadcrumb\",\"itemListElement\":[{\"@type\":\"ListItem\",\"position\":1,\"name\":\"Accueil\",\"item\":\"https:\\\/\\\/arboricat.com\\\/fr\\\/\"},{\"@type\":\"ListItem\",\"position\":2,\"name\":\"Boutique\",\"item\":\"https:\\\/\\\/arboricat.com\\\/fr\\\/boutique\\\/\"},{\"@type\":\"ListItem\",\"position\":3,\"name\":\"Hamac de fen\u00eatre\"}]},{\"@type\":\"WebSite\",\"@id\":\"https:\\\/\\\/arboricat.com\\\/fr\\\/#website\",\"url\":\"https:\\\/\\\/arboricat.com\\\/fr\\\/\",\"name\":\"Arboricat\",\"description\":\"\",\"publisher\":{\"@id\":\"https:\\\/\\\/arboricat.com\\\/fr\\\/#organization\"},\"potentialAction\":[{\"@type\":\"SearchAction\",\"target\":{\"@type\":\"EntryPoint\",\"urlTemplate\":\"https:\\\/\\\/arboricat.com\\\/fr\\\/?s={search_term_string}\"},\"query-input\":{\"@type\":\"PropertyValueSpecification\",\"valueRequired\":true,\"valueName\":\"search_term_string\"}}],\"inLanguage\":\"fr-FR\"},{\"@type\":\"Organization\",\"@id\":\"https:\\\/\\\/arboricat.com\\\/fr\\\/#organization\",\"name\":\"Arboricat\",\"url\":\"https:\\\/\\\/arboricat.com\\\/fr\\\/\",\"logo\":{\"@type\":\"ImageObject\",\"inLanguage\":\"fr-FR\",\"@id\":\"https:\\\/\\\/arboricat.com\\\/fr\\\/#\\\/schema\\\/logo\\\/image\\\/\",\"url\":\"https:\\\/\\\/arboricat.com\\\/wp-content\\\/uploads\\\/2024\\\/07\\\/logo_696x696.png\",\"contentUrl\":\"https:\\\/\\\/arboricat.com\\\/wp-content\\\/uploads\\\/2024\\\/07\\\/logo_696x696.png\",\"width\":697,\"height\":697,\"caption\":\"Arboricat\"},\"image\":{\"@id\":\"https:\\\/\\\/arboricat.com\\\/fr\\\/#\\\/schema\\\/logo\\\/image\\\/\"},\"sameAs\":[\"https:\\\/\\\/www.facebook.com\\\/arboricat\",\"https:\\\/\\\/www.instagram.com\\\/arboricatdesign\\\/?hl=fra\"]}]}<\/script>\n<!-- \/ Yoast SEO plugin. -->","yoast_head_json":{"title":"Hamac de fen\u00eatre - Arboricat","description":"Hamac id\u00e9al pour permettre \u00e0 votre chat de se reposer tout en b\u00e9n\u00e9ficiant d\u2019une vue d\u2019ensemble.","robots":{"index":"index","follow":"follow","max-snippet":"max-snippet:-1","max-image-preview":"max-image-preview:large","max-video-preview":"max-video-preview:-1"},"canonical":"https:\/\/arboricat.com\/fr\/produit\/hamac-fenetre\/","og_locale":"fr_FR","og_type":"article","og_title":"Hamac de fen\u00eatre - Arboricat","og_description":"Hamac id\u00e9al pour permettre \u00e0 votre chat de se reposer tout en b\u00e9n\u00e9ficiant d\u2019une vue d\u2019ensemble.","og_url":"https:\/\/arboricat.com\/fr\/produit\/hamac-fenetre\/","og_site_name":"Arboricat","article_publisher":"https:\/\/www.facebook.com\/arboricat","article_modified_time":"2023-08-30T17:28:04+00:00","og_image":[{"width":1080,"height":1080,"url":"https:\/\/arboricat.com\/wp-content\/uploads\/2023\/04\/5414365354909_prd_webl.jpg","type":"image\/jpeg"}],"twitter_card":"summary_large_image","twitter_misc":{"Dur\u00e9e de lecture estim\u00e9e":"1 minute"},"schema":{"@context":"https:\/\/schema.org","@graph":[{"@type":"WebPage","@id":"https:\/\/arboricat.com\/fr\/produit\/hamac-fenetre\/","url":"https:\/\/arboricat.com\/fr\/produit\/hamac-fenetre\/","name":"Hamac de fen\u00eatre - Arboricat","isPartOf":{"@id":"https:\/\/arboricat.com\/fr\/#website"},"primaryImageOfPage":{"@id":"https:\/\/arboricat.com\/fr\/produit\/hamac-fenetre\/#primaryimage"},"image":{"@id":"https:\/\/arboricat.com\/fr\/produit\/hamac-fenetre\/#primaryimage"},"thumbnailUrl":"https:\/\/arboricat.com\/wp-content\/uploads\/2023\/04\/5414365354909_prd_webl.jpg","datePublished":"2023-04-28T11:58:01+00:00","dateModified":"2023-08-30T17:28:04+00:00","description":"Hamac id\u00e9al pour permettre \u00e0 votre chat de se reposer tout en b\u00e9n\u00e9ficiant d\u2019une vue d\u2019ensemble.","breadcrumb":{"@id":"https:\/\/arboricat.com\/fr\/produit\/hamac-fenetre\/#breadcrumb"},"inLanguage":"fr-FR","potentialAction":[{"@type":"ReadAction","target":["https:\/\/arboricat.com\/fr\/produit\/hamac-fenetre\/"]}]},{"@type":"ImageObject","inLanguage":"fr-FR","@id":"https:\/\/arboricat.com\/fr\/produit\/hamac-fenetre\/#primaryimage","url":"https:\/\/arboricat.com\/wp-content\/uploads\/2023\/04\/5414365354909_prd_webl.jpg","contentUrl":"https:\/\/arboricat.com\/wp-content\/uploads\/2023\/04\/5414365354909_prd_webl.jpg","width":1080,"height":1080},{"@type":"BreadcrumbList","@id":"https:\/\/arboricat.com\/fr\/produit\/hamac-fenetre\/#breadcrumb","itemListElement":[{"@type":"ListItem","position":1,"name":"Accueil","item":"https:\/\/arboricat.com\/fr\/"},{"@type":"ListItem","position":2,"name":"Boutique","item":"https:\/\/arboricat.com\/fr\/boutique\/"},{"@type":"ListItem","position":3,"name":"Hamac de fen\u00eatre"}]},{"@type":"WebSite","@id":"https:\/\/arboricat.com\/fr\/#website","url":"https:\/\/arboricat.com\/fr\/","name":"Arboricat","description":"","publisher":{"@id":"https:\/\/arboricat.com\/fr\/#organization"},"potentialAction":[{"@type":"SearchAction","target":{"@type":"EntryPoint","urlTemplate":"https:\/\/arboricat.com\/fr\/?s={search_term_string}"},"query-input":{"@type":"PropertyValueSpecification","valueRequired":true,"valueName":"search_term_string"}}],"inLanguage":"fr-FR"},{"@type":"Organization","@id":"https:\/\/arboricat.com\/fr\/#organization","name":"Arboricat","url":"https:\/\/arboricat.com\/fr\/","logo":{"@type":"ImageObject","inLanguage":"fr-FR","@id":"https:\/\/arboricat.com\/fr\/#\/schema\/logo\/image\/","url":"https:\/\/arboricat.com\/wp-content\/uploads\/2024\/07\/logo_696x696.png","contentUrl":"https:\/\/arboricat.com\/wp-content\/uploads\/2024\/07\/logo_696x696.png","width":697,"height":697,"caption":"Arboricat"},"image":{"@id":"https:\/\/arboricat.com\/fr\/#\/schema\/logo\/image\/"},"sameAs":["https:\/\/www.facebook.com\/arboricat","https:\/\/www.instagram.com\/arboricatdesign\/?hl=fra"]}]}},"_links":{"self":[{"href":"https:\/\/arboricat.com\/fr\/wp-json\/wp\/v2\/product\/16528","targetHints":{"allow":["GET"]}}],"collection":[{"href":"https:\/\/arboricat.com\/fr\/wp-json\/wp\/v2\/product"}],"about":[{"href":"https:\/\/arboricat.com\/fr\/wp-json\/wp\/v2\/types\/product"}],"version-history":[{"count":0,"href":"https:\/\/arboricat.com\/fr\/wp-json\/wp\/v2\/product\/16528\/revisions"}],"wp:featuredmedia":[{"embeddable":true,"href":"https:\/\/arboricat.com\/fr\/wp-json\/wp\/v2\/media\/16529"}],"wp:attachment":[{"href":"https:\/\/arboricat.com\/fr\/wp-json\/wp\/v2\/media?parent=16528"}],"wp:term":[{"taxonomy":"product_brand","embeddable":true,"href":"https:\/\/arboricat.com\/fr\/wp-json\/wp\/v2\/product_brand?post=16528"},{"taxonomy":"product_cat","embeddable":true,"href":"https:\/\/arboricat.com\/fr\/wp-json\/wp\/v2\/product_cat?post=16528"},{"taxonomy":"product_tag","embeddable":true,"href":"https:\/\/arboricat.com\/fr\/wp-json\/wp\/v2\/product_tag?post=16528"}],"curies":[{"name":"wp","href":"https:\/\/api.w.org\/{rel}","templated":true}]}}