{"id":37025,"date":"2024-01-29T09:22:28","date_gmt":"2024-01-29T09:22:28","guid":{"rendered":"https:\/\/arboricat.com\/?post_type=product&#038;p=37025"},"modified":"2025-01-27T14:25:56","modified_gmt":"2025-01-27T14:25:56","slug":"griffoir-mural-bois","status":"publish","type":"product","link":"https:\/\/arboricat.com\/fr\/produit\/griffoir-mural-bois\/","title":{"rendered":"Griffoir mural bois"},"content":{"rendered":"<p><b>Pourquoi choisir un griffoir pour son chat ?<\/b><\/p>\n<p>Offrez \u00e0 votre chat un espace de jeu et de d\u00e9tente avec ce griffoir mural en bois, con\u00e7u pour s\u2019int\u00e9grer harmonieusement \u00e0 votre int\u00e9rieur. Fabriqu\u00e9 en bois naturel de haute qualit\u00e9, ce griffoir ajoute une touche \u00e9l\u00e9gante et moderne \u00e0 vos murs tout en \u00e9tant parfaitement fonctionnel. Id\u00e9al pour les petits espaces, il permet \u00e0 votre compagnon de grimper, de griffer et de se divertir sans encombrer votre sol. Facile \u00e0 installer, ce griffoir mural est robuste et durable, offrant un support stable pour que votre chat puisse aiguiser ses griffes tout en \u00e9vitant d&rsquo;ab\u00eemer vos meubles.<\/p>\n","protected":false},"excerpt":{"rendered":"<p>\ud83d\ude9a Livraison gratuite<\/p>\n<p>\u23f3 Temps de livraison estim\u00e9 : 1-3j<\/p>\n<p>Dimensions : 40 cm, \u00d8 10 cm<\/p>\n<p>Compatible avec le kit hamac mural : <a href=\"https:\/\/arboricat.com\/fr\/kit-hamac-mural\/\">Voir +<\/a><\/p>\n","protected":false},"featured_media":39865,"template":"","meta":[],"product_brand":[],"product_cat":[108,316],"product_tag":[],"class_list":{"0":"post-37025","1":"product","2":"type-product","3":"status-publish","4":"has-post-thumbnail","6":"product_cat-arbre-a-chat-mural","7":"product_cat-destockage","8":"pa_couleurs-marron","9":"pa_couleurs-noir","11":"first","12":"instock","13":"sale","14":"shipping-taxable","15":"purchasable","16":"product-type-simple"},"yoast_head":"<!-- This site is optimized with the Yoast SEO plugin v27.3 - https:\/\/yoast.com\/product\/yoast-seo-wordpress\/ -->\n<title>Griffoir mural bois - Arboricat<\/title>\n<meta name=\"robots\" content=\"index, follow, max-snippet:-1, max-image-preview:large, max-video-preview:-1\" \/>\n<link rel=\"canonical\" href=\"https:\/\/arboricat.com\/fr\/produit\/griffoir-mural-bois\/\" \/>\n<meta property=\"og:locale\" content=\"fr_FR\" \/>\n<meta property=\"og:type\" content=\"article\" \/>\n<meta property=\"og:title\" content=\"Griffoir mural bois - Arboricat\" \/>\n<meta property=\"og:description\" content=\"\ud83d\ude9a Livraison gratuite  \u23f3 Temps de livraison estim\u00e9 : 1-3j  Dimensions : 40 cm, \u00d8 10 cm  Compatible avec le kit hamac mural : Voir +\" \/>\n<meta property=\"og:url\" content=\"https:\/\/arboricat.com\/fr\/produit\/griffoir-mural-bois\/\" \/>\n<meta property=\"og:site_name\" content=\"Arboricat\" \/>\n<meta property=\"article:publisher\" content=\"https:\/\/www.facebook.com\/arboricat\" \/>\n<meta property=\"article:modified_time\" content=\"2025-01-27T14:25:56+00:00\" \/>\n<meta property=\"og:image\" content=\"https:\/\/arboricat.com\/wp-content\/uploads\/2024\/01\/Griffoir-mural-Arboricat.jpg\" \/>\n\t<meta property=\"og:image:width\" content=\"848\" \/>\n\t<meta property=\"og:image:height\" content=\"848\" \/>\n\t<meta property=\"og:image:type\" content=\"image\/jpeg\" \/>\n<meta name=\"twitter:card\" content=\"summary_large_image\" \/>\n<meta name=\"twitter:label1\" content=\"Dur\u00e9e de lecture estim\u00e9e\" \/>\n\t<meta name=\"twitter:data1\" content=\"1 minute\" \/>\n<script type=\"application\/ld+json\" class=\"yoast-schema-graph\">{\"@context\":\"https:\\\/\\\/schema.org\",\"@graph\":[{\"@type\":\"WebPage\",\"@id\":\"https:\\\/\\\/arboricat.com\\\/fr\\\/produit\\\/griffoir-mural-bois\\\/\",\"url\":\"https:\\\/\\\/arboricat.com\\\/fr\\\/produit\\\/griffoir-mural-bois\\\/\",\"name\":\"Griffoir mural bois - Arboricat\",\"isPartOf\":{\"@id\":\"https:\\\/\\\/arboricat.com\\\/fr\\\/#website\"},\"primaryImageOfPage\":{\"@id\":\"https:\\\/\\\/arboricat.com\\\/fr\\\/produit\\\/griffoir-mural-bois\\\/#primaryimage\"},\"image\":{\"@id\":\"https:\\\/\\\/arboricat.com\\\/fr\\\/produit\\\/griffoir-mural-bois\\\/#primaryimage\"},\"thumbnailUrl\":\"https:\\\/\\\/arboricat.com\\\/wp-content\\\/uploads\\\/2024\\\/01\\\/Griffoir-mural-Arboricat.jpg\",\"datePublished\":\"2024-01-29T09:22:28+00:00\",\"dateModified\":\"2025-01-27T14:25:56+00:00\",\"breadcrumb\":{\"@id\":\"https:\\\/\\\/arboricat.com\\\/fr\\\/produit\\\/griffoir-mural-bois\\\/#breadcrumb\"},\"inLanguage\":\"fr-FR\",\"potentialAction\":[{\"@type\":\"ReadAction\",\"target\":[\"https:\\\/\\\/arboricat.com\\\/fr\\\/produit\\\/griffoir-mural-bois\\\/\"]}]},{\"@type\":\"ImageObject\",\"inLanguage\":\"fr-FR\",\"@id\":\"https:\\\/\\\/arboricat.com\\\/fr\\\/produit\\\/griffoir-mural-bois\\\/#primaryimage\",\"url\":\"https:\\\/\\\/arboricat.com\\\/wp-content\\\/uploads\\\/2024\\\/01\\\/Griffoir-mural-Arboricat.jpg\",\"contentUrl\":\"https:\\\/\\\/arboricat.com\\\/wp-content\\\/uploads\\\/2024\\\/01\\\/Griffoir-mural-Arboricat.jpg\",\"width\":848,\"height\":848},{\"@type\":\"BreadcrumbList\",\"@id\":\"https:\\\/\\\/arboricat.com\\\/fr\\\/produit\\\/griffoir-mural-bois\\\/#breadcrumb\",\"itemListElement\":[{\"@type\":\"ListItem\",\"position\":1,\"name\":\"Accueil\",\"item\":\"https:\\\/\\\/arboricat.com\\\/fr\\\/\"},{\"@type\":\"ListItem\",\"position\":2,\"name\":\"Boutique\",\"item\":\"https:\\\/\\\/arboricat.com\\\/fr\\\/boutique\\\/\"},{\"@type\":\"ListItem\",\"position\":3,\"name\":\"Griffoir mural bois\"}]},{\"@type\":\"WebSite\",\"@id\":\"https:\\\/\\\/arboricat.com\\\/fr\\\/#website\",\"url\":\"https:\\\/\\\/arboricat.com\\\/fr\\\/\",\"name\":\"Arboricat\",\"description\":\"\",\"publisher\":{\"@id\":\"https:\\\/\\\/arboricat.com\\\/fr\\\/#organization\"},\"potentialAction\":[{\"@type\":\"SearchAction\",\"target\":{\"@type\":\"EntryPoint\",\"urlTemplate\":\"https:\\\/\\\/arboricat.com\\\/fr\\\/?s={search_term_string}\"},\"query-input\":{\"@type\":\"PropertyValueSpecification\",\"valueRequired\":true,\"valueName\":\"search_term_string\"}}],\"inLanguage\":\"fr-FR\"},{\"@type\":\"Organization\",\"@id\":\"https:\\\/\\\/arboricat.com\\\/fr\\\/#organization\",\"name\":\"Arboricat\",\"url\":\"https:\\\/\\\/arboricat.com\\\/fr\\\/\",\"logo\":{\"@type\":\"ImageObject\",\"inLanguage\":\"fr-FR\",\"@id\":\"https:\\\/\\\/arboricat.com\\\/fr\\\/#\\\/schema\\\/logo\\\/image\\\/\",\"url\":\"https:\\\/\\\/arboricat.com\\\/wp-content\\\/uploads\\\/2024\\\/07\\\/logo_696x696.png\",\"contentUrl\":\"https:\\\/\\\/arboricat.com\\\/wp-content\\\/uploads\\\/2024\\\/07\\\/logo_696x696.png\",\"width\":697,\"height\":697,\"caption\":\"Arboricat\"},\"image\":{\"@id\":\"https:\\\/\\\/arboricat.com\\\/fr\\\/#\\\/schema\\\/logo\\\/image\\\/\"},\"sameAs\":[\"https:\\\/\\\/www.facebook.com\\\/arboricat\",\"https:\\\/\\\/www.instagram.com\\\/arboricatdesign\\\/?hl=fra\"]}]}<\/script>\n<!-- \/ Yoast SEO plugin. -->","yoast_head_json":{"title":"Griffoir mural bois - Arboricat","robots":{"index":"index","follow":"follow","max-snippet":"max-snippet:-1","max-image-preview":"max-image-preview:large","max-video-preview":"max-video-preview:-1"},"canonical":"https:\/\/arboricat.com\/fr\/produit\/griffoir-mural-bois\/","og_locale":"fr_FR","og_type":"article","og_title":"Griffoir mural bois - Arboricat","og_description":"\ud83d\ude9a Livraison gratuite  \u23f3 Temps de livraison estim\u00e9 : 1-3j  Dimensions : 40 cm, \u00d8 10 cm  Compatible avec le kit hamac mural : Voir +","og_url":"https:\/\/arboricat.com\/fr\/produit\/griffoir-mural-bois\/","og_site_name":"Arboricat","article_publisher":"https:\/\/www.facebook.com\/arboricat","article_modified_time":"2025-01-27T14:25:56+00:00","og_image":[{"width":848,"height":848,"url":"https:\/\/arboricat.com\/wp-content\/uploads\/2024\/01\/Griffoir-mural-Arboricat.jpg","type":"image\/jpeg"}],"twitter_card":"summary_large_image","twitter_misc":{"Dur\u00e9e de lecture estim\u00e9e":"1 minute"},"schema":{"@context":"https:\/\/schema.org","@graph":[{"@type":"WebPage","@id":"https:\/\/arboricat.com\/fr\/produit\/griffoir-mural-bois\/","url":"https:\/\/arboricat.com\/fr\/produit\/griffoir-mural-bois\/","name":"Griffoir mural bois - Arboricat","isPartOf":{"@id":"https:\/\/arboricat.com\/fr\/#website"},"primaryImageOfPage":{"@id":"https:\/\/arboricat.com\/fr\/produit\/griffoir-mural-bois\/#primaryimage"},"image":{"@id":"https:\/\/arboricat.com\/fr\/produit\/griffoir-mural-bois\/#primaryimage"},"thumbnailUrl":"https:\/\/arboricat.com\/wp-content\/uploads\/2024\/01\/Griffoir-mural-Arboricat.jpg","datePublished":"2024-01-29T09:22:28+00:00","dateModified":"2025-01-27T14:25:56+00:00","breadcrumb":{"@id":"https:\/\/arboricat.com\/fr\/produit\/griffoir-mural-bois\/#breadcrumb"},"inLanguage":"fr-FR","potentialAction":[{"@type":"ReadAction","target":["https:\/\/arboricat.com\/fr\/produit\/griffoir-mural-bois\/"]}]},{"@type":"ImageObject","inLanguage":"fr-FR","@id":"https:\/\/arboricat.com\/fr\/produit\/griffoir-mural-bois\/#primaryimage","url":"https:\/\/arboricat.com\/wp-content\/uploads\/2024\/01\/Griffoir-mural-Arboricat.jpg","contentUrl":"https:\/\/arboricat.com\/wp-content\/uploads\/2024\/01\/Griffoir-mural-Arboricat.jpg","width":848,"height":848},{"@type":"BreadcrumbList","@id":"https:\/\/arboricat.com\/fr\/produit\/griffoir-mural-bois\/#breadcrumb","itemListElement":[{"@type":"ListItem","position":1,"name":"Accueil","item":"https:\/\/arboricat.com\/fr\/"},{"@type":"ListItem","position":2,"name":"Boutique","item":"https:\/\/arboricat.com\/fr\/boutique\/"},{"@type":"ListItem","position":3,"name":"Griffoir mural bois"}]},{"@type":"WebSite","@id":"https:\/\/arboricat.com\/fr\/#website","url":"https:\/\/arboricat.com\/fr\/","name":"Arboricat","description":"","publisher":{"@id":"https:\/\/arboricat.com\/fr\/#organization"},"potentialAction":[{"@type":"SearchAction","target":{"@type":"EntryPoint","urlTemplate":"https:\/\/arboricat.com\/fr\/?s={search_term_string}"},"query-input":{"@type":"PropertyValueSpecification","valueRequired":true,"valueName":"search_term_string"}}],"inLanguage":"fr-FR"},{"@type":"Organization","@id":"https:\/\/arboricat.com\/fr\/#organization","name":"Arboricat","url":"https:\/\/arboricat.com\/fr\/","logo":{"@type":"ImageObject","inLanguage":"fr-FR","@id":"https:\/\/arboricat.com\/fr\/#\/schema\/logo\/image\/","url":"https:\/\/arboricat.com\/wp-content\/uploads\/2024\/07\/logo_696x696.png","contentUrl":"https:\/\/arboricat.com\/wp-content\/uploads\/2024\/07\/logo_696x696.png","width":697,"height":697,"caption":"Arboricat"},"image":{"@id":"https:\/\/arboricat.com\/fr\/#\/schema\/logo\/image\/"},"sameAs":["https:\/\/www.facebook.com\/arboricat","https:\/\/www.instagram.com\/arboricatdesign\/?hl=fra"]}]}},"_links":{"self":[{"href":"https:\/\/arboricat.com\/fr\/wp-json\/wp\/v2\/product\/37025","targetHints":{"allow":["GET"]}}],"collection":[{"href":"https:\/\/arboricat.com\/fr\/wp-json\/wp\/v2\/product"}],"about":[{"href":"https:\/\/arboricat.com\/fr\/wp-json\/wp\/v2\/types\/product"}],"version-history":[{"count":3,"href":"https:\/\/arboricat.com\/fr\/wp-json\/wp\/v2\/product\/37025\/revisions"}],"predecessor-version":[{"id":40027,"href":"https:\/\/arboricat.com\/fr\/wp-json\/wp\/v2\/product\/37025\/revisions\/40027"}],"wp:featuredmedia":[{"embeddable":true,"href":"https:\/\/arboricat.com\/fr\/wp-json\/wp\/v2\/media\/39865"}],"wp:attachment":[{"href":"https:\/\/arboricat.com\/fr\/wp-json\/wp\/v2\/media?parent=37025"}],"wp:term":[{"taxonomy":"product_brand","embeddable":true,"href":"https:\/\/arboricat.com\/fr\/wp-json\/wp\/v2\/product_brand?post=37025"},{"taxonomy":"product_cat","embeddable":true,"href":"https:\/\/arboricat.com\/fr\/wp-json\/wp\/v2\/product_cat?post=37025"},{"taxonomy":"product_tag","embeddable":true,"href":"https:\/\/arboricat.com\/fr\/wp-json\/wp\/v2\/product_tag?post=37025"}],"curies":[{"name":"wp","href":"https:\/\/api.w.org\/{rel}","templated":true}]}}