{"id":37450,"date":"2024-04-25T07:24:55","date_gmt":"2024-04-25T07:24:55","guid":{"rendered":"https:\/\/arboricat.com\/?post_type=product&#038;p=37450"},"modified":"2025-07-31T13:47:19","modified_gmt":"2025-07-31T13:47:19","slug":"arbre-a-chat-mural-dolomit-2-0-tofana","status":"publish","type":"product","link":"https:\/\/arboricat.com\/fr\/produit\/arbre-a-chat-mural-dolomit-2-0-tofana\/","title":{"rendered":"Arbre \u00e0 chat mural Dolomit 2.0 Tofana"},"content":{"rendered":"<p><b>Faites d\u00e9couvrir \u00e0 votre chat le confort des arbres \u00e0 chat muraux !<\/b><\/p>\n<p>D\u00e9couvrez l&rsquo;Arbre \u00e0 chat mural Dolomit 2.0 Tofana, le parfait compagnon pour votre f\u00e9lin ! Con\u00e7u pour s&rsquo;adapter aux petits appartements ou pi\u00e8ces, ce produit offre une solution de montage peu encombrante, sans sacrifier le confort. Dot\u00e9 de diverses surfaces de couchage, il permet \u00e0 votre animal de se d\u00e9tendre et somnoler \u00e0 sa guise.<\/p>\n<p>Les poteaux rev\u00eatus de sisal offrent un espace id\u00e9al pour faire ses griffes, assurant ainsi son bien-\u00eatre et pr\u00e9servant vos meubles. De plus, le coussin rembourr\u00e9 et amovible en mat\u00e9riau tiss\u00e9 ajoute une touche de douceur pour des moments de repos bien m\u00e9rit\u00e9s. Avec sa corde en sisal suppl\u00e9mentaire, cet arbre \u00e0 chat offre un espace de jeu interactif pour stimuler l&rsquo;activit\u00e9 physique de votre compagnon.<\/p>\n<p>Offrez-lui le confort et le divertissement qu&rsquo;il m\u00e9rite avec l&rsquo;Arbre \u00e0 chat mural Dolomit 2.0 Tofana !<\/p>\n","protected":false},"excerpt":{"rendered":"<p>\ud83d\udccfMontage peu encombrant, id\u00e9al pour les petits appartements ou pi\u00e8ces<\/p>\n<ul>\n<li>hamac : 35 x 33 cm<\/li>\n<li>deux surfaces de couchage : \u00f8 40 cm<\/li>\n<li>\u00f8 du tronc: 9 cm<\/li>\n<\/ul>\n<p>Votre chat adore sauter, grimper et escalader, n&rsquo;est-ce pas ? Notre arbre \u00e0 chat mural r\u00e9pondra \u00e0 tous ses d\u00e9sirs f\u00e9lins ! Installez le\u00a0en hauteur pour offrir \u00e0 votre compagnon une sensation de s\u00e9curit\u00e9 et de protection. Il pourra se reposer et dormir paisiblement, assouvissant ainsi tous ses besoins naturels.<\/p>\n","protected":false},"featured_media":39141,"template":"","meta":[],"product_brand":[],"product_cat":[108],"product_tag":[],"class_list":{"0":"post-37450","1":"product","2":"type-product","3":"status-publish","4":"has-post-thumbnail","6":"product_cat-arbre-a-chat-mural","7":"pa_couleurs-marron","8":"pa_couleurs-noir","10":"first","11":"instock","12":"shipping-taxable","13":"product-type-external"},"yoast_head":"<!-- This site is optimized with the Yoast SEO plugin v27.3 - https:\/\/yoast.com\/product\/yoast-seo-wordpress\/ -->\n<title>Arbre \u00e0 chat mural Dolomit 2.0 Tofana - Arboricat<\/title>\n<meta name=\"robots\" content=\"index, follow, max-snippet:-1, max-image-preview:large, max-video-preview:-1\" \/>\n<link rel=\"canonical\" href=\"https:\/\/arboricat.com\/fr\/produit\/arbre-a-chat-mural-dolomit-2-0-tofana\/\" \/>\n<meta property=\"og:locale\" content=\"fr_FR\" \/>\n<meta property=\"og:type\" content=\"article\" \/>\n<meta property=\"og:title\" content=\"Arbre \u00e0 chat mural Dolomit 2.0 Tofana - Arboricat\" \/>\n<meta property=\"og:description\" content=\"\ud83d\udccfMontage peu encombrant, id\u00e9al pour les petits appartements ou pi\u00e8ces   hamac : 35 x 33 cm  deux surfaces de couchage : \u00f8 40 cm  \u00f8 du tronc: 9 cm  Votre chat adore sauter, grimper et escalader, n&#039;est-ce pas ? Notre arbre \u00e0 chat mural r\u00e9pondra \u00e0 tous ses d\u00e9sirs f\u00e9lins ! Installez le\u00a0en hauteur pour offrir \u00e0 votre compagnon une sensation de s\u00e9curit\u00e9 et de protection. Il pourra se reposer et dormir paisiblement, assouvissant ainsi tous ses besoins naturels.\" \/>\n<meta property=\"og:url\" content=\"https:\/\/arboricat.com\/fr\/produit\/arbre-a-chat-mural-dolomit-2-0-tofana\/\" \/>\n<meta property=\"og:site_name\" content=\"Arboricat\" \/>\n<meta property=\"article:publisher\" content=\"https:\/\/www.facebook.com\/arboricat\" \/>\n<meta property=\"article:modified_time\" content=\"2025-07-31T13:47:19+00:00\" \/>\n<meta property=\"og:image\" content=\"https:\/\/arboricat.com\/wp-content\/uploads\/2024\/04\/Arbre-a-chat-mural-Dolomit-2.0-Tofana.png\" \/>\n\t<meta property=\"og:image:width\" content=\"1080\" \/>\n\t<meta property=\"og:image:height\" content=\"1080\" \/>\n\t<meta property=\"og:image:type\" content=\"image\/png\" \/>\n<meta name=\"twitter:card\" content=\"summary_large_image\" \/>\n<meta name=\"twitter:label1\" content=\"Dur\u00e9e de lecture estim\u00e9e\" \/>\n\t<meta name=\"twitter:data1\" content=\"1 minute\" \/>\n<script type=\"application\/ld+json\" class=\"yoast-schema-graph\">{\"@context\":\"https:\\\/\\\/schema.org\",\"@graph\":[{\"@type\":\"WebPage\",\"@id\":\"https:\\\/\\\/arboricat.com\\\/fr\\\/produit\\\/arbre-a-chat-mural-dolomit-2-0-tofana\\\/\",\"url\":\"https:\\\/\\\/arboricat.com\\\/fr\\\/produit\\\/arbre-a-chat-mural-dolomit-2-0-tofana\\\/\",\"name\":\"Arbre \u00e0 chat mural Dolomit 2.0 Tofana - Arboricat\",\"isPartOf\":{\"@id\":\"https:\\\/\\\/arboricat.com\\\/fr\\\/#website\"},\"primaryImageOfPage\":{\"@id\":\"https:\\\/\\\/arboricat.com\\\/fr\\\/produit\\\/arbre-a-chat-mural-dolomit-2-0-tofana\\\/#primaryimage\"},\"image\":{\"@id\":\"https:\\\/\\\/arboricat.com\\\/fr\\\/produit\\\/arbre-a-chat-mural-dolomit-2-0-tofana\\\/#primaryimage\"},\"thumbnailUrl\":\"https:\\\/\\\/arboricat.com\\\/wp-content\\\/uploads\\\/2024\\\/04\\\/Arbre-a-chat-mural-Dolomit-2.0-Tofana.png\",\"datePublished\":\"2024-04-25T07:24:55+00:00\",\"dateModified\":\"2025-07-31T13:47:19+00:00\",\"breadcrumb\":{\"@id\":\"https:\\\/\\\/arboricat.com\\\/fr\\\/produit\\\/arbre-a-chat-mural-dolomit-2-0-tofana\\\/#breadcrumb\"},\"inLanguage\":\"fr-FR\",\"potentialAction\":[{\"@type\":\"ReadAction\",\"target\":[\"https:\\\/\\\/arboricat.com\\\/fr\\\/produit\\\/arbre-a-chat-mural-dolomit-2-0-tofana\\\/\"]}]},{\"@type\":\"ImageObject\",\"inLanguage\":\"fr-FR\",\"@id\":\"https:\\\/\\\/arboricat.com\\\/fr\\\/produit\\\/arbre-a-chat-mural-dolomit-2-0-tofana\\\/#primaryimage\",\"url\":\"https:\\\/\\\/arboricat.com\\\/wp-content\\\/uploads\\\/2024\\\/04\\\/Arbre-a-chat-mural-Dolomit-2.0-Tofana.png\",\"contentUrl\":\"https:\\\/\\\/arboricat.com\\\/wp-content\\\/uploads\\\/2024\\\/04\\\/Arbre-a-chat-mural-Dolomit-2.0-Tofana.png\",\"width\":1080,\"height\":1080,\"caption\":\"Arbre \u00e0 chat mural Dolomit 2.0 Tofana\"},{\"@type\":\"BreadcrumbList\",\"@id\":\"https:\\\/\\\/arboricat.com\\\/fr\\\/produit\\\/arbre-a-chat-mural-dolomit-2-0-tofana\\\/#breadcrumb\",\"itemListElement\":[{\"@type\":\"ListItem\",\"position\":1,\"name\":\"Accueil\",\"item\":\"https:\\\/\\\/arboricat.com\\\/fr\\\/\"},{\"@type\":\"ListItem\",\"position\":2,\"name\":\"Boutique\",\"item\":\"https:\\\/\\\/arboricat.com\\\/fr\\\/boutique\\\/\"},{\"@type\":\"ListItem\",\"position\":3,\"name\":\"Arbre \u00e0 chat mural Dolomit 2.0 Tofana\"}]},{\"@type\":\"WebSite\",\"@id\":\"https:\\\/\\\/arboricat.com\\\/fr\\\/#website\",\"url\":\"https:\\\/\\\/arboricat.com\\\/fr\\\/\",\"name\":\"Arboricat\",\"description\":\"\",\"publisher\":{\"@id\":\"https:\\\/\\\/arboricat.com\\\/fr\\\/#organization\"},\"potentialAction\":[{\"@type\":\"SearchAction\",\"target\":{\"@type\":\"EntryPoint\",\"urlTemplate\":\"https:\\\/\\\/arboricat.com\\\/fr\\\/?s={search_term_string}\"},\"query-input\":{\"@type\":\"PropertyValueSpecification\",\"valueRequired\":true,\"valueName\":\"search_term_string\"}}],\"inLanguage\":\"fr-FR\"},{\"@type\":\"Organization\",\"@id\":\"https:\\\/\\\/arboricat.com\\\/fr\\\/#organization\",\"name\":\"Arboricat\",\"url\":\"https:\\\/\\\/arboricat.com\\\/fr\\\/\",\"logo\":{\"@type\":\"ImageObject\",\"inLanguage\":\"fr-FR\",\"@id\":\"https:\\\/\\\/arboricat.com\\\/fr\\\/#\\\/schema\\\/logo\\\/image\\\/\",\"url\":\"https:\\\/\\\/arboricat.com\\\/wp-content\\\/uploads\\\/2024\\\/07\\\/logo_696x696.png\",\"contentUrl\":\"https:\\\/\\\/arboricat.com\\\/wp-content\\\/uploads\\\/2024\\\/07\\\/logo_696x696.png\",\"width\":697,\"height\":697,\"caption\":\"Arboricat\"},\"image\":{\"@id\":\"https:\\\/\\\/arboricat.com\\\/fr\\\/#\\\/schema\\\/logo\\\/image\\\/\"},\"sameAs\":[\"https:\\\/\\\/www.facebook.com\\\/arboricat\",\"https:\\\/\\\/www.instagram.com\\\/arboricatdesign\\\/?hl=fra\"]}]}<\/script>\n<!-- \/ Yoast SEO plugin. -->","yoast_head_json":{"title":"Arbre \u00e0 chat mural Dolomit 2.0 Tofana - Arboricat","robots":{"index":"index","follow":"follow","max-snippet":"max-snippet:-1","max-image-preview":"max-image-preview:large","max-video-preview":"max-video-preview:-1"},"canonical":"https:\/\/arboricat.com\/fr\/produit\/arbre-a-chat-mural-dolomit-2-0-tofana\/","og_locale":"fr_FR","og_type":"article","og_title":"Arbre \u00e0 chat mural Dolomit 2.0 Tofana - Arboricat","og_description":"\ud83d\udccfMontage peu encombrant, id\u00e9al pour les petits appartements ou pi\u00e8ces   hamac : 35 x 33 cm  deux surfaces de couchage : \u00f8 40 cm  \u00f8 du tronc: 9 cm  Votre chat adore sauter, grimper et escalader, n'est-ce pas ? Notre arbre \u00e0 chat mural r\u00e9pondra \u00e0 tous ses d\u00e9sirs f\u00e9lins ! Installez le\u00a0en hauteur pour offrir \u00e0 votre compagnon une sensation de s\u00e9curit\u00e9 et de protection. Il pourra se reposer et dormir paisiblement, assouvissant ainsi tous ses besoins naturels.","og_url":"https:\/\/arboricat.com\/fr\/produit\/arbre-a-chat-mural-dolomit-2-0-tofana\/","og_site_name":"Arboricat","article_publisher":"https:\/\/www.facebook.com\/arboricat","article_modified_time":"2025-07-31T13:47:19+00:00","og_image":[{"width":1080,"height":1080,"url":"https:\/\/arboricat.com\/wp-content\/uploads\/2024\/04\/Arbre-a-chat-mural-Dolomit-2.0-Tofana.png","type":"image\/png"}],"twitter_card":"summary_large_image","twitter_misc":{"Dur\u00e9e de lecture estim\u00e9e":"1 minute"},"schema":{"@context":"https:\/\/schema.org","@graph":[{"@type":"WebPage","@id":"https:\/\/arboricat.com\/fr\/produit\/arbre-a-chat-mural-dolomit-2-0-tofana\/","url":"https:\/\/arboricat.com\/fr\/produit\/arbre-a-chat-mural-dolomit-2-0-tofana\/","name":"Arbre \u00e0 chat mural Dolomit 2.0 Tofana - Arboricat","isPartOf":{"@id":"https:\/\/arboricat.com\/fr\/#website"},"primaryImageOfPage":{"@id":"https:\/\/arboricat.com\/fr\/produit\/arbre-a-chat-mural-dolomit-2-0-tofana\/#primaryimage"},"image":{"@id":"https:\/\/arboricat.com\/fr\/produit\/arbre-a-chat-mural-dolomit-2-0-tofana\/#primaryimage"},"thumbnailUrl":"https:\/\/arboricat.com\/wp-content\/uploads\/2024\/04\/Arbre-a-chat-mural-Dolomit-2.0-Tofana.png","datePublished":"2024-04-25T07:24:55+00:00","dateModified":"2025-07-31T13:47:19+00:00","breadcrumb":{"@id":"https:\/\/arboricat.com\/fr\/produit\/arbre-a-chat-mural-dolomit-2-0-tofana\/#breadcrumb"},"inLanguage":"fr-FR","potentialAction":[{"@type":"ReadAction","target":["https:\/\/arboricat.com\/fr\/produit\/arbre-a-chat-mural-dolomit-2-0-tofana\/"]}]},{"@type":"ImageObject","inLanguage":"fr-FR","@id":"https:\/\/arboricat.com\/fr\/produit\/arbre-a-chat-mural-dolomit-2-0-tofana\/#primaryimage","url":"https:\/\/arboricat.com\/wp-content\/uploads\/2024\/04\/Arbre-a-chat-mural-Dolomit-2.0-Tofana.png","contentUrl":"https:\/\/arboricat.com\/wp-content\/uploads\/2024\/04\/Arbre-a-chat-mural-Dolomit-2.0-Tofana.png","width":1080,"height":1080,"caption":"Arbre \u00e0 chat mural Dolomit 2.0 Tofana"},{"@type":"BreadcrumbList","@id":"https:\/\/arboricat.com\/fr\/produit\/arbre-a-chat-mural-dolomit-2-0-tofana\/#breadcrumb","itemListElement":[{"@type":"ListItem","position":1,"name":"Accueil","item":"https:\/\/arboricat.com\/fr\/"},{"@type":"ListItem","position":2,"name":"Boutique","item":"https:\/\/arboricat.com\/fr\/boutique\/"},{"@type":"ListItem","position":3,"name":"Arbre \u00e0 chat mural Dolomit 2.0 Tofana"}]},{"@type":"WebSite","@id":"https:\/\/arboricat.com\/fr\/#website","url":"https:\/\/arboricat.com\/fr\/","name":"Arboricat","description":"","publisher":{"@id":"https:\/\/arboricat.com\/fr\/#organization"},"potentialAction":[{"@type":"SearchAction","target":{"@type":"EntryPoint","urlTemplate":"https:\/\/arboricat.com\/fr\/?s={search_term_string}"},"query-input":{"@type":"PropertyValueSpecification","valueRequired":true,"valueName":"search_term_string"}}],"inLanguage":"fr-FR"},{"@type":"Organization","@id":"https:\/\/arboricat.com\/fr\/#organization","name":"Arboricat","url":"https:\/\/arboricat.com\/fr\/","logo":{"@type":"ImageObject","inLanguage":"fr-FR","@id":"https:\/\/arboricat.com\/fr\/#\/schema\/logo\/image\/","url":"https:\/\/arboricat.com\/wp-content\/uploads\/2024\/07\/logo_696x696.png","contentUrl":"https:\/\/arboricat.com\/wp-content\/uploads\/2024\/07\/logo_696x696.png","width":697,"height":697,"caption":"Arboricat"},"image":{"@id":"https:\/\/arboricat.com\/fr\/#\/schema\/logo\/image\/"},"sameAs":["https:\/\/www.facebook.com\/arboricat","https:\/\/www.instagram.com\/arboricatdesign\/?hl=fra"]}]}},"_links":{"self":[{"href":"https:\/\/arboricat.com\/fr\/wp-json\/wp\/v2\/product\/37450","targetHints":{"allow":["GET"]}}],"collection":[{"href":"https:\/\/arboricat.com\/fr\/wp-json\/wp\/v2\/product"}],"about":[{"href":"https:\/\/arboricat.com\/fr\/wp-json\/wp\/v2\/types\/product"}],"version-history":[{"count":2,"href":"https:\/\/arboricat.com\/fr\/wp-json\/wp\/v2\/product\/37450\/revisions"}],"predecessor-version":[{"id":40770,"href":"https:\/\/arboricat.com\/fr\/wp-json\/wp\/v2\/product\/37450\/revisions\/40770"}],"wp:featuredmedia":[{"embeddable":true,"href":"https:\/\/arboricat.com\/fr\/wp-json\/wp\/v2\/media\/39141"}],"wp:attachment":[{"href":"https:\/\/arboricat.com\/fr\/wp-json\/wp\/v2\/media?parent=37450"}],"wp:term":[{"taxonomy":"product_brand","embeddable":true,"href":"https:\/\/arboricat.com\/fr\/wp-json\/wp\/v2\/product_brand?post=37450"},{"taxonomy":"product_cat","embeddable":true,"href":"https:\/\/arboricat.com\/fr\/wp-json\/wp\/v2\/product_cat?post=37450"},{"taxonomy":"product_tag","embeddable":true,"href":"https:\/\/arboricat.com\/fr\/wp-json\/wp\/v2\/product_tag?post=37450"}],"curies":[{"name":"wp","href":"https:\/\/api.w.org\/{rel}","templated":true}]}}