{"id":37468,"date":"2024-04-25T08:00:46","date_gmt":"2024-04-25T08:00:46","guid":{"rendered":"https:\/\/arboricat.com\/?post_type=product&#038;p=37468"},"modified":"2025-07-29T10:46:28","modified_gmt":"2025-07-29T10:46:28","slug":"hamac-mural-tofana","status":"publish","type":"product","link":"https:\/\/arboricat.com\/fr\/produit\/hamac-mural-tofana\/","title":{"rendered":"Hamac mural Tofana"},"content":{"rendered":"<p><b>Pourquoi offrir \u00e0 votre chat un hamac mural ?<\/b><\/p>\n<p>Con\u00e7u sp\u00e9cialement pour les petits appartements ou pi\u00e8ces, cet accessoire pour chat offre une solution \u00e9l\u00e9gante et peu encombrante pour r\u00e9pondre aux besoins de votre compagnon \u00e0 quatre pattes. Avec sa surface de couchage spacieuse, notre hamac mural offre \u00e0 votre chat un espace d\u00e9di\u00e9 o\u00f9 il pourra se reposer et se d\u00e9tendre en toute qui\u00e9tude.<\/p>\n<p>Facile \u00e0 installer et robuste dans sa construction, il constitue une addition parfaite \u00e0 votre int\u00e9rieur pour offrir \u00e0 votre chat un coin confortable o\u00f9 il pourra se pr\u00e9lasser en toute tranquillit\u00e9.<\/p>\n","protected":false},"excerpt":{"rendered":"<p>\ud83d\udc31 Parfait pour compl\u00e9ter votre arbre \u00e0 chat mural<\/p>\n<ul>\n<li>Un nouveau style de confort<\/li>\n<li>Facile \u00e0 nettoyer<\/li>\n<li>s\u00fbr et stable<\/li>\n<li>Installation simple et rapide<\/li>\n<\/ul>\n<p>Offrez \u00e0 votre f\u00e9lin l&rsquo;exp\u00e9rience ultime de d\u00e9tente avec notre hamac mural Tofana. Peu encombrant et facile \u00e0 installer, il offre \u00e0 votre chat un espace confortable pour se reposer et se d\u00e9tendre. Avec son design \u00e9l\u00e9gant et sa construction robuste, cet hamac est parfait pour les petits espaces afin de compl\u00e9ter votre arbre \u00e0 chat mural.<\/p>\n","protected":false},"featured_media":37507,"template":"","meta":[],"product_brand":[],"product_cat":[108],"product_tag":[],"class_list":{"0":"post-37468","1":"product","2":"type-product","3":"status-publish","4":"has-post-thumbnail","6":"product_cat-arbre-a-chat-mural","7":"pa_couleurs-marron","8":"pa_couleurs-noir","10":"first","11":"instock","12":"shipping-taxable","13":"product-type-external"},"yoast_head":"<!-- This site is optimized with the Yoast SEO plugin v27.4 - https:\/\/yoast.com\/product\/yoast-seo-wordpress\/ -->\n<title>Hamac mural Tofana - Arboricat<\/title>\n<meta name=\"robots\" content=\"index, follow, max-snippet:-1, max-image-preview:large, max-video-preview:-1\" \/>\n<link rel=\"canonical\" href=\"https:\/\/arboricat.com\/fr\/produit\/hamac-mural-tofana\/\" \/>\n<meta property=\"og:locale\" content=\"fr_FR\" \/>\n<meta property=\"og:type\" content=\"article\" \/>\n<meta property=\"og:title\" content=\"Hamac mural Tofana - Arboricat\" \/>\n<meta property=\"og:description\" content=\"\ud83d\udc31 Parfait pour compl\u00e9ter votre arbre \u00e0 chat mural   Un nouveau style de confort  Facile \u00e0 nettoyer  s\u00fbr et stable  Installation simple et rapide  Offrez \u00e0 votre f\u00e9lin l&#039;exp\u00e9rience ultime de d\u00e9tente avec notre hamac mural Tofana. Peu encombrant et facile \u00e0 installer, il offre \u00e0 votre chat un espace confortable pour se reposer et se d\u00e9tendre. Avec son design \u00e9l\u00e9gant et sa construction robuste, cet hamac est parfait pour les petits espaces afin de compl\u00e9ter votre arbre \u00e0 chat mural.\" \/>\n<meta property=\"og:url\" content=\"https:\/\/arboricat.com\/fr\/produit\/hamac-mural-tofana\/\" \/>\n<meta property=\"og:site_name\" content=\"Arboricat\" \/>\n<meta property=\"article:publisher\" content=\"https:\/\/www.facebook.com\/arboricat\" \/>\n<meta property=\"article:modified_time\" content=\"2025-07-29T10:46:28+00:00\" \/>\n<meta property=\"og:image\" content=\"https:\/\/arboricat.com\/wp-content\/uploads\/2024\/04\/Fichier-5.png\" \/>\n\t<meta property=\"og:image:width\" content=\"800\" \/>\n\t<meta property=\"og:image:height\" content=\"800\" \/>\n\t<meta property=\"og:image:type\" content=\"image\/png\" \/>\n<meta name=\"twitter:card\" content=\"summary_large_image\" \/>\n<meta name=\"twitter:label1\" content=\"Dur\u00e9e de lecture estim\u00e9e\" \/>\n\t<meta name=\"twitter:data1\" content=\"1 minute\" \/>\n<script type=\"application\/ld+json\" class=\"yoast-schema-graph\">{\"@context\":\"https:\\\/\\\/schema.org\",\"@graph\":[{\"@type\":\"WebPage\",\"@id\":\"https:\\\/\\\/arboricat.com\\\/fr\\\/produit\\\/hamac-mural-tofana\\\/\",\"url\":\"https:\\\/\\\/arboricat.com\\\/fr\\\/produit\\\/hamac-mural-tofana\\\/\",\"name\":\"Hamac mural Tofana - Arboricat\",\"isPartOf\":{\"@id\":\"https:\\\/\\\/arboricat.com\\\/fr\\\/#website\"},\"primaryImageOfPage\":{\"@id\":\"https:\\\/\\\/arboricat.com\\\/fr\\\/produit\\\/hamac-mural-tofana\\\/#primaryimage\"},\"image\":{\"@id\":\"https:\\\/\\\/arboricat.com\\\/fr\\\/produit\\\/hamac-mural-tofana\\\/#primaryimage\"},\"thumbnailUrl\":\"https:\\\/\\\/arboricat.com\\\/wp-content\\\/uploads\\\/2024\\\/04\\\/Fichier-5.png\",\"datePublished\":\"2024-04-25T08:00:46+00:00\",\"dateModified\":\"2025-07-29T10:46:28+00:00\",\"breadcrumb\":{\"@id\":\"https:\\\/\\\/arboricat.com\\\/fr\\\/produit\\\/hamac-mural-tofana\\\/#breadcrumb\"},\"inLanguage\":\"fr-FR\",\"potentialAction\":[{\"@type\":\"ReadAction\",\"target\":[\"https:\\\/\\\/arboricat.com\\\/fr\\\/produit\\\/hamac-mural-tofana\\\/\"]}]},{\"@type\":\"ImageObject\",\"inLanguage\":\"fr-FR\",\"@id\":\"https:\\\/\\\/arboricat.com\\\/fr\\\/produit\\\/hamac-mural-tofana\\\/#primaryimage\",\"url\":\"https:\\\/\\\/arboricat.com\\\/wp-content\\\/uploads\\\/2024\\\/04\\\/Fichier-5.png\",\"contentUrl\":\"https:\\\/\\\/arboricat.com\\\/wp-content\\\/uploads\\\/2024\\\/04\\\/Fichier-5.png\",\"width\":800,\"height\":800},{\"@type\":\"BreadcrumbList\",\"@id\":\"https:\\\/\\\/arboricat.com\\\/fr\\\/produit\\\/hamac-mural-tofana\\\/#breadcrumb\",\"itemListElement\":[{\"@type\":\"ListItem\",\"position\":1,\"name\":\"Accueil\",\"item\":\"https:\\\/\\\/arboricat.com\\\/fr\\\/\"},{\"@type\":\"ListItem\",\"position\":2,\"name\":\"Boutique\",\"item\":\"https:\\\/\\\/arboricat.com\\\/fr\\\/boutique\\\/\"},{\"@type\":\"ListItem\",\"position\":3,\"name\":\"Hamac mural Tofana\"}]},{\"@type\":\"WebSite\",\"@id\":\"https:\\\/\\\/arboricat.com\\\/fr\\\/#website\",\"url\":\"https:\\\/\\\/arboricat.com\\\/fr\\\/\",\"name\":\"Arboricat\",\"description\":\"\",\"publisher\":{\"@id\":\"https:\\\/\\\/arboricat.com\\\/fr\\\/#organization\"},\"potentialAction\":[{\"@type\":\"SearchAction\",\"target\":{\"@type\":\"EntryPoint\",\"urlTemplate\":\"https:\\\/\\\/arboricat.com\\\/fr\\\/?s={search_term_string}\"},\"query-input\":{\"@type\":\"PropertyValueSpecification\",\"valueRequired\":true,\"valueName\":\"search_term_string\"}}],\"inLanguage\":\"fr-FR\"},{\"@type\":\"Organization\",\"@id\":\"https:\\\/\\\/arboricat.com\\\/fr\\\/#organization\",\"name\":\"Arboricat\",\"url\":\"https:\\\/\\\/arboricat.com\\\/fr\\\/\",\"logo\":{\"@type\":\"ImageObject\",\"inLanguage\":\"fr-FR\",\"@id\":\"https:\\\/\\\/arboricat.com\\\/fr\\\/#\\\/schema\\\/logo\\\/image\\\/\",\"url\":\"https:\\\/\\\/arboricat.com\\\/wp-content\\\/uploads\\\/2024\\\/07\\\/logo_696x696.png\",\"contentUrl\":\"https:\\\/\\\/arboricat.com\\\/wp-content\\\/uploads\\\/2024\\\/07\\\/logo_696x696.png\",\"width\":697,\"height\":697,\"caption\":\"Arboricat\"},\"image\":{\"@id\":\"https:\\\/\\\/arboricat.com\\\/fr\\\/#\\\/schema\\\/logo\\\/image\\\/\"},\"sameAs\":[\"https:\\\/\\\/www.facebook.com\\\/arboricat\",\"https:\\\/\\\/www.instagram.com\\\/arboricatdesign\\\/?hl=fra\"]}]}<\/script>\n<!-- \/ Yoast SEO plugin. -->","yoast_head_json":{"title":"Hamac mural Tofana - Arboricat","robots":{"index":"index","follow":"follow","max-snippet":"max-snippet:-1","max-image-preview":"max-image-preview:large","max-video-preview":"max-video-preview:-1"},"canonical":"https:\/\/arboricat.com\/fr\/produit\/hamac-mural-tofana\/","og_locale":"fr_FR","og_type":"article","og_title":"Hamac mural Tofana - Arboricat","og_description":"\ud83d\udc31 Parfait pour compl\u00e9ter votre arbre \u00e0 chat mural   Un nouveau style de confort  Facile \u00e0 nettoyer  s\u00fbr et stable  Installation simple et rapide  Offrez \u00e0 votre f\u00e9lin l'exp\u00e9rience ultime de d\u00e9tente avec notre hamac mural Tofana. Peu encombrant et facile \u00e0 installer, il offre \u00e0 votre chat un espace confortable pour se reposer et se d\u00e9tendre. Avec son design \u00e9l\u00e9gant et sa construction robuste, cet hamac est parfait pour les petits espaces afin de compl\u00e9ter votre arbre \u00e0 chat mural.","og_url":"https:\/\/arboricat.com\/fr\/produit\/hamac-mural-tofana\/","og_site_name":"Arboricat","article_publisher":"https:\/\/www.facebook.com\/arboricat","article_modified_time":"2025-07-29T10:46:28+00:00","og_image":[{"width":800,"height":800,"url":"https:\/\/arboricat.com\/wp-content\/uploads\/2024\/04\/Fichier-5.png","type":"image\/png"}],"twitter_card":"summary_large_image","twitter_misc":{"Dur\u00e9e de lecture estim\u00e9e":"1 minute"},"schema":{"@context":"https:\/\/schema.org","@graph":[{"@type":"WebPage","@id":"https:\/\/arboricat.com\/fr\/produit\/hamac-mural-tofana\/","url":"https:\/\/arboricat.com\/fr\/produit\/hamac-mural-tofana\/","name":"Hamac mural Tofana - Arboricat","isPartOf":{"@id":"https:\/\/arboricat.com\/fr\/#website"},"primaryImageOfPage":{"@id":"https:\/\/arboricat.com\/fr\/produit\/hamac-mural-tofana\/#primaryimage"},"image":{"@id":"https:\/\/arboricat.com\/fr\/produit\/hamac-mural-tofana\/#primaryimage"},"thumbnailUrl":"https:\/\/arboricat.com\/wp-content\/uploads\/2024\/04\/Fichier-5.png","datePublished":"2024-04-25T08:00:46+00:00","dateModified":"2025-07-29T10:46:28+00:00","breadcrumb":{"@id":"https:\/\/arboricat.com\/fr\/produit\/hamac-mural-tofana\/#breadcrumb"},"inLanguage":"fr-FR","potentialAction":[{"@type":"ReadAction","target":["https:\/\/arboricat.com\/fr\/produit\/hamac-mural-tofana\/"]}]},{"@type":"ImageObject","inLanguage":"fr-FR","@id":"https:\/\/arboricat.com\/fr\/produit\/hamac-mural-tofana\/#primaryimage","url":"https:\/\/arboricat.com\/wp-content\/uploads\/2024\/04\/Fichier-5.png","contentUrl":"https:\/\/arboricat.com\/wp-content\/uploads\/2024\/04\/Fichier-5.png","width":800,"height":800},{"@type":"BreadcrumbList","@id":"https:\/\/arboricat.com\/fr\/produit\/hamac-mural-tofana\/#breadcrumb","itemListElement":[{"@type":"ListItem","position":1,"name":"Accueil","item":"https:\/\/arboricat.com\/fr\/"},{"@type":"ListItem","position":2,"name":"Boutique","item":"https:\/\/arboricat.com\/fr\/boutique\/"},{"@type":"ListItem","position":3,"name":"Hamac mural Tofana"}]},{"@type":"WebSite","@id":"https:\/\/arboricat.com\/fr\/#website","url":"https:\/\/arboricat.com\/fr\/","name":"Arboricat","description":"","publisher":{"@id":"https:\/\/arboricat.com\/fr\/#organization"},"potentialAction":[{"@type":"SearchAction","target":{"@type":"EntryPoint","urlTemplate":"https:\/\/arboricat.com\/fr\/?s={search_term_string}"},"query-input":{"@type":"PropertyValueSpecification","valueRequired":true,"valueName":"search_term_string"}}],"inLanguage":"fr-FR"},{"@type":"Organization","@id":"https:\/\/arboricat.com\/fr\/#organization","name":"Arboricat","url":"https:\/\/arboricat.com\/fr\/","logo":{"@type":"ImageObject","inLanguage":"fr-FR","@id":"https:\/\/arboricat.com\/fr\/#\/schema\/logo\/image\/","url":"https:\/\/arboricat.com\/wp-content\/uploads\/2024\/07\/logo_696x696.png","contentUrl":"https:\/\/arboricat.com\/wp-content\/uploads\/2024\/07\/logo_696x696.png","width":697,"height":697,"caption":"Arboricat"},"image":{"@id":"https:\/\/arboricat.com\/fr\/#\/schema\/logo\/image\/"},"sameAs":["https:\/\/www.facebook.com\/arboricat","https:\/\/www.instagram.com\/arboricatdesign\/?hl=fra"]}]}},"_links":{"self":[{"href":"https:\/\/arboricat.com\/fr\/wp-json\/wp\/v2\/product\/37468","targetHints":{"allow":["GET"]}}],"collection":[{"href":"https:\/\/arboricat.com\/fr\/wp-json\/wp\/v2\/product"}],"about":[{"href":"https:\/\/arboricat.com\/fr\/wp-json\/wp\/v2\/types\/product"}],"version-history":[{"count":1,"href":"https:\/\/arboricat.com\/fr\/wp-json\/wp\/v2\/product\/37468\/revisions"}],"predecessor-version":[{"id":40762,"href":"https:\/\/arboricat.com\/fr\/wp-json\/wp\/v2\/product\/37468\/revisions\/40762"}],"wp:featuredmedia":[{"embeddable":true,"href":"https:\/\/arboricat.com\/fr\/wp-json\/wp\/v2\/media\/37507"}],"wp:attachment":[{"href":"https:\/\/arboricat.com\/fr\/wp-json\/wp\/v2\/media?parent=37468"}],"wp:term":[{"taxonomy":"product_brand","embeddable":true,"href":"https:\/\/arboricat.com\/fr\/wp-json\/wp\/v2\/product_brand?post=37468"},{"taxonomy":"product_cat","embeddable":true,"href":"https:\/\/arboricat.com\/fr\/wp-json\/wp\/v2\/product_cat?post=37468"},{"taxonomy":"product_tag","embeddable":true,"href":"https:\/\/arboricat.com\/fr\/wp-json\/wp\/v2\/product_tag?post=37468"}],"curies":[{"name":"wp","href":"https:\/\/api.w.org\/{rel}","templated":true}]}}