{"id":37478,"date":"2024-04-25T08:34:08","date_gmt":"2024-04-25T08:34:08","guid":{"rendered":"https:\/\/arboricat.com\/?post_type=product&#038;p=37478"},"modified":"2025-03-08T13:11:13","modified_gmt":"2025-03-08T13:11:13","slug":"espace-de-jeu-pour-chats-top","status":"publish","type":"product","link":"https:\/\/arboricat.com\/fr\/produit\/espace-de-jeu-pour-chats-top\/","title":{"rendered":"Espace de jeu pour chats Top"},"content":{"rendered":"<p><b>Offrez \u00e0 votre chat un v\u00e9ritable espace de d\u00e9tente.<\/b><\/p>\n<p>D\u00e9couvrez notre ensemble d&rsquo;accessoires pour chat, compos\u00e9 de cinq pi\u00e8ces soigneusement s\u00e9lectionn\u00e9es pour offrir \u00e0 votre compagnon f\u00e9lin un espace de jeu, de d\u00e9tente et de repos. Avec ses deux planches, son igloo douillet, son pont suspendu, sa surface de couchage et son coussin amovible, cet ensemble offre une vari\u00e9t\u00e9 d&rsquo;activit\u00e9s pour r\u00e9pondre aux besoins de votre chat.<\/p>\n<p>L&rsquo;igloo spacieux et le pont suspendu recouvert de sisal offrent des espaces de jeu stimulants, tandis que la surface de couchage confortable avec ses colonnes assure un repos bien m\u00e9rit\u00e9. Cet ensemble est livr\u00e9 sans mat\u00e9riel de fixation, veuillez donc utiliser des fixations adapt\u00e9es \u00e0 votre mur et \u00e0 votre plafond pour garantir la s\u00e9curit\u00e9 de votre animal. Offrez \u00e0 votre compagnon f\u00e9lin un environnement enrichissant et confortable avec notre ensemble pour chat en cinq pi\u00e8ces.<\/p>\n","protected":false},"excerpt":{"rendered":"<p>\ud83d\ude9a Livraison gratuite<\/p>\n<p>\u23f3 Temps de livraison estim\u00e9 : 1-3j<\/p>\n<ul>\n<li>5 pi\u00e8ces<\/li>\n<li class=\"smlP\">2 planches\u00a0: 15\u00a0x 22\u00a0cm<\/li>\n<li class=\"smlP\">igloo avec coussin int\u00e9rieur\u00a0: 50\u00a0x\u00a038\u00a0x\u00a030 cm<\/li>\n<li class=\"smlP\">pont suspendu rev\u00eatu de sisal\u00a0: 85\u00a0x 20\u00a0cm<\/li>\n<li class=\"smlP\">surface de couchage avec colonnes et coussin amovible\u00a0: 40\u00a0x\u00a040\u00a0x\u00a033 cm<\/li>\n<\/ul>\n<p>D\u00e9couvrez notre ensemble pour chat en 5 pi\u00e8ces, comprenant un igloo douillet, un pont suspendu, une surface de couchage confortable et bien plus encore. Parfait pour offrir \u00e0 votre f\u00e9lin un espace ludique et confortable pour jouer, grimper et se reposer. Ce produit est livr\u00e9 sans attache de fixation. Veuillez utiliser le mat\u00e9riel de fixation adapt\u00e9 aux propri\u00e9t\u00e9s du mur et du plafond, et v\u00e9rifiez r\u00e9guli\u00e8rement que les pi\u00e8ces sont bien fix\u00e9es !<\/p>\n<div class=\"flex-1 overflow-hidden\">\n<div class=\"react-scroll-to-bottom--css-bicrp-79elbk h-full\">\n<div class=\"react-scroll-to-bottom--css-bicrp-1n7m0yu\">\n<div class=\"flex flex-col text-sm pb-9\">\n<div class=\"w-full text-token-text-primary\" dir=\"auto\" data-testid=\"conversation-turn-405\">\n<div class=\"px-4 py-2 justify-center text-base md:gap-6 m-auto\">\n<div class=\"flex flex-1 text-base mx-auto gap-3 juice:gap-4 juice:md:gap-6 md:px-5 lg:px-1 xl:px-5 md:max-w-3xl lg:max-w-[40rem] xl:max-w-[48rem]\">\n<div class=\"relative flex w-full min-w-0 flex-col agent-turn\">\n<div class=\"flex-col gap-1 md:gap-3\">\n<div class=\"flex flex-grow flex-col max-w-full\">\n<div class=\"min-h-[20px] text-message flex flex-col items-start gap-3 whitespace-pre-wrap break-words [.text-message+&amp;]:mt-5 overflow-x-auto\" dir=\"auto\" data-message-author-role=\"assistant\" data-message-id=\"def186ec-b5f4-44cc-81a5-82d66b661e87\"><\/div>\n<\/div>\n<\/div>\n<\/div>\n<\/div>\n<\/div>\n<\/div>\n<\/div>\n<\/div>\n<\/div>\n<\/div>\n","protected":false},"featured_media":37505,"template":"","meta":[],"product_brand":[],"product_cat":[108],"product_tag":[],"class_list":{"0":"post-37478","1":"product","2":"type-product","3":"status-publish","4":"has-post-thumbnail","6":"product_cat-arbre-a-chat-mural","7":"pa_couleurs-marron","8":"pa_couleurs-noir","10":"first","11":"outofstock","12":"shipping-taxable","13":"purchasable","14":"product-type-simple"},"yoast_head":"<!-- This site is optimized with the Yoast SEO plugin v27.3 - https:\/\/yoast.com\/product\/yoast-seo-wordpress\/ -->\n<title>Espace de jeu pour chats Top - Arboricat<\/title>\n<meta name=\"robots\" content=\"index, follow, max-snippet:-1, max-image-preview:large, max-video-preview:-1\" \/>\n<link rel=\"canonical\" href=\"https:\/\/arboricat.com\/fr\/produit\/espace-de-jeu-pour-chats-top\/\" \/>\n<meta property=\"og:locale\" content=\"fr_FR\" \/>\n<meta property=\"og:type\" content=\"article\" \/>\n<meta property=\"og:title\" content=\"Espace de jeu pour chats Top - Arboricat\" \/>\n<meta property=\"og:description\" content=\"\ud83d\ude9a Livraison gratuite  \u23f3 Temps de livraison estim\u00e9 : 1-3j   5 pi\u00e8ces  2 planches\u00a0: 15\u00a0x 22\u00a0cm  igloo avec coussin int\u00e9rieur\u00a0: 50\u00a0x\u00a038\u00a0x\u00a030 cm  pont suspendu rev\u00eatu de sisal\u00a0: 85\u00a0x 20\u00a0cm  surface de couchage avec colonnes et coussin amovible\u00a0: 40\u00a0x\u00a040\u00a0x\u00a033 cm  D\u00e9couvrez notre ensemble pour chat en 5 pi\u00e8ces, comprenant un igloo douillet, un pont suspendu, une surface de couchage confortable et bien plus encore. Parfait pour offrir \u00e0 votre f\u00e9lin un espace ludique et confortable pour jouer, grimper et se reposer. Ce produit est livr\u00e9 sans attache de fixation. Veuillez utiliser le mat\u00e9riel de fixation adapt\u00e9 aux propri\u00e9t\u00e9s du mur et du plafond, et v\u00e9rifiez r\u00e9guli\u00e8rement que les pi\u00e8ces sont bien fix\u00e9es !\" \/>\n<meta property=\"og:url\" content=\"https:\/\/arboricat.com\/fr\/produit\/espace-de-jeu-pour-chats-top\/\" \/>\n<meta property=\"og:site_name\" content=\"Arboricat\" \/>\n<meta property=\"article:publisher\" content=\"https:\/\/www.facebook.com\/arboricat\" \/>\n<meta property=\"article:modified_time\" content=\"2025-03-08T13:11:13+00:00\" \/>\n<meta property=\"og:image\" content=\"https:\/\/arboricat.com\/wp-content\/uploads\/2024\/04\/Fichier-6.png\" \/>\n\t<meta property=\"og:image:width\" content=\"800\" \/>\n\t<meta property=\"og:image:height\" content=\"800\" \/>\n\t<meta property=\"og:image:type\" content=\"image\/png\" \/>\n<meta name=\"twitter:card\" content=\"summary_large_image\" \/>\n<meta name=\"twitter:label1\" content=\"Dur\u00e9e de lecture estim\u00e9e\" \/>\n\t<meta name=\"twitter:data1\" content=\"1 minute\" \/>\n<script type=\"application\/ld+json\" class=\"yoast-schema-graph\">{\"@context\":\"https:\\\/\\\/schema.org\",\"@graph\":[{\"@type\":\"WebPage\",\"@id\":\"https:\\\/\\\/arboricat.com\\\/fr\\\/produit\\\/espace-de-jeu-pour-chats-top\\\/\",\"url\":\"https:\\\/\\\/arboricat.com\\\/fr\\\/produit\\\/espace-de-jeu-pour-chats-top\\\/\",\"name\":\"Espace de jeu pour chats Top - Arboricat\",\"isPartOf\":{\"@id\":\"https:\\\/\\\/arboricat.com\\\/fr\\\/#website\"},\"primaryImageOfPage\":{\"@id\":\"https:\\\/\\\/arboricat.com\\\/fr\\\/produit\\\/espace-de-jeu-pour-chats-top\\\/#primaryimage\"},\"image\":{\"@id\":\"https:\\\/\\\/arboricat.com\\\/fr\\\/produit\\\/espace-de-jeu-pour-chats-top\\\/#primaryimage\"},\"thumbnailUrl\":\"https:\\\/\\\/arboricat.com\\\/wp-content\\\/uploads\\\/2024\\\/04\\\/Fichier-6.png\",\"datePublished\":\"2024-04-25T08:34:08+00:00\",\"dateModified\":\"2025-03-08T13:11:13+00:00\",\"breadcrumb\":{\"@id\":\"https:\\\/\\\/arboricat.com\\\/fr\\\/produit\\\/espace-de-jeu-pour-chats-top\\\/#breadcrumb\"},\"inLanguage\":\"fr-FR\",\"potentialAction\":[{\"@type\":\"ReadAction\",\"target\":[\"https:\\\/\\\/arboricat.com\\\/fr\\\/produit\\\/espace-de-jeu-pour-chats-top\\\/\"]}]},{\"@type\":\"ImageObject\",\"inLanguage\":\"fr-FR\",\"@id\":\"https:\\\/\\\/arboricat.com\\\/fr\\\/produit\\\/espace-de-jeu-pour-chats-top\\\/#primaryimage\",\"url\":\"https:\\\/\\\/arboricat.com\\\/wp-content\\\/uploads\\\/2024\\\/04\\\/Fichier-6.png\",\"contentUrl\":\"https:\\\/\\\/arboricat.com\\\/wp-content\\\/uploads\\\/2024\\\/04\\\/Fichier-6.png\",\"width\":800,\"height\":800},{\"@type\":\"BreadcrumbList\",\"@id\":\"https:\\\/\\\/arboricat.com\\\/fr\\\/produit\\\/espace-de-jeu-pour-chats-top\\\/#breadcrumb\",\"itemListElement\":[{\"@type\":\"ListItem\",\"position\":1,\"name\":\"Accueil\",\"item\":\"https:\\\/\\\/arboricat.com\\\/fr\\\/\"},{\"@type\":\"ListItem\",\"position\":2,\"name\":\"Boutique\",\"item\":\"https:\\\/\\\/arboricat.com\\\/fr\\\/boutique\\\/\"},{\"@type\":\"ListItem\",\"position\":3,\"name\":\"Espace de jeu pour chats Top\"}]},{\"@type\":\"WebSite\",\"@id\":\"https:\\\/\\\/arboricat.com\\\/fr\\\/#website\",\"url\":\"https:\\\/\\\/arboricat.com\\\/fr\\\/\",\"name\":\"Arboricat\",\"description\":\"\",\"publisher\":{\"@id\":\"https:\\\/\\\/arboricat.com\\\/fr\\\/#organization\"},\"potentialAction\":[{\"@type\":\"SearchAction\",\"target\":{\"@type\":\"EntryPoint\",\"urlTemplate\":\"https:\\\/\\\/arboricat.com\\\/fr\\\/?s={search_term_string}\"},\"query-input\":{\"@type\":\"PropertyValueSpecification\",\"valueRequired\":true,\"valueName\":\"search_term_string\"}}],\"inLanguage\":\"fr-FR\"},{\"@type\":\"Organization\",\"@id\":\"https:\\\/\\\/arboricat.com\\\/fr\\\/#organization\",\"name\":\"Arboricat\",\"url\":\"https:\\\/\\\/arboricat.com\\\/fr\\\/\",\"logo\":{\"@type\":\"ImageObject\",\"inLanguage\":\"fr-FR\",\"@id\":\"https:\\\/\\\/arboricat.com\\\/fr\\\/#\\\/schema\\\/logo\\\/image\\\/\",\"url\":\"https:\\\/\\\/arboricat.com\\\/wp-content\\\/uploads\\\/2024\\\/07\\\/logo_696x696.png\",\"contentUrl\":\"https:\\\/\\\/arboricat.com\\\/wp-content\\\/uploads\\\/2024\\\/07\\\/logo_696x696.png\",\"width\":697,\"height\":697,\"caption\":\"Arboricat\"},\"image\":{\"@id\":\"https:\\\/\\\/arboricat.com\\\/fr\\\/#\\\/schema\\\/logo\\\/image\\\/\"},\"sameAs\":[\"https:\\\/\\\/www.facebook.com\\\/arboricat\",\"https:\\\/\\\/www.instagram.com\\\/arboricatdesign\\\/?hl=fra\"]}]}<\/script>\n<!-- \/ Yoast SEO plugin. -->","yoast_head_json":{"title":"Espace de jeu pour chats Top - Arboricat","robots":{"index":"index","follow":"follow","max-snippet":"max-snippet:-1","max-image-preview":"max-image-preview:large","max-video-preview":"max-video-preview:-1"},"canonical":"https:\/\/arboricat.com\/fr\/produit\/espace-de-jeu-pour-chats-top\/","og_locale":"fr_FR","og_type":"article","og_title":"Espace de jeu pour chats Top - Arboricat","og_description":"\ud83d\ude9a Livraison gratuite  \u23f3 Temps de livraison estim\u00e9 : 1-3j   5 pi\u00e8ces  2 planches\u00a0: 15\u00a0x 22\u00a0cm  igloo avec coussin int\u00e9rieur\u00a0: 50\u00a0x\u00a038\u00a0x\u00a030 cm  pont suspendu rev\u00eatu de sisal\u00a0: 85\u00a0x 20\u00a0cm  surface de couchage avec colonnes et coussin amovible\u00a0: 40\u00a0x\u00a040\u00a0x\u00a033 cm  D\u00e9couvrez notre ensemble pour chat en 5 pi\u00e8ces, comprenant un igloo douillet, un pont suspendu, une surface de couchage confortable et bien plus encore. Parfait pour offrir \u00e0 votre f\u00e9lin un espace ludique et confortable pour jouer, grimper et se reposer. Ce produit est livr\u00e9 sans attache de fixation. Veuillez utiliser le mat\u00e9riel de fixation adapt\u00e9 aux propri\u00e9t\u00e9s du mur et du plafond, et v\u00e9rifiez r\u00e9guli\u00e8rement que les pi\u00e8ces sont bien fix\u00e9es !","og_url":"https:\/\/arboricat.com\/fr\/produit\/espace-de-jeu-pour-chats-top\/","og_site_name":"Arboricat","article_publisher":"https:\/\/www.facebook.com\/arboricat","article_modified_time":"2025-03-08T13:11:13+00:00","og_image":[{"width":800,"height":800,"url":"https:\/\/arboricat.com\/wp-content\/uploads\/2024\/04\/Fichier-6.png","type":"image\/png"}],"twitter_card":"summary_large_image","twitter_misc":{"Dur\u00e9e de lecture estim\u00e9e":"1 minute"},"schema":{"@context":"https:\/\/schema.org","@graph":[{"@type":"WebPage","@id":"https:\/\/arboricat.com\/fr\/produit\/espace-de-jeu-pour-chats-top\/","url":"https:\/\/arboricat.com\/fr\/produit\/espace-de-jeu-pour-chats-top\/","name":"Espace de jeu pour chats Top - Arboricat","isPartOf":{"@id":"https:\/\/arboricat.com\/fr\/#website"},"primaryImageOfPage":{"@id":"https:\/\/arboricat.com\/fr\/produit\/espace-de-jeu-pour-chats-top\/#primaryimage"},"image":{"@id":"https:\/\/arboricat.com\/fr\/produit\/espace-de-jeu-pour-chats-top\/#primaryimage"},"thumbnailUrl":"https:\/\/arboricat.com\/wp-content\/uploads\/2024\/04\/Fichier-6.png","datePublished":"2024-04-25T08:34:08+00:00","dateModified":"2025-03-08T13:11:13+00:00","breadcrumb":{"@id":"https:\/\/arboricat.com\/fr\/produit\/espace-de-jeu-pour-chats-top\/#breadcrumb"},"inLanguage":"fr-FR","potentialAction":[{"@type":"ReadAction","target":["https:\/\/arboricat.com\/fr\/produit\/espace-de-jeu-pour-chats-top\/"]}]},{"@type":"ImageObject","inLanguage":"fr-FR","@id":"https:\/\/arboricat.com\/fr\/produit\/espace-de-jeu-pour-chats-top\/#primaryimage","url":"https:\/\/arboricat.com\/wp-content\/uploads\/2024\/04\/Fichier-6.png","contentUrl":"https:\/\/arboricat.com\/wp-content\/uploads\/2024\/04\/Fichier-6.png","width":800,"height":800},{"@type":"BreadcrumbList","@id":"https:\/\/arboricat.com\/fr\/produit\/espace-de-jeu-pour-chats-top\/#breadcrumb","itemListElement":[{"@type":"ListItem","position":1,"name":"Accueil","item":"https:\/\/arboricat.com\/fr\/"},{"@type":"ListItem","position":2,"name":"Boutique","item":"https:\/\/arboricat.com\/fr\/boutique\/"},{"@type":"ListItem","position":3,"name":"Espace de jeu pour chats Top"}]},{"@type":"WebSite","@id":"https:\/\/arboricat.com\/fr\/#website","url":"https:\/\/arboricat.com\/fr\/","name":"Arboricat","description":"","publisher":{"@id":"https:\/\/arboricat.com\/fr\/#organization"},"potentialAction":[{"@type":"SearchAction","target":{"@type":"EntryPoint","urlTemplate":"https:\/\/arboricat.com\/fr\/?s={search_term_string}"},"query-input":{"@type":"PropertyValueSpecification","valueRequired":true,"valueName":"search_term_string"}}],"inLanguage":"fr-FR"},{"@type":"Organization","@id":"https:\/\/arboricat.com\/fr\/#organization","name":"Arboricat","url":"https:\/\/arboricat.com\/fr\/","logo":{"@type":"ImageObject","inLanguage":"fr-FR","@id":"https:\/\/arboricat.com\/fr\/#\/schema\/logo\/image\/","url":"https:\/\/arboricat.com\/wp-content\/uploads\/2024\/07\/logo_696x696.png","contentUrl":"https:\/\/arboricat.com\/wp-content\/uploads\/2024\/07\/logo_696x696.png","width":697,"height":697,"caption":"Arboricat"},"image":{"@id":"https:\/\/arboricat.com\/fr\/#\/schema\/logo\/image\/"},"sameAs":["https:\/\/www.facebook.com\/arboricat","https:\/\/www.instagram.com\/arboricatdesign\/?hl=fra"]}]}},"_links":{"self":[{"href":"https:\/\/arboricat.com\/fr\/wp-json\/wp\/v2\/product\/37478","targetHints":{"allow":["GET"]}}],"collection":[{"href":"https:\/\/arboricat.com\/fr\/wp-json\/wp\/v2\/product"}],"about":[{"href":"https:\/\/arboricat.com\/fr\/wp-json\/wp\/v2\/types\/product"}],"version-history":[{"count":1,"href":"https:\/\/arboricat.com\/fr\/wp-json\/wp\/v2\/product\/37478\/revisions"}],"predecessor-version":[{"id":40671,"href":"https:\/\/arboricat.com\/fr\/wp-json\/wp\/v2\/product\/37478\/revisions\/40671"}],"wp:featuredmedia":[{"embeddable":true,"href":"https:\/\/arboricat.com\/fr\/wp-json\/wp\/v2\/media\/37505"}],"wp:attachment":[{"href":"https:\/\/arboricat.com\/fr\/wp-json\/wp\/v2\/media?parent=37478"}],"wp:term":[{"taxonomy":"product_brand","embeddable":true,"href":"https:\/\/arboricat.com\/fr\/wp-json\/wp\/v2\/product_brand?post=37478"},{"taxonomy":"product_cat","embeddable":true,"href":"https:\/\/arboricat.com\/fr\/wp-json\/wp\/v2\/product_cat?post=37478"},{"taxonomy":"product_tag","embeddable":true,"href":"https:\/\/arboricat.com\/fr\/wp-json\/wp\/v2\/product_tag?post=37478"}],"curies":[{"name":"wp","href":"https:\/\/api.w.org\/{rel}","templated":true}]}}