{"id":37789,"date":"2024-07-19T09:23:14","date_gmt":"2024-07-19T09:23:14","guid":{"rendered":"https:\/\/arboricat.com\/?post_type=product&#038;p=37789"},"modified":"2025-06-18T15:53:59","modified_gmt":"2025-06-18T15:53:59","slug":"lit-pour-radiateur-sunrise","status":"publish","type":"product","link":"https:\/\/arboricat.com\/fr\/produit\/lit-pour-radiateur-sunrise\/","title":{"rendered":"Lit pour radiateur Sunrise"},"content":{"rendered":"<p>Les chats aiment s\u2019asseoir au chaud et souvent en hauteur. Ce panier de radiateur est donc id\u00e9al. Il se compose de corde en papier extr\u00eamement r\u00e9sistante et son coussin doux invite au repos. Les crochets permettent de faire pendre le panier \u00e0 tous les types de chauffage jusqu\u2019\u00e0 une profondeur de 15\u00a0cm maximum.<\/p>\n","protected":false},"excerpt":{"rendered":"<ul class=\"list-check mb-4 mb-lg-5\">\n<li class=\"productDetailSpecification specificationColor{$color} fontScalingMobile\">Fabriqu\u00e9 en corde de papier extr\u00eamement r\u00e9sistante<\/li>\n<li class=\"productDetailSpecification specificationColor{$color} fontScalingMobile\">Coussin tr\u00e8s doux inclus<\/li>\n<li class=\"productDetailSpecification specificationColor{$color} fontScalingMobile\">Design moderne et minimaliste<\/li>\n<li class=\"productDetailSpecification specificationColor{$color} fontScalingMobile\">Adaptable \u00e0 votre radiateur &#8211; profondeur max. de 15 cm<\/li>\n<li class=\"productDetailSpecification specificationColor{$color} fontScalingMobile\">Convient pour les chats de maximum 8 kg<\/li>\n<\/ul>\n","protected":false},"featured_media":39167,"template":"","meta":[],"product_brand":[],"product_cat":[108],"product_tag":[],"class_list":{"0":"post-37789","1":"product","2":"type-product","3":"status-publish","4":"has-post-thumbnail","6":"product_cat-arbre-a-chat-mural","7":"pa_couleurs-beige","8":"pa_couleurs-noir","10":"first","11":"outofstock","12":"shipping-taxable","13":"purchasable","14":"product-type-variable"},"yoast_head":"<!-- This site is optimized with the Yoast SEO plugin v27.3 - https:\/\/yoast.com\/product\/yoast-seo-wordpress\/ -->\n<title>Lit pour radiateur Sunrise - Arboricat<\/title>\n<meta name=\"robots\" content=\"index, follow, max-snippet:-1, max-image-preview:large, max-video-preview:-1\" \/>\n<link rel=\"canonical\" href=\"https:\/\/arboricat.com\/fr\/produit\/lit-pour-radiateur-sunrise\/\" \/>\n<meta property=\"og:locale\" content=\"fr_FR\" \/>\n<meta property=\"og:type\" content=\"article\" \/>\n<meta property=\"og:title\" content=\"Lit pour radiateur Sunrise - Arboricat\" \/>\n<meta property=\"og:description\" content=\"Fabriqu\u00e9 en corde de papier extr\u00eamement r\u00e9sistante  Coussin tr\u00e8s doux inclus  Design moderne et minimaliste  Adaptable \u00e0 votre radiateur - profondeur max. de 15 cm  Convient pour les chats de maximum 8 kg\" \/>\n<meta property=\"og:url\" content=\"https:\/\/arboricat.com\/fr\/produit\/lit-pour-radiateur-sunrise\/\" \/>\n<meta property=\"og:site_name\" content=\"Arboricat\" \/>\n<meta property=\"article:publisher\" content=\"https:\/\/www.facebook.com\/arboricat\" \/>\n<meta property=\"article:modified_time\" content=\"2025-06-18T15:53:59+00:00\" \/>\n<meta property=\"og:image\" content=\"https:\/\/arboricat.com\/wp-content\/uploads\/2024\/07\/Lit-pour-radiateur-Sunrise.png\" \/>\n\t<meta property=\"og:image:width\" content=\"1080\" \/>\n\t<meta property=\"og:image:height\" content=\"1080\" \/>\n\t<meta property=\"og:image:type\" content=\"image\/png\" \/>\n<meta name=\"twitter:card\" content=\"summary_large_image\" \/>\n<meta name=\"twitter:label1\" content=\"Dur\u00e9e de lecture estim\u00e9e\" \/>\n\t<meta name=\"twitter:data1\" content=\"1 minute\" \/>\n<script type=\"application\/ld+json\" class=\"yoast-schema-graph\">{\"@context\":\"https:\\\/\\\/schema.org\",\"@graph\":[{\"@type\":\"WebPage\",\"@id\":\"https:\\\/\\\/arboricat.com\\\/fr\\\/produit\\\/lit-pour-radiateur-sunrise\\\/\",\"url\":\"https:\\\/\\\/arboricat.com\\\/fr\\\/produit\\\/lit-pour-radiateur-sunrise\\\/\",\"name\":\"Lit pour radiateur Sunrise - Arboricat\",\"isPartOf\":{\"@id\":\"https:\\\/\\\/arboricat.com\\\/fr\\\/#website\"},\"primaryImageOfPage\":{\"@id\":\"https:\\\/\\\/arboricat.com\\\/fr\\\/produit\\\/lit-pour-radiateur-sunrise\\\/#primaryimage\"},\"image\":{\"@id\":\"https:\\\/\\\/arboricat.com\\\/fr\\\/produit\\\/lit-pour-radiateur-sunrise\\\/#primaryimage\"},\"thumbnailUrl\":\"https:\\\/\\\/arboricat.com\\\/wp-content\\\/uploads\\\/2024\\\/07\\\/Lit-pour-radiateur-Sunrise.png\",\"datePublished\":\"2024-07-19T09:23:14+00:00\",\"dateModified\":\"2025-06-18T15:53:59+00:00\",\"breadcrumb\":{\"@id\":\"https:\\\/\\\/arboricat.com\\\/fr\\\/produit\\\/lit-pour-radiateur-sunrise\\\/#breadcrumb\"},\"inLanguage\":\"fr-FR\",\"potentialAction\":[{\"@type\":\"ReadAction\",\"target\":[\"https:\\\/\\\/arboricat.com\\\/fr\\\/produit\\\/lit-pour-radiateur-sunrise\\\/\"]}]},{\"@type\":\"ImageObject\",\"inLanguage\":\"fr-FR\",\"@id\":\"https:\\\/\\\/arboricat.com\\\/fr\\\/produit\\\/lit-pour-radiateur-sunrise\\\/#primaryimage\",\"url\":\"https:\\\/\\\/arboricat.com\\\/wp-content\\\/uploads\\\/2024\\\/07\\\/Lit-pour-radiateur-Sunrise.png\",\"contentUrl\":\"https:\\\/\\\/arboricat.com\\\/wp-content\\\/uploads\\\/2024\\\/07\\\/Lit-pour-radiateur-Sunrise.png\",\"width\":1080,\"height\":1080,\"caption\":\"Hamac radiateur chat\"},{\"@type\":\"BreadcrumbList\",\"@id\":\"https:\\\/\\\/arboricat.com\\\/fr\\\/produit\\\/lit-pour-radiateur-sunrise\\\/#breadcrumb\",\"itemListElement\":[{\"@type\":\"ListItem\",\"position\":1,\"name\":\"Accueil\",\"item\":\"https:\\\/\\\/arboricat.com\\\/fr\\\/\"},{\"@type\":\"ListItem\",\"position\":2,\"name\":\"Boutique\",\"item\":\"https:\\\/\\\/arboricat.com\\\/fr\\\/boutique\\\/\"},{\"@type\":\"ListItem\",\"position\":3,\"name\":\"Lit pour radiateur Sunrise\"}]},{\"@type\":\"WebSite\",\"@id\":\"https:\\\/\\\/arboricat.com\\\/fr\\\/#website\",\"url\":\"https:\\\/\\\/arboricat.com\\\/fr\\\/\",\"name\":\"Arboricat\",\"description\":\"\",\"publisher\":{\"@id\":\"https:\\\/\\\/arboricat.com\\\/fr\\\/#organization\"},\"potentialAction\":[{\"@type\":\"SearchAction\",\"target\":{\"@type\":\"EntryPoint\",\"urlTemplate\":\"https:\\\/\\\/arboricat.com\\\/fr\\\/?s={search_term_string}\"},\"query-input\":{\"@type\":\"PropertyValueSpecification\",\"valueRequired\":true,\"valueName\":\"search_term_string\"}}],\"inLanguage\":\"fr-FR\"},{\"@type\":\"Organization\",\"@id\":\"https:\\\/\\\/arboricat.com\\\/fr\\\/#organization\",\"name\":\"Arboricat\",\"url\":\"https:\\\/\\\/arboricat.com\\\/fr\\\/\",\"logo\":{\"@type\":\"ImageObject\",\"inLanguage\":\"fr-FR\",\"@id\":\"https:\\\/\\\/arboricat.com\\\/fr\\\/#\\\/schema\\\/logo\\\/image\\\/\",\"url\":\"https:\\\/\\\/arboricat.com\\\/wp-content\\\/uploads\\\/2024\\\/07\\\/logo_696x696.png\",\"contentUrl\":\"https:\\\/\\\/arboricat.com\\\/wp-content\\\/uploads\\\/2024\\\/07\\\/logo_696x696.png\",\"width\":697,\"height\":697,\"caption\":\"Arboricat\"},\"image\":{\"@id\":\"https:\\\/\\\/arboricat.com\\\/fr\\\/#\\\/schema\\\/logo\\\/image\\\/\"},\"sameAs\":[\"https:\\\/\\\/www.facebook.com\\\/arboricat\",\"https:\\\/\\\/www.instagram.com\\\/arboricatdesign\\\/?hl=fra\"]}]}<\/script>\n<!-- \/ Yoast SEO plugin. -->","yoast_head_json":{"title":"Lit pour radiateur Sunrise - Arboricat","robots":{"index":"index","follow":"follow","max-snippet":"max-snippet:-1","max-image-preview":"max-image-preview:large","max-video-preview":"max-video-preview:-1"},"canonical":"https:\/\/arboricat.com\/fr\/produit\/lit-pour-radiateur-sunrise\/","og_locale":"fr_FR","og_type":"article","og_title":"Lit pour radiateur Sunrise - Arboricat","og_description":"Fabriqu\u00e9 en corde de papier extr\u00eamement r\u00e9sistante  Coussin tr\u00e8s doux inclus  Design moderne et minimaliste  Adaptable \u00e0 votre radiateur - profondeur max. de 15 cm  Convient pour les chats de maximum 8 kg","og_url":"https:\/\/arboricat.com\/fr\/produit\/lit-pour-radiateur-sunrise\/","og_site_name":"Arboricat","article_publisher":"https:\/\/www.facebook.com\/arboricat","article_modified_time":"2025-06-18T15:53:59+00:00","og_image":[{"width":1080,"height":1080,"url":"https:\/\/arboricat.com\/wp-content\/uploads\/2024\/07\/Lit-pour-radiateur-Sunrise.png","type":"image\/png"}],"twitter_card":"summary_large_image","twitter_misc":{"Dur\u00e9e de lecture estim\u00e9e":"1 minute"},"schema":{"@context":"https:\/\/schema.org","@graph":[{"@type":"WebPage","@id":"https:\/\/arboricat.com\/fr\/produit\/lit-pour-radiateur-sunrise\/","url":"https:\/\/arboricat.com\/fr\/produit\/lit-pour-radiateur-sunrise\/","name":"Lit pour radiateur Sunrise - Arboricat","isPartOf":{"@id":"https:\/\/arboricat.com\/fr\/#website"},"primaryImageOfPage":{"@id":"https:\/\/arboricat.com\/fr\/produit\/lit-pour-radiateur-sunrise\/#primaryimage"},"image":{"@id":"https:\/\/arboricat.com\/fr\/produit\/lit-pour-radiateur-sunrise\/#primaryimage"},"thumbnailUrl":"https:\/\/arboricat.com\/wp-content\/uploads\/2024\/07\/Lit-pour-radiateur-Sunrise.png","datePublished":"2024-07-19T09:23:14+00:00","dateModified":"2025-06-18T15:53:59+00:00","breadcrumb":{"@id":"https:\/\/arboricat.com\/fr\/produit\/lit-pour-radiateur-sunrise\/#breadcrumb"},"inLanguage":"fr-FR","potentialAction":[{"@type":"ReadAction","target":["https:\/\/arboricat.com\/fr\/produit\/lit-pour-radiateur-sunrise\/"]}]},{"@type":"ImageObject","inLanguage":"fr-FR","@id":"https:\/\/arboricat.com\/fr\/produit\/lit-pour-radiateur-sunrise\/#primaryimage","url":"https:\/\/arboricat.com\/wp-content\/uploads\/2024\/07\/Lit-pour-radiateur-Sunrise.png","contentUrl":"https:\/\/arboricat.com\/wp-content\/uploads\/2024\/07\/Lit-pour-radiateur-Sunrise.png","width":1080,"height":1080,"caption":"Hamac radiateur chat"},{"@type":"BreadcrumbList","@id":"https:\/\/arboricat.com\/fr\/produit\/lit-pour-radiateur-sunrise\/#breadcrumb","itemListElement":[{"@type":"ListItem","position":1,"name":"Accueil","item":"https:\/\/arboricat.com\/fr\/"},{"@type":"ListItem","position":2,"name":"Boutique","item":"https:\/\/arboricat.com\/fr\/boutique\/"},{"@type":"ListItem","position":3,"name":"Lit pour radiateur Sunrise"}]},{"@type":"WebSite","@id":"https:\/\/arboricat.com\/fr\/#website","url":"https:\/\/arboricat.com\/fr\/","name":"Arboricat","description":"","publisher":{"@id":"https:\/\/arboricat.com\/fr\/#organization"},"potentialAction":[{"@type":"SearchAction","target":{"@type":"EntryPoint","urlTemplate":"https:\/\/arboricat.com\/fr\/?s={search_term_string}"},"query-input":{"@type":"PropertyValueSpecification","valueRequired":true,"valueName":"search_term_string"}}],"inLanguage":"fr-FR"},{"@type":"Organization","@id":"https:\/\/arboricat.com\/fr\/#organization","name":"Arboricat","url":"https:\/\/arboricat.com\/fr\/","logo":{"@type":"ImageObject","inLanguage":"fr-FR","@id":"https:\/\/arboricat.com\/fr\/#\/schema\/logo\/image\/","url":"https:\/\/arboricat.com\/wp-content\/uploads\/2024\/07\/logo_696x696.png","contentUrl":"https:\/\/arboricat.com\/wp-content\/uploads\/2024\/07\/logo_696x696.png","width":697,"height":697,"caption":"Arboricat"},"image":{"@id":"https:\/\/arboricat.com\/fr\/#\/schema\/logo\/image\/"},"sameAs":["https:\/\/www.facebook.com\/arboricat","https:\/\/www.instagram.com\/arboricatdesign\/?hl=fra"]}]}},"_links":{"self":[{"href":"https:\/\/arboricat.com\/fr\/wp-json\/wp\/v2\/product\/37789","targetHints":{"allow":["GET"]}}],"collection":[{"href":"https:\/\/arboricat.com\/fr\/wp-json\/wp\/v2\/product"}],"about":[{"href":"https:\/\/arboricat.com\/fr\/wp-json\/wp\/v2\/types\/product"}],"version-history":[{"count":1,"href":"https:\/\/arboricat.com\/fr\/wp-json\/wp\/v2\/product\/37789\/revisions"}],"predecessor-version":[{"id":39166,"href":"https:\/\/arboricat.com\/fr\/wp-json\/wp\/v2\/product\/37789\/revisions\/39166"}],"wp:featuredmedia":[{"embeddable":true,"href":"https:\/\/arboricat.com\/fr\/wp-json\/wp\/v2\/media\/39167"}],"wp:attachment":[{"href":"https:\/\/arboricat.com\/fr\/wp-json\/wp\/v2\/media?parent=37789"}],"wp:term":[{"taxonomy":"product_brand","embeddable":true,"href":"https:\/\/arboricat.com\/fr\/wp-json\/wp\/v2\/product_brand?post=37789"},{"taxonomy":"product_cat","embeddable":true,"href":"https:\/\/arboricat.com\/fr\/wp-json\/wp\/v2\/product_cat?post=37789"},{"taxonomy":"product_tag","embeddable":true,"href":"https:\/\/arboricat.com\/fr\/wp-json\/wp\/v2\/product_tag?post=37789"}],"curies":[{"name":"wp","href":"https:\/\/api.w.org\/{rel}","templated":true}]}}