{"id":7972,"date":"2020-11-07T12:57:10","date_gmt":"2020-11-07T12:57:10","guid":{"rendered":"https:\/\/arboricat.com\/produit\/sisal-vertical-scratcher\/"},"modified":"2025-07-29T10:48:27","modified_gmt":"2025-07-29T10:48:27","slug":"griffoir-mural","status":"publish","type":"product","link":"https:\/\/arboricat.com\/fr\/produit\/griffoir-mural\/","title":{"rendered":"Griffoir Mural \u00e0 ventouse"},"content":{"rendered":"<p><b>Pourquoi choisir un griffoir pour son chat ?<\/b><\/p>\n<p><span style=\"font-weight: 400;\">Nos chats ont la f\u00e2cheuse tendance \u00e0 griffer tout ce qui leur passe sous la patte. Canap\u00e9, rideaux, chaises et tables font souvent office de d\u00e9fouloir pour les griffes de nos chats. Plut\u00f4t que de s&rsquo;\u00e9nerver contre eux, le griffoir propose un tr\u00e8s bon rem\u00e8de pour pallier \u00e0 ce probl\u00e8me. Avec un griffoir Arboricat, votre chat pourra faire ses griffes sur un objet pr\u00e9vu parfaitement \u00e0 cet effet.<\/span><\/p>\n<p><b>O\u00f9 placer son griffoir ?<\/b><\/p>\n<p><span style=\"font-weight: 400;\">Il peut \u00eatre accroch\u00e9 sur un mur ou coll\u00e9 sur une fen\u00eatre \/ vitre, il peut aussi bien \u00eatre pos\u00e9 \u00e0 m\u00eame le sol o\u00f9 contre un meuble. Votre chat se fera une joie de venir gratter la mati\u00e8re en tissu que propose le griffoir, qu\u2019il soit en hauteur o\u00f9 au niveau du sol.<\/span><\/p>\n<p><b>Comment entretenir son griffoir ?<\/b><\/p>\n<p><span style=\"font-weight: 400;\">La partie en bois peut \u00eatre nettoy\u00e9e avec une \u00e9ponge humidifi\u00e9 l\u00e9g\u00e8rement et essuy\u00e9e avec un chiffon doux. La partie en tissu se nettoie \u00e0 l\u2019aide d\u2019un aspirateur, pour enlever les petites particules pouvant s\u2019incruster. Gardez bien en t\u00eate que plus les griffoirs sont tenus propres, et plus votre chat garde l\u2019envie de les utiliser.<\/span><\/p>\n","protected":false},"excerpt":{"rendered":"<p>Pourquoi choisir un griffoir pour son chat ? Nos chats ont la f\u00e2cheuse tendance \u00e0 griffer tout ce qui leur passe sous la patte. Canap\u00e9, rideaux, chaises et tables font souvent office de d\u00e9fouloir pour les griffes de nos chats. Plut\u00f4t que de s&rsquo;\u00e9nerver contre eux, le griffoir propose un tr\u00e8s bon rem\u00e8de pour pallier [&hellip;]<\/p>\n","protected":false},"featured_media":8063,"template":"","meta":[],"product_brand":[],"product_cat":[108,160],"product_tag":[],"class_list":{"0":"post-7972","1":"product","2":"type-product","3":"status-publish","4":"has-post-thumbnail","6":"product_cat-arbre-a-chat-mural","7":"product_cat-griffoirs","9":"first","10":"instock","11":"shipping-taxable","12":"purchasable","13":"product-type-simple"},"yoast_head":"<!-- This site is optimized with the Yoast SEO plugin v27.4 - https:\/\/yoast.com\/product\/yoast-seo-wordpress\/ -->\n<title>Griffoir Mural \u00e0 ventouse - Arboricat<\/title>\n<meta name=\"robots\" content=\"index, follow, max-snippet:-1, max-image-preview:large, max-video-preview:-1\" \/>\n<link rel=\"canonical\" href=\"https:\/\/arboricat.com\/fr\/produit\/griffoir-mural\/\" \/>\n<meta property=\"og:locale\" content=\"fr_FR\" \/>\n<meta property=\"og:type\" content=\"article\" \/>\n<meta property=\"og:title\" content=\"Griffoir Mural \u00e0 ventouse - Arboricat\" \/>\n<meta property=\"og:description\" content=\"Pourquoi choisir un griffoir pour son chat ? Nos chats ont la f\u00e2cheuse tendance \u00e0 griffer tout ce qui leur passe sous la patte. Canap\u00e9, rideaux, chaises et tables font souvent office de d\u00e9fouloir pour les griffes de nos chats. Plut\u00f4t que de s&rsquo;\u00e9nerver contre eux, le griffoir propose un tr\u00e8s bon rem\u00e8de pour pallier [&hellip;]\" \/>\n<meta property=\"og:url\" content=\"https:\/\/arboricat.com\/fr\/produit\/griffoir-mural\/\" \/>\n<meta property=\"og:site_name\" content=\"Arboricat\" \/>\n<meta property=\"article:publisher\" content=\"https:\/\/www.facebook.com\/arboricat\" \/>\n<meta property=\"article:modified_time\" content=\"2025-07-29T10:48:27+00:00\" \/>\n<meta property=\"og:image\" content=\"https:\/\/arboricat.com\/wp-content\/uploads\/2020\/11\/griffoir-frigo.jpg\" \/>\n\t<meta property=\"og:image:width\" content=\"700\" \/>\n\t<meta property=\"og:image:height\" content=\"700\" \/>\n\t<meta property=\"og:image:type\" content=\"image\/jpeg\" \/>\n<meta name=\"twitter:card\" content=\"summary_large_image\" \/>\n<meta name=\"twitter:label1\" content=\"Dur\u00e9e de lecture estim\u00e9e\" \/>\n\t<meta name=\"twitter:data1\" content=\"2 minutes\" \/>\n<script type=\"application\/ld+json\" class=\"yoast-schema-graph\">{\"@context\":\"https:\\\/\\\/schema.org\",\"@graph\":[{\"@type\":\"WebPage\",\"@id\":\"https:\\\/\\\/arboricat.com\\\/fr\\\/produit\\\/griffoir-mural\\\/\",\"url\":\"https:\\\/\\\/arboricat.com\\\/fr\\\/produit\\\/griffoir-mural\\\/\",\"name\":\"Griffoir Mural \u00e0 ventouse - Arboricat\",\"isPartOf\":{\"@id\":\"https:\\\/\\\/arboricat.com\\\/fr\\\/#website\"},\"primaryImageOfPage\":{\"@id\":\"https:\\\/\\\/arboricat.com\\\/fr\\\/produit\\\/griffoir-mural\\\/#primaryimage\"},\"image\":{\"@id\":\"https:\\\/\\\/arboricat.com\\\/fr\\\/produit\\\/griffoir-mural\\\/#primaryimage\"},\"thumbnailUrl\":\"https:\\\/\\\/arboricat.com\\\/wp-content\\\/uploads\\\/2020\\\/11\\\/griffoir-frigo.jpg\",\"datePublished\":\"2020-11-07T12:57:10+00:00\",\"dateModified\":\"2025-07-29T10:48:27+00:00\",\"breadcrumb\":{\"@id\":\"https:\\\/\\\/arboricat.com\\\/fr\\\/produit\\\/griffoir-mural\\\/#breadcrumb\"},\"inLanguage\":\"fr-FR\",\"potentialAction\":[{\"@type\":\"ReadAction\",\"target\":[\"https:\\\/\\\/arboricat.com\\\/fr\\\/produit\\\/griffoir-mural\\\/\"]}]},{\"@type\":\"ImageObject\",\"inLanguage\":\"fr-FR\",\"@id\":\"https:\\\/\\\/arboricat.com\\\/fr\\\/produit\\\/griffoir-mural\\\/#primaryimage\",\"url\":\"https:\\\/\\\/arboricat.com\\\/wp-content\\\/uploads\\\/2020\\\/11\\\/griffoir-frigo.jpg\",\"contentUrl\":\"https:\\\/\\\/arboricat.com\\\/wp-content\\\/uploads\\\/2020\\\/11\\\/griffoir-frigo.jpg\",\"width\":700,\"height\":700},{\"@type\":\"BreadcrumbList\",\"@id\":\"https:\\\/\\\/arboricat.com\\\/fr\\\/produit\\\/griffoir-mural\\\/#breadcrumb\",\"itemListElement\":[{\"@type\":\"ListItem\",\"position\":1,\"name\":\"Accueil\",\"item\":\"https:\\\/\\\/arboricat.com\\\/fr\\\/\"},{\"@type\":\"ListItem\",\"position\":2,\"name\":\"Boutique\",\"item\":\"https:\\\/\\\/arboricat.com\\\/fr\\\/boutique\\\/\"},{\"@type\":\"ListItem\",\"position\":3,\"name\":\"Griffoir Mural \u00e0 ventouse\"}]},{\"@type\":\"WebSite\",\"@id\":\"https:\\\/\\\/arboricat.com\\\/fr\\\/#website\",\"url\":\"https:\\\/\\\/arboricat.com\\\/fr\\\/\",\"name\":\"Arboricat\",\"description\":\"\",\"publisher\":{\"@id\":\"https:\\\/\\\/arboricat.com\\\/fr\\\/#organization\"},\"potentialAction\":[{\"@type\":\"SearchAction\",\"target\":{\"@type\":\"EntryPoint\",\"urlTemplate\":\"https:\\\/\\\/arboricat.com\\\/fr\\\/?s={search_term_string}\"},\"query-input\":{\"@type\":\"PropertyValueSpecification\",\"valueRequired\":true,\"valueName\":\"search_term_string\"}}],\"inLanguage\":\"fr-FR\"},{\"@type\":\"Organization\",\"@id\":\"https:\\\/\\\/arboricat.com\\\/fr\\\/#organization\",\"name\":\"Arboricat\",\"url\":\"https:\\\/\\\/arboricat.com\\\/fr\\\/\",\"logo\":{\"@type\":\"ImageObject\",\"inLanguage\":\"fr-FR\",\"@id\":\"https:\\\/\\\/arboricat.com\\\/fr\\\/#\\\/schema\\\/logo\\\/image\\\/\",\"url\":\"https:\\\/\\\/arboricat.com\\\/wp-content\\\/uploads\\\/2024\\\/07\\\/logo_696x696.png\",\"contentUrl\":\"https:\\\/\\\/arboricat.com\\\/wp-content\\\/uploads\\\/2024\\\/07\\\/logo_696x696.png\",\"width\":697,\"height\":697,\"caption\":\"Arboricat\"},\"image\":{\"@id\":\"https:\\\/\\\/arboricat.com\\\/fr\\\/#\\\/schema\\\/logo\\\/image\\\/\"},\"sameAs\":[\"https:\\\/\\\/www.facebook.com\\\/arboricat\",\"https:\\\/\\\/www.instagram.com\\\/arboricatdesign\\\/?hl=fra\"]}]}<\/script>\n<!-- \/ Yoast SEO plugin. -->","yoast_head_json":{"title":"Griffoir Mural \u00e0 ventouse - Arboricat","robots":{"index":"index","follow":"follow","max-snippet":"max-snippet:-1","max-image-preview":"max-image-preview:large","max-video-preview":"max-video-preview:-1"},"canonical":"https:\/\/arboricat.com\/fr\/produit\/griffoir-mural\/","og_locale":"fr_FR","og_type":"article","og_title":"Griffoir Mural \u00e0 ventouse - Arboricat","og_description":"Pourquoi choisir un griffoir pour son chat ? Nos chats ont la f\u00e2cheuse tendance \u00e0 griffer tout ce qui leur passe sous la patte. Canap\u00e9, rideaux, chaises et tables font souvent office de d\u00e9fouloir pour les griffes de nos chats. Plut\u00f4t que de s&rsquo;\u00e9nerver contre eux, le griffoir propose un tr\u00e8s bon rem\u00e8de pour pallier [&hellip;]","og_url":"https:\/\/arboricat.com\/fr\/produit\/griffoir-mural\/","og_site_name":"Arboricat","article_publisher":"https:\/\/www.facebook.com\/arboricat","article_modified_time":"2025-07-29T10:48:27+00:00","og_image":[{"width":700,"height":700,"url":"https:\/\/arboricat.com\/wp-content\/uploads\/2020\/11\/griffoir-frigo.jpg","type":"image\/jpeg"}],"twitter_card":"summary_large_image","twitter_misc":{"Dur\u00e9e de lecture estim\u00e9e":"2 minutes"},"schema":{"@context":"https:\/\/schema.org","@graph":[{"@type":"WebPage","@id":"https:\/\/arboricat.com\/fr\/produit\/griffoir-mural\/","url":"https:\/\/arboricat.com\/fr\/produit\/griffoir-mural\/","name":"Griffoir Mural \u00e0 ventouse - Arboricat","isPartOf":{"@id":"https:\/\/arboricat.com\/fr\/#website"},"primaryImageOfPage":{"@id":"https:\/\/arboricat.com\/fr\/produit\/griffoir-mural\/#primaryimage"},"image":{"@id":"https:\/\/arboricat.com\/fr\/produit\/griffoir-mural\/#primaryimage"},"thumbnailUrl":"https:\/\/arboricat.com\/wp-content\/uploads\/2020\/11\/griffoir-frigo.jpg","datePublished":"2020-11-07T12:57:10+00:00","dateModified":"2025-07-29T10:48:27+00:00","breadcrumb":{"@id":"https:\/\/arboricat.com\/fr\/produit\/griffoir-mural\/#breadcrumb"},"inLanguage":"fr-FR","potentialAction":[{"@type":"ReadAction","target":["https:\/\/arboricat.com\/fr\/produit\/griffoir-mural\/"]}]},{"@type":"ImageObject","inLanguage":"fr-FR","@id":"https:\/\/arboricat.com\/fr\/produit\/griffoir-mural\/#primaryimage","url":"https:\/\/arboricat.com\/wp-content\/uploads\/2020\/11\/griffoir-frigo.jpg","contentUrl":"https:\/\/arboricat.com\/wp-content\/uploads\/2020\/11\/griffoir-frigo.jpg","width":700,"height":700},{"@type":"BreadcrumbList","@id":"https:\/\/arboricat.com\/fr\/produit\/griffoir-mural\/#breadcrumb","itemListElement":[{"@type":"ListItem","position":1,"name":"Accueil","item":"https:\/\/arboricat.com\/fr\/"},{"@type":"ListItem","position":2,"name":"Boutique","item":"https:\/\/arboricat.com\/fr\/boutique\/"},{"@type":"ListItem","position":3,"name":"Griffoir Mural \u00e0 ventouse"}]},{"@type":"WebSite","@id":"https:\/\/arboricat.com\/fr\/#website","url":"https:\/\/arboricat.com\/fr\/","name":"Arboricat","description":"","publisher":{"@id":"https:\/\/arboricat.com\/fr\/#organization"},"potentialAction":[{"@type":"SearchAction","target":{"@type":"EntryPoint","urlTemplate":"https:\/\/arboricat.com\/fr\/?s={search_term_string}"},"query-input":{"@type":"PropertyValueSpecification","valueRequired":true,"valueName":"search_term_string"}}],"inLanguage":"fr-FR"},{"@type":"Organization","@id":"https:\/\/arboricat.com\/fr\/#organization","name":"Arboricat","url":"https:\/\/arboricat.com\/fr\/","logo":{"@type":"ImageObject","inLanguage":"fr-FR","@id":"https:\/\/arboricat.com\/fr\/#\/schema\/logo\/image\/","url":"https:\/\/arboricat.com\/wp-content\/uploads\/2024\/07\/logo_696x696.png","contentUrl":"https:\/\/arboricat.com\/wp-content\/uploads\/2024\/07\/logo_696x696.png","width":697,"height":697,"caption":"Arboricat"},"image":{"@id":"https:\/\/arboricat.com\/fr\/#\/schema\/logo\/image\/"},"sameAs":["https:\/\/www.facebook.com\/arboricat","https:\/\/www.instagram.com\/arboricatdesign\/?hl=fra"]}]}},"_links":{"self":[{"href":"https:\/\/arboricat.com\/fr\/wp-json\/wp\/v2\/product\/7972","targetHints":{"allow":["GET"]}}],"collection":[{"href":"https:\/\/arboricat.com\/fr\/wp-json\/wp\/v2\/product"}],"about":[{"href":"https:\/\/arboricat.com\/fr\/wp-json\/wp\/v2\/types\/product"}],"version-history":[{"count":1,"href":"https:\/\/arboricat.com\/fr\/wp-json\/wp\/v2\/product\/7972\/revisions"}],"predecessor-version":[{"id":39140,"href":"https:\/\/arboricat.com\/fr\/wp-json\/wp\/v2\/product\/7972\/revisions\/39140"}],"wp:featuredmedia":[{"embeddable":true,"href":"https:\/\/arboricat.com\/fr\/wp-json\/wp\/v2\/media\/8063"}],"wp:attachment":[{"href":"https:\/\/arboricat.com\/fr\/wp-json\/wp\/v2\/media?parent=7972"}],"wp:term":[{"taxonomy":"product_brand","embeddable":true,"href":"https:\/\/arboricat.com\/fr\/wp-json\/wp\/v2\/product_brand?post=7972"},{"taxonomy":"product_cat","embeddable":true,"href":"https:\/\/arboricat.com\/fr\/wp-json\/wp\/v2\/product_cat?post=7972"},{"taxonomy":"product_tag","embeddable":true,"href":"https:\/\/arboricat.com\/fr\/wp-json\/wp\/v2\/product_tag?post=7972"}],"curies":[{"name":"wp","href":"https:\/\/api.w.org\/{rel}","templated":true}]}}