{"id":8581,"date":"2020-11-12T15:29:24","date_gmt":"2020-11-12T15:29:24","guid":{"rendered":"https:\/\/arboricat.com\/?post_type=product&#038;p=8581"},"modified":"2025-01-09T16:09:02","modified_gmt":"2025-01-09T16:09:02","slug":"plot-chat","status":"publish","type":"product","link":"https:\/\/arboricat.com\/fr\/produit\/plot-chat\/","title":{"rendered":"Plot d&rsquo;escalade \u00e0 l&rsquo;unit\u00e9"},"content":{"rendered":"<p><b>Pourquoi choisir un plot d&rsquo;escalade ?<\/b><\/p>\n<p><span style=\"font-weight: 400;\">Choisir un plot d&rsquo;escalade pour chat offre une solution astucieuse pour fournir \u00e0 votre chat un terrain de jeu propice \u00e0 son d\u00e9veloppement. Les chats aiment grimper, sauter dans tous les recoins d\u2019une pi\u00e8ce. Gr\u00e2ce au parcours mural, vous pourrez optimiser votre espace en hauteur et ainsi ne pas user d\u2019espace au sol. Les plots se fixent au mur, et votre chat pourra les emprunter \u00e0 sa guise.<\/span><\/p>\n<p><b>O\u00f9 placer les plots pour chat ?<\/b><\/p>\n<p><span style=\"font-weight: 400;\">Sur un mur non d\u00e9cor\u00e9, jouer sur la hauteur de votre pi\u00e8ce. Si vous avez beaucoup d\u2019espace sous plafond, vous aurez la possibilit\u00e9 de cr\u00e9er un v\u00e9ritable parcours pour votre chat, plus il y a de plateformes, et plus votre chat sera heureux !<\/span><\/p>\n<p><b>Comment nettoyer un plot pour chat ?<\/b><\/p>\n<p><span style=\"font-weight: 400;\">Un coup de chiffon l\u00e9g\u00e8rement humidifi\u00e9 de temps en temps sera suffisant. N\u2019oubliez pas d\u2019enlever la poussi\u00e8re \u00e9ventuelle r\u00e9guli\u00e8rement, pour ne pas que votre plot ne devienne un nid \u00e0 bact\u00e9ries.<\/span><\/p>\n","protected":false},"excerpt":{"rendered":"<p>Pourquoi choisir un plot d&rsquo;escalade ? Choisir un plot d&rsquo;escalade pour chat offre une solution astucieuse pour fournir \u00e0 votre chat un terrain de jeu propice \u00e0 son d\u00e9veloppement. Les chats aiment grimper, sauter dans tous les recoins d\u2019une pi\u00e8ce. Gr\u00e2ce au parcours mural, vous pourrez optimiser votre espace en hauteur et ainsi ne pas [&hellip;]<\/p>\n","protected":false},"featured_media":39171,"template":"","meta":[],"product_brand":[],"product_cat":[108],"product_tag":[],"class_list":{"0":"post-8581","1":"product","2":"type-product","3":"status-publish","4":"has-post-thumbnail","6":"product_cat-arbre-a-chat-mural","7":"pa_couleurs-marron","8":"pa_couleurs-noir","10":"first","11":"instock","12":"sale","13":"shipping-taxable","14":"purchasable","15":"product-type-simple"},"yoast_head":"<!-- This site is optimized with the Yoast SEO plugin v27.3 - https:\/\/yoast.com\/product\/yoast-seo-wordpress\/ -->\n<title>Plot d&#039;escalade \u00e0 l&#039;unit\u00e9 - Arboricat<\/title>\n<meta name=\"robots\" content=\"index, follow, max-snippet:-1, max-image-preview:large, max-video-preview:-1\" \/>\n<link rel=\"canonical\" href=\"https:\/\/arboricat.com\/fr\/produit\/plot-chat\/\" \/>\n<meta property=\"og:locale\" content=\"fr_FR\" \/>\n<meta property=\"og:type\" content=\"article\" \/>\n<meta property=\"og:title\" content=\"Plot d&#039;escalade \u00e0 l&#039;unit\u00e9 - Arboricat\" \/>\n<meta property=\"og:description\" content=\"Pourquoi choisir un plot d&rsquo;escalade ? Choisir un plot d&rsquo;escalade pour chat offre une solution astucieuse pour fournir \u00e0 votre chat un terrain de jeu propice \u00e0 son d\u00e9veloppement. Les chats aiment grimper, sauter dans tous les recoins d\u2019une pi\u00e8ce. Gr\u00e2ce au parcours mural, vous pourrez optimiser votre espace en hauteur et ainsi ne pas [&hellip;]\" \/>\n<meta property=\"og:url\" content=\"https:\/\/arboricat.com\/fr\/produit\/plot-chat\/\" \/>\n<meta property=\"og:site_name\" content=\"Arboricat\" \/>\n<meta property=\"article:publisher\" content=\"https:\/\/www.facebook.com\/arboricat\" \/>\n<meta property=\"article:modified_time\" content=\"2025-01-09T16:09:02+00:00\" \/>\n<meta property=\"og:image\" content=\"https:\/\/arboricat.com\/wp-content\/uploads\/2020\/11\/Plot-escalade-Arboricat.jpg\" \/>\n\t<meta property=\"og:image:width\" content=\"1080\" \/>\n\t<meta property=\"og:image:height\" content=\"1080\" \/>\n\t<meta property=\"og:image:type\" content=\"image\/jpeg\" \/>\n<meta name=\"twitter:card\" content=\"summary_large_image\" \/>\n<meta name=\"twitter:label1\" content=\"Dur\u00e9e de lecture estim\u00e9e\" \/>\n\t<meta name=\"twitter:data1\" content=\"2 minutes\" \/>\n<script type=\"application\/ld+json\" class=\"yoast-schema-graph\">{\"@context\":\"https:\\\/\\\/schema.org\",\"@graph\":[{\"@type\":\"WebPage\",\"@id\":\"https:\\\/\\\/arboricat.com\\\/fr\\\/produit\\\/plot-chat\\\/\",\"url\":\"https:\\\/\\\/arboricat.com\\\/fr\\\/produit\\\/plot-chat\\\/\",\"name\":\"Plot d'escalade \u00e0 l'unit\u00e9 - Arboricat\",\"isPartOf\":{\"@id\":\"https:\\\/\\\/arboricat.com\\\/fr\\\/#website\"},\"primaryImageOfPage\":{\"@id\":\"https:\\\/\\\/arboricat.com\\\/fr\\\/produit\\\/plot-chat\\\/#primaryimage\"},\"image\":{\"@id\":\"https:\\\/\\\/arboricat.com\\\/fr\\\/produit\\\/plot-chat\\\/#primaryimage\"},\"thumbnailUrl\":\"https:\\\/\\\/arboricat.com\\\/wp-content\\\/uploads\\\/2020\\\/11\\\/Plot-escalade-Arboricat.jpg\",\"datePublished\":\"2020-11-12T15:29:24+00:00\",\"dateModified\":\"2025-01-09T16:09:02+00:00\",\"breadcrumb\":{\"@id\":\"https:\\\/\\\/arboricat.com\\\/fr\\\/produit\\\/plot-chat\\\/#breadcrumb\"},\"inLanguage\":\"fr-FR\",\"potentialAction\":[{\"@type\":\"ReadAction\",\"target\":[\"https:\\\/\\\/arboricat.com\\\/fr\\\/produit\\\/plot-chat\\\/\"]}]},{\"@type\":\"ImageObject\",\"inLanguage\":\"fr-FR\",\"@id\":\"https:\\\/\\\/arboricat.com\\\/fr\\\/produit\\\/plot-chat\\\/#primaryimage\",\"url\":\"https:\\\/\\\/arboricat.com\\\/wp-content\\\/uploads\\\/2020\\\/11\\\/Plot-escalade-Arboricat.jpg\",\"contentUrl\":\"https:\\\/\\\/arboricat.com\\\/wp-content\\\/uploads\\\/2020\\\/11\\\/Plot-escalade-Arboricat.jpg\",\"width\":1080,\"height\":1080,\"caption\":\"Plot chat mural\"},{\"@type\":\"BreadcrumbList\",\"@id\":\"https:\\\/\\\/arboricat.com\\\/fr\\\/produit\\\/plot-chat\\\/#breadcrumb\",\"itemListElement\":[{\"@type\":\"ListItem\",\"position\":1,\"name\":\"Accueil\",\"item\":\"https:\\\/\\\/arboricat.com\\\/fr\\\/\"},{\"@type\":\"ListItem\",\"position\":2,\"name\":\"Boutique\",\"item\":\"https:\\\/\\\/arboricat.com\\\/fr\\\/boutique\\\/\"},{\"@type\":\"ListItem\",\"position\":3,\"name\":\"Plot d&rsquo;escalade \u00e0 l&rsquo;unit\u00e9\"}]},{\"@type\":\"WebSite\",\"@id\":\"https:\\\/\\\/arboricat.com\\\/fr\\\/#website\",\"url\":\"https:\\\/\\\/arboricat.com\\\/fr\\\/\",\"name\":\"Arboricat\",\"description\":\"\",\"publisher\":{\"@id\":\"https:\\\/\\\/arboricat.com\\\/fr\\\/#organization\"},\"potentialAction\":[{\"@type\":\"SearchAction\",\"target\":{\"@type\":\"EntryPoint\",\"urlTemplate\":\"https:\\\/\\\/arboricat.com\\\/fr\\\/?s={search_term_string}\"},\"query-input\":{\"@type\":\"PropertyValueSpecification\",\"valueRequired\":true,\"valueName\":\"search_term_string\"}}],\"inLanguage\":\"fr-FR\"},{\"@type\":\"Organization\",\"@id\":\"https:\\\/\\\/arboricat.com\\\/fr\\\/#organization\",\"name\":\"Arboricat\",\"url\":\"https:\\\/\\\/arboricat.com\\\/fr\\\/\",\"logo\":{\"@type\":\"ImageObject\",\"inLanguage\":\"fr-FR\",\"@id\":\"https:\\\/\\\/arboricat.com\\\/fr\\\/#\\\/schema\\\/logo\\\/image\\\/\",\"url\":\"https:\\\/\\\/arboricat.com\\\/wp-content\\\/uploads\\\/2024\\\/07\\\/logo_696x696.png\",\"contentUrl\":\"https:\\\/\\\/arboricat.com\\\/wp-content\\\/uploads\\\/2024\\\/07\\\/logo_696x696.png\",\"width\":697,\"height\":697,\"caption\":\"Arboricat\"},\"image\":{\"@id\":\"https:\\\/\\\/arboricat.com\\\/fr\\\/#\\\/schema\\\/logo\\\/image\\\/\"},\"sameAs\":[\"https:\\\/\\\/www.facebook.com\\\/arboricat\",\"https:\\\/\\\/www.instagram.com\\\/arboricatdesign\\\/?hl=fra\"]}]}<\/script>\n<!-- \/ Yoast SEO plugin. -->","yoast_head_json":{"title":"Plot d'escalade \u00e0 l'unit\u00e9 - Arboricat","robots":{"index":"index","follow":"follow","max-snippet":"max-snippet:-1","max-image-preview":"max-image-preview:large","max-video-preview":"max-video-preview:-1"},"canonical":"https:\/\/arboricat.com\/fr\/produit\/plot-chat\/","og_locale":"fr_FR","og_type":"article","og_title":"Plot d'escalade \u00e0 l'unit\u00e9 - Arboricat","og_description":"Pourquoi choisir un plot d&rsquo;escalade ? Choisir un plot d&rsquo;escalade pour chat offre une solution astucieuse pour fournir \u00e0 votre chat un terrain de jeu propice \u00e0 son d\u00e9veloppement. Les chats aiment grimper, sauter dans tous les recoins d\u2019une pi\u00e8ce. Gr\u00e2ce au parcours mural, vous pourrez optimiser votre espace en hauteur et ainsi ne pas [&hellip;]","og_url":"https:\/\/arboricat.com\/fr\/produit\/plot-chat\/","og_site_name":"Arboricat","article_publisher":"https:\/\/www.facebook.com\/arboricat","article_modified_time":"2025-01-09T16:09:02+00:00","og_image":[{"width":1080,"height":1080,"url":"https:\/\/arboricat.com\/wp-content\/uploads\/2020\/11\/Plot-escalade-Arboricat.jpg","type":"image\/jpeg"}],"twitter_card":"summary_large_image","twitter_misc":{"Dur\u00e9e de lecture estim\u00e9e":"2 minutes"},"schema":{"@context":"https:\/\/schema.org","@graph":[{"@type":"WebPage","@id":"https:\/\/arboricat.com\/fr\/produit\/plot-chat\/","url":"https:\/\/arboricat.com\/fr\/produit\/plot-chat\/","name":"Plot d'escalade \u00e0 l'unit\u00e9 - Arboricat","isPartOf":{"@id":"https:\/\/arboricat.com\/fr\/#website"},"primaryImageOfPage":{"@id":"https:\/\/arboricat.com\/fr\/produit\/plot-chat\/#primaryimage"},"image":{"@id":"https:\/\/arboricat.com\/fr\/produit\/plot-chat\/#primaryimage"},"thumbnailUrl":"https:\/\/arboricat.com\/wp-content\/uploads\/2020\/11\/Plot-escalade-Arboricat.jpg","datePublished":"2020-11-12T15:29:24+00:00","dateModified":"2025-01-09T16:09:02+00:00","breadcrumb":{"@id":"https:\/\/arboricat.com\/fr\/produit\/plot-chat\/#breadcrumb"},"inLanguage":"fr-FR","potentialAction":[{"@type":"ReadAction","target":["https:\/\/arboricat.com\/fr\/produit\/plot-chat\/"]}]},{"@type":"ImageObject","inLanguage":"fr-FR","@id":"https:\/\/arboricat.com\/fr\/produit\/plot-chat\/#primaryimage","url":"https:\/\/arboricat.com\/wp-content\/uploads\/2020\/11\/Plot-escalade-Arboricat.jpg","contentUrl":"https:\/\/arboricat.com\/wp-content\/uploads\/2020\/11\/Plot-escalade-Arboricat.jpg","width":1080,"height":1080,"caption":"Plot chat mural"},{"@type":"BreadcrumbList","@id":"https:\/\/arboricat.com\/fr\/produit\/plot-chat\/#breadcrumb","itemListElement":[{"@type":"ListItem","position":1,"name":"Accueil","item":"https:\/\/arboricat.com\/fr\/"},{"@type":"ListItem","position":2,"name":"Boutique","item":"https:\/\/arboricat.com\/fr\/boutique\/"},{"@type":"ListItem","position":3,"name":"Plot d&rsquo;escalade \u00e0 l&rsquo;unit\u00e9"}]},{"@type":"WebSite","@id":"https:\/\/arboricat.com\/fr\/#website","url":"https:\/\/arboricat.com\/fr\/","name":"Arboricat","description":"","publisher":{"@id":"https:\/\/arboricat.com\/fr\/#organization"},"potentialAction":[{"@type":"SearchAction","target":{"@type":"EntryPoint","urlTemplate":"https:\/\/arboricat.com\/fr\/?s={search_term_string}"},"query-input":{"@type":"PropertyValueSpecification","valueRequired":true,"valueName":"search_term_string"}}],"inLanguage":"fr-FR"},{"@type":"Organization","@id":"https:\/\/arboricat.com\/fr\/#organization","name":"Arboricat","url":"https:\/\/arboricat.com\/fr\/","logo":{"@type":"ImageObject","inLanguage":"fr-FR","@id":"https:\/\/arboricat.com\/fr\/#\/schema\/logo\/image\/","url":"https:\/\/arboricat.com\/wp-content\/uploads\/2024\/07\/logo_696x696.png","contentUrl":"https:\/\/arboricat.com\/wp-content\/uploads\/2024\/07\/logo_696x696.png","width":697,"height":697,"caption":"Arboricat"},"image":{"@id":"https:\/\/arboricat.com\/fr\/#\/schema\/logo\/image\/"},"sameAs":["https:\/\/www.facebook.com\/arboricat","https:\/\/www.instagram.com\/arboricatdesign\/?hl=fra"]}]}},"_links":{"self":[{"href":"https:\/\/arboricat.com\/fr\/wp-json\/wp\/v2\/product\/8581","targetHints":{"allow":["GET"]}}],"collection":[{"href":"https:\/\/arboricat.com\/fr\/wp-json\/wp\/v2\/product"}],"about":[{"href":"https:\/\/arboricat.com\/fr\/wp-json\/wp\/v2\/types\/product"}],"version-history":[{"count":2,"href":"https:\/\/arboricat.com\/fr\/wp-json\/wp\/v2\/product\/8581\/revisions"}],"predecessor-version":[{"id":39125,"href":"https:\/\/arboricat.com\/fr\/wp-json\/wp\/v2\/product\/8581\/revisions\/39125"}],"wp:featuredmedia":[{"embeddable":true,"href":"https:\/\/arboricat.com\/fr\/wp-json\/wp\/v2\/media\/39171"}],"wp:attachment":[{"href":"https:\/\/arboricat.com\/fr\/wp-json\/wp\/v2\/media?parent=8581"}],"wp:term":[{"taxonomy":"product_brand","embeddable":true,"href":"https:\/\/arboricat.com\/fr\/wp-json\/wp\/v2\/product_brand?post=8581"},{"taxonomy":"product_cat","embeddable":true,"href":"https:\/\/arboricat.com\/fr\/wp-json\/wp\/v2\/product_cat?post=8581"},{"taxonomy":"product_tag","embeddable":true,"href":"https:\/\/arboricat.com\/fr\/wp-json\/wp\/v2\/product_tag?post=8581"}],"curies":[{"name":"wp","href":"https:\/\/api.w.org\/{rel}","templated":true}]}}