{"id":9324,"date":"2020-11-22T12:58:48","date_gmt":"2020-11-22T12:58:48","guid":{"rendered":"https:\/\/arboricat.com\/produit\/pont-suspendu\/"},"modified":"2024-01-10T08:24:16","modified_gmt":"2024-01-10T08:24:16","slug":"pont-suspendu","status":"publish","type":"product","link":"https:\/\/arboricat.com\/fr\/produit\/pont-suspendu\/","title":{"rendered":"Pont suspendu"},"content":{"rendered":"<p><b>Pourquoi choisir un pont suspendu pour votre chat ?<\/b><\/p>\n<p>Si vous avez un mur avec un peu d\u2019espace dans votre int\u00e9rieur, il n&rsquo;y a pas de meilleure fa\u00e7on de l\u2019utiliser que de le d\u00e9dier \u00e0 votre chaton. Les chats sont des grimpeurs n\u00e9s naturellement et ils aiment \u00eatre aussi haut que possible. Le pont suspendu pour chat est une id\u00e9e parfaite qui vous fera gagner de l&rsquo;espace au sol, et votre chat adorera grimper pour se placer en hauteur dans votre pi\u00e8ce. Vous pouvez faire preuve de cr\u00e9ativit\u00e9 et vous amuser \u00e0 cr\u00e9er un centre de jeux g\u00e9ant pour votre chat, en jouant sur les murs et la hauteur de votre pi\u00e8ce.<\/p>\n<p><b>Comment placer son pont suspendu ?<\/b><\/p>\n<p>Le pont est g\u00e9n\u00e9ralement plac\u00e9 dans le salon, mais peut aussi bien \u00eatre mis dans une chambre que dans un bureau. Il est fix\u00e9 \u00e0 une hauteur minimale de 1m \u00e0 1m50, pour que votre chat puisse tout de m\u00eame grimper dessus.<\/p>\n<p><b>Comment entretenir son pont suspendu ?<\/b><\/p>\n<p>Le pont se nettoie avec un chiffon doux ou un plumeau pour enlever la poussi\u00e8re. Il est conseill\u00e9 de le nettoyer r\u00e9guli\u00e8rement afin de garder un espace propre et sain pour votre chat.<\/p>\n","protected":false},"excerpt":{"rendered":"<p><strong>\ud83d\ude9a Livraison gratuite<\/strong><\/p>\n<p>\u23f3 Temps de livraison estim\u00e9 : 10-15j<\/p>\n","protected":false},"featured_media":8074,"template":"","meta":[],"product_brand":[],"product_cat":[108],"product_tag":[],"class_list":{"0":"post-9324","1":"product","2":"type-product","3":"status-publish","4":"has-post-thumbnail","6":"product_cat-arbre-a-chat-mural","8":"first","9":"instock","10":"shipping-taxable","11":"purchasable","12":"product-type-simple"},"yoast_head":"<!-- This site is optimized with the Yoast SEO plugin v27.4 - https:\/\/yoast.com\/product\/yoast-seo-wordpress\/ -->\n<title>Pont suspendu - Arboricat<\/title>\n<meta name=\"robots\" content=\"index, follow, max-snippet:-1, max-image-preview:large, max-video-preview:-1\" \/>\n<link rel=\"canonical\" href=\"https:\/\/arboricat.com\/produit\/cat-suspension-bridge-wall-mounted-pet-staircase\/\" \/>\n<meta property=\"og:locale\" content=\"fr_FR\" \/>\n<meta property=\"og:type\" content=\"article\" \/>\n<meta property=\"og:title\" content=\"Pont suspendu - Arboricat\" \/>\n<meta property=\"og:description\" content=\"\ud83d\ude9a Livraison gratuite  \u23f3 Temps de livraison estim\u00e9 : 10-15j\" \/>\n<meta property=\"og:url\" content=\"https:\/\/arboricat.com\/produit\/cat-suspension-bridge-wall-mounted-pet-staircase\/\" \/>\n<meta property=\"og:site_name\" content=\"Arboricat\" \/>\n<meta property=\"article:publisher\" content=\"https:\/\/www.facebook.com\/arboricat\" \/>\n<meta property=\"article:modified_time\" content=\"2024-01-10T08:24:16+00:00\" \/>\n<meta property=\"og:image\" content=\"https:\/\/arboricat.com\/wp-content\/uploads\/2020\/11\/pont-suspendu2.jpg\" \/>\n\t<meta property=\"og:image:width\" content=\"700\" \/>\n\t<meta property=\"og:image:height\" content=\"700\" \/>\n\t<meta property=\"og:image:type\" content=\"image\/jpeg\" \/>\n<meta name=\"twitter:card\" content=\"summary_large_image\" \/>\n<meta name=\"twitter:label1\" content=\"Dur\u00e9e de lecture estim\u00e9e\" \/>\n\t<meta name=\"twitter:data1\" content=\"2 minutes\" \/>\n<script type=\"application\/ld+json\" class=\"yoast-schema-graph\">{\"@context\":\"https:\\\/\\\/schema.org\",\"@graph\":[{\"@type\":\"WebPage\",\"@id\":\"https:\\\/\\\/arboricat.com\\\/produit\\\/cat-suspension-bridge-wall-mounted-pet-staircase\\\/\",\"url\":\"https:\\\/\\\/arboricat.com\\\/produit\\\/cat-suspension-bridge-wall-mounted-pet-staircase\\\/\",\"name\":\"Pont suspendu - Arboricat\",\"isPartOf\":{\"@id\":\"https:\\\/\\\/arboricat.com\\\/fr\\\/#website\"},\"primaryImageOfPage\":{\"@id\":\"https:\\\/\\\/arboricat.com\\\/produit\\\/cat-suspension-bridge-wall-mounted-pet-staircase\\\/#primaryimage\"},\"image\":{\"@id\":\"https:\\\/\\\/arboricat.com\\\/produit\\\/cat-suspension-bridge-wall-mounted-pet-staircase\\\/#primaryimage\"},\"thumbnailUrl\":\"https:\\\/\\\/arboricat.com\\\/wp-content\\\/uploads\\\/2020\\\/11\\\/pont-suspendu2.jpg\",\"datePublished\":\"2020-11-22T12:58:48+00:00\",\"dateModified\":\"2024-01-10T08:24:16+00:00\",\"breadcrumb\":{\"@id\":\"https:\\\/\\\/arboricat.com\\\/produit\\\/cat-suspension-bridge-wall-mounted-pet-staircase\\\/#breadcrumb\"},\"inLanguage\":\"fr-FR\",\"potentialAction\":[{\"@type\":\"ReadAction\",\"target\":[\"https:\\\/\\\/arboricat.com\\\/produit\\\/cat-suspension-bridge-wall-mounted-pet-staircase\\\/\"]}]},{\"@type\":\"ImageObject\",\"inLanguage\":\"fr-FR\",\"@id\":\"https:\\\/\\\/arboricat.com\\\/produit\\\/cat-suspension-bridge-wall-mounted-pet-staircase\\\/#primaryimage\",\"url\":\"https:\\\/\\\/arboricat.com\\\/wp-content\\\/uploads\\\/2020\\\/11\\\/pont-suspendu2.jpg\",\"contentUrl\":\"https:\\\/\\\/arboricat.com\\\/wp-content\\\/uploads\\\/2020\\\/11\\\/pont-suspendu2.jpg\",\"width\":700,\"height\":700,\"caption\":\"pont-suspendu\"},{\"@type\":\"BreadcrumbList\",\"@id\":\"https:\\\/\\\/arboricat.com\\\/produit\\\/cat-suspension-bridge-wall-mounted-pet-staircase\\\/#breadcrumb\",\"itemListElement\":[{\"@type\":\"ListItem\",\"position\":1,\"name\":\"Accueil\",\"item\":\"https:\\\/\\\/arboricat.com\\\/fr\\\/\"},{\"@type\":\"ListItem\",\"position\":2,\"name\":\"Boutique\",\"item\":\"https:\\\/\\\/arboricat.com\\\/fr\\\/boutique\\\/\"},{\"@type\":\"ListItem\",\"position\":3,\"name\":\"Pont suspendu\"}]},{\"@type\":\"WebSite\",\"@id\":\"https:\\\/\\\/arboricat.com\\\/fr\\\/#website\",\"url\":\"https:\\\/\\\/arboricat.com\\\/fr\\\/\",\"name\":\"Arboricat\",\"description\":\"\",\"publisher\":{\"@id\":\"https:\\\/\\\/arboricat.com\\\/fr\\\/#organization\"},\"potentialAction\":[{\"@type\":\"SearchAction\",\"target\":{\"@type\":\"EntryPoint\",\"urlTemplate\":\"https:\\\/\\\/arboricat.com\\\/fr\\\/?s={search_term_string}\"},\"query-input\":{\"@type\":\"PropertyValueSpecification\",\"valueRequired\":true,\"valueName\":\"search_term_string\"}}],\"inLanguage\":\"fr-FR\"},{\"@type\":\"Organization\",\"@id\":\"https:\\\/\\\/arboricat.com\\\/fr\\\/#organization\",\"name\":\"Arboricat\",\"url\":\"https:\\\/\\\/arboricat.com\\\/fr\\\/\",\"logo\":{\"@type\":\"ImageObject\",\"inLanguage\":\"fr-FR\",\"@id\":\"https:\\\/\\\/arboricat.com\\\/fr\\\/#\\\/schema\\\/logo\\\/image\\\/\",\"url\":\"https:\\\/\\\/arboricat.com\\\/wp-content\\\/uploads\\\/2024\\\/07\\\/logo_696x696.png\",\"contentUrl\":\"https:\\\/\\\/arboricat.com\\\/wp-content\\\/uploads\\\/2024\\\/07\\\/logo_696x696.png\",\"width\":697,\"height\":697,\"caption\":\"Arboricat\"},\"image\":{\"@id\":\"https:\\\/\\\/arboricat.com\\\/fr\\\/#\\\/schema\\\/logo\\\/image\\\/\"},\"sameAs\":[\"https:\\\/\\\/www.facebook.com\\\/arboricat\",\"https:\\\/\\\/www.instagram.com\\\/arboricatdesign\\\/?hl=fra\"]}]}<\/script>\n<!-- \/ Yoast SEO plugin. -->","yoast_head_json":{"title":"Pont suspendu - Arboricat","robots":{"index":"index","follow":"follow","max-snippet":"max-snippet:-1","max-image-preview":"max-image-preview:large","max-video-preview":"max-video-preview:-1"},"canonical":"https:\/\/arboricat.com\/produit\/cat-suspension-bridge-wall-mounted-pet-staircase\/","og_locale":"fr_FR","og_type":"article","og_title":"Pont suspendu - Arboricat","og_description":"\ud83d\ude9a Livraison gratuite  \u23f3 Temps de livraison estim\u00e9 : 10-15j","og_url":"https:\/\/arboricat.com\/produit\/cat-suspension-bridge-wall-mounted-pet-staircase\/","og_site_name":"Arboricat","article_publisher":"https:\/\/www.facebook.com\/arboricat","article_modified_time":"2024-01-10T08:24:16+00:00","og_image":[{"width":700,"height":700,"url":"https:\/\/arboricat.com\/wp-content\/uploads\/2020\/11\/pont-suspendu2.jpg","type":"image\/jpeg"}],"twitter_card":"summary_large_image","twitter_misc":{"Dur\u00e9e de lecture estim\u00e9e":"2 minutes"},"schema":{"@context":"https:\/\/schema.org","@graph":[{"@type":"WebPage","@id":"https:\/\/arboricat.com\/produit\/cat-suspension-bridge-wall-mounted-pet-staircase\/","url":"https:\/\/arboricat.com\/produit\/cat-suspension-bridge-wall-mounted-pet-staircase\/","name":"Pont suspendu - Arboricat","isPartOf":{"@id":"https:\/\/arboricat.com\/fr\/#website"},"primaryImageOfPage":{"@id":"https:\/\/arboricat.com\/produit\/cat-suspension-bridge-wall-mounted-pet-staircase\/#primaryimage"},"image":{"@id":"https:\/\/arboricat.com\/produit\/cat-suspension-bridge-wall-mounted-pet-staircase\/#primaryimage"},"thumbnailUrl":"https:\/\/arboricat.com\/wp-content\/uploads\/2020\/11\/pont-suspendu2.jpg","datePublished":"2020-11-22T12:58:48+00:00","dateModified":"2024-01-10T08:24:16+00:00","breadcrumb":{"@id":"https:\/\/arboricat.com\/produit\/cat-suspension-bridge-wall-mounted-pet-staircase\/#breadcrumb"},"inLanguage":"fr-FR","potentialAction":[{"@type":"ReadAction","target":["https:\/\/arboricat.com\/produit\/cat-suspension-bridge-wall-mounted-pet-staircase\/"]}]},{"@type":"ImageObject","inLanguage":"fr-FR","@id":"https:\/\/arboricat.com\/produit\/cat-suspension-bridge-wall-mounted-pet-staircase\/#primaryimage","url":"https:\/\/arboricat.com\/wp-content\/uploads\/2020\/11\/pont-suspendu2.jpg","contentUrl":"https:\/\/arboricat.com\/wp-content\/uploads\/2020\/11\/pont-suspendu2.jpg","width":700,"height":700,"caption":"pont-suspendu"},{"@type":"BreadcrumbList","@id":"https:\/\/arboricat.com\/produit\/cat-suspension-bridge-wall-mounted-pet-staircase\/#breadcrumb","itemListElement":[{"@type":"ListItem","position":1,"name":"Accueil","item":"https:\/\/arboricat.com\/fr\/"},{"@type":"ListItem","position":2,"name":"Boutique","item":"https:\/\/arboricat.com\/fr\/boutique\/"},{"@type":"ListItem","position":3,"name":"Pont suspendu"}]},{"@type":"WebSite","@id":"https:\/\/arboricat.com\/fr\/#website","url":"https:\/\/arboricat.com\/fr\/","name":"Arboricat","description":"","publisher":{"@id":"https:\/\/arboricat.com\/fr\/#organization"},"potentialAction":[{"@type":"SearchAction","target":{"@type":"EntryPoint","urlTemplate":"https:\/\/arboricat.com\/fr\/?s={search_term_string}"},"query-input":{"@type":"PropertyValueSpecification","valueRequired":true,"valueName":"search_term_string"}}],"inLanguage":"fr-FR"},{"@type":"Organization","@id":"https:\/\/arboricat.com\/fr\/#organization","name":"Arboricat","url":"https:\/\/arboricat.com\/fr\/","logo":{"@type":"ImageObject","inLanguage":"fr-FR","@id":"https:\/\/arboricat.com\/fr\/#\/schema\/logo\/image\/","url":"https:\/\/arboricat.com\/wp-content\/uploads\/2024\/07\/logo_696x696.png","contentUrl":"https:\/\/arboricat.com\/wp-content\/uploads\/2024\/07\/logo_696x696.png","width":697,"height":697,"caption":"Arboricat"},"image":{"@id":"https:\/\/arboricat.com\/fr\/#\/schema\/logo\/image\/"},"sameAs":["https:\/\/www.facebook.com\/arboricat","https:\/\/www.instagram.com\/arboricatdesign\/?hl=fra"]}]}},"_links":{"self":[{"href":"https:\/\/arboricat.com\/fr\/wp-json\/wp\/v2\/product\/9324","targetHints":{"allow":["GET"]}}],"collection":[{"href":"https:\/\/arboricat.com\/fr\/wp-json\/wp\/v2\/product"}],"about":[{"href":"https:\/\/arboricat.com\/fr\/wp-json\/wp\/v2\/types\/product"}],"version-history":[{"count":0,"href":"https:\/\/arboricat.com\/fr\/wp-json\/wp\/v2\/product\/9324\/revisions"}],"wp:featuredmedia":[{"embeddable":true,"href":"https:\/\/arboricat.com\/fr\/wp-json\/wp\/v2\/media\/8074"}],"wp:attachment":[{"href":"https:\/\/arboricat.com\/fr\/wp-json\/wp\/v2\/media?parent=9324"}],"wp:term":[{"taxonomy":"product_brand","embeddable":true,"href":"https:\/\/arboricat.com\/fr\/wp-json\/wp\/v2\/product_brand?post=9324"},{"taxonomy":"product_cat","embeddable":true,"href":"https:\/\/arboricat.com\/fr\/wp-json\/wp\/v2\/product_cat?post=9324"},{"taxonomy":"product_tag","embeddable":true,"href":"https:\/\/arboricat.com\/fr\/wp-json\/wp\/v2\/product_tag?post=9324"}],"curies":[{"name":"wp","href":"https:\/\/api.w.org\/{rel}","templated":true}]}}